{"id":39,"date":"2024-04-04T03:38:32","date_gmt":"2024-04-04T00:38:32","guid":{"rendered":"https:\/\/sisu.ut.ee\/knitting2018\/lithuanian-beaded-wristwarmes-long-course\/"},"modified":"2024-04-04T03:42:20","modified_gmt":"2024-04-04T00:42:20","slug":"lithuanian-beaded-wristwarmes-long-course","status":"publish","type":"page","link":"https:\/\/sisu.ut.ee\/knitting2018\/lithuanian-beaded-wristwarmes-long-course\/","title":{"rendered":"Lithuanian beaded wristwarmes (long course)"},"content":{"rendered":"<p>After a short historical introduction we begin to make our own simple wristlets. We will put the beads on the knitting thread and begin to knit along the chosen pattern. In this workshop it would be possible to concentrate on more details and just enjoy knitting together! (There is shorter version of this workshop as well, see from the left menu.)\u00a0<\/p><p><em><span>Sonata Eidikien\u0117<\/span>\u00a0was graduated from the Academy of Art in Vilnius (painting) and raising her kids after gradually switched from painting to textile\u2026 She has been a knitter since she was 5 years old, now she is running a yarn shop in Vilnius \u201c<a href=\"http:\/\/www.mezgimozona.lt\/\" target=\"_blank\" rel=\"noopener\">Mezgimo zona<\/a>\u201c. Interest in folk art was a form of resistance when she was young. In her case it was the folk textile. She attended annual etnografical expeditions of VU club \u201cRomuva\u201d \u2013 draw the crocheted items for Rum\u0161i\u0161k\u0117s musuem. Later her interest extended to folk knitting. She researched the collections of knitted items in Vilnius National Museum, Tamo\u0161aitis Gallery \u201c\u017didinys\u201d and published some patterns in \u201cKnitting Traditions\u201d \u201cPiecework\u201d based on it:\u00a0<a href=\"https:\/\/www.ravelry.com\/patterns\/search#sort=best&amp;query=Sonata%20Eidikiene\">https:\/\/www.ravelry.com\/patterns\/search#sort=best&amp;query=Sonata%20Eidikiene<\/a>.<\/em><\/p><br><figure class=\"wp-block-gallery has-nested-images columns-3 is-cropped wp-block-gallery-1 is-layout-flex wp-block-gallery-is-layout-flex\"><figure class=\"wp-block-image size-large\"><a href=\"https:\/\/sisu.ut.ee\/wp-content\/uploads\/sites\/245\/sonata_01.jpg\"><img decoding=\"async\" data-id=\"188\" src=\"https:\/\/sisu.ut.ee\/wp-content\/uploads\/sites\/245\/sonata_01.jpg\" alt=\"\" class=\"wp-ima&gt;&lt;\/figcaption&gt;&lt;\/figure&gt;&lt;figure class=\" wp-block-image size-large><\/a><a href=\"https:\/\/sisu.ut.ee\/wp-content\/uploads\/sites\/245\/img_0025_01.jpg\"><img decoding=\"async\" data-id=\"189\" src=\"https:\/\/sisu.ut.ee\/wp-content\/uploads\/sites\/245\/img_0025_01.jpg\" alt=\"\" class=\"wp-ima&gt;&lt;\/figcaption&gt;&lt;\/figure&gt;&lt;figure class=\" wp-block-image size-large><\/a><a href=\"https:\/\/sisu.ut.ee\/wp-content\/uploads\/sites\/245\/img_0738_01.jpg\"><img decoding=\"async\" data-id=\"190\" src=\"https:\/\/sisu.ut.ee\/wp-content\/uploads\/sites\/245\/img_0738_01.jpg\" alt=\"\" class=\"wp-ima&gt;&lt;\/figcaption&gt;&lt;\/figure&gt;&lt;figure class=\" wp-block-image size-large><\/a><a href=\"https:\/\/sisu.ut.ee\/wp-content\/uploads\/sites\/245\/img_0966_01.jpg\"><img decoding=\"async\" data-id=\"191\" src=\"https:\/\/sisu.ut.ee\/wp-content\/uploads\/sites\/245\/img_0966_01.jpg\" alt=\"\" class=\"wp-ima&gt;&lt;\/figcaption&gt;&lt;\/figure&gt;&lt;figure class=\" wp-block-image size-large><\/a><a href=\"https:\/\/sisu.ut.ee\/wp-content\/uploads\/sites\/245\/img_5405_01.jpg\"><img decoding=\"async\" data-id=\"192\" src=\"https:\/\/sisu.ut.ee\/wp-content\/uploads\/sites\/245\/img_5405_01.jpg\" alt=\"\" class=\"wp-ima&gt;&lt;\/figcaption&gt;&lt;\/figure&gt;&lt;\/figure&gt;\"><\/a><\/figure><\/figure>","protected":false},"excerpt":{"rendered":"<p>After a short historical introduction we begin to make our own simple wristlets. We will put the beads on the knitting thread and begin to knit along the chosen pattern. In this workshop it would be possible to concentrate on &#8230;<\/p>\n","protected":false},"author":124,"featured_media":0,"parent":0,"menu_order":0,"comment_status":"closed","ping_status":"closed","template":"","meta":{"_acf_changed":false,"inline_featured_image":false,"footnotes":""},"class_list":["post-39","page","type-page","status-publish","hentry"],"acf":[],"_links":{"self":[{"href":"https:\/\/sisu.ut.ee\/knitting2018\/wp-json\/wp\/v2\/pages\/39","targetHints":{"allow":["GET"]}}],"collection":[{"href":"https:\/\/sisu.ut.ee\/knitting2018\/wp-json\/wp\/v2\/pages"}],"about":[{"href":"https:\/\/sisu.ut.ee\/knitting2018\/wp-json\/wp\/v2\/types\/page"}],"author":[{"embeddable":true,"href":"https:\/\/sisu.ut.ee\/knitting2018\/wp-json\/wp\/v2\/users\/124"}],"replies":[{"embeddable":true,"href":"https:\/\/sisu.ut.ee\/knitting2018\/wp-json\/wp\/v2\/comments?post=39"}],"version-history":[{"count":2,"href":"https:\/\/sisu.ut.ee\/knitting2018\/wp-json\/wp\/v2\/pages\/39\/revisions"}],"predecessor-version":[{"id":337,"href":"https:\/\/sisu.ut.ee\/knitting2018\/wp-json\/wp\/v2\/pages\/39\/revisions\/337"}],"wp:attachment":[{"href":"https:\/\/sisu.ut.ee\/knitting2018\/wp-json\/wp\/v2\/media?parent=39"}],"curies":[{"name":"wp","href":"https:\/\/api.w.org\/{rel}","templated":true}]}}