{"id":35,"date":"2024-04-04T03:38:32","date_gmt":"2024-04-04T00:38:32","guid":{"rendered":"https:\/\/sisu.ut.ee\/knitting2018\/lithuanian-beaded-wrist-warmers\/"},"modified":"2024-04-04T03:42:20","modified_gmt":"2024-04-04T00:42:20","slug":"lithuanian-beaded-wrist-warmers","status":"publish","type":"page","link":"https:\/\/sisu.ut.ee\/knitting2018\/lithuanian-beaded-wrist-warmers\/","title":{"rendered":"Lithuanian beaded wrist warmers"},"content":{"rendered":"<p>After a short historical introduction we begin to make our own simple wristlets. We will put the beads on the knitting thread and begin to knit along the chosen pattern.\u00a0<\/p><p><em><strong>Sonata Eidikien\u0117<\/strong> graduated from the Academy of Art in Vilnius (painting) and after raising her children gradually switched from painting to textile. She has been a knitter since she was 5 years old, now she is running a yarn shop in Vilnius \u201c<a href=\"http:\/\/www.mezgimozona.lt\" target=\"_blank\" rel=\"noopener\">Mezgimo zona<\/a>\u201c. Interest in folk art was a form of resistance when she was young. In her case it was the folk textile. She attended annual ethnographic expeditions of VU club \u201cRomuva\u201d \u2013 draw the crocheted items for Rum\u0161i\u0161k\u0117s musuem. Later her interest extended to folk knitting. She researched the collections of knitted items in Vilnius National Museum, Tamo\u0161aitis Gallery \u201c\u017didinys\u201d and published some patterns in \u201cKnitting Traditions\u201d \u201cPiecework\u201d based on it: <a style=\"background-color: #ffffff\" href=\"https:\/\/www.ravelry.com\/patterns\/search#sort=best&amp;query=Sonata%20Eidikiene\">https:\/\/www.ravelry.com\/patterns\/search#sort=best&amp;query=Sonata%20Eidikiene<\/a>.<\/em><\/p><br><figure class=\"wp-block-gallery has-nested-images columns-3 is-cropped wp-block-gallery-1 is-layout-flex wp-block-gallery-is-layout-flex\"><figure class=\"wp-block-image size-large\"><a href=\"https:\/\/sisu.ut.ee\/wp-content\/uploads\/sites\/245\/img_0025.jpg\"><img decoding=\"async\" data-id=\"177\" src=\"https:\/\/sisu.ut.ee\/wp-content\/uploads\/sites\/245\/img_0025.jpg\" alt=\"\" class=\"wp-ima&gt;&lt;\/figcaption&gt;&lt;\/figure&gt;&lt;figure class=\" wp-block-image size-large><\/a><a href=\"https:\/\/sisu.ut.ee\/wp-content\/uploads\/sites\/245\/img_0738.jpg\"><img decoding=\"async\" data-id=\"178\" src=\"https:\/\/sisu.ut.ee\/wp-content\/uploads\/sites\/245\/img_0738.jpg\" alt=\"\" class=\"wp-ima&gt;&lt;\/figcaption&gt;&lt;\/figure&gt;&lt;figure class=\" wp-block-image size-large><\/a><a href=\"https:\/\/sisu.ut.ee\/wp-content\/uploads\/sites\/245\/sonata.jpg\"><img decoding=\"async\" data-id=\"179\" src=\"https:\/\/sisu.ut.ee\/wp-content\/uploads\/sites\/245\/sonata.jpg\" alt=\"\" class=\"wp-ima&gt;&lt;\/figcaption&gt;&lt;\/figure&gt;&lt;figure class=\" wp-block-image size-large><\/a><a href=\"https:\/\/sisu.ut.ee\/wp-content\/uploads\/sites\/245\/img_5405.jpg\"><img decoding=\"async\" data-id=\"180\" src=\"https:\/\/sisu.ut.ee\/wp-content\/uploads\/sites\/245\/img_5405.jpg\" alt=\"\" class=\"wp-ima&gt;&lt;\/figcaption&gt;&lt;\/figure&gt;&lt;figure class=\" wp-block-image size-large><\/a><a href=\"https:\/\/sisu.ut.ee\/wp-content\/uploads\/sites\/245\/img_0966.jpg\"><img decoding=\"async\" data-id=\"181\" src=\"https:\/\/sisu.ut.ee\/wp-content\/uploads\/sites\/245\/img_0966.jpg\" alt=\"\" class=\"wp-ima&gt;&lt;\/figcaption&gt;&lt;\/figure&gt;&lt;\/figure&gt;\"><\/a><\/figure><\/figure>","protected":false},"excerpt":{"rendered":"<p>After a short historical introduction we begin to make our own simple wristlets. We will put the beads on the knitting thread and begin to knit along the chosen pattern.\u00a0 Sonata Eidikien\u0117 graduated from the Academy of Art in Vilnius &#8230;<\/p>\n","protected":false},"author":124,"featured_media":0,"parent":0,"menu_order":0,"comment_status":"closed","ping_status":"closed","template":"","meta":{"_acf_changed":false,"inline_featured_image":false,"footnotes":""},"class_list":["post-35","page","type-page","status-publish","hentry"],"acf":[],"_links":{"self":[{"href":"https:\/\/sisu.ut.ee\/knitting2018\/wp-json\/wp\/v2\/pages\/35","targetHints":{"allow":["GET"]}}],"collection":[{"href":"https:\/\/sisu.ut.ee\/knitting2018\/wp-json\/wp\/v2\/pages"}],"about":[{"href":"https:\/\/sisu.ut.ee\/knitting2018\/wp-json\/wp\/v2\/types\/page"}],"author":[{"embeddable":true,"href":"https:\/\/sisu.ut.ee\/knitting2018\/wp-json\/wp\/v2\/users\/124"}],"replies":[{"embeddable":true,"href":"https:\/\/sisu.ut.ee\/knitting2018\/wp-json\/wp\/v2\/comments?post=35"}],"version-history":[{"count":2,"href":"https:\/\/sisu.ut.ee\/knitting2018\/wp-json\/wp\/v2\/pages\/35\/revisions"}],"predecessor-version":[{"id":340,"href":"https:\/\/sisu.ut.ee\/knitting2018\/wp-json\/wp\/v2\/pages\/35\/revisions\/340"}],"wp:attachment":[{"href":"https:\/\/sisu.ut.ee\/knitting2018\/wp-json\/wp\/v2\/media?parent=35"}],"curies":[{"name":"wp","href":"https:\/\/api.w.org\/{rel}","templated":true}]}}