{"id":32,"date":"2024-04-04T03:38:32","date_gmt":"2024-04-04T00:38:32","guid":{"rendered":"https:\/\/sisu.ut.ee\/knitting2018\/inlay-technique-tostamaa-gloves\/"},"modified":"2024-04-04T03:42:20","modified_gmt":"2024-04-04T00:42:20","slug":"inlay-technique-tostamaa-gloves","status":"publish","type":"page","link":"https:\/\/sisu.ut.ee\/knitting2018\/inlay-technique-tostamaa-gloves\/","title":{"rendered":"Inlay and knitted fringes"},"content":{"rendered":"<p>In this workshop you will learn to knit the inlay motives and the fringes from Audru and T\u00f5stamaa parishes. Patterns are from the 19th century\u2019 mittens and gloves. A tiny pillow will be knitted.<\/p><p><em><strong>Anu Randmaa<\/strong> is educated as a craft teacher in Tallinn Pedagogical Institute, she holds a master degree in pedagogial science. She works at Estonian Folk Art and Craft Union as a leader of the subunion of folk costumes, she is also a master of folk costumes and instructor of courses. She is living in T\u00f5stamaa (near P\u00e4rnu) and has created T\u00f5stamaa Craft Centre where she teaches folk handicraft and making folk costumes.\u00a0\u00a0<\/em><\/p><p><em>Publications:<\/em><\/p><p><em>There is no special books about inlay but in Estonian knitting 1 there is a chapter about it. You could see the inlay patterned knitwear <a href=\"http:\/\/www.rahvaroivad\/folkart.ee\" target=\"_blank\" rel=\"noopener\">here<\/a> and also in the book \u201c<a href=\"https:\/\/epood.saara.ee\/pood\/parnumaa-rahvaroivad\" target=\"_blank\" rel=\"noopener\">Folk costumes of P\u00e4rnumaa\u201d<\/a>.\u00a0<\/em><\/p><p><em>FB <a href=\"https:\/\/www.facebook.com\/T%C3%B5stamaa-K%C3%A4sit%C3%B6%C3%B6keskus-1569365373313104\/\" target=\"_blank\" rel=\"noopener\">page<\/a><\/em><\/p><br><figure class=\"wp-block-gallery has-nested-images columns-3 is-cropped wp-block-gallery-1 is-layout-flex wp-block-gallery-is-layout-flex\"><figure class=\"wp-block-image size-large\"><a href=\"https:\/\/sisu.ut.ee\/wp-content\/uploads\/sites\/245\/half_ready.jpg\"><img decoding=\"async\" data-id=\"165\" src=\"https:\/\/sisu.ut.ee\/wp-content\/uploads\/sites\/245\/half_ready.jpg\" alt=\"\" class=\"wp-ima&gt;&lt;\/figcaption&gt;&lt;\/figure&gt;&lt;figure class=\" wp-block-image size-large><\/a><a href=\"https:\/\/sisu.ut.ee\/wp-content\/uploads\/sites\/245\/gloves.jpg\"><img decoding=\"async\" data-id=\"166\" src=\"https:\/\/sisu.ut.ee\/wp-content\/uploads\/sites\/245\/gloves.jpg\" alt=\"\" class=\"wp-ima&gt;&lt;\/figcaption&gt;&lt;\/figure&gt;&lt;figure class=\" wp-block-image size-large><\/a><a href=\"https:\/\/sisu.ut.ee\/wp-content\/uploads\/sites\/245\/wristlets.jpg\"><img decoding=\"async\" data-id=\"167\" src=\"https:\/\/sisu.ut.ee\/wp-content\/uploads\/sites\/245\/wristlets.jpg\" alt=\"\" class=\"wp-ima&gt;&lt;\/figcaption&gt;&lt;\/figure&gt;&lt;figure class=\" wp-block-image size-large><\/a><a href=\"https:\/\/sisu.ut.ee\/wp-content\/uploads\/sites\/245\/cuffs.jpg\"><img decoding=\"async\" data-id=\"168\" src=\"https:\/\/sisu.ut.ee\/wp-content\/uploads\/sites\/245\/cuffs.jpg\" alt=\"\" class=\"wp-ima&gt;&lt;\/figcaption&gt;&lt;\/figure&gt;&lt;figure class=\" wp-block-image size-large><\/a><a href=\"https:\/\/sisu.ut.ee\/wp-content\/uploads\/sites\/245\/dsc_0403_-_copy-scaled.jpg\"><img decoding=\"async\" data-id=\"169\" src=\"https:\/\/sisu.ut.ee\/wp-content\/uploads\/sites\/245\/dsc_0403_-_copy-scaled.jpg\" alt=\"\" class=\"wp-ima&gt;&lt;\/figcaption&gt;&lt;\/figure&gt;&lt;figure class=\" wp-block-image size-large><\/a><a href=\"https:\/\/sisu.ut.ee\/wp-content\/uploads\/sites\/245\/pillows.jpg\"><img decoding=\"async\" data-id=\"170\" src=\"https:\/\/sisu.ut.ee\/wp-content\/uploads\/sites\/245\/pillows.jpg\" alt=\"\" class=\"wp-ima&gt;&lt;\/figcaption&gt;&lt;\/figure&gt;&lt;\/figure&gt;\"><\/a><\/figure><\/figure>","protected":false},"excerpt":{"rendered":"<p>In this workshop you will learn to knit the inlay motives and the fringes from Audru and T\u00f5stamaa parishes. Patterns are from the 19th century\u2019 mittens and gloves. A tiny pillow will be knitted. Anu Randmaa is educated as a &#8230;<\/p>\n","protected":false},"author":124,"featured_media":0,"parent":0,"menu_order":0,"comment_status":"closed","ping_status":"closed","template":"","meta":{"_acf_changed":false,"inline_featured_image":false,"footnotes":""},"class_list":["post-32","page","type-page","status-publish","hentry"],"acf":[],"_links":{"self":[{"href":"https:\/\/sisu.ut.ee\/knitting2018\/wp-json\/wp\/v2\/pages\/32","targetHints":{"allow":["GET"]}}],"collection":[{"href":"https:\/\/sisu.ut.ee\/knitting2018\/wp-json\/wp\/v2\/pages"}],"about":[{"href":"https:\/\/sisu.ut.ee\/knitting2018\/wp-json\/wp\/v2\/types\/page"}],"author":[{"embeddable":true,"href":"https:\/\/sisu.ut.ee\/knitting2018\/wp-json\/wp\/v2\/users\/124"}],"replies":[{"embeddable":true,"href":"https:\/\/sisu.ut.ee\/knitting2018\/wp-json\/wp\/v2\/comments?post=32"}],"version-history":[{"count":2,"href":"https:\/\/sisu.ut.ee\/knitting2018\/wp-json\/wp\/v2\/pages\/32\/revisions"}],"predecessor-version":[{"id":343,"href":"https:\/\/sisu.ut.ee\/knitting2018\/wp-json\/wp\/v2\/pages\/32\/revisions\/343"}],"wp:attachment":[{"href":"https:\/\/sisu.ut.ee\/knitting2018\/wp-json\/wp\/v2\/media?parent=32"}],"curies":[{"name":"wp","href":"https:\/\/api.w.org\/{rel}","templated":true}]}}