{"id":155,"date":"2024-04-04T08:14:13","date_gmt":"2024-04-04T05:14:13","guid":{"rendered":"https:\/\/sisu.ut.ee\/kliimateadlik\/alushariduse-ja-esimese-kooliastme-tooruhma-liikmete-oppereis-maltale-23-25\/"},"modified":"2024-04-04T08:14:13","modified_gmt":"2024-04-04T05:14:13","slug":"alushariduse-ja-esimese-kooliastme-tooruhma-liikmete-oppereis-maltale-23-25","status":"publish","type":"page","link":"https:\/\/sisu.ut.ee\/kliimateadlik\/alushariduse-ja-esimese-kooliastme-tooruhma-liikmete-oppereis-maltale-23-25\/","title":{"rendered":"Alushariduse ja esimese kooliastme t\u00f6\u00f6r\u00fchma liikmete \u00f5ppereis Maltale 23.-25. oktoober 2023"},"content":{"rendered":"<figure class=\"wp-block-gallery has-nested-images columns-3 is-cropped wp-block-gallery-1 is-layout-flex wp-block-gallery-is-layout-flex\"><figure class=\"wp-block-image size-large\"><a href=\"https:\/\/sisu.ut.ee\/wp-content\/uploads\/sites\/582\/395023948_1048947539582874_7957702025627546450_n.jpg\"><img decoding=\"async\" data-id=\"108\" src=\"https:\/\/sisu.ut.ee\/wp-content\/uploads\/sites\/582\/395023948_1048947539582874_7957702025627546450_n.jpg\" alt=\"\" class=\"wp-ima&gt;&lt;\/figcaption&gt;&lt;\/figure&gt;&lt;figure class=\" wp-block-image size-large><\/a><a href=\"https:\/\/sisu.ut.ee\/wp-content\/uploads\/sites\/582\/395296438_303423252469094_1410905003402345531_n.jpg\"><img decoding=\"async\" data-id=\"109\" src=\"https:\/\/sisu.ut.ee\/wp-content\/uploads\/sites\/582\/395296438_303423252469094_1410905003402345531_n.jpg\" alt=\"\" class=\"wp-ima&gt;&lt;\/figcaption&gt;&lt;\/figure&gt;&lt;figure class=\" wp-block-image size-large><\/a><a href=\"https:\/\/sisu.ut.ee\/wp-content\/uploads\/sites\/582\/395293912_326666083343042_9157563105346033208_n.jpg\"><img decoding=\"async\" data-id=\"110\" src=\"https:\/\/sisu.ut.ee\/wp-content\/uploads\/sites\/582\/395293912_326666083343042_9157563105346033208_n.jpg\" alt=\"\" class=\"wp-ima&gt;&lt;\/figcaption&gt;&lt;\/figure&gt;&lt;figure class=\" wp-block-image size-large><\/a><a href=\"https:\/\/sisu.ut.ee\/wp-content\/uploads\/sites\/582\/395291370_175027578934088_2485330763956480965_n.jpg\"><img decoding=\"async\" data-id=\"111\" src=\"https:\/\/sisu.ut.ee\/wp-content\/uploads\/sites\/582\/395291370_175027578934088_2485330763956480965_n.jpg\" alt=\"\" class=\"wp-ima&gt;&lt;\/figcaption&gt;&lt;\/figure&gt;&lt;figure class=\" wp-block-image size-large><\/a><a href=\"https:\/\/sisu.ut.ee\/wp-content\/uploads\/sites\/582\/395324156_645333467715019_2930047705660615369_n.jpg\"><img decoding=\"async\" data-id=\"112\" src=\"https:\/\/sisu.ut.ee\/wp-content\/uploads\/sites\/582\/395324156_645333467715019_2930047705660615369_n.jpg\" alt=\"\" class=\"wp-ima&gt;&lt;\/figcaption&gt;&lt;\/figure&gt;&lt;figure class=\" wp-block-image size-large><\/a><a href=\"https:\/\/sisu.ut.ee\/wp-content\/uploads\/sites\/582\/395449656_296305643178838_2587352744565819702_n.jpg\"><img decoding=\"async\" data-id=\"113\" src=\"https:\/\/sisu.ut.ee\/wp-content\/uploads\/sites\/582\/395449656_296305643178838_2587352744565819702_n.jpg\" alt=\"\" class=\"wp-ima&gt;&lt;\/figcaption&gt;&lt;\/figure&gt;&lt;figure class=\" wp-block-image size-large><\/a><a href=\"https:\/\/sisu.ut.ee\/wp-content\/uploads\/sites\/582\/394593397_957619039109531_7499695963311699177_n.jpg\"><img decoding=\"async\" data-id=\"114\" src=\"https:\/\/sisu.ut.ee\/wp-content\/uploads\/sites\/582\/394593397_957619039109531_7499695963311699177_n.jpg\" alt=\"\" class=\"wp-ima&gt;&lt;\/figcaption&gt;&lt;\/figure&gt;&lt;figure class=\" wp-block-image size-large><\/a><a href=\"https:\/\/sisu.ut.ee\/wp-content\/uploads\/sites\/582\/395296424_3491234911205945_8980180100752775631_n.jpg\"><img decoding=\"async\" data-id=\"115\" src=\"https:\/\/sisu.ut.ee\/wp-content\/uploads\/sites\/582\/395296424_3491234911205945_8980180100752775631_n.jpg\" alt=\"\" class=\"wp-ima&gt;&lt;\/figcaption&gt;&lt;\/figure&gt;&lt;figure class=\" wp-block-image size-large><\/a><a href=\"https:\/\/sisu.ut.ee\/wp-content\/uploads\/sites\/582\/395299071_1355592212037815_4994615816695983921_n.jpg\"><img decoding=\"async\" data-id=\"116\" src=\"https:\/\/sisu.ut.ee\/wp-content\/uploads\/sites\/582\/395299071_1355592212037815_4994615816695983921_n.jpg\" alt=\"\" class=\"wp-ima&gt;&lt;\/figcaption&gt;&lt;\/figure&gt;&lt;figure class=\" wp-block-image size-large><\/a><a href=\"https:\/\/sisu.ut.ee\/wp-content\/uploads\/sites\/582\/394766996_841381690796699_8923680967750399498_n.jpg\"><img decoding=\"async\" data-id=\"117\" src=\"https:\/\/sisu.ut.ee\/wp-content\/uploads\/sites\/582\/394766996_841381690796699_8923680967750399498_n.jpg\" alt=\"\" class=\"wp-ima&gt;&lt;\/figcaption&gt;&lt;\/figure&gt;&lt;\/figure&gt;\"><\/a><\/figure><\/figure>","protected":false},"excerpt":{"rendered":"","protected":false},"author":287,"featured_media":0,"parent":0,"menu_order":0,"comment_status":"closed","ping_status":"closed","template":"","meta":{"_acf_changed":false,"inline_featured_image":false,"footnotes":""},"class_list":["post-155","page","type-page","status-publish","hentry"],"acf":[],"_links":{"self":[{"href":"https:\/\/sisu.ut.ee\/kliimateadlik\/wp-json\/wp\/v2\/pages\/155","targetHints":{"allow":["GET"]}}],"collection":[{"href":"https:\/\/sisu.ut.ee\/kliimateadlik\/wp-json\/wp\/v2\/pages"}],"about":[{"href":"https:\/\/sisu.ut.ee\/kliimateadlik\/wp-json\/wp\/v2\/types\/page"}],"author":[{"embeddable":true,"href":"https:\/\/sisu.ut.ee\/kliimateadlik\/wp-json\/wp\/v2\/users\/287"}],"replies":[{"embeddable":true,"href":"https:\/\/sisu.ut.ee\/kliimateadlik\/wp-json\/wp\/v2\/comments?post=155"}],"version-history":[{"count":0,"href":"https:\/\/sisu.ut.ee\/kliimateadlik\/wp-json\/wp\/v2\/pages\/155\/revisions"}],"wp:attachment":[{"href":"https:\/\/sisu.ut.ee\/kliimateadlik\/wp-json\/wp\/v2\/media?parent=155"}],"curies":[{"name":"wp","href":"https:\/\/api.w.org\/{rel}","templated":true}]}}