{"id":93,"date":"2024-04-04T08:41:36","date_gmt":"2024-04-04T05:41:36","guid":{"rendered":"https:\/\/sisu.ut.ee\/kliimatarkused\/oppematerjalid\/"},"modified":"2024-05-16T15:26:57","modified_gmt":"2024-05-16T12:26:57","slug":"oppematerjalid","status":"publish","type":"page","link":"https:\/\/sisu.ut.ee\/kliimatarkused\/oppematerjalid\/","title":{"rendered":"\u00d5ppematerjalid"},"content":{"rendered":"<p><strong>Kellele on \u00f5ppematerjal\u00a0m\u00f5eldud?<\/strong><\/p>\n<p>Esitatud teadusp\u00f5hised \u00f5ppematerjalid on m\u00f5eldud k\u00f5ikidele haridusastmete ja huvihariduse \u00f5petajatele kliimamuutustega seotud teemade k\u00e4sitlemiseks erivanuses \u00f5ppijatega. Loodame, et esitatud \u00f5ppetegevuste rakendamine aitab kaasa \u00f5ppijates \u00f6koloogilise maailmavaate kujunemisele ja keskkonnahoidlike k\u00e4itumismustrite tekkimisele ning annab oskused muutuva kliima tingimustes toime tulla.<\/p>\n<p><strong>\u00d5ppematejali \u00fclesehitus<\/strong><\/p>\n<p>\u00d5ppematerjalid on koondatud kolme suurema teema alla: Elurikkus, muutused keskkonnas ning tootmine ja tarbimine. Iga teema alt leiavad \u00f5petajad haridusastmete (sh huviharidus) kaupa juhised kliimamuutustega seotud \u00f5ppetegevuste l\u00e4bi viimiseks.<\/p>\n<p><strong>\u00d5ppematerjalide autorid<\/strong> (t\u00e4hestikulises j\u00e4rjekorras): Aet Annist, Aigi Kikkas, Ana Valdmann, Anete Altrov, Anne Laius, Birgit Viru, Ele Pedassaar, Elina Malleus-Kot\u0161egarov, Erko Jakobson, Evelin J\u00fcrgenson, Grete Arro, Helen Semilarski, Heli Aomets, Helin Semilarski, Jaanus Terasmaa, Janari Teessar, J\u00fcrgen Aosaar, Kaarel Vanam\u00f6lder, Kaire J\u00f5gi, Karel Rahu, Karin Nurme, Katre Luik, Katrin Saluvee, Lehte Tuuling, Liisi Jakobson, Margit Pelli, Marie Johanna Univer, Maris Morel, Merilin Noormets, Merrit Shanskiy, Mikko Buht, Mirjam K\u00f6ster, T\u00f5nis R\u00fc\u00fctel, Triinu Jesmin, Tuul Sepp, \u00dclle Liiber, Veljo Kabin<\/p>\n<p>\u00d5ppematerjalid\u00a0on loodud 2023 \u2013 2024.\u00a0aastal<\/p>\n<p><a title=\"\" href=\"https:\/\/kliimateadlik.ut.ee\/\" target=\"_blank\" rel=\"noopener\" data-url=\"https:\/\/kliimateadlik.ut.ee\/\">Projekt \u201cKliimateadlikkus koolist \u00fchiskonda: laste, noorte ja \u00f5petajate v\u00f5imestamine kliimamuutuste m\u00f5jude v\u00e4hendamiseks\u201d<\/a><\/p>\n","protected":false},"excerpt":{"rendered":"<p>Kellele on \u00f5ppematerjal\u00a0m\u00f5eldud? Esitatud teadusp\u00f5hised \u00f5ppematerjalid on m\u00f5eldud k\u00f5ikidele haridusastmete ja huvihariduse \u00f5petajatele kliimamuutustega seotud teemade k\u00e4sitlemiseks erivanuses \u00f5ppijatega. Loodame, et esitatud \u00f5ppetegevuste rakendamine aitab kaasa \u00f5ppijates \u00f6koloogilise maailmavaate kujunemisele ja keskkonnahoidlike k\u00e4itumismustrite tekkimisele ning annab oskused muutuva kliima tingimustes &#8230;<\/p>\n","protected":false},"author":315,"featured_media":0,"parent":0,"menu_order":0,"comment_status":"closed","ping_status":"closed","template":"","meta":{"_acf_changed":false,"inline_featured_image":false,"footnotes":""},"class_list":["post-93","page","type-page","status-publish","hentry"],"acf":[],"_links":{"self":[{"href":"https:\/\/sisu.ut.ee\/kliimatarkused\/wp-json\/wp\/v2\/pages\/93","targetHints":{"allow":["GET"]}}],"collection":[{"href":"https:\/\/sisu.ut.ee\/kliimatarkused\/wp-json\/wp\/v2\/pages"}],"about":[{"href":"https:\/\/sisu.ut.ee\/kliimatarkused\/wp-json\/wp\/v2\/types\/page"}],"author":[{"embeddable":true,"href":"https:\/\/sisu.ut.ee\/kliimatarkused\/wp-json\/wp\/v2\/users\/315"}],"replies":[{"embeddable":true,"href":"https:\/\/sisu.ut.ee\/kliimatarkused\/wp-json\/wp\/v2\/comments?post=93"}],"version-history":[{"count":4,"href":"https:\/\/sisu.ut.ee\/kliimatarkused\/wp-json\/wp\/v2\/pages\/93\/revisions"}],"predecessor-version":[{"id":2412,"href":"https:\/\/sisu.ut.ee\/kliimatarkused\/wp-json\/wp\/v2\/pages\/93\/revisions\/2412"}],"wp:attachment":[{"href":"https:\/\/sisu.ut.ee\/kliimatarkused\/wp-json\/wp\/v2\/media?parent=93"}],"curies":[{"name":"wp","href":"https:\/\/api.w.org\/{rel}","templated":true}]}}