{"id":9,"date":"2024-04-04T08:41:26","date_gmt":"2024-04-04T05:41:26","guid":{"rendered":"https:\/\/sisu.ut.ee\/kliimatarkused\/pilk-ajalukku-labi-puu-aastarongaste\/"},"modified":"2024-05-19T13:32:35","modified_gmt":"2024-05-19T10:32:35","slug":"pilk-ajalukku-labi-puu-aastarongaste","status":"publish","type":"page","link":"https:\/\/sisu.ut.ee\/kliimatarkused\/pilk-ajalukku-labi-puu-aastarongaste\/","title":{"rendered":"Pilk ajalukku l\u00e4bi puu aastar\u00f5ngaste"},"content":{"rendered":"<p style=\"text-align: justify;\"><img loading=\"lazy\" decoding=\"async\" width=\"1246\" height=\"323\" class=\"alignnone wp-image-133\" title=\"6265.jpg\" src=\"https:\/\/sisu.ut.ee\/wp-content\/uploads\/sites\/635\/6265.jpg\" alt=\"T\u00fcve ristl\u00f5ige\" srcset=\"https:\/\/sisu.ut.ee\/wp-content\/uploads\/sites\/635\/6265.jpg 1246w, https:\/\/sisu.ut.ee\/wp-content\/uploads\/sites\/635\/6265-300x78.jpg 300w, https:\/\/sisu.ut.ee\/wp-content\/uploads\/sites\/635\/6265-1024x265.jpg 1024w, https:\/\/sisu.ut.ee\/wp-content\/uploads\/sites\/635\/6265-768x199.jpg 768w\" sizes=\"auto, (max-width: 1246px) 100vw, 1246px\"><\/p>\n<p style=\"text-align: justify;\"><strong>Kellele on \u00f5ppematerjal m\u00f5eldud?<\/strong><\/p>\n<p style=\"text-align: justify;\">\u00d5ppematerjal on suuantud p\u00f5hikooli ja g\u00fcmnaasiumi astme loodusteadlikele noortele.<\/p>\n<p style=\"text-align: justify;\"><strong>\u00d5ppematerjali tutvustus<\/strong><\/p>\n<p style=\"text-align: justify;\">\u00d5piobjektiga saadakse teadmised puut\u00fcve ristl\u00f5ike ehituse kohta, m\u00f5istetakse dendrokronoloogiliste uuringute v\u00f5imalusi metsade kasvukeskkonna pikaajaliste muutuste hindamisel ning selgitatakse kliimategurite ja metsakuivenduss\u00fcsteemide rajamise ja toimimise m\u00f5ju puude kasvule.<\/p>\n<p style=\"text-align: justify;\">K\u00e4esolev \u00f5piobjekt k\u00e4sitleb metsa ja kliima omavahelisi suhteid. Seda on v\u00f5imalik kasutada eraldiseisvalt, kuid teema p\u00f5hjalikumaks ja laiapindsemaks k\u00e4sitluseks soovitame \u00f5pilastega l\u00e4bi t\u00f6\u00f6tada ka \u00f5piobjekt \u201cMets ja kliimamuutused.\u201d<\/p>\n<p style=\"text-align: justify;\"><span style=\"text-decoration: underline;\">P\u00f5his\u00f5numid<\/span>:<\/p>\n<ul>\n<li style=\"text-align: justify;\">Kliima on \u00fcks peamisi puude kasvu m\u00f5jutavaid tegureid<\/li>\n<li style=\"text-align: justify;\">Dendrokronoloogilised meetodid v\u00f5imaldavad rekonstrueerida puu v\u00f5i puistu arengu<\/li>\n<li style=\"text-align: justify;\">Metsade kuivendamine toob kaasa puude suurema kasvukiiruse, kuid arvestada tuleb ka looduskaitseliste huvidega<\/li>\n<\/ul>\n<p style=\"text-align: justify;\"><strong>Meetodid:<\/strong> loeng, \u00fclesannete lahendamine, arutelu<\/p>\n<p style=\"text-align: justify;\"><strong>T\u00f6\u00f6vahendid:<\/strong> <a href=\"https:\/\/smear.emu.ee\/visuals\/Stem3D\/\" target=\"_blank\" rel=\"noopener\">Virtuaalne mudelketas<\/a><\/p>\n<p><strong><a href=\"https:\/\/sisu.ut.ee\/kliimatarkused\/pilk-ajalukku-labi-puu-aastarongaste#opetajale\">Materjalid \u00f5petajale<\/a><\/strong><\/p>\n<p><strong><a href=\"https:\/\/sisu.ut.ee\/kliimatarkused\/pilk-ajalukku-labi-puu-aastarongaste#opilasele\">Materjalid \u00f5pilasele<\/a><\/strong><\/p>\n<p><strong>Autor:\u00a0<\/strong><a href=\"mailto:mikko.buht@emu.ee\">Mikko Buht<\/a><\/p>\n<p style=\"text-align: justify;\"><a id=\"opetajale\"><\/a><\/p><div class=\"accordion mb-3\">\n        <div class=\"accordion-item accordion-item--white\">\n        <h2 class=\"accordion-header\" id=\"accordion-69da77f8dd62d-heading\">\n            <button class=\"accordion-button collapsed\" type=\"button\" data-bs-toggle=\"collapse\" data-bs-target=\"#accordion-69da77f8dd62d-collapse\" aria-expanded=\"true\" aria-controls=\"accordion-69da77f8dd62d-collapse\"><strong>\u00d5petajale:\u00a0Kliimamuutuste m\u00f5ju puude kasvule<\/strong><\/button>\n        <\/h2>\n        <div id=\"accordion-69da77f8dd62d-collapse\" class=\"accordion-collapse collapse\" aria-labelledby=\"accordion-69da77f8dd62d-heading\">\n            <div class=\"accordion-body\">\n<p style=\"text-align: justify;\"><strong>Puude kasv<\/strong><\/p>\n<p style=\"text-align: justify;\">Rohelised taimed on autotroofsed organismid ehk nad s\u00fcnteesivad ise omale anorgaanilistest \u00fchenditest nagu CO<sub>2<\/sub> ja H<sub>2<\/sub>O p\u00e4ikesevalguse olemasolul eluks vajalikud orgaanilised ained (lipiidid, valgud, s\u00fcsivesikud ja vitamiinid). Seda protsessi nimetatakse fotos\u00fcnteesiks ja selle k\u00e4igus moodustub gl\u00fckoos (suhkur), hapnik ja vesi:<\/p>\n<p style=\"text-align: center;\">6CO<sub>2<\/sub>\u202f+ 12H<sub>2<\/sub>O = C<sub>6<\/sub>H<sub>12<\/sub>O<sub>6<\/sub>\u202f+ 6O<sub>2<\/sub>\u202f+ 6H<sub>2<\/sub>O<\/p>\n<p>Fotos\u00fcntees s\u00f5ltub CO2 ja vee k\u00e4ttesaadavusest, valguse intensiivsusest ja temperatuurist. Kliimamuutuste \u00fcks tagaj\u00e4rg on keskmise temperatuuri t\u00f5us, mis t\u00e4hendab pikemat vegetatsiooniperioodi. See annab taimedele v\u00f5imaluse pikema ajavahemiku v\u00e4ltel fotos\u00fcnteesida. On teada, et puuliikidel on erinevad temperatuurivahemikud, mil nende kasv on k\u00f5ige intensiivsem (Lin jt. 2012), samas k\u00f5rgem temperatuur \u00fcldiselt suurendab puude kasvu (Way ja Oren 2010).<\/p>\n<p lang=\"ET-EE\" xml:lang=\"ET-EE\">Kliimamuutustel on ka negatiivne m\u00f5ju puude kasvule ja arengule. Suvised p\u00f5uaperioodid esinevad \u00fche tihedamini ning nende ajaline kestus pikeneb. P\u00f5ud raskendab taimedel fotos\u00fcnteesiks vajalike ainete hankimise mullast, mist\u00f5ttu fotos\u00fcntees kas aeglustub v\u00f5i seiskub t\u00e4ielikult.<\/p>\n<p style=\"text-align: justify;\"><strong>Metsade kuivendamise m\u00f5ju puude kasvule<\/strong><\/p>\n<p style=\"text-align: justify;\">Kliima v\u00f5ib p\u00f5hjustada metsades liigniiskust ning see p\u00e4rsib puude toitainete omastamist. Pikemas perspektiivis p\u00f5hjustab soostumine mullaviljakuse ja puistute kasvu j\u00e4rjepidevat langust. P\u00f5hjamaades, sh Eestis on liigniiskete muldade kuivendamisega tegeletud pikka aega. Praegu moodustavad kuivendatud metsad ehk k\u00f5dusood Eesti metsadest ligikaudu 15 protsenti. Metsi on kuivendatud peamiselt seet\u00f5ttu, et Eestis \u00fcletab aastane sademete hulk aurumise, mist\u00f5ttu on Eestis levinud soostumisprotsess. Soometsade kuivendamise tulemusena muutuvad soomullad sobivamaks metsade kasvatamiseks, kuna liigniiskus taandumine annab puudele v\u00f5imaluse seni turbas seotud toitainete omastamiseks. Endistest soodest on saanud pikaajalise kuivendamise tagaj\u00e4rjel v\u00e4ga tootlikud metsad, kust \u00fchiskond saab v\u00e4\u00e4rtuslikku puitu. Juba kuivendatud metsade kraave tuleb aeg-ajalt puhastada ja uuendada, et \u00fcleliigse p\u00f5hjavee \u00e4rajuhtimine ei oleks takistatud.<\/p>\n<p style=\"text-align: justify;\">Puude kasvu taastumine peale kinni vajunud kraavide puhastamist on kiire. On leitud, et see toimub juba esimese k\u00fcmne aastaga. K\u00fcll aga s\u00f5ltub taastumine puut\u00fcvede l\u00e4bim\u00f5\u00f5dust, metsa tagavarast ja kasvukoha viljakusest (Potapov jt. 2023).<\/p>\n<p style=\"text-align: justify;\"><img loading=\"lazy\" decoding=\"async\" width=\"2646\" height=\"340\" class=\"alignnone wp-image-131\" title=\"kuivendamise_moju_joonis.png\" src=\"https:\/\/sisu.ut.ee\/wp-content\/uploads\/sites\/635\/kuivendamise_moju_joonis.png\" alt=\"Kuivendamise m\u00f5ju m\u00e4nni aastar\u00f5ngaste kasvule\" srcset=\"https:\/\/sisu.ut.ee\/wp-content\/uploads\/sites\/635\/kuivendamise_moju_joonis.png 2646w, https:\/\/sisu.ut.ee\/wp-content\/uploads\/sites\/635\/kuivendamise_moju_joonis-300x39.png 300w, https:\/\/sisu.ut.ee\/wp-content\/uploads\/sites\/635\/kuivendamise_moju_joonis-1024x132.png 1024w, https:\/\/sisu.ut.ee\/wp-content\/uploads\/sites\/635\/kuivendamise_moju_joonis-768x99.png 768w, https:\/\/sisu.ut.ee\/wp-content\/uploads\/sites\/635\/kuivendamise_moju_joonis-1536x197.png 1536w, https:\/\/sisu.ut.ee\/wp-content\/uploads\/sites\/635\/kuivendamise_moju_joonis-2048x263.png 2048w, https:\/\/sisu.ut.ee\/wp-content\/uploads\/sites\/635\/kuivendamise_moju_joonis-1920x247.png 1920w\" sizes=\"auto, (max-width: 2646px) 100vw, 2646px\"> <strong>Joonis 1<\/strong>. Kuivendamise m\u00f5ju m\u00e4nni aastar\u00f5ngaste j\u00e4meduskasvule, mida iseloomustab aastar\u00f5ngaste laiuse muutumine.\u00a0Kuivenduse rajamise ajaks (t\u00e4histatud musta kriipsuga) oli selle puu vanus 108 aastat, diameeter 8 cm ja j\u00e4meduskasv keskmiselt 0,7 mm aastas. Kuivendusj\u00e4rgsel perioodil 61-aasta jooksul, on puu diameeter suurenenud 18 cm, keskmiselt ligi 3 mm aastas. Autor\/allikas: Aleksei Potapov<\/p>\n<p style=\"text-align: justify;\">Kuivenduskraavide rajamisega taastatakse puude kiirem kasv ja v\u00f5ime talletada rohkem s\u00fcsinikku, k\u00fcll aga katkestatakse sellega vastandlik protsess, mille k\u00e4igus arenevad sood ja rabad. Siinkohal on oluline m\u00f5ista, et metsakuivenduss\u00fcsteemide rajamisel ja hooldamisel tuleb arvestada nii majanduslike kui keskkonnakaitseliste huvidega.<\/p>\n<p style=\"text-align: justify;\"><\/p><\/div>\n        <\/div>\n        <\/div>\n    <\/div>\n<p style=\"text-align: justify;\"><\/p><div class=\"accordion mb-3\">\n        <div class=\"accordion-item accordion-item--white\">\n        <h2 class=\"accordion-header\" id=\"accordion-69da77f8dd638-heading\">\n            <button class=\"accordion-button collapsed\" type=\"button\" data-bs-toggle=\"collapse\" data-bs-target=\"#accordion-69da77f8dd638-collapse\" aria-expanded=\"true\" aria-controls=\"accordion-69da77f8dd638-collapse\"><strong>\u00d5petajale:\u00a0Millest jutustavad aastar\u00f5ngad?<\/strong><\/button>\n        <\/h2>\n        <div id=\"accordion-69da77f8dd638-collapse\" class=\"accordion-collapse collapse\" aria-labelledby=\"accordion-69da77f8dd638-heading\">\n            <div class=\"accordion-body\">\n<p style=\"text-align: justify;\"><strong>Puut\u00fcve ristl\u00f5ige<\/strong><\/p>\n<p style=\"text-align: justify;\">Et paremini aru saada puut\u00fcve ristl\u00f5ike ehitusest ja seal toimuvatest protsessidest, oleme loonud virtuaalse mudelketta.<\/p>\n<p style=\"text-align: justify;\"><strong>Link<\/strong>:\u00a0<a title=\"\" href=\"https:\/\/smear.emu.ee\/visuals\/Stem3D\/\" target=\"_blank\" rel=\"noopener\" data-url=\"https:\/\/smear.emu.ee\/visuals\/Stem3D\/\">3D mudelketas<\/a><\/p>\n<p style=\"text-align: justify;\"><img loading=\"lazy\" decoding=\"async\" width=\"260\" height=\"261\" class=\"alignnone wp-image-134\" title=\"qrkood.jpg\" src=\"https:\/\/sisu.ut.ee\/wp-content\/uploads\/sites\/635\/qrkood.jpg\" alt=\"3d mudelketas\" srcset=\"https:\/\/sisu.ut.ee\/wp-content\/uploads\/sites\/635\/qrkood.jpg 260w, https:\/\/sisu.ut.ee\/wp-content\/uploads\/sites\/635\/qrkood-150x150.jpg 150w\" sizes=\"auto, (max-width: 260px) 100vw, 260px\"><\/p>\n<p style=\"text-align: justify;\"><strong>Dendrokronoloogia<\/strong><\/p>\n<p lang=\"ET-EE\" xml:lang=\"ET-EE\">Puude aastar\u00f5ngaid uurib teadusharu nimega dendrokronoloogia, mis tuleneb ladinakeelsetest s\u00f5nadest dendron, mis t\u00e4hendab puud (t\u00e4psemalt puude aastar\u00f5ngaste dateerimist ja uurimist) ja chronos, mis t\u00e4hendab aega. Dendrokronoloogia on k\u00f5igest sadakond aastat vana, mis teeb temast suhteliselt noore teadusharu.<\/p>\n<p lang=\"ET-EE\" xml:lang=\"ET-EE\">Puude aastar\u00f5ngaste laiuste varieerumine annab informatsiooni pikkade ajaperioodide jooksul toimunud muutustest puude kasvukeskkonnas.\u202fDendrokronoloogiliste meetodite abil on v\u00f5imalik m\u00f5ista majandustegevuse (erinevad raied, kuivendamine) v\u00f5i looduslike h\u00e4iringute (nt tulekahju, p\u00f5ud) m\u00f5ju puude kasvule. Mida laiemad on aastar\u00f5ngad, seda soodsamad on olnud puu selle perioodi kasvutingimused ja vastupidi.<\/p>\n<p>Lisades puude aastar\u00f5ngaste uuringutesse kliimategurid, tegeletakse dendroklimatoloogiaga. Dendroklimatoloogia olemuseks v\u00f5ib lugeda statistiliste suhete leidmist puude aastar\u00f5ngaste laiuste ning kliimategurite vahel.<\/p>\n<p style=\"text-align: justify;\"><\/p><\/div>\n        <\/div>\n        <\/div>\n    <\/div>\n<p style=\"text-align: justify;\"><a id=\"opilasele\"><\/a><\/p><div class=\"accordion mb-3\">\n        <div class=\"accordion-item accordion-item--white\">\n        <h2 class=\"accordion-header\" id=\"accordion-69da77f8dd63d-heading\">\n            <button class=\"accordion-button collapsed\" type=\"button\" data-bs-toggle=\"collapse\" data-bs-target=\"#accordion-69da77f8dd63d-collapse\" aria-expanded=\"true\" aria-controls=\"accordion-69da77f8dd63d-collapse\"><strong>\u00d5pilasele<\/strong><\/button>\n        <\/h2>\n        <div id=\"accordion-69da77f8dd63d-collapse\" class=\"accordion-collapse collapse\" aria-labelledby=\"accordion-69da77f8dd63d-heading\">\n            <div class=\"accordion-body\">\n<p style=\"text-align: justify;\"><strong>\u00dclesanne 1<\/strong>. Vasta Joonis 1. p\u00f5hjal\u00a0k\u00fcsimustele<\/p>\n<ol>\n<li style=\"text-align: justify;\">Kuidas neid ringe nimetatakse?<\/li>\n<li style=\"text-align: justify;\">Miks need ringid\u00a0eriv\u00e4rvi paistavad?<\/li>\n<li style=\"text-align: justify;\">Mis p\u00f5hjustab ringide laiuse\u00a0varieeruvust?<\/li>\n<\/ol>\n<p style=\"text-align: justify;\"><img loading=\"lazy\" decoding=\"async\" width=\"1575\" height=\"968\" class=\"alignnone wp-image-135\" title=\"ketas_01.jpg\" src=\"https:\/\/sisu.ut.ee\/wp-content\/uploads\/sites\/635\/ketas_01.jpg\" alt=\"Puu ristl\u00f5ige\" srcset=\"https:\/\/sisu.ut.ee\/wp-content\/uploads\/sites\/635\/ketas_01.jpg 1575w, https:\/\/sisu.ut.ee\/wp-content\/uploads\/sites\/635\/ketas_01-300x184.jpg 300w, https:\/\/sisu.ut.ee\/wp-content\/uploads\/sites\/635\/ketas_01-1024x629.jpg 1024w, https:\/\/sisu.ut.ee\/wp-content\/uploads\/sites\/635\/ketas_01-768x472.jpg 768w, https:\/\/sisu.ut.ee\/wp-content\/uploads\/sites\/635\/ketas_01-1536x944.jpg 1536w\" sizes=\"auto, (max-width: 1575px) 100vw, 1575px\"><\/p>\n<p style=\"text-align: justify;\"><strong>Joonis 1.<\/strong> Puut\u00fcve ristl\u00f5ige<\/p>\n<p style=\"text-align: justify;\"><strong>\u00dclesanne 2<\/strong>. Vasta joonis 1 p\u00f5hjal k\u00fcsimustele.<\/p>\n<ol>\n<li style=\"text-align: justify;\">Puu raiuti aastal 2021. Mis aastal hakkas puu kasvama ning kui vana oli puu raiumise hetkel?<\/li>\n<li style=\"text-align: justify;\">Mis aastatel on aastar\u00f5ngad laiemad ning mis v\u00f5ib seda p\u00f5hjustada?<\/li>\n<li style=\"text-align: justify;\">Kuidas on m\u00f5jutanud 2008 a. teostatud harvendusraie puu kasvu?<\/li>\n<\/ol>\n<p style=\"text-align: justify;\">Arutle. M\u00e4nnipuu, mille p\u00f5hjal 3D mudelketas loodi\u00a0oli ca 30 aastane, mis t\u00e4hendab, et suur osa elust oleks tal veel ees pidanud olema. Millised tegurid oleks selle puu edasist eluteed m\u00f5jutanud ja kuidas see oleks kajastunud aastar\u00f5ngastel?<\/p>\n<p style=\"text-align: justify;\"><\/p><\/div>\n        <\/div>\n        <\/div>\n    <\/div>\n<p style=\"text-align: justify;\"><\/p><div class=\"accordion mb-3\">\n        <div class=\"accordion-item accordion-item--white\">\n        <h2 class=\"accordion-header\" id=\"accordion-69da77f8dd641-heading\">\n            <button class=\"accordion-button collapsed\" type=\"button\" data-bs-toggle=\"collapse\" data-bs-target=\"#accordion-69da77f8dd641-collapse\" aria-expanded=\"true\" aria-controls=\"accordion-69da77f8dd641-collapse\"><strong>Allikad<\/strong><\/button>\n        <\/h2>\n        <div id=\"accordion-69da77f8dd641-collapse\" class=\"accordion-collapse collapse\" aria-labelledby=\"accordion-69da77f8dd641-heading\">\n            <div class=\"accordion-body\">\n<p style=\"text-align: justify;\"><strong>Allikad<\/strong><\/p>\n<p>Lin Y-S., Medlyn B.E., Ellsworth D.S. (2012) Temperature responses of leaf net photosynthesis: the role of component processes. Tree Physiology. 32:219\u2013231.<\/p>\n<p>Potapov, Aleksei &amp; Meht\u00e4talo, Lauri &amp; Kiviste, Andres &amp; Metslaid, Sandra &amp; Kaart, Tanel &amp; Stanturf, John &amp; Hordo, Maris. (2023). Basal area growth response of Scots pine to drainage: An analysis using a mixed-effects modelling approach. Forest Ecology and Management. 532. 120825. 10.1016\/j.foreco.2023.120825.<\/p>\n<p>Way D.A., Oren R. (2010) Differential responses to changes in growth temperature between trees from different functional groups and biomes: a review and synthesis of data. Tree Physiology. 30:669-688.<\/p>\n<p style=\"text-align: justify;\"><\/p><\/div>\n        <\/div>\n        <\/div>\n    <\/div>\n","protected":false},"excerpt":{"rendered":"<p>Kellele on \u00f5ppematerjal m\u00f5eldud? \u00d5ppematerjal on suuantud p\u00f5hikooli ja g\u00fcmnaasiumi astme loodusteadlikele noortele. \u00d5ppematerjali tutvustus \u00d5piobjektiga saadakse teadmised puut\u00fcve ristl\u00f5ike ehituse kohta, m\u00f5istetakse dendrokronoloogiliste uuringute v\u00f5imalusi metsade kasvukeskkonna pikaajaliste muutuste hindamisel ning selgitatakse kliimategurite ja metsakuivenduss\u00fcsteemide rajamise ja toimimise m\u00f5ju &#8230;<\/p>\n","protected":false},"author":315,"featured_media":0,"parent":0,"menu_order":0,"comment_status":"closed","ping_status":"closed","template":"","meta":{"_acf_changed":false,"inline_featured_image":false,"footnotes":""},"class_list":["post-9","page","type-page","status-publish","hentry"],"acf":[],"_links":{"self":[{"href":"https:\/\/sisu.ut.ee\/kliimatarkused\/wp-json\/wp\/v2\/pages\/9","targetHints":{"allow":["GET"]}}],"collection":[{"href":"https:\/\/sisu.ut.ee\/kliimatarkused\/wp-json\/wp\/v2\/pages"}],"about":[{"href":"https:\/\/sisu.ut.ee\/kliimatarkused\/wp-json\/wp\/v2\/types\/page"}],"author":[{"embeddable":true,"href":"https:\/\/sisu.ut.ee\/kliimatarkused\/wp-json\/wp\/v2\/users\/315"}],"replies":[{"embeddable":true,"href":"https:\/\/sisu.ut.ee\/kliimatarkused\/wp-json\/wp\/v2\/comments?post=9"}],"version-history":[{"count":8,"href":"https:\/\/sisu.ut.ee\/kliimatarkused\/wp-json\/wp\/v2\/pages\/9\/revisions"}],"predecessor-version":[{"id":2569,"href":"https:\/\/sisu.ut.ee\/kliimatarkused\/wp-json\/wp\/v2\/pages\/9\/revisions\/2569"}],"wp:attachment":[{"href":"https:\/\/sisu.ut.ee\/kliimatarkused\/wp-json\/wp\/v2\/media?parent=9"}],"curies":[{"name":"wp","href":"https:\/\/api.w.org\/{rel}","templated":true}]}}