{"id":87,"date":"2024-04-04T08:41:35","date_gmt":"2024-04-04T05:41:35","guid":{"rendered":"https:\/\/sisu.ut.ee\/kliimatarkused\/energiabilanss\/"},"modified":"2024-05-28T08:46:11","modified_gmt":"2024-05-28T05:46:11","slug":"energiabilanss","status":"publish","type":"page","link":"https:\/\/sisu.ut.ee\/kliimatarkused\/energiabilanss\/","title":{"rendered":"Maa energiabilanss"},"content":{"rendered":"<p class=\"paragraph\" style=\"margin: 0cm 0cm 8.0pt 0cm;\"><strong><br>Kellele on \u00f5ppematerjal m\u00f5eldud?<\/strong><\/p>\n<p class=\"paragraph\" style=\"margin: 0cm 0cm 8.0pt 0cm;\"><span style=\"vertical-align: baseline;\">\u00d5ppematerjal on m\u00f5eldud k\u00f5igi \u00f5ppeastmete \u00f5pilastele. On kolm p\u00f5hjalikkuse astet, s\u00f5ltuvalt laste vanusest ning \u00f5ppematerjali l\u00e4bimiseks planeeritud ajast.<\/span><\/p>\n<p><strong>\u00d5ppematerjali tutvustus<\/strong><\/p>\n<p class=\"paragraph\" style=\"margin: 0cm 0cm 8.0pt 0cm;\"><span style=\"vertical-align: baseline;\">Arvatavasti on k\u00f5ik lapsed t\u00e4nap\u00e4eval kuulnud midagi kliima muutusest, kuid see teadmine on sageli l\u00fcnklik ning seet\u00f5ttu saavad kergesti tekkida v\u00e4\u00e4rarusaamad. Selle \u00f5ppematerjali eesm\u00e4rk on kliimamuutuste teadmisi s\u00fcstematiseerida, et tekiks terviklikum arusaam kliimamuutuste p\u00f5hjustest ja ajaskaaladest. \u00d5ppematerjali katseidee p\u00e4rineb Jake Seeley videost (<\/span><a id=\"docs-internal-guid-5f04a90a-7fff-445a-9fc9-bb1e40fca1ec\" style=\"text-decoration: none;\" href=\"https:\/\/www.youtube.com\/watch?v=kh7vgNmrd90\" target=\"_blank\" rel=\"noopener\">https:\/\/www.youtube.com\/watch?v=kh7vgNmrd90<\/a><span style=\"vertical-align: baseline;\">)<\/span><\/p>\n<p class=\"paragraph\" style=\"margin: 0cm 0cm 8.0pt 0cm;\"><span style=\"vertical-align: baseline;\"><span style=\"text-decoration: underline;\">\u00d5ppematerjali eesm\u00e4rk:<\/span> m\u00f5ista, et Maa globaalne kliima on otseselt seotud kasvuhoonegaaside kontsentratsiooniga. Samuti on eesm\u00e4rgiks selgitada, et praegune kliima soojenemise ning j\u00e4\u00e4aegade vaheldumise pohjused on erinevad ning ei v\u00e4lista \u00fcksteist.<\/span><\/p>\n<p class=\"paragraph\" style=\"margin: 0cm 0cm 8.0pt 0cm;\"><span style=\"vertical-align: baseline;\"><span style=\"text-decoration: underline;\">\u00d5piv\u00e4ljundid: <\/span>\u00f5ppija m\u00f5istab, et \u00fche s\u00fcsteemi tasakaal on m\u00e4\u00e4ratud s\u00fcsteemi sisendite ja v\u00e4ljundite erinevusega, teab Maale j\u00f5udva ja Maalt lahkuva energia allikaid ning saab aru kuidas kasvuhoonegaaside kontsentratsiooni muutus m\u00f5jutab globaalset kliimat.<\/span><\/p>\n<p class=\"paragraph\" style=\"margin: 0cm 0cm 8.0pt 0cm;\"><span style=\"vertical-align: baseline;\"><span style=\"text-decoration: underline;\">Eelteadmiste kirjeldus:<\/span> \u00f5ppematerjal ei eelda \u00f5pilaselt spetsiifilisi eelteadmisi. Koostamisel on eeldatud, et \u00f5ppematerjali l\u00e4bi viiv \u00f5petaja on tutvunud \u00f5ppematerjaliga \u201eKliimamuutuste ABC\u201c.<\/span><\/p>\n<p class=\"paragraph\" style=\"margin: 0cm 0cm 8.0pt 0cm;\"><span style=\"vertical-align: baseline;\">\u00d5ppematerjali on v\u00f5imalik l\u00e4bi teha erinevas mahus, l\u00e4htuvalt \u00f5pilaste vanusest ja saadaolevast ajaressursist, n\u00e4iteks:<\/span><\/p>\n<ul>\n<li class=\"paragraph\" style=\"margin-top: 0cm; margin-right: 0cm; margin-bottom: 8.0pt;\"><span style=\"vertical-align: baseline;\">katseseadme ehitamine, \u00f5pilased viivad ise katse l\u00e4bi ja selgitavad katsetulemustega globaalse kliima tasakaalu. Seej\u00e4rel leitakse koos, gruppidena v\u00f5i \u00fchekaupa, vastused kontrollk\u00fcsimustele. Sobib eriti h\u00e4sti huvikoolide loodusgruppidele;<\/span><\/li>\n<li class=\"paragraph\" style=\"margin-top: 0cm; margin-right: 0cm; margin-bottom: 8.0pt;\"><span style=\"vertical-align: baseline;\">lapsed ise teevad esitluse, selgitades ilma helita videos n\u00e4htava p\u00f5hjal globaalset kliima tasakaalu. Seej\u00e4rel leitakse koos, gruppidena v\u00f5i \u00fchekaupa, vastused kontrollk\u00fcsimustele;<\/span><\/li>\n<li class=\"paragraph\" style=\"margin-top: 0cm; margin-right: 0cm; margin-bottom: 8.0pt;\"><span style=\"vertical-align: baseline;\">lapsed vaatavad l\u00e4bi heliga video, seda arutatakse omavahel ning leitakse koos, gruppidena v\u00f5i \u00fchekaupa, vastused kontrollk\u00fcsimustele.<\/span><\/li>\n<\/ul>\n<p class=\"paragraph\" style=\"margin: 0cm 0cm 8.0pt 0cm;\"><strong><span style=\"vertical-align: baseline;\">\u00d5ppematerjal koosneb:<\/span><\/strong><\/p>\n<ul>\n<li><a title=\"\" href=\"https:\/\/sisu.ut.ee\/wp-content\/uploads\/sites\/635\/juhend_opetajale_3_raskusastet.pdf\" target=\"_blank\" rel=\"noopener\" data-url=\"https:\/\/sisu.ut.ee\/wp-content\/uploads\/sites\/635\/juhend_opetajale_3_raskusastet.pdf\">Juhend \u00f5petajale (kolm raskusastet)<\/a><\/li>\n<li><a title=\"\" href=\"https:\/\/www.youtube.com\/watch?v=o-SnW9Vue48\" target=\"_blank\" rel=\"noopener\" data-url=\"https:\/\/www.youtube.com\/watch?v=o-SnW9Vue48\">Maa energiabilansi video heliga<\/a><\/li>\n<li class=\"paragraph\"><a title=\"\" href=\"https:\/\/www.youtube.com\/watch?v=WthdQyYv0IY\" target=\"_blank\" rel=\"noopener\" data-url=\"https:\/\/www.youtube.com\/watch?v=WthdQyYv0IY\">Maa energiabilansi video ilma kommentaarideta<\/a><\/li>\n<li class=\"paragraph\"><a title=\"\" href=\"https:\/\/sisu.ut.ee\/wp-content\/uploads\/sites\/635\/energiabilansi_video_tekst.pdf\" target=\"_blank\" rel=\"noopener\" data-url=\"https:\/\/sisu.ut.ee\/wp-content\/uploads\/sites\/635\/energiabilansi_video_tekst.pdf\">Energiabilansi video tekst<\/a><\/li>\n<li class=\"paragraph\"><a title=\"\" href=\"https:\/\/sisu.ut.ee\/wp-content\/uploads\/sites\/635\/katseseadme_juhend.pdf\" target=\"_blank\" rel=\"noopener\" data-url=\"https:\/\/sisu.ut.ee\/wp-content\/uploads\/sites\/635\/katseseadme_juhend.pdf\">Katseseadme juhend<\/a><\/li>\n<li><a title=\"\" href=\"https:\/\/sisu.ut.ee\/wp-content\/uploads\/sites\/635\/kontrollkusimused_ja_vastused.pdf\" target=\"_blank\" rel=\"noopener\" data-url=\"https:\/\/sisu.ut.ee\/wp-content\/uploads\/sites\/635\/kontrollkusimused_ja_vastused.pdf\">Hindamine<\/a><\/li>\n<\/ul>\n<p><a href=\"https:\/\/sisu.ut.ee\/wp-content\/uploads\/sites\/635\/juhend_opetajale_3_raskusastet.pdf\" target=\"_blank\" rel=\"noopener\"><strong>Materjalid \u00f5petajale<\/strong><\/a><br><br><a href=\"https:\/\/www.youtube.com\/watch?v=o-SnW9Vue48\" target=\"_blank\" rel=\"noopener\"><strong>Materjalid \u00f5pilasele<\/strong><\/a><br><br><a href=\"https:\/\/sisu.ut.ee\/wp-content\/uploads\/sites\/635\/kontrollkusimused_ja_vastused.pdf\" target=\"_blank\" rel=\"noopener\"><strong>Hindamine<\/strong><\/a><\/p>\n<p><strong>Autor:<\/strong> <a href=\"https:\/\/ut.ee\/et\/tootaja\/erko-jakobson\" target=\"_blank\" rel=\"noopener\">Erko Jakobson<\/a><\/p>\n\n\n<div class=\"wp-block-group attached-files-group is-layout-constrained wp-block-group-is-layout-constrained\">\n<div class=\"wp-block-file\"><a id=\"wp-block-file--media-d7d239e1-4667-4011-a6a0-4a29aaf94176\" href=\"https:\/\/sisu.ut.ee\/wp-content\/uploads\/sites\/635\/energiabilansi_video_tekst.pdf\" target=\"_blank\" rel=\"noreferrer noopener\">energiabilansi_video_tekst.pdf<\/a><\/div>\n\n\n\n<div class=\"wp-block-file\"><a id=\"wp-block-file--media-4bea3feb-a614-4d48-b35c-59fff4da086c\" href=\"https:\/\/sisu.ut.ee\/wp-content\/uploads\/sites\/635\/juhend_opetajale_3_raskusastet.pdf\" target=\"_blank\" rel=\"noreferrer noopener\">juhend_opetajale_3_raskusastet.pdf<\/a><\/div>\n\n\n\n<div class=\"wp-block-file\"><a id=\"wp-block-file--media-8a4b458b-79a3-45ea-afa6-cb3b2ba52fbf\" href=\"https:\/\/sisu.ut.ee\/wp-content\/uploads\/sites\/635\/katseseadme_juhend.pdf\" target=\"_blank\" rel=\"noreferrer noopener\">katseseadme_juhend.pdf<\/a><\/div>\n\n\n\n<div class=\"wp-block-file\"><a id=\"wp-block-file--media-19cd6b41-d86c-4967-bd54-b62d5b148d82\" href=\"https:\/\/sisu.ut.ee\/wp-content\/uploads\/sites\/635\/kontrollkusimused_ja_vastused.pdf\" target=\"_blank\" rel=\"noreferrer noopener\">kontrollkusimused_ja_vastused.pdf<\/a><\/div>\n<\/div>\n","protected":false},"excerpt":{"rendered":"<p>Kellele on \u00f5ppematerjal m\u00f5eldud? \u00d5ppematerjal on m\u00f5eldud k\u00f5igi \u00f5ppeastmete \u00f5pilastele. On kolm p\u00f5hjalikkuse astet, s\u00f5ltuvalt laste vanusest ning \u00f5ppematerjali l\u00e4bimiseks planeeritud ajast. \u00d5ppematerjali tutvustus Arvatavasti on k\u00f5ik lapsed t\u00e4nap\u00e4eval kuulnud midagi kliima muutusest, kuid see teadmine on sageli l\u00fcnklik ning &#8230;<\/p>\n","protected":false},"author":315,"featured_media":0,"parent":0,"menu_order":0,"comment_status":"closed","ping_status":"closed","template":"","meta":{"_acf_changed":false,"inline_featured_image":false,"footnotes":""},"class_list":["post-87","page","type-page","status-publish","hentry"],"acf":[],"_links":{"self":[{"href":"https:\/\/sisu.ut.ee\/kliimatarkused\/wp-json\/wp\/v2\/pages\/87","targetHints":{"allow":["GET"]}}],"collection":[{"href":"https:\/\/sisu.ut.ee\/kliimatarkused\/wp-json\/wp\/v2\/pages"}],"about":[{"href":"https:\/\/sisu.ut.ee\/kliimatarkused\/wp-json\/wp\/v2\/types\/page"}],"author":[{"embeddable":true,"href":"https:\/\/sisu.ut.ee\/kliimatarkused\/wp-json\/wp\/v2\/users\/315"}],"replies":[{"embeddable":true,"href":"https:\/\/sisu.ut.ee\/kliimatarkused\/wp-json\/wp\/v2\/comments?post=87"}],"version-history":[{"count":7,"href":"https:\/\/sisu.ut.ee\/kliimatarkused\/wp-json\/wp\/v2\/pages\/87\/revisions"}],"predecessor-version":[{"id":2975,"href":"https:\/\/sisu.ut.ee\/kliimatarkused\/wp-json\/wp\/v2\/pages\/87\/revisions\/2975"}],"wp:attachment":[{"href":"https:\/\/sisu.ut.ee\/kliimatarkused\/wp-json\/wp\/v2\/media?parent=87"}],"curies":[{"name":"wp","href":"https:\/\/api.w.org\/{rel}","templated":true}]}}