{"id":82,"date":"2024-04-04T08:41:34","date_gmt":"2024-04-04T05:41:34","guid":{"rendered":"https:\/\/sisu.ut.ee\/kliimatarkused\/kliimamuutused-dendropargis\/"},"modified":"2024-05-19T18:51:20","modified_gmt":"2024-05-19T15:51:20","slug":"kliimamuutused-dendropargis","status":"publish","type":"page","link":"https:\/\/sisu.ut.ee\/kliimatarkused\/kliimamuutused-dendropargis\/","title":{"rendered":"Kliimamuutused dendropargis &#8211; avastusrada"},"content":{"rendered":"<p><img loading=\"lazy\" decoding=\"async\" width=\"1250\" height=\"325\" class=\"alignnone wp-image-264\" title=\"banner_dendropark.png\" src=\"https:\/\/sisu.ut.ee\/wp-content\/uploads\/sites\/635\/banner_dendropark.png\" alt=\"kliimamuutus dendropargis\" srcset=\"https:\/\/sisu.ut.ee\/wp-content\/uploads\/sites\/635\/banner_dendropark.png 1250w, https:\/\/sisu.ut.ee\/wp-content\/uploads\/sites\/635\/banner_dendropark-300x78.png 300w, https:\/\/sisu.ut.ee\/wp-content\/uploads\/sites\/635\/banner_dendropark-1024x266.png 1024w, https:\/\/sisu.ut.ee\/wp-content\/uploads\/sites\/635\/banner_dendropark-768x200.png 768w\" sizes=\"auto, (max-width: 1250px) 100vw, 1250px\"><\/p>\n<p><strong>Kellele on \u00f5ppematerjal m\u00f5eldud?<\/strong><\/p>\n<p>\u00d5ppematerjal on m\u00f5eldud k\u00f5igile alates 13. eluaastast. \u00d5ppevahendina loodud\u00a0avastusrada on l\u00e4bitav \u00fcksi, pere v\u00f5i grupina. Rada on l\u00e4bitav kuulmispuudega inimestele ning lisaks on rajapunktid 4 kuni 12 l\u00e4bitavad ka liikumispuudega inimestele.<\/p>\n<p><strong>\u00d5ppematerjali tutvustus<\/strong><\/p>\n<p>Kliimamuutused m\u00f5jutavad elurikkust nii Euroopas kui Eestis. \u00d5ppematerjal\u00a0p\u00f6\u00f6rab t\u00e4helepanu Tartu T\u00e4htvere dendropargi elusloodusele ning kuidas kliimamuutused seda m\u00f5jutavad. Sinu teekond algab Eesti Maa\u00fclikooli Metsamaja lipuv\u00e4ljaku juurest.<\/p>\n<p>\u00d5ppematerjal sisaldab materjale \u00f5petajale, kus on teoreetiline taust ja \u00f5ppetegevused,\u00a0\u00f5ppetegevuste all on ka \u00f5piv\u00e4ljundid. Eraldi on juhised \u00f5pilasele ning lisamaterjali all\u00a0avastusraja koostamise lingid.<\/p>\n<p><span style=\"text-decoration: underline;\">\u00d5piv\u00e4ljundid:<\/span><\/p>\n<ul>\n<li>tunneb huvi \u00fcmbritseva elukeskkonna vastu;<\/li>\n<li>oskab m\u00e4rgata, s\u00f5nastada (ja lahendada) loodusteaduslikke probleeme;<\/li>\n<li>vaatleb, anal\u00fc\u00fcsib ning selgitab elukeskkonna objekte, n\u00e4htusi ja elukeskkonnas toimuvaid protsesse, leiab nendevahelisi seoseid ning teeb j\u00e4reldusi;<\/li>\n<li>m\u00f5istab elukeskkonda kui terviku t\u00e4htsust ning sellega seotud vastutustundlikku ja s\u00e4\u00e4stvat k\u00e4itumist.<\/li>\n<\/ul>\n<p><strong>M\u00e4rks\u00f5nad<\/strong>: Uurimisrada, elukeskkond, bioloogiline mitmekesisus, niidu elustik, vastutustundlikkus<\/p>\n<p><strong>K\u00e4sitletavad m\u00f5isted: <\/strong>populatsioonid, kasurid ehk kasulikud putukad, toitumisv\u00f5rgustik, omandivormid ja sihtotstarve, s\u00fcsiniku sidumine, madalsoomuld, kliimamuutustega kohanemine.<\/p>\n<p><a href=\"https:\/\/sisu.ut.ee\/kliimatarkused\/kliimamuutused-dendropargis#opetajale\"><strong>Materjalid \u00f5petajale<\/strong><\/a><\/p>\n<p><a href=\"https:\/\/sisu.ut.ee\/kliimatarkused\/kliimamuutused-dendropargis#opilasele\"><strong>Materjalid \u00f5pilasele<\/strong><\/a><\/p>\n<p><strong>Autorid:<\/strong> <a href=\"mailto:karin.nurme@emu.ee\" target=\"_blank\" rel=\"noopener\">Karin Nurme<\/a>, Mikko Buht, Merrit Shanskiy, J\u00fcrgen Aosaar, Evelin J\u00fcrgenson ja Veljo Kabin<\/p>\n<p><a id=\"opetajale\"><\/a><\/p><div class=\"accordion mb-3\">\n        <div class=\"accordion-item accordion-item--white\">\n        <h2 class=\"accordion-header\" id=\"accordion-69dabb33121a3-heading\">\n            <button class=\"accordion-button collapsed\" type=\"button\" data-bs-toggle=\"collapse\" data-bs-target=\"#accordion-69dabb33121a3-collapse\" aria-expanded=\"true\" aria-controls=\"accordion-69dabb33121a3-collapse\"><strong>\u00d5petajale: \u00f5ppetegevus<\/strong><\/button>\n        <\/h2>\n        <div id=\"accordion-69dabb33121a3-collapse\" class=\"accordion-collapse collapse\" aria-labelledby=\"accordion-69dabb33121a3-heading\">\n            <div class=\"accordion-body\">\n<p>Raja l\u00e4bimiseks on vaja: mobiilne nutiseade, millel peab olema mobiiline internet ja\u00a0sissel\u00fclitatud GPS ning ilmastikule vastav riietus.<\/p>\n<p>Rajal on 14 kontrollpunkti ning rada on l\u00e4bitav umbes 1 tunniga. Selle rajaga kutsub Maa\u00fclikool m\u00f5tisklema kliimamuutuste \u00fcle. Raja igas raja punktis on k\u00fcsimus, mis k\u00e4sitleb mitmeid teemasid loodusainete valdkonnas ning on seotud bioloogia, \u00f6koloogia, metsanduse, geograafia ja keskkonnateadustega. Neis k\u00fcsimustes on r\u00f5huasetus \u00f6kos\u00fcsteemide ja\u00a0kliimamuutuste l\u00e4bi\u00a0metsamajanduse, putukate elu, maakasutuse ning mulla- ja taimeteaduse aspektidel.<\/p>\n<p>Raja kasutamisel on v\u00f5imalik valida erinevate m\u00e4nguvormide vahel, millega saab tutvuda <strong><a title=\"\" href=\"https:\/\/avastusrada.freshdesk.com\/support\/solutions\/articles\/43000507134-m%C3%A4nguvormid\" target=\"_blank\" rel=\"noopener\" data-url=\"https:\/\/avastusrada.freshdesk.com\/support\/solutions\/articles\/43000507134-m%C3%A4nguvormid\"><span style=\"color: #0033ff;\">siin<\/span><\/a><span style=\"color: #0033ff;\">.<\/span><\/strong><\/p>\n<p>Enne rajale saabumist on <strong>soovitatav end <\/strong>registreerida avastusrada lehel (link on sinisena\u00a0toodud allpool), n\u00e4iteks kodus v\u00f5i koolis, et tagada mugavam kogemus ja parem \u00fcrituse korraldus.<\/p>\n<p>K\u00f5ik osalejad (registreerunud) saavad p\u00e4rast raja\u00a0l\u00e4bimist vastused ka oma e-mailile.<\/p>\n<p><strong><a title=\"\" href=\"https:\/\/kool.avastusrada.ee\/k\/emu#kliimamuutused-dendropargis-uus\" target=\"_blank\" rel=\"noopener\" data-url=\"https:\/\/kool.avastusrada.ee\/k\/emu#kliimamuutused-dendropargis-uus\"><span style=\"color: #0033ff;\">LINK<\/span><\/a> <\/strong>eestikeelsele rajale<\/p>\n<p><strong><a title=\"\" href=\"https:\/\/kool.avastusrada.ee\/k\/emu\/#discovery-trail\" target=\"_blank\" rel=\"noopener\" data-url=\"https:\/\/kool.avastusrada.ee\/k\/emu\/#discovery-trail\"><span style=\"color: #0033ff;\">LINK<\/span><\/a><\/strong> inglisekeelsele rajale<\/p>\n<p><\/p><\/div>\n        <\/div>\n        <\/div>\n    <\/div>\n<p><\/p><div class=\"accordion mb-3\">\n        <div class=\"accordion-item accordion-item--white\">\n        <h2 class=\"accordion-header\" id=\"accordion-69dabb33121b1-heading\">\n            <button class=\"accordion-button collapsed\" type=\"button\" data-bs-toggle=\"collapse\" data-bs-target=\"#accordion-69dabb33121b1-collapse\" aria-expanded=\"true\" aria-controls=\"accordion-69dabb33121b1-collapse\"><strong>\u00d5petajale:\u00a0teoreetiline taust<\/strong><\/button>\n        <\/h2>\n        <div id=\"accordion-69dabb33121b1-collapse\" class=\"accordion-collapse collapse\" aria-labelledby=\"accordion-69dabb33121b1-heading\">\n            <div class=\"accordion-body\"><br>\nT\u00e4htvere dendropark, tuntud ka kui Maa\u00fclikooli dendropark, <a title=\"\" href=\"https:\/\/tartu.ee\/sites\/default\/files\/research_import\/2021-12\/Lisa%2021%20Dendropargi%20hooldusalad_0.pdf\" target=\"_blank\" rel=\"noopener\" data-url=\"https:\/\/tartu.ee\/sites\/default\/files\/research_import\/2021-12\/Lisa%2021%20Dendropargi%20hooldusalad_0.pdf\"><span style=\"color: #0033ff;\">asub<\/span><\/a> Eesti Maa\u00fclikooli hoonete ja Emaj\u00f5e vahelisel alal. Park haarab enda alla ligemale 40 ha ja on seel\u00e4bi Tartu suurim roheala. Dendropark rajati 1971. aastal Maa\u00fclikooli metsateadlaste eestvedamisel, <a title=\"\" href=\"https:\/\/tartu.ee\/sites\/default\/files\/research_import\/2021-12\/Lisa%205.%20Teadusliku%20osa%20istuste%20temaatilised%20jaotised_0.jpg\" target=\"_blank\" rel=\"noopener\" data-url=\"https:\/\/tartu.ee\/sites\/default\/files\/research_import\/2021-12\/Lisa%205.%20Teadusliku%20osa%20istuste%20temaatilised%20jaotised_0.jpg\"><span style=\"color: #0033ff;\">eesm\u00e4rgiga<\/span><\/a> kasvatada v\u00e4lismaiseid puu ja p\u00f5\u00f5saliike teadus- ja \u00f5ppet\u00f6\u00f6 tarbeks.\n<p>Dendropargi mullad on mitmekesised ja eriilmselised. Dendropargist suur osa asub Emaj\u00f5e lammialal, kus tihti esineb kevadeti ka \u00fcleujutusi. V\u00e4iksem osa pargist asub reljeefilt k\u00f5rgemal ehk kuivematel <a title=\"\" href=\"https:\/\/pk.emu.ee\/struktuur\/mullateadus\/aasta-muld\/\" target=\"_blank\" rel=\"noopener\" data-url=\"https:\/\/pk.emu.ee\/struktuur\/mullateadus\/aasta-muld\/\"><span style=\"color: #0033ff;\">muldadel<\/span><\/a>, kus mineraalmuldadest on esindatud n\u00e4ivleetunud muld (LP) ning n\u00f5lvadel asuvad n\u00f5rgalt kuni keskmiselt erodeeritud mullad (E2k). Kuivendatud lammialal on levinud h\u00e4sti lagunenud turbaga turvasmullad ehk s\u00fcgavad lammi-<a title=\"\" href=\"https:\/\/arhiiv.err.ee\/video\/vaata\/hoia-mida-armastad-madalsoo%20\" target=\"_blank\" rel=\"noopener\" data-url=\"https:\/\/arhiiv.err.ee\/video\/vaata\/hoia-mida-armastad-madalsoo \"><span style=\"color: #0033ff;\">madalsoo<\/span><\/a>mullad (AM\u2019\u2019\u2019). Mullastiku ja niiskustingimuste varieerumine loob erinevaid kasvutingimusi taimeliikidele.<\/p>\n<p><img loading=\"lazy\" decoding=\"async\" src=\"https:\/\/lh7-us.googleusercontent.com\/m0eCBQ_oeSI7Zc2EMBQ5-8GY5KWwS-5cUr-oZO2ZpHfxmFwyY61ewiXVLCSHVp9uFPUM_PcFxUduLFu0BG4hbu5jrH1QxfL9iNCCpLInt554n_gfOVjQi7429RpDXOmgBcQj1YPZAfSQiaKdPUKV7E8\" width=\"299\" height=\"320\"><\/p>\n<p><strong>Joonis 1.<\/strong> T\u00e4htvere dendropargi <a title=\"\" href=\"https:\/\/xgis.maaamet.ee\/xgis2\/page\/app\/mullakaart\" target=\"_blank\" rel=\"noopener\" data-url=\"https:\/\/xgis.maaamet.ee\/xgis2\/page\/app\/mullakaart\"><span style=\"color: #0033ff;\">mullastikukaart<\/span><\/a>\u00a01:10000. Tumesinisega on t\u00e4histatud Eesti Maa\u00fclikooli Metsamaja.<\/p>\n<p dir=\"ltr\">T\u00e4htvere dendropark on oma hea asukoha t\u00f5ttu saanud v\u00e4ga populaarseks linnuvaatluskohaks. Niisamuti viiakse pargis l\u00e4bi botaanilisi inventuure ning uuritakse mitmeid mutukaid. 2020. aasta botaanilisel inventuuril loendati kokku \u00fcle 700 erineva liigi soontaimi, l\u00fclijalgseid ja linde. Tuvastati mitmeid III kaitsekategooria taimi, nagu balti s\u00f5rmk\u00e4pp (<em>Dactylorhiza baltica<\/em>), laialehine neiuvaip (<em>Epipactis helleborine<\/em>), suur k\u00e4op\u00f5ll (<em>Listera ovata<\/em>), ohakasoomukas (<em>Orobanche pallidiflora<\/em>) ja ahtalehine \u00e4ngelhein (<em>Thalictrum lucidum<\/em>). Haruldasematest taimeliikidest kasvab dendropargi kesksel lagealal harilik ussitatar (<em>Polygonum bistorta<\/em>), mis on iseloomulik \u00fcksnes sellele piirkonnale. L\u00fclijalgsetest liigirohkeim\u00a0r\u00fchm\u00a0oli\u00a0<a title=\"\" href=\"https:\/\/arhiiv.err.ee\/video\/vaata\/hoia-mida-armastad-liblikad\" target=\"_blank\" rel=\"noopener\" data-url=\"https:\/\/arhiiv.err.ee\/video\/vaata\/hoia-mida-armastad-liblikad\"><span style=\"color: #0033ff;\">liblikalised<\/span><\/a> (<em>Lepidoptera<\/em>) \u2013 118 liiki. M\u00e4rkimisv\u00e4\u00e4rne on <a title=\"\" href=\"https:\/\/arhiiv.err.ee\/video\/vaata\/hoia-mida-armastad-kiilid\" target=\"_blank\" rel=\"noopener\" data-url=\"https:\/\/arhiiv.err.ee\/video\/vaata\/hoia-mida-armastad-kiilid\"><span style=\"color: #0033ff;\">kiililiste<\/span><\/a> (<em>Odonata<\/em>) ja oluliste putuktolmendajate \u2013 <a title=\"\" href=\"https:\/\/arhiiv.err.ee\/video\/vaata\/hoia-mida-armastad-putukad\" target=\"_blank\" rel=\"noopener\" data-url=\"https:\/\/arhiiv.err.ee\/video\/vaata\/hoia-mida-armastad-putukad\"><span style=\"color: #0033ff;\">kimalaste<\/span><\/a> (<em>Bombus spp.<\/em>) \u2013 mitmekesisus. Dendropargi ornitoloogilised vaatlused annavad teavet pargis kohatavatest linnuliikidest. 2006 a. l\u00e4bi viidud vaatlusandmete p\u00f5hjal on pargis n\u00e4htud \u00fcle 127 linnuliigi, kellest pargiga otse on seotud 87 liiki. 2020 a. uuringus selgus, et pargis registreeriti 59 pesitsevat linnuliiki, millest arvukaim linnuliik oli metsvint. Peale pesitsejate kasutavad parki toitumisalana paljud naabruses elavad linnud, keda k\u00e4sitletakse kui k\u00fclalisi, ning keda kokku loendati 41 liiki. Pargi piires kohati I kategooria kaitsealustest liikidest merikotkast, v\u00e4ike-konnakotkast, suurt-konnakotkast ning kalakotkast.<\/p>\n<p dir=\"ltr\">Kliimamuutused m\u00f5jutavad T\u00e4htvere dendropargi <a title=\"\" href=\"https:\/\/www.weforum.org\/publications\/global-risks-report-2023\/shareables-5748d1ec38\/\" target=\"_blank\" rel=\"noopener\" data-url=\"https:\/\/www.weforum.org\/publications\/global-risks-report-2023\/shareables-5748d1ec38\/\"><span style=\"color: #0033ff;\">mitmekesisust<\/span><\/a>. Eriti on ohustatud lammialad, kuna kliimamuutustega kaasnevad temperatuuri ja veere\u017eiimi muutused m\u00f5jutavad lammi <a title=\"\" href=\"https:\/\/arhiiv.err.ee\/video\/vaata\/hoia-mida-armastad-luhad\" target=\"_blank\" rel=\"noopener\" data-url=\"https:\/\/arhiiv.err.ee\/video\/vaata\/hoia-mida-armastad-luhad\"><span style=\"color: #0033ff;\">luha<\/span><\/a> taimestiku kasvu ja eluj\u00f5ulisust, samuti seal elavaid putukaid ja linnuliike. Kliimamuutuste m\u00f5ju tunnevad ka k\u00f5ik puu ja p\u00f5\u00f5saliigid. Keskmise temperatuuri t\u00f5us pikendab k\u00fcll puude vegetatsiooniperioodi (aeg, mil taimed fotos\u00fcnteesivad),\u00a0kuid see ei pruugi \u00fchtemoodi sobida erinevatele liikidele. N\u00e4iteks, puudel aitab see paremini kasvada, kuid p\u00f5uaperioodide sagenemine ja pikenemine raskendab puude elutegevust. Ka mullastikule avaldab kliimamuutus m\u00f5ju eelk\u00f5ige muutuva sademetehulga ja maakasutuse (kuivendamise) t\u00f5ttu. Turvasmullad on \u00f5rnad ja tundlikud, eriti mullaharimise suhtes. Neid kaitseb k\u00f5ige paremini mullale omane taimkate ja muutumatu veere\u017eiim.<\/p>\n<p dir=\"ltr\">T\u00e4htvere dendropark kui \u00f6kos\u00fcsteem on ajas muutuv. Teadlikkus kliimamuutuste m\u00f5judest aitab paremini m\u00f5ista, kuidas s\u00e4ilitada ja kohandada seda olulist looduslikku ala tulevikus.<\/p>\n<p>Kliimamuutused v\u00e4hendavad elurikkust\u00a0<u><a title=\"\" href=\"https:\/\/kliimatarkused.ut.ee\/kliimatarkused\/b3\" target=\"_blank\" rel=\"noopener\" data-url=\"https:\/\/kliimatarkused.ut.ee\/kliimatarkused\/b3\"><span style=\"color: #0033ff;\">https:\/\/kliimatarkused.ut.ee\/kliimatarkused\/b3<\/span><\/a><\/u><\/p>\n<p><\/p><\/div>\n        <\/div>\n        <\/div>\n    <\/div>\n<p><a id=\"opilasele\"><\/a><\/p><div class=\"accordion mb-3\">\n        <div class=\"accordion-item accordion-item--white\">\n        <h2 class=\"accordion-header\" id=\"accordion-69dabb33121be-heading\">\n            <button class=\"accordion-button collapsed\" type=\"button\" data-bs-toggle=\"collapse\" data-bs-target=\"#accordion-69dabb33121be-collapse\" aria-expanded=\"true\" aria-controls=\"accordion-69dabb33121be-collapse\"><strong>\u00d5pilasele<\/strong><\/button>\n        <\/h2>\n        <div id=\"accordion-69dabb33121be-collapse\" class=\"accordion-collapse collapse\" aria-labelledby=\"accordion-69dabb33121be-heading\">\n            <div class=\"accordion-body\"><br>\nMine lehele <u><a title=\"\" href=\"https:\/\/avastusrada.ee\/\" target=\"_blank\" rel=\"noopener\" data-url=\"https:\/\/avastusrada.ee\/\"><span style=\"color: #0033ff;\">avastusrada.ee<\/span><\/a><\/u>,\u00a0sealt tuleb otsida soovitud rada\u00a0v\u00f5i kasutada QR-koode. Registreerida ennast (ja teisi, kui grupiga minek) m\u00e4ngu ning saabubki emailile personaalne link, mis viib rajale. Kaardirakendus t\u00f6\u00f6tab veebilehitsejas, ehk et midagi seadmesse installeerime ei pea. Selleks, et rajapunktides olevaid k\u00fcsimusi v\u00f5i infot n\u00e4ha, tuleb sinna kohale minna \u2013 need avanevad alles siis, kui j\u00f5utakse l\u00e4hemale kui 30 m. Seega nutiseadmel peab olema mobiiline internet ning sissel\u00fclitatud GPS.\n<p><img loading=\"lazy\" decoding=\"async\" width=\"4096\" height=\"4397\" class=\"alignnone wp-image-265\" style=\"width: 300px; height: 322px;\" title=\"est.png\" src=\"https:\/\/sisu.ut.ee\/wp-content\/uploads\/sites\/635\/est.png\" alt=\"Avastusrada\" srcset=\"https:\/\/sisu.ut.ee\/wp-content\/uploads\/sites\/635\/est.png 4096w, https:\/\/sisu.ut.ee\/wp-content\/uploads\/sites\/635\/est-279x300.png 279w, https:\/\/sisu.ut.ee\/wp-content\/uploads\/sites\/635\/est-954x1024.png 954w, https:\/\/sisu.ut.ee\/wp-content\/uploads\/sites\/635\/est-768x824.png 768w, https:\/\/sisu.ut.ee\/wp-content\/uploads\/sites\/635\/est-1431x1536.png 1431w, https:\/\/sisu.ut.ee\/wp-content\/uploads\/sites\/635\/est-1908x2048.png 1908w, https:\/\/sisu.ut.ee\/wp-content\/uploads\/sites\/635\/est-1920x2061.png 1920w\" sizes=\"auto, (max-width: 4096px) 100vw, 4096px\"><img loading=\"lazy\" decoding=\"async\" width=\"4096\" height=\"4397\" class=\"alignnone wp-image-266\" style=\"width: 300px; height: 322px;\" title=\"eng.png\" src=\"https:\/\/sisu.ut.ee\/wp-content\/uploads\/sites\/635\/eng.png\" alt=\"discovery trail\" srcset=\"https:\/\/sisu.ut.ee\/wp-content\/uploads\/sites\/635\/eng.png 4096w, https:\/\/sisu.ut.ee\/wp-content\/uploads\/sites\/635\/eng-279x300.png 279w, https:\/\/sisu.ut.ee\/wp-content\/uploads\/sites\/635\/eng-954x1024.png 954w, https:\/\/sisu.ut.ee\/wp-content\/uploads\/sites\/635\/eng-768x824.png 768w, https:\/\/sisu.ut.ee\/wp-content\/uploads\/sites\/635\/eng-1431x1536.png 1431w, https:\/\/sisu.ut.ee\/wp-content\/uploads\/sites\/635\/eng-1908x2048.png 1908w, https:\/\/sisu.ut.ee\/wp-content\/uploads\/sites\/635\/eng-1920x2061.png 1920w\" sizes=\"auto, (max-width: 4096px) 100vw, 4096px\"><\/p>\n<p><\/p><\/div>\n        <\/div>\n        <\/div>\n    <\/div>\n<p><\/p><div class=\"accordion mb-3\">\n        <div class=\"accordion-item accordion-item--white\">\n        <h2 class=\"accordion-header\" id=\"accordion-69dabb33121c1-heading\">\n            <button class=\"accordion-button collapsed\" type=\"button\" data-bs-toggle=\"collapse\" data-bs-target=\"#accordion-69dabb33121c1-collapse\" aria-expanded=\"true\" aria-controls=\"accordion-69dabb33121c1-collapse\"><strong>Lisamaterjal:\u00a0loo ise avastusrada<\/strong><\/button>\n        <\/h2>\n        <div id=\"accordion-69dabb33121c1-collapse\" class=\"accordion-collapse collapse\" aria-labelledby=\"accordion-69dabb33121c1-heading\">\n            <div class=\"accordion-body\">\n<p><u><a title=\"\" href=\"https:\/\/sisu.ut.ee\/kliimatarkused\/4-osa-avastusraja-rakendus\/\" target=\"_blank\" rel=\"noopener\" data-url=\"https:\/\/sisu.ut.ee\/kliimatarkused\/elinamalleus\"><span style=\"color: #0033ff;\">Avastusraja rakendus<\/span><\/a><\/u><\/p>\n<p><u><a title=\"\" href=\"https:\/\/sisu.ut.ee\/kliimatarkused\/5-osa-avastusraja-kasutamine\/\" target=\"_blank\" rel=\"noopener\" data-url=\"https:\/\/sisu.ut.ee\/kliimatarkused\/avastusraja-kasutamine-p%C3%B5hikooli-ii-kooliastmes\"><span style=\"color: #0033ff;\">Avastusraja kasutamine p\u00f5hikooli II kooliastmes<\/span><\/a><\/u><\/p>\n<p><\/p><\/div>\n        <\/div>\n        <\/div>\n    <\/div>\n","protected":false},"excerpt":{"rendered":"<p>Kellele on \u00f5ppematerjal m\u00f5eldud? \u00d5ppematerjal on m\u00f5eldud k\u00f5igile alates 13. eluaastast. \u00d5ppevahendina loodud\u00a0avastusrada on l\u00e4bitav \u00fcksi, pere v\u00f5i grupina. Rada on l\u00e4bitav kuulmispuudega inimestele ning lisaks on rajapunktid 4 kuni 12 l\u00e4bitavad ka liikumispuudega inimestele. \u00d5ppematerjali tutvustus Kliimamuutused m\u00f5jutavad elurikkust &#8230;<\/p>\n","protected":false},"author":315,"featured_media":0,"parent":0,"menu_order":0,"comment_status":"closed","ping_status":"closed","template":"","meta":{"_acf_changed":false,"inline_featured_image":false,"footnotes":""},"class_list":["post-82","page","type-page","status-publish","hentry"],"acf":[],"_links":{"self":[{"href":"https:\/\/sisu.ut.ee\/kliimatarkused\/wp-json\/wp\/v2\/pages\/82","targetHints":{"allow":["GET"]}}],"collection":[{"href":"https:\/\/sisu.ut.ee\/kliimatarkused\/wp-json\/wp\/v2\/pages"}],"about":[{"href":"https:\/\/sisu.ut.ee\/kliimatarkused\/wp-json\/wp\/v2\/types\/page"}],"author":[{"embeddable":true,"href":"https:\/\/sisu.ut.ee\/kliimatarkused\/wp-json\/wp\/v2\/users\/315"}],"replies":[{"embeddable":true,"href":"https:\/\/sisu.ut.ee\/kliimatarkused\/wp-json\/wp\/v2\/comments?post=82"}],"version-history":[{"count":14,"href":"https:\/\/sisu.ut.ee\/kliimatarkused\/wp-json\/wp\/v2\/pages\/82\/revisions"}],"predecessor-version":[{"id":2589,"href":"https:\/\/sisu.ut.ee\/kliimatarkused\/wp-json\/wp\/v2\/pages\/82\/revisions\/2589"}],"wp:attachment":[{"href":"https:\/\/sisu.ut.ee\/kliimatarkused\/wp-json\/wp\/v2\/media?parent=82"}],"curies":[{"name":"wp","href":"https:\/\/api.w.org\/{rel}","templated":true}]}}