{"id":80,"date":"2024-04-04T08:41:34","date_gmt":"2024-04-04T05:41:34","guid":{"rendered":"https:\/\/sisu.ut.ee\/kliimatarkused\/lahendused\/"},"modified":"2024-04-04T08:43:45","modified_gmt":"2024-04-04T05:43:45","slug":"lahendused","status":"publish","type":"page","link":"https:\/\/sisu.ut.ee\/kliimatarkused\/lahendused\/","title":{"rendered":"C Lahendused"},"content":{"rendered":"<p>\n\t\u00a0\n<\/p>\n<p>\n\t<strong>\u00d5pijuhis<\/strong>\n<\/p>\n<p>\n\t<strong>\u00d5ppematerjalid l\u00e4bit\u00f6\u00f6tanud \u00f5ppija:<\/strong>\n<\/p>\n<ul>\n<li>\n\t\tteab, mida tuleb teha kliimamuutuste leevendamiseks ja\u00a0nendega kohanemiseks;\n\t<\/li>\n<li>\n\t\toskab kavandada kliimateadlikkuse l\u00f5imimist oma \u00f5ppeainetesse;\n\t<\/li>\n<li>\n\t\tteadvustab enda kui \u00f5petaja ja meeskonna liikme rolli kliimateadlikkuse edendamisel \u00fchiskonnas.\n\t<\/li>\n<\/ul>\n<p>\n\t<strong>Sisu ja teemad<\/strong>\n<\/p>\n<ul>\n<li>\n\t\tKasvuhoonegaaside heitkoguste v\u00e4hendamine\n\t<\/li>\n<li>\n\t\t\u00dcksikisikute ja kogukondade, ettev\u00f5tete ning riikide roll heitkoguste v\u00e4hendamisel\n\t<\/li>\n<li>\n\t\tRahvusvaheline kliimapoliitika heitkoguste v\u00e4hendamiseks\n\t<\/li>\n<li>\n\t\tV\u00e4ltimatute kliimamuutustega kohanemine\n\t<\/li>\n<\/ul>\n<p>\n\t<strong>Korraldus<\/strong>\n<\/p>\n<ul>\n<li>\n\t\tMaterjalid on l\u00f5imitud ning kindlasti soovitame teha l\u00e4bi ka pakutud praktilised \u00fclesanded ja\u00a0vastata enesekontrolli k\u00fcsimustele.\u00a0\n\t<\/li>\n<li>\n\t\tLoenguvideotele eelneb l\u00fchikokkuv\u00f5te ja vaatamise j\u00e4rel tuleks vastata esitatud k\u00fcsimustele.\n\t<\/li>\n<li>\n\t\tRohket lisalugemist ja\u00a0vaatamist\u00a0leiab lisatud linkidelt.\n\t<\/li>\n<li>\n\t\tK\u00f5ige olulisemad m\u00f5isted leiab s\u00f5nastkust.\n\t<\/li>\n<li>\n\t\tS\u00f5ltuvalt teie kliimahariduslikust taustast v\u00f5ib ploki l\u00e4bimine v\u00f5tta aega 2\u20134 tundi.\u00a0\n\t<\/li>\n<\/ul>\n","protected":false},"excerpt":{"rendered":"<p>\u00a0 \u00d5pijuhis \u00d5ppematerjalid l\u00e4bit\u00f6\u00f6tanud \u00f5ppija: teab, mida tuleb teha kliimamuutuste leevendamiseks ja\u00a0nendega kohanemiseks; oskab kavandada kliimateadlikkuse l\u00f5imimist oma \u00f5ppeainetesse; teadvustab enda kui \u00f5petaja ja meeskonna liikme rolli kliimateadlikkuse edendamisel \u00fchiskonnas. Sisu ja teemad Kasvuhoonegaaside heitkoguste v\u00e4hendamine \u00dcksikisikute ja kogukondade, ettev\u00f5tete &#8230;<\/p>\n","protected":false},"author":315,"featured_media":0,"parent":0,"menu_order":0,"comment_status":"closed","ping_status":"closed","template":"","meta":{"_acf_changed":false,"inline_featured_image":false,"footnotes":""},"class_list":["post-80","page","type-page","status-publish","hentry"],"acf":[],"_links":{"self":[{"href":"https:\/\/sisu.ut.ee\/kliimatarkused\/wp-json\/wp\/v2\/pages\/80","targetHints":{"allow":["GET"]}}],"collection":[{"href":"https:\/\/sisu.ut.ee\/kliimatarkused\/wp-json\/wp\/v2\/pages"}],"about":[{"href":"https:\/\/sisu.ut.ee\/kliimatarkused\/wp-json\/wp\/v2\/types\/page"}],"author":[{"embeddable":true,"href":"https:\/\/sisu.ut.ee\/kliimatarkused\/wp-json\/wp\/v2\/users\/315"}],"replies":[{"embeddable":true,"href":"https:\/\/sisu.ut.ee\/kliimatarkused\/wp-json\/wp\/v2\/comments?post=80"}],"version-history":[{"count":1,"href":"https:\/\/sisu.ut.ee\/kliimatarkused\/wp-json\/wp\/v2\/pages\/80\/revisions"}],"predecessor-version":[{"id":615,"href":"https:\/\/sisu.ut.ee\/kliimatarkused\/wp-json\/wp\/v2\/pages\/80\/revisions\/615"}],"wp:attachment":[{"href":"https:\/\/sisu.ut.ee\/kliimatarkused\/wp-json\/wp\/v2\/media?parent=80"}],"curies":[{"name":"wp","href":"https:\/\/api.w.org\/{rel}","templated":true}]}}