{"id":77,"date":"2024-04-04T08:41:34","date_gmt":"2024-04-04T05:41:34","guid":{"rendered":"https:\/\/sisu.ut.ee\/kliimatarkused\/kaduv-toit\/"},"modified":"2024-05-27T14:58:15","modified_gmt":"2024-05-27T11:58:15","slug":"kaduv-toit","status":"publish","type":"page","link":"https:\/\/sisu.ut.ee\/kliimatarkused\/kaduv-toit\/","title":{"rendered":"Keskkonnamuutused ja kliima: Kaduv toit"},"content":{"rendered":"<div class=\"content\">\n<div id=\"node-41181\" class=\"node node-page clearfix\">\n<div class=\"content\">\n<div class=\"field field-name-body field-type-text-with-summary field-label-hidden\">\n<div class=\"field-items\">\n<div class=\"field-item even\">\n<p><strong>Kellele on \u00f5ppematerjal m\u00f5eldud?<\/strong><\/p>\n<p><span style=\"line-height: 1.38;\"><span style=\"text-decoration: underline;\"><span style=\"vertical-align: baseline;\">\u00d5ppematerjali sihtr\u00fchm:<\/span><\/span> <span style=\"vertical-align: baseline;\">II kooliaste, 4.-6. klass. V\u00f5imalik kasutada ka p\u00f5hikooli III astmes.<br>\n<\/span><\/span><\/p>\n<p><strong>\u00d5ppematerjali tutvustus<\/strong><\/p>\n<p dir=\"ltr\" style=\"margin-top: 0pt; margin-bottom: 0pt;\"><span style=\"line-height: 1.38;\"><span style=\"text-decoration: underline;\"><span style=\"vertical-align: baseline;\">Soovituslikud \u00f5ppeained tegevuse l\u00e4biviimiseks:<\/span><\/span><span style=\"vertical-align: baseline;\"> inimese\u00f5petus, loodus\u00f5petus, kodundus, ajalugu.<\/span><\/span><\/p>\n<p dir=\"ltr\" style=\"margin-top: 0pt; margin-bottom: 0pt; text-align: justify;\"><span style=\"line-height: 1.38;\"><span style=\"vertical-align: baseline;\">\u00d5ppematerjal v\u00f5imaldab \u00f5petajatel saada uusi teadmisi kliimamuutuste ning toiduturvalisuse kohta; m\u00f5testada seoseid kliima, selle muutumise ning toidulaua vahel ning arendada \u00f5ppematerjali edasi vastavalt oma huvile minna teemaga s\u00fcvitsi.<\/span><\/span><\/p>\n<p dir=\"ltr\" style=\"margin-top: 0pt; margin-bottom: 0pt;\"><span style=\"text-decoration: underline;\"><span style=\"line-height: 1.38;\"><span style=\"vertical-align: baseline;\"><br>\n\u00d5ppematerjali kokkuv\u00f5te:<\/span><\/span><\/span><\/p>\n<p dir=\"ltr\" style=\"margin-top: 0pt; margin-bottom: 0pt; text-align: justify;\"><span style=\"line-height: 1.38;\"><span style=\"vertical-align: baseline;\">\u00d5ppematerjal koosneb kahest moodulist. Esimene moodul viiakse l\u00e4bi klassiruumis \u00fchiselt 45-70 minutilise tunni jooksul. J\u00e4rgneb kodune t\u00f6\u00f6 r\u00fchmadena. Teise mooduliga j\u00e4tkatakse j\u00e4rgmises tunnis. \u00d5ppetegevuses kasutatakse erinevaid meetodeid <\/span><span style=\"background-color: #fdfdfd;\"><span style=\"vertical-align: baseline;\">\u2013<\/span><\/span><span style=\"vertical-align: baseline;\"> arutelud, r\u00fchmat\u00f6\u00f6d, infootsing, m\u00e4ngimine.<\/span><\/span><\/p>\n<p dir=\"ltr\" style=\"margin-top: 0pt; margin-bottom: 0pt; text-align: justify;\"><span style=\"line-height: 1.38;\"><span style=\"font-weight: bold;\"><span style=\"vertical-align: baseline;\"><br>\n<\/span><\/span><span style=\"vertical-align: baseline;\"><span style=\"text-decoration: underline;\">\u00d5ppematerjali eesm\u00e4rk:<\/span><\/span><span style=\"vertical-align: baseline;\"> Tuua kliimamuutuste temaatika \u00f5pilaste teadmistesse l\u00e4bi nende toidulaua ja tutvustada keskkonna- ja kliimamuutuste vahelisi seoseid. Kaheosalises \u00f5ppevahendis l\u00e4henetakse probleemide tutvustamisel l\u00e4bi erinevate vaatenurkade. Esiteks l\u00e4bi \u00f5pilase lemmiktoitude p\u00e4ritolu, n\u00f6 l\u00e4bi toidugeograafia ja kasvutingimuste erinevates maailma osades. Teiseks l\u00e4henetakse l\u00e4bi kliimamuutuste m\u00f5ju lemmiktoidu valmistamiseks vajalikele toiduainetele (p\u00f5llukultuuridele). Lihtsuse huvides tegeleb \u00f5ppematerjal ainult taimsete komponentidega.<\/span><\/span><\/p>\n<p dir=\"ltr\" style=\"margin-top: 0pt; margin-bottom: 0pt; text-align: justify;\"><span style=\"line-height: 1.38;\"><span style=\"font-weight: bold;\"><span style=\"vertical-align: baseline;\"><br>\n<\/span><\/span><span style=\"text-decoration: underline;\"><span style=\"vertical-align: baseline;\">\u00d5ppematerjali \u00f5piv\u00e4ljund<\/span><\/span><span style=\"vertical-align: baseline;\"><span style=\"text-decoration: underline;\">:<\/span> \u00d5pilane m\u00f5istab kliimamuutuse globaalseid keskkonnam\u00f5jusid, mis teda otseselt toidu kaudu m\u00f5jutavad. \u00d5pilane n\u00e4eb seoseid enda tarbimis- ja k\u00e4itumisharjumuste ning kliimamuutuste m\u00f5ju leevendamise ning nendega kohanemise olulisuse vahel.<br>\n<\/span><\/span><\/p>\n<p dir=\"ltr\" style=\"margin-top: 0pt; margin-bottom: 0pt; text-align: justify;\"><span style=\"text-decoration: underline;\"><br>\nKuidas \u00f5ppematerjali kasutada?<\/span><\/p>\n<p dir=\"ltr\" style=\"line-height: 1.38; margin-top: 0pt; margin-bottom: 0pt; text-align: justify;\">\u00d5ppematerjal koosneb kahest moodulist, m\u00f5lema kestvuseks on <span style=\"text-decoration: underline;\">\u00fcks ainetund<\/span> (45-70 minutit). Klassis l\u00e4biviidavate tegevuste maht on kaks ainetundi.<\/p>\n<p><strong><br>\n\u00d5piobjekti l\u00e4biviimiseks on kolm formaati<\/strong> (t\u00e4psem kirjeldus on tunni l\u00e4biviimise kirjelduse juures):<\/p>\n<ol>\n<li dir=\"ltr\">\n<p dir=\"ltr\" role=\"presentation\">Tunnid toimuvad erinevatel p\u00e4evadel, esimesele tunnile j\u00e4rgneb kodune t\u00f6\u00f6 r\u00fchmadena. Teise mooduliga j\u00e4tkatakse j\u00e4rgmises tunnis.<\/p>\n<\/li>\n<li dir=\"ltr\">\n<p dir=\"ltr\" role=\"presentation\">Tunnid toimuvad j\u00e4rjestikusena samal p\u00e4eval. Koduse t\u00f6\u00f6 asemel tuginetakse \u00f5piobjekti lisamaterjalidel.<\/p>\n<\/li>\n<li dir=\"ltr\">\n<p dir=\"ltr\" role=\"presentation\">\u00d5pitegevus viiakse l\u00e4bi projektip\u00e4eva vormis kolme j\u00e4rjestikuse tunni mahus.<\/p>\n<\/li>\n<\/ol>\n<p dir=\"ltr\">\u00d5ppetegevuses kasutatakse erinevaid meetodeid \u2013 arutelud, r\u00fchmat\u00f6\u00f6d, infootsing, m\u00e4ngimine. \u00d5petaja ei pea kasutama kogu \u00f5piobjektis olevat infot tunni sisustamiseks, vaid v\u00f5ib teha valikuid vastavalt pooleliolevatele teemadele v\u00f5i \u00f5pilaste huvidele.<\/p>\n<p><strong>Tegevuse l\u00e4biviimise juhised j\u00e4rjekorras:<\/strong><\/p>\n<p>* \u00d5piobjekti l\u00e4bimine v\u00f5tab \u00f5petajal eelt\u00f6\u00f6na aega 2-4 h.<\/p>\n<ol>\n<li dir=\"ltr\" role=\"presentation\">Esmalt t\u00f6\u00f6tab \u00f5petaja l\u00e4bi teoreetilise materjali.<\/li>\n<li dir=\"ltr\" role=\"presentation\">Materjalide l\u00e4bit\u00f6\u00f6tamise k\u00e4igus l\u00e4bib \u00f5petaja tekstide vahel olevad m\u00f5tte\u00fclesanded.<\/li>\n<li dir=\"ltr\" role=\"presentation\">Kliimamuutuste teemadel s\u00fcvitsi minekuks tutvub \u00f5petaja lisaks ka Kliima ABC materjalidega.<\/li>\n<li dir=\"ltr\" role=\"presentation\">Enne esimest tundi annab \u00f5petaja \u00f5pilastele (koduseks) \u00fclesandeks m\u00f5elda v\u00e4lja oma lemmiktoit ning uurida, milliseid taimi tuleb selle koostisosade saamiseks kasvatada.<\/li>\n<li dir=\"ltr\" role=\"presentation\">Esimene moodul <a href=\"https:\/\/sisu.ut.ee\/kliimatarkused\/kaduv_toit_opitegevus#Imoodul\" target=\"_blank\" rel=\"noopener\"><span style=\"text-decoration: underline;\">\u201cKust on p\u00e4rit minu lemmiktoit?\u201d<\/span> <\/a>viiakse l\u00e4bi 45-70 minutilise tunni jooksul \u00f5petaja juhendamisel.<\/li>\n<li dir=\"ltr\" role=\"presentation\">Koduseks \u00fclesandeks on r\u00fchmat\u00f6\u00f6na vaja l\u00e4bi viia infootsing erinevate toidutaimede kasvutingimuste kohta ning koostada selle info p\u00f5hjal postrid\/infokaardid.<\/li>\n<li dir=\"ltr\" role=\"presentation\">Kui klassis m\u00e4ngida pole v\u00f5imalik, j\u00e4\u00e4b kodut\u00f6\u00f6ks ka National Geographicu m\u00e4ng toidu p\u00e4ritolust.<\/li>\n<li dir=\"ltr\" role=\"presentation\">Teine moodul <a href=\"https:\/\/sisu.ut.ee\/kliimatarkused\/kaduv_toit_opitegevus#IImoodul\" target=\"_blank\" rel=\"noopener\"><span style=\"text-decoration: underline;\">\u201cKuhu kaob minu lemmiktoit?\u201d<\/span><\/a> viiakse l\u00e4bi teise 45-70 minutilise tunni jooksul grupit\u00f6\u00f6na.<\/li>\n<\/ol>\n<\/div>\n<\/div>\n<p dir=\"ltr\"><strong><span style=\"font-size: revert; text-align: var(--bs-body-text-align);\">Lisamaterjalid<\/span><\/strong><\/p>\n<div class=\"field-items\">\n<div class=\"field-item even\">\n<p dir=\"ltr\">\u00d5piobjektiga on kaasas lisamaterjalid, mida saab aluseks v\u00f5tta tunnimaterjalide ettevalmistamisel. Need on eelk\u00f5ige m\u00f5eldud infomaterjalideks \u00f5petajale, mille baasil saab \u00f5petaja luua ise \u00f5pilastele sobivad lahendused.<\/p>\n<p dir=\"ltr\"><strong><a id=\"opetajale\"><\/a>Materjalid \u00f5petajale:<\/strong><\/p>\n<p dir=\"ltr\"><a title=\"\" href=\"https:\/\/docs.google.com\/spreadsheets\/d\/1afMSAx8MTVKRNVIE-s1Pr5QJrMQJ4VYt9L7ZuDB1NpA\/edit#gid=423354763\" target=\"_blank\" rel=\"noopener\" data-url=\"https:\/\/docs.google.com\/spreadsheets\/d\/1afMSAx8MTVKRNVIE-s1Pr5QJrMQJ4VYt9L7ZuDB1NpA\/edit#gid=423354763\">Toidutaimede andmetabel<\/a><br>\n<a title=\"\" href=\"https:\/\/drive.google.com\/file\/d\/1k-wM04FGoF5OfTihuRQIuOXofVS-ed_W\/view\" target=\"_blank\" rel=\"noopener\" data-url=\"https:\/\/drive.google.com\/file\/d\/1k-wM04FGoF5OfTihuRQIuOXofVS-ed_W\/view\">Kasvupiirkondade infotabel ja kliimadiagrammid<\/a><br>\n<a title=\"\" href=\"https:\/\/docs.google.com\/presentation\/d\/1gsYu2HxqqEDgPTJLFtdKpM8FDpnrqAnr\/edit#slide=id.p9\" target=\"_blank\" rel=\"noopener\" data-url=\"https:\/\/docs.google.com\/presentation\/d\/1gsYu2HxqqEDgPTJLFtdKpM8FDpnrqAnr\/edit#slide=id.p9\">Slaidid (materjalidega)<\/a><br>\n<a title=\"\" href=\"https:\/\/docs.google.com\/presentation\/d\/1d91kkWVf2-0TimchESBYOQjStKOsRWag\/edit#slide=id.p1\" target=\"_blank\" rel=\"noopener\" data-url=\"https:\/\/docs.google.com\/presentation\/d\/1d91kkWVf2-0TimchESBYOQjStKOsRWag\/edit#slide=id.p1\">Slaidid (piltidega toidutaimedest)<\/a><\/p>\n<p><strong><a id=\"opilasele\"><\/a>Materjalid \u00f5pilastele:<\/strong><\/p>\n<p dir=\"ltr\"><a title=\"\" href=\"https:\/\/drive.google.com\/file\/d\/1mPzefXnxf0Bj5pfP1jEQAGbWYIvNLwOe\/view\" target=\"_blank\" rel=\"noopener\" data-url=\"https:\/\/drive.google.com\/file\/d\/1mPzefXnxf0Bj5pfP1jEQAGbWYIvNLwOe\/view\">Toidutaimede kirjeldused \u00f5pilastele<\/a><br>\n<a title=\"\" href=\"https:\/\/drive.google.com\/file\/d\/1hjc2ANRQiu7bOUmASNWPPfg8tCcf878L\/view\" target=\"_blank\" rel=\"noopener\" data-url=\"https:\/\/drive.google.com\/file\/d\/1hjc2ANRQiu7bOUmASNWPPfg8tCcf878L\/view\">T\u00f6\u00f6leht (tr\u00fckkimiseks)<\/a><\/p>\n<p dir=\"ltr\"><strong><a id=\"hindamine\"><\/a>Hindamine<\/strong><\/p>\n<p dir=\"ltr\" style=\"text-align: justify;\">\u00d5pilaste (2. ja 3. kooliastme) kliimateadlikkuse hindamiseks on <a title=\"\" href=\"https:\/\/sisu.ut.ee\/kliimatarkused\/kaduv_toit_opitegevus\" target=\"_blank\" rel=\"noopener\" data-url=\"https:\/\/sisu.ut.ee\/kliimatarkused\/kaduv_toit_opitegevus\">\u00f5pitegevuse l\u00f5pus<\/a> toodud v\u00e4lja \u00f5petaja jaoks valik k\u00fcsimusi. Need sisulised k\u00fcsimused sobivad nii hindamisvahendina \u00f5ppeprogrammi siseselt, tagasipeegeldamise eesm\u00e4rgil, kasutada arutelu juhtimiseks, v\u00f5i \u00f5ppematerjalist tagasivaatava kokkuv\u00f5tte tegemiseks.<\/p>\n<p dir=\"ltr\"><strong>Autorid:<\/strong> <a href=\"https:\/\/www.tlu.ee\/inimesed\/jaanus-terasmaa\" target=\"_blank\" rel=\"noopener\">Jaanus Terasmaa<\/a>, Katre Luik, Maris Morel ja Anete Altrov<\/p>\n<p dir=\"ltr\" style=\"margin-top: 0pt; margin-bottom: 0pt;\"><strong>Lisaks k\u00e4esolevale \u00f5piobjektile on p\u00f5hikooli II ja III kooliastme \u00f5petajatele m\u00f5eldud veel j\u00e4rgmised \u00f5piobjektid<\/strong><\/p>\n<ul dir=\"ltr\">\n<li style=\"margin-top: 0pt; margin-bottom: 0pt;\">\u201cElurikkus, kliima ja avastusrada\u201d <a title=\"\" href=\"https:\/\/sisu.ut.ee\/kliimatarkused\/elurikkus-kliima-ja-avastusrada\/\" target=\"_blank\" rel=\"noopener\" data-url=\"https:\/\/sisu.ut.ee\/kliimatarkused\/kliima_elurikkus\">https:\/\/sisu.ut.ee\/kliimatarkused\/elurikkus-kliima-ja-avastusrada\/<\/a><\/li>\n<li style=\"margin-top: 0pt; margin-bottom: 0pt;\">\u201cMaale mahtuv majandus\u201d <a title=\"\" href=\"https:\/\/sisu.ut.ee\/kliimatarkused\/kliima_majandus\" target=\"_blank\" rel=\"noopener\" data-url=\"https:\/\/sisu.ut.ee\/kliimatarkused\/kliima_majandus\">https:\/\/sisu.ut.ee\/kliimatarkused\/kliima_majandus<\/a><\/li>\n<li style=\"margin-top: 0pt; margin-bottom: 0pt;\">\u201cKliimamuutustega kohanemine: kuumus\u201d <a title=\"\" href=\"https:\/\/sisu.ut.ee\/kliimatarkused\/kliima-kuumus\" target=\"_blank\" rel=\"noopener\" data-url=\"https:\/\/sisu.ut.ee\/kliimatarkused\/kliima-kuumus\">https:\/\/sisu.ut.ee\/kliimatarkused\/kliima-kuumus<\/a><\/li>\n<li style=\"margin-top: 0pt; margin-bottom: 0pt;\">\u201cKliima ja \u00f5iglus\u201d <a title=\"\" href=\"https:\/\/sisu.ut.ee\/kliimatarkused\/kliima-ja-oiglus\" target=\"_blank\" rel=\"noopener\" data-url=\"https:\/\/sisu.ut.ee\/kliimatarkused\/kliima-ja-oiglus\">https:\/\/sisu.ut.ee\/kliimatarkused\/kliima-ja-oiglus<\/a><\/li>\n<\/ul>\n<\/div>\n<\/div>\n<\/div>\n<\/div>\n<\/div>\n<\/div>\n","protected":false},"excerpt":{"rendered":"<p>Kellele on \u00f5ppematerjal m\u00f5eldud? \u00d5ppematerjali sihtr\u00fchm: II kooliaste, 4.-6. klass. V\u00f5imalik kasutada ka p\u00f5hikooli III astmes. \u00d5ppematerjali tutvustus Soovituslikud \u00f5ppeained tegevuse l\u00e4biviimiseks: inimese\u00f5petus, loodus\u00f5petus, kodundus, ajalugu. \u00d5ppematerjal v\u00f5imaldab \u00f5petajatel saada uusi teadmisi kliimamuutuste ning toiduturvalisuse kohta; m\u00f5testada seoseid kliima, selle &#8230;<\/p>\n","protected":false},"author":315,"featured_media":0,"parent":0,"menu_order":0,"comment_status":"closed","ping_status":"closed","template":"","meta":{"_acf_changed":false,"inline_featured_image":false,"footnotes":""},"class_list":["post-77","page","type-page","status-publish","hentry"],"acf":[],"_links":{"self":[{"href":"https:\/\/sisu.ut.ee\/kliimatarkused\/wp-json\/wp\/v2\/pages\/77","targetHints":{"allow":["GET"]}}],"collection":[{"href":"https:\/\/sisu.ut.ee\/kliimatarkused\/wp-json\/wp\/v2\/pages"}],"about":[{"href":"https:\/\/sisu.ut.ee\/kliimatarkused\/wp-json\/wp\/v2\/types\/page"}],"author":[{"embeddable":true,"href":"https:\/\/sisu.ut.ee\/kliimatarkused\/wp-json\/wp\/v2\/users\/315"}],"replies":[{"embeddable":true,"href":"https:\/\/sisu.ut.ee\/kliimatarkused\/wp-json\/wp\/v2\/comments?post=77"}],"version-history":[{"count":30,"href":"https:\/\/sisu.ut.ee\/kliimatarkused\/wp-json\/wp\/v2\/pages\/77\/revisions"}],"predecessor-version":[{"id":2963,"href":"https:\/\/sisu.ut.ee\/kliimatarkused\/wp-json\/wp\/v2\/pages\/77\/revisions\/2963"}],"wp:attachment":[{"href":"https:\/\/sisu.ut.ee\/kliimatarkused\/wp-json\/wp\/v2\/media?parent=77"}],"curies":[{"name":"wp","href":"https:\/\/api.w.org\/{rel}","templated":true}]}}