{"id":7,"date":"2024-04-04T08:41:26","date_gmt":"2024-04-04T05:41:26","guid":{"rendered":"https:\/\/sisu.ut.ee\/kliimatarkused\/aet-annist\/"},"modified":"2024-04-04T08:43:51","modified_gmt":"2024-04-04T05:43:51","slug":"aet-annist","status":"publish","type":"page","link":"https:\/\/sisu.ut.ee\/kliimatarkused\/aet-annist\/","title":{"rendered":"Kliima ja \u00fchiskond"},"content":{"rendered":"<p>\n\tAet Annist<br>Vanemteadur, etnoloogia kaasprofessor<br>Tallinna \u00dclikool, Tartu \u00dclikool\n<\/p>\n<p>\n\tKliimamuutus on n\u00e4ide sellest, kuidas tulevik on juba kohal, ent eba\u00fchtlaselt jaotunud geograafiliselt ja majanduslikult. Ebav\u00f5rdsus peegeldub nii kliima t\u00e4nases m\u00f5jus, kui selles, kuidas halvimad m\u00f5jud langevad k\u00f5ige v\u00e4hem tarbivate piirkondade \u00f5lule. Pealtn\u00e4ha suure m\u00f5juga piirkonnad v\u00f5ivad aga toimida rikaste tarbimis\u00fchiskondade \u201etehastena\u201c. Kliimamuutus on k\u00fcll inimtekkeline, ent mitte k\u00f5ik inimesed ei panusta sellesse \u00fchtmoodi ja sellisena on see seotud kapitalistliku majanduss\u00fcsteemiga rohkem kui inimliigiga.\n<\/p>\n<p>\n\tSiin on esitatud k\u00fcsimus, millele v\u00f5iks m\u00f5elda ettekande vaatamise eelselt ja j\u00e4rgselt.\n<\/p>\n<h4>\n\tVali kolm riiki erinevatest maailma piirkondadest. Arutle, kuidas ja miks sealsete elanike m\u00f5ju kliimamuutusele v\u00f5iks erineda. Kas ja kui, siis millised ja miks v\u00f5iks olla erinevused nende riikide siseselt?<br>\n<\/h4>\n<p>\n\t<\/p><div class=\"ratio ratio-16x9 mb-3\"><div class=\"video-placeholder-wrapper video-placeholder-wrapper--16x9\">\n\t\t\t    <div class=\"video-placeholder d-flex justify-content-center align-items-center\">\n\t\t\t        <div class=\"overlay text-white p-2 w-100 text-center d-block justify-content-center align-items-center\">\n\t\t\t            <div>Kolmandate osapoolte sisu n\u00e4gemiseks palun n\u00f5ustu k\u00fcpsistega.<\/div>\n\t\t\t            <button class=\"btn btn-secondary btn-sm mt-1 consent-change\">Muuda n\u00f5usolekut<\/button>\n\t\t\t        <\/div>\n\t\t\t    <\/div>\n\t\t\t<\/div>\n<\/div>\n\n<p>\n\tAet Annisti ettekanne teemal \u201eKliima ja \u00fchiskond\u201c, salvestatud Tallinnas\u00a0\u00f5ppematerjali \u201eKliimamuutuste ABC\u201c\u00a0koolitusel 10.03.2023.\n<\/p>\n<p>\n\t<span class=\"file media-element file-os-files-link-icon\" data-file_info=\"%7B%22fid%22:78098,%22view_mode%22:%22os_files_link_icon%22,%22type%22:%22media%22%7D\"><img decoding=\"async\" alt=\"\" class=\"file-icon\" src=\"\/profiles\/openscholar\/modules\/os\/modules\/os_files\/icons\/application-pdf.svg\"> <\/span><a data-url=\"https:\/\/sisu.ut.ee\/wp-content\/uploads\/sites\/635\/ettekanne_-_aet_annist.pdf\" href=\"https:\/\/sisu.ut.ee\/wp-content\/uploads\/sites\/635\/ettekanne_-_aet_annist.pdf\" target=\"_blank\" title=\"\" rel=\"noopener\">Aet Annisti\u00a0ettekanne \u201eKliima ja \u00fchiskond\u201c<\/a><\/p>\n","protected":false},"excerpt":{"rendered":"<p>Aet AnnistVanemteadur, etnoloogia kaasprofessorTallinna \u00dclikool, Tartu \u00dclikool Kliimamuutus on n\u00e4ide sellest, kuidas tulevik on juba kohal, ent eba\u00fchtlaselt jaotunud geograafiliselt ja majanduslikult. Ebav\u00f5rdsus peegeldub nii kliima t\u00e4nases m\u00f5jus, kui selles, kuidas halvimad m\u00f5jud langevad k\u00f5ige v\u00e4hem tarbivate piirkondade \u00f5lule. Pealtn\u00e4ha &#8230;<\/p>\n","protected":false},"author":315,"featured_media":0,"parent":0,"menu_order":0,"comment_status":"closed","ping_status":"closed","template":"","meta":{"_acf_changed":false,"inline_featured_image":false,"footnotes":""},"class_list":["post-7","page","type-page","status-publish","hentry"],"acf":[],"_links":{"self":[{"href":"https:\/\/sisu.ut.ee\/kliimatarkused\/wp-json\/wp\/v2\/pages\/7","targetHints":{"allow":["GET"]}}],"collection":[{"href":"https:\/\/sisu.ut.ee\/kliimatarkused\/wp-json\/wp\/v2\/pages"}],"about":[{"href":"https:\/\/sisu.ut.ee\/kliimatarkused\/wp-json\/wp\/v2\/types\/page"}],"author":[{"embeddable":true,"href":"https:\/\/sisu.ut.ee\/kliimatarkused\/wp-json\/wp\/v2\/users\/315"}],"replies":[{"embeddable":true,"href":"https:\/\/sisu.ut.ee\/kliimatarkused\/wp-json\/wp\/v2\/comments?post=7"}],"version-history":[{"count":1,"href":"https:\/\/sisu.ut.ee\/kliimatarkused\/wp-json\/wp\/v2\/pages\/7\/revisions"}],"predecessor-version":[{"id":688,"href":"https:\/\/sisu.ut.ee\/kliimatarkused\/wp-json\/wp\/v2\/pages\/7\/revisions\/688"}],"wp:attachment":[{"href":"https:\/\/sisu.ut.ee\/kliimatarkused\/wp-json\/wp\/v2\/media?parent=7"}],"curies":[{"name":"wp","href":"https:\/\/api.w.org\/{rel}","templated":true}]}}