{"id":69,"date":"2024-04-04T08:41:33","date_gmt":"2024-04-04T05:41:33","guid":{"rendered":"https:\/\/sisu.ut.ee\/kliimatarkused\/2-teema-kohanemine-kuumaga-minevikukogemused\/"},"modified":"2024-05-19T20:08:28","modified_gmt":"2024-05-19T17:08:28","slug":"2-teema-kohanemine-kuumaga-minevikukogemused","status":"publish","type":"page","link":"https:\/\/sisu.ut.ee\/kliimatarkused\/2-teema-kohanemine-kuumaga-minevikukogemused\/","title":{"rendered":"2. teema &#8211; kohanemine kuumaga, minevikukogemused"},"content":{"rendered":"<p dir=\"ltr\"><\/p><div class=\"accordion mb-3\">\n        <div class=\"accordion-item accordion-item--white\">\n        <h2 class=\"accordion-header\" id=\"accordion-69e11fba378a1-heading\">\n            <button class=\"accordion-button collapsed\" type=\"button\" data-bs-toggle=\"collapse\" data-bs-target=\"#accordion-69e11fba378a1-collapse\" aria-expanded=\"true\" aria-controls=\"accordion-69e11fba378a1-collapse\">1. TUND<\/button>\n        <\/h2>\n        <div id=\"accordion-69e11fba378a1-collapse\" class=\"accordion-collapse collapse\" aria-labelledby=\"accordion-69e11fba378a1-heading\">\n            <div class=\"accordion-body\">\n<p dir=\"ltr\">See materjal\u00a0on m\u00f5eldud 45-minutilise tunni jaoks.<br>\n8\u20139 klass: seotakse koduste k\u00fcsimustega. Ajalugu.<\/p>\n<p dir=\"ltr\"><strong>Teema: inimkeha ja kuumus<\/strong><\/p>\n<p dir=\"ltr\"><strong>1. \u00d5pilase ettevalmistus tunniks<\/strong><br>\n\u00d5pilane k\u00fcsib kodus t\u00e4iskasvanute m\u00e4lestusi kuumast ilmast:<br>\n\u2013 Millal oli k\u00f5ige kuumem ilm, mida sellest m\u00e4letatakse?<br>\n\u2013 Kas meelde j\u00e4\u00e4nud kuumalained olid pigem hiljuti v\u00f5i pigem ammu?<br>\n\u2013\u00a0Kas kuumalained on harvad n\u00e4htused v\u00f5i sagedased?<br>\n\u2013\u00a0Kui kaua kuum ilm kestis ja mida sel ajal tehti.<\/p>\n<p dir=\"ltr\">K\u00fcsitlus aitab tuua sisse v\u00f5rdluse: ilm vs kliima, sest laste enda m\u00e4lu ei pruugi kaugele ulatuda.<br>\n<strong><br>\n2. Tundi sissejuhatav tegevus (10\u201315 min)<\/strong><br>\n\u00d5pilased edastavad kodus kuuldud m\u00e4lestusi kuumast. \u00d5pilased v\u00f5rdlevad neid enda m\u00e4lestustega kuumast ilmast:<br>\n\u2013 Kuidas tundus kuum mulle (\u00f5pilane) ja t\u00e4iskasvanutele?<br>\n\u2013 Kas siin v\u00f5ib olla erinevusi (lapsed nautisid suvesooja, k\u00e4isid ujumas, s\u00f5id j\u00e4\u00e4tist jms, t\u00e4iskasvanud kannatasid palavuse k\u00e4es, muretsesid p\u00f5ua p\u00e4rast jms)?<\/p>\n<p><strong>3. Arutelu\u00a0(5 min)\u00a0<\/strong><br>\n\u2013\u00a0Mis on kuumalaine juures meeldiv, mis ebameeldiv ja miks.<br>\n\u2013 Ajaline faktor \u2013 kui kuumalaine kestab pikalt, kuidas me seda siis tajume?<br>\n\u2013 Kuidas k\u00e4ituvad kuumaga koduloomad (kassid-koerad jms)?<\/p>\n<p><strong>4. Kui ilm muutub ohtlikuks (10\u201315 min)<\/strong><br>\n\u00d5pilased tutvuvad Keskkonnagentuuri soovitustega, kuidas k\u00e4ituda kuumalaine ajal:<\/p>\n<ul>\n<li role=\"presentation\">Riietu heledasse, sest hele peegeldab p\u00e4ikesekiirgust paremini.<\/li>\n<li role=\"presentation\">Riietu kergelt; samas peaks pea olema kaetud.<\/li>\n<li role=\"presentation\">Joo ohtralt vedelikku, soovitatavalt vett ja varu seda enda v\u00e4rskendamiseks.<\/li>\n<li role=\"presentation\">Kui v\u00f5imalik, jahuta end aeg-ajalt vees.<\/li>\n<li role=\"presentation\">S\u00f5idukis peaksid aknad olema avatud.<\/li>\n<li role=\"presentation\">Palavaga v\u00e4heneb tavaliselt s\u00f6\u00f6giisu, siiski \u00e4ra unusta s\u00f6\u00f6mist.<\/li>\n<li role=\"presentation\">S\u00f6\u00f6 v\u00f5imalusel j\u00e4\u00e4tist (m\u00f5\u00f5dukalt).<\/li>\n<li role=\"presentation\">Vanemad ning haiged inimesed, eriti need, kes kannatavad k\u00f5rge verer\u00f5hu ja s\u00fcdameh\u00e4irete all, peaksid v\u00e4ltima liigset koormust ja pikalt p\u00e4ikese k\u00e4es viibimist.<\/li>\n<li role=\"presentation\">Arvesta, et palavuse ajal on suurenenud metsa-, maastiku ja \u00fcldine tuleoht, nii et ole eriti ettevaatlik s\u00fcttivate materjalide ja s\u00e4demetega. (Ilmateenistus, s.a.)<\/li>\n<\/ul>\n<p>\u00d5pilased arutavad, mida need soovitused t\u00e4hendavad ja miks on need olulised.<\/p>\n<p dir=\"ltr\"><strong><br>\nLisamaterjalid<\/strong><\/p>\n<h6 dir=\"ltr\"><strong>Palavuse ja niiskuse omavaheline seos<\/strong><\/h6>\n<p>Palavust on oluline hinnata nii \u00f5hutemperatuuri kui \u00f5huniiskuse andmete p\u00f5hjal, sest k\u00f5rge \u00f5huniiskuse korral on palavust raskem taluda. Vastavat kombineeritud karakteristikut nimetatakse soojaindeksiks (ingl k.\u00a0<em>heat index<\/em>), vahel ka n\u00e4ivaks \u00f5hutemperatuuriks v\u00f5i efektiivseks temperatuuriks. Eesti soojarekordi ajal oli ka \u00f5huniiskus suhteliselt k\u00f5rge ja sellep\u00e4rast k\u00fc\u00fcndis soojaindeks ehk n\u00e4iv \u00f5hutemperatuur peaaegu +40 \u00b0C-ni. Ka tuule kiirus on palavuse hindamisel oluline \u2013 liikuvama \u00f5hu puhul on palavust kergem taluda. (Ilmateenistus, s.a.)<\/p>\n<p dir=\"ltr\"><em>Illustratsioon 2. Soojaindeks: Tajutav temperatuur erineva \u00f5hutemperatuuri ja \u00f5huniiskuse korral<\/em><\/p>\n<p dir=\"ltr\"><img decoding=\"async\" src=\"https:\/\/lh7-us.googleusercontent.com\/VOI_ct9H5F-ddMMW6tA8p4ovB2xg5BCpNlzgcamqouEA4LsVUUCLsJOIYdLs0oBV2hPH1jq1JUodU8Bi5f5vhcRy3_lrgv55H-Fy0t1k_yGwAGEBpBhokB6wUfzhQ411shGYiv_uGXrGpe9hilNhew\" alt=\"A chart with numbers and a graph\n\nDescription automatically generated with medium confidence\"><\/p>\n<p dir=\"ltr\"><em>Soojusindeks, mida nimetatakse ka n\u00e4ivaks temperatuuriks, on see, millisena temperatuur tundub inimkehale, kui suhteline \u00f5huniiskus on kombineeritud \u00f5hutemperatuuriga. See on inimese kehamugavuse seisukohalt oluline. Kui keha muutub liiga kuumaks, hakkab ta enda jahutamiseks higistama v\u00f5i higistama. Soojus eemaldatakse kehast higi aurustumisel. K\u00f5rge suhteline \u00f5huniiskus v\u00e4hendab aga aurustumise kiirust. Selle tulemusel v\u00e4heneb kehast soojuse eemaldamise kiirus, mist\u00f5ttu tekib \u00fclekuumenemise tunne. See efekt on subjektiivne, kuna erinevad inimesed tajuvad soojust erinevalt erinevatel p\u00f5hjustel (n\u00e4iteks erinev kehakuju, ainevahetuse erinevused, erinevused vedelikusisalduses, rasedus, menopaus, ravimite ja\/v\u00f5i ravimite \u00e4raj\u00e4tmise m\u00f5ju); m\u00f5\u00f5tmine on p\u00f5hinenud subjektiivsetel kirjeldustel selle kohta, kui kuumana tunnevad isikud end teatud temperatuuri ja \u00f5huniiskuse juures. Selle tulemuseks on kuumaindeks, mis seob \u00fche temperatuuri ja niiskuse kombinatsiooni teise temperatuuri ja niiskuse kombinatsiooniga.\u00a0(Lunigiana Activities, s.a.; t\u00f5lge DeepL)<\/em><\/p>\n<p><strong>Mida tehti vanasti kuumalaine ajal?\u00a0<\/strong><\/p>\n<p><em>Ajaleht Rigasche Rundschau, Nr.156, 16.07.1928<\/em><\/p>\n<ul>\n<li><em>Berliin, 16. juuli. Keiserlik pealinn koges aasta kuumimat p\u00e4eva p\u00fchap\u00e4eval, mil m\u00f5\u00f5deti 38,7 kraadi ja varjus ligi 30 kraadi. Berliini \u00fcmbruse j\u00e4rvedes ja j\u00f5gedes oli vee temperatuur 29 kraadi Celsiuse j\u00e4rgi.\u00a0<\/em><em>Tulemuseks oli see, et k\u00f5ik v\u00e4libasseinid ja suplusasutused Berliinis oli \u00fclerahvastatud. K\u00f5ik transpordivahendid j\u00e4rvede \u00e4\u00e4rde p\u00e4\u00e4semiseks olid \u00fclerahvastatud. Samuti rongid L\u00e4\u00e4nemere kuurortidesse olid viimase kohani v\u00e4lja m\u00fc\u00fcdud.\u00a0Muidugi n\u00f5udis kuumus ka ohvreid. Abi anti k\u00fcmnetel juhtudel.\u00a0Eile uppus Berliinis 9 inimest, arv t\u00f5en\u00e4oliselt suureneb.<\/em><\/li>\n<li><em>Dresden, 16. juuli.\u00a0Kestva p\u00f5ua t\u00f5ttu on Elbe veetase viimastel p\u00e4evadel nii kiiresti langenud, et kui varsti sademeid ei tule, tuleb arvestada l\u00e4hip\u00e4evil Elbe laevanduse seiskumisega.<\/em><\/li>\n<li><em>Viin, 16. juuli. Eile oli k\u00f5rgeim temperatuur keskp\u00e4eval 46 kraadi, ja sadu tuhandeid viinlasi l\u00e4ks Doonausse suplema. Ujumise ohvriks langes ja uppus 13 inimest. Viini l\u00e4hedal tekkis raudteeplatsil lendavate s\u00e4demete t\u00f5ttu \u00fcksteist tulekahju. Viinis suri kuumarabandusse \u00fcks inimene.<\/em><\/li>\n<li><em>Pariis, 16. juuli. Kuumalaine Prantsusmaal j\u00e4tkub. Termomeeter n\u00e4itas laup\u00e4eval ja p\u00fchap\u00e4eval 34 kuni 36 kraadi. Pariisi turul on palavuse tagaj\u00e4rjel riknenud 2100 kilo linnuliha.<\/em><\/li>\n<\/ul>\n<p><em>Rigasche Rundschau, Nr.157; 11.07.1936.\u00a0<\/em><\/p>\n<ul>\n<li><em>New York. Ohvrite arv USAs on reede p\u00e4rastl\u00f5unaks juba 380. New Yorki \u00e4hvardab joogipuudus. Radikaalseid samme joogivee tarbimise piiramiseks on tehtud. K\u00f5igis osariikides teatatakse metsatulekahjudest. K\u00fcmme tuhanded hektarid metsa on p\u00f5lenud. Arvukad janusse surevad loomad on Ameerika jaoks fenomenaalne. P\u00f5llumajandusministeeriumi teadete kohaselt on 570 000 talu t\u00e4ielikult h\u00e4vitatud.<\/em><\/li>\n<\/ul>\n<p><strong><span style=\"font-size: 12px;\">Kasutatud kirjandus<\/span><\/strong><br>\n<span style=\"font-size: 12px;\">Ilmateenistus. s.a. Kui ilm muutub ohtlikuks. Allikas:\u00a0<a href=\"https:\/\/www.ilmateenistus.ee\/ilmatarkus\/kasulik-teada\/kui-ilm-muutub-ohtlikuks\/kuumalaine-ehk-palavus\/\" target=\"_blank\" rel=\"noopener\">https:\/\/www.ilmateenistus.ee\/ilmatarkus\/kasulik-teada\/kui-ilm-muutub-ohtlikuks\/kuumalaine-ehk-palavus\/<\/a><br>\nLunigiana Activities. s.a. Heat Index.\u00a0Allikas: <a href=\"https:\/\/lunigiana.uk\/heat-index\/\" target=\"_blank\" rel=\"noopener\">https:\/\/lunigiana.uk\/heat-index\/<\/a><\/span><br>\n<em><\/em><\/p><\/div>\n        <\/div>\n        <\/div>\n    <\/div>\n<p><\/p><div class=\"accordion mb-3\">\n        <div class=\"accordion-item accordion-item--white\">\n        <h2 class=\"accordion-header\" id=\"accordion-69e11fba378af-heading\">\n            <button class=\"accordion-button collapsed\" type=\"button\" data-bs-toggle=\"collapse\" data-bs-target=\"#accordion-69e11fba378af-collapse\" aria-expanded=\"true\" aria-controls=\"accordion-69e11fba378af-collapse\">2. TUND<\/button>\n        <\/h2>\n        <div id=\"accordion-69e11fba378af-collapse\" class=\"accordion-collapse collapse\" aria-labelledby=\"accordion-69e11fba378af-heading\">\n            <div class=\"accordion-body\">\n<p>See materjal\u00a0on m\u00f5eldud 45-minutilise tunni jaoks.<\/p>\n<p dir=\"ltr\"><strong>Teema: toiduained ja kuumus, moodused toiduainete s\u00e4ilitamiseks<\/strong><\/p>\n<p>Pikalt kestva kuumalaine ajal s\u00f5ltume seadmetest (konditsioneerid, k\u00fclmikud), mis v\u00f5imaldavad hoida stabiilset ja madalat temperatuuri. See \u00fchtlasi t\u00e4hendab kasvavat survet taristule, ms seda toimimas hoiab. Nii v\u00f5ib see kutsuda esile mitmesuguseid rikkeid, nagu n\u00e4iteks:<\/p>\n<ul dir=\"ltr\">\n<li>2021. aasta suvel p\u00f5hjustas suure skandaali Terviseameti k\u00fclmlao rike, mille tulemusel said kuumakahjustuse ravimireserv v\u00e4\u00e4rtuses umbes 3 miljonit eurot (Postimees, 2021).<\/li>\n<li>2022. aastal p\u00f5hjustas kuumalaine ulatuslikke rikkeid Elroni rongides, kui mootorid kuumenesid \u00fcle (Koch, 2022).<\/li>\n<\/ul>\n<p>Nagu n\u00e4idetest ilmneb, v\u00f5ib taristu osutuda kuumalaines haavatavaks. Mida teha aga siis, kui elekter sootuks peaks \u00e4ra kaduma, kuidas s\u00e4ilitada toitu sellistes tingimustes? Kas minevikukogemusest on siin \u00fcht-teist \u00f5ppida?<\/p>\n<p><strong>1. \u00d5pilase ettevalmistus tunniks <\/strong>\u2013<strong>\u00a0<\/strong>Mida hoitakse k\u00fclmkapis?<br>\n\u00d5pilased tutvuvad koduse k\u00fclmkapi ja s\u00fcgavk\u00fclma sisuga ning loetlevad seal leiduvaid produkte.<\/p>\n<p dir=\"ltr\">Mida ei hoita k\u00fclmkapis? \u00d5pilased tutvuvad ka sellega, mis k\u00f6\u00f6gis on tavalistes kappides ja loetlevad neid.<\/p>\n<p dir=\"ltr\"><strong>2) I arutelu (5 min)<\/strong><br>\n\u2013 Mis saab siis, kui elektrit ei ole kuumalaine ajal?<br>\n\u2013 Millised toiduained s\u00e4ilivad k\u00fclmkapita?<br>\n\u00d5pilased loetlevad produkte, mida n\u00e4gid kodustes k\u00fclmikutes. Kas m\u00f5ni neist asjadest, mis kodus oli k\u00fclmkapis, s\u00e4iliks ka v\u00e4ljaspool seda?<\/p>\n<p dir=\"ltr\"><strong>3) II arutelu (10 min)<\/strong><br>\n\u2013 Millised j\u00e4rgnevatest\u00a0produktidest on temperatuuritundlikud?<br>\nNt:\u00a0J\u00e4\u00e4tis, piim, krevetid, liha, viiner, leib\/sai, banaanid, pelmeenid, riis, tomat, kartulid jne.<br>\n\u2013 Mis juhtub nende produktidega toas, kus on stabiilselt u 25 kraadi? Kui kaua (mitu p\u00e4eva v\u00f5i mitu tundi) need v\u00f5iksid s\u00e4ilida?<br>\n\u2013 Millised v\u00f5iksid olla viisid, mis aitaksid nimetatud toiduaineid s\u00e4ilitada (kuumt\u00f6\u00f6tlus vms)?<\/p>\n<p><strong>4) III arutelu (10 min) <\/strong>\u2013\u00a0Kuidas ja kus s\u00e4ilitada toiduaineid kui k\u00fclmkapp ei t\u00f6\u00f6ta?<br>\n\u2013 K\u00fclmik majapidamises on suhteliselt hiline n\u00e4htus, levides u 1960. aastatest alates. Kuidas toimiti ajal, kui k\u00fclmkappi polnud \u2013 mis on kelder ja mis on sahver?<br>\n\u2013 Millised on looduslikult v\u00f5i muud inimeste loodud jahedad kohad, kus saaks hoida temperatuuritundlikke toiduaineid?<\/p>\n<p><strong>5) IV arutelu (10 min)\u00a0<\/strong>\u2013\u00a0kuidas s\u00e4ilitada toiduaineid kui k\u00fclmkapp ei t\u00f6\u00f6ta? Kuidas t\u00f6\u00f6delda toiduaineid kuumale paremini vastu panema?<br>\n\u2013 Mis on toiduainete kuivatamine? Nimetage kuivatatud toiduaineid (vobla, vinnutatud liha, p\u00e4ikesetkuivatatud tomatid).<br>\n\u2013 Mida teha soolaga? Millist rolli on m\u00e4nginud sool s\u00e4ilitusainena?<br>\n\u2013 Kas toiduaineid on v\u00f5imalik muuta kuumale vastupidavamaks (n\u00e4iteks miks tehakse juustu, miks hapendatakse piima)?<\/p>\n<p dir=\"ltr\"><strong>Lugemismaterjal\u00a0<\/strong><\/p>\n<p>Maret Tamj\u00e4rv. Keldriraamat. Maalehe Raamat, 2014.<br>\nInna P\u00f5ltsam-J\u00fcrjo. Pidus\u00f6\u00f6gist n\u00e4ljah\u00e4dani. S\u00f6\u00f6mine-joomine keskaja Tallinnas. Hea Lugu, 2013.<\/p>\n<p><span style=\"font-size: 12px;\"><strong>Kasutatud kirjandus<\/strong><\/span><br>\n<span style=\"font-size: 12px;\">Postimees. 2021.\u00a0<\/span><em style=\"font-size: 12px;\">Komisjon: terviseameti k\u00fclmlao rikke p\u00f5hjustasid t\u00f5en\u00e4oliselt hoone ehitusvead.\u00a0<\/em><span style=\"font-size: 12px;\">Allikas:\u00a0<a href=\"https:\/\/www.postimees.ee\/7317901\/video-galerii-ja-blogi-komisjon-terviseameti-kulmlao-rikke-pohjustasid-toenaoliselt-hoone-ehitusvead\" target=\"_blank\" rel=\"noopener\">https:\/\/www.postimees.ee\/7317901\/video-galerii-ja-blogi-komisjon-terviseameti-kulmlao-rikke-pohjustasid-toenaoliselt-hoone-ehitusvead\u00a0<\/a><\/span><br>\n<span style=\"font-size: 12px;\">Koch, M. 2022.\u00a0<\/span><em style=\"font-size: 12px;\">Elroni rongid hilinevad kuumalaine t\u00f5ttu.\u00a0<\/em><span style=\"font-size: 12px;\">Allikas: <a href=\"https:\/\/www.err.ee\/1608640798\/elroni-rongid-hilinevad-kuumalaine-tottu\" target=\"_blank\" rel=\"noopener\">https:\/\/www.err.ee\/1608640798\/elroni-rongid-hilinevad-kuumalaine-tottu<\/a>\u00a0<\/span><\/p><\/div>\n        <\/div>\n        <\/div>\n    <\/div>\n<p><a id=\"l\" name=\"l\"><\/a><br>\n<\/p><div class=\"accordion mb-3\">\n        <div class=\"accordion-item accordion-item--white\">\n        <h2 class=\"accordion-header\" id=\"accordion-69e11fba378b4-heading\">\n            <button class=\"accordion-button collapsed\" type=\"button\" data-bs-toggle=\"collapse\" data-bs-target=\"#accordion-69e11fba378b4-collapse\" aria-expanded=\"true\" aria-controls=\"accordion-69e11fba378b4-collapse\">K\u00fcsimusi\u00a0\u00f5pilaste hindamiseks<\/button>\n        <\/h2>\n        <div id=\"accordion-69e11fba378b4-collapse\" class=\"accordion-collapse collapse\" aria-labelledby=\"accordion-69e11fba378b4-heading\">\n            <div class=\"accordion-body\"><br>\nAll on toodud k\u00fcsimusi, mida saab kasutada \u00f5pilaste (2. ja 3. kooliastme) kliimateadlikkuse hindamiseks. Need sisulised k\u00fcsimused sobivad n\u00e4iteks tagasipeegeldamise eesm\u00e4rgil, kasutada arutelu juhtimiseks, teha tagasivaatav kokkuv\u00f5te \u00f5piobjektist v\u00f5i hindamisvahendina \u00f5ppeprogrammi siseselt.\n<p>1. Mis sa arvad kuidas tunnis tutvustatud teema oli seotud kliimamuutustega?<br>\n2. Mida uut sa t\u00e4na tunnis kliima kohta teada said?<br>\n3. Mida halba kliimamuutus v\u00f5ib kaasa tuua?<br>\n4. Kuidas m\u00f5jutab kuumus erinevaid elusolendeid? Too n\u00e4ide m\u00f5nest olukorrast, kus liigne kuumus v\u00f5ib elusolendeid segada.<br>\n5. Kuidas kuumusega kohanetakse? Kirjelda m\u00f5ne liigi n\u00e4itel.<br>\n6. Mida t\u00e4hendab kuumalaine? Kuidas kuumalainega kohaneda?<br>\n7. Too m\u00f5ni n\u00e4ide, mida tehti kunagi vanasti kuumalainega kohanemiseks.<br>\n8. Miks on palavust oluline hinnata nii \u00f5hutemperatuuri kui \u00f5huniiskuse andmete p\u00f5hjal?<br>\n9. Miks osad toiduained kuumaga riknevad ja teised pigem mitte? Too n\u00e4ide m\u00f5nes kuumaga kiirelt riknevast toiduainest.<br>\n10. Mida saab teha toidu s\u00e4ilitamiseks olukorras, kus meil ei ole v\u00f5imalik kasutada k\u00fclmkappi?<br>\n<\/p><\/div>\n        <\/div>\n        <\/div>\n    <\/div>\n","protected":false},"excerpt":{"rendered":"<p>1. TUND See materjal\u00a0on m\u00f5eldud 45-minutilise tunni jaoks. 8\u20139 klass: seotakse koduste k\u00fcsimustega. Ajalugu. Teema: inimkeha ja kuumus 1. \u00d5pilase ettevalmistus tunniks \u00d5pilane k\u00fcsib kodus t\u00e4iskasvanute m\u00e4lestusi kuumast ilmast: \u2013 Millal oli k\u00f5ige kuumem ilm, mida sellest m\u00e4letatakse? \u2013 Kas &#8230;<\/p>\n","protected":false},"author":315,"featured_media":0,"parent":0,"menu_order":0,"comment_status":"closed","ping_status":"closed","template":"","meta":{"_acf_changed":false,"inline_featured_image":false,"footnotes":""},"class_list":["post-69","page","type-page","status-publish","hentry"],"acf":[],"_links":{"self":[{"href":"https:\/\/sisu.ut.ee\/kliimatarkused\/wp-json\/wp\/v2\/pages\/69","targetHints":{"allow":["GET"]}}],"collection":[{"href":"https:\/\/sisu.ut.ee\/kliimatarkused\/wp-json\/wp\/v2\/pages"}],"about":[{"href":"https:\/\/sisu.ut.ee\/kliimatarkused\/wp-json\/wp\/v2\/types\/page"}],"author":[{"embeddable":true,"href":"https:\/\/sisu.ut.ee\/kliimatarkused\/wp-json\/wp\/v2\/users\/315"}],"replies":[{"embeddable":true,"href":"https:\/\/sisu.ut.ee\/kliimatarkused\/wp-json\/wp\/v2\/comments?post=69"}],"version-history":[{"count":7,"href":"https:\/\/sisu.ut.ee\/kliimatarkused\/wp-json\/wp\/v2\/pages\/69\/revisions"}],"predecessor-version":[{"id":2597,"href":"https:\/\/sisu.ut.ee\/kliimatarkused\/wp-json\/wp\/v2\/pages\/69\/revisions\/2597"}],"wp:attachment":[{"href":"https:\/\/sisu.ut.ee\/kliimatarkused\/wp-json\/wp\/v2\/media?parent=69"}],"curies":[{"name":"wp","href":"https:\/\/api.w.org\/{rel}","templated":true}]}}