{"id":68,"date":"2024-04-04T08:41:33","date_gmt":"2024-04-04T05:41:33","guid":{"rendered":"https:\/\/sisu.ut.ee\/kliimatarkused\/1-teema-organismide-kohanemine-kuumaga\/"},"modified":"2024-05-05T19:59:12","modified_gmt":"2024-05-05T16:59:12","slug":"1-teema-organismide-kohanemine-kuumaga","status":"publish","type":"page","link":"https:\/\/sisu.ut.ee\/kliimatarkused\/1-teema-organismide-kohanemine-kuumaga\/","title":{"rendered":"1. teema &#8211; organismide kohanemine kuumaga"},"content":{"rendered":"<p><strong>\u00dclesanne l\u00e4\u00e4tsedega \u2013 millised neist idanevad?<\/strong><\/p>\n<p dir=\"ltr\"><strong>Tunniks vajalikud materjalid ja ettevalmistus<\/strong><\/p>\n<p dir=\"ltr\"><strong>Vajalikud vahendid:<\/strong><br>\n1 pakk l\u00e4\u00e4tsesid (terved, mitte poolitatud), (terved l\u00e4\u00e4tsed, toiduks m\u00f5eldud sobivad h\u00e4sti, need saavad idanema minna. Peaasi, et pole eelkeedetud.)<\/p>\n<p dir=\"ltr\"><strong>ETAPP 1\u00a0<\/strong><\/p>\n<p dir=\"ltr\"><strong>Variant 1:<\/strong><br>\nKodunduse tunnis pannakse \u00fcks osa l\u00e4\u00e4tsesid ahjukindlas anumas vette ja anum koos l\u00e4\u00e4tsede ja veega ahju 50\u00b0C juurde kolmeks tunniks.<br>\nTeine osa hoitakse niisama toatemperatuuril.<\/p>\n<p><strong>Variant 2:<\/strong><br>\nKeemia v\u00f5i f\u00fc\u00fcsika tunnis leotatakse \u00fcks osa l\u00e4\u00e4tsesid 42-60 kraadises vees v\u00e4hemalt tund aega. (kasutada v\u00f5imalusel, kui on vahendid, millega saab temperatuuri hoida stabiilsena).<br>\nTeine osa hoitakse niisama toatemperatuuril.<\/p>\n<p><strong>Variant 3:<\/strong><br>\nMingi kogus l\u00e4\u00e4tsesid jagatakse \u00f5pilastele, et nad kodus teeks eelt\u00f6\u00f6:<\/p>\n<p dir=\"ltr\"><strong>1. Esimene hulk l\u00e4\u00e4tsi jagada kaheks:<\/strong><\/p>\n<p dir=\"ltr\">\u2013 pooled panna ahjukindlas anumas vette ja nii kolmeks tunniks praeahju 50 kraadi \u00b0C juurde<br>\n\u2013 pooled hoida niisama toatemperatuuril<\/p>\n<p dir=\"ltr\"><strong>2. Teine hulk l\u00e4\u00e4tsi jagada omakorda kaheks:<\/strong><br>\n\u2013 pooled panna \u00fcheks p\u00e4evaks likku toatemperatuuril v\u00f5i jahedamasse vette, vett vahetada kaks korda p\u00e4eva<br>\n\u2013 pooled panna \u00fcheks p\u00e4evaks likku kuuma vette (40\u201360\u00b0C vesi peale valada), vett vahetada v\u00e4hemalt kaks korda p\u00e4evas<\/p>\n<p dir=\"ltr\"><strong>ETAPP 2<\/strong><\/p>\n<p dir=\"ltr\">Asetage l\u00e4\u00e4tsed k\u00f6\u00f6gipaberi vahele ja pritsige sellele vett, et oleks niiske. Niiskes paberis l\u00e4\u00e4tsed pange kas pisikesse kilekotti (n\u00f6 minigrip), purki v\u00f5i k\u00f6\u00f6gikarpi ja sulgege see. Kirjutage anumale, mis tingimustes eelnevalt l\u00e4\u00e4tsesid hoiti.<\/p>\n<p dir=\"ltr\"><strong>NB! Erineva t\u00f6\u00f6tluse l\u00e4binud l\u00e4\u00e4tsed peavad olema eri anumates v\u00f5i muul viisil selgelt eristatavad!<\/strong><\/p>\n<p dir=\"ltr\"><\/p><div class=\"accordion mb-3\">\n        <div class=\"accordion-item accordion-item--white\">\n        <h2 class=\"accordion-header\" id=\"accordion-69da468fc989b-heading\">\n            <button class=\"accordion-button collapsed\" type=\"button\" data-bs-toggle=\"collapse\" data-bs-target=\"#accordion-69da468fc989b-collapse\" aria-expanded=\"true\" aria-controls=\"accordion-69da468fc989b-collapse\">1. TUND<\/button>\n        <\/h2>\n        <div id=\"accordion-69da468fc989b-collapse\" class=\"accordion-collapse collapse\" aria-labelledby=\"accordion-69da468fc989b-heading\">\n            <div class=\"accordion-body\">\n<ul dir=\"ltr\">\n<li><strong>Variantide 1 ja 2 puhul<\/strong> tuuakse l\u00e4\u00e4tsed loodus\u00f5petuse\/bioloogia klassi p\u00e4rast t\u00f6\u00f6tlust ja pannakse anumasse enne esimest tundi<\/li>\n<li><strong>Variandi 3 puhul<\/strong> toovad \u00f5pilased l\u00e4\u00e4tseanumad kooli ja paigutavad nt aknalauale v\u00f5i mujale, kus on palju valgust.<\/li>\n<\/ul>\n<p><strong>1. \u00fclesanne (10-15 min)<\/strong><br>\nArutage paaris, mis v\u00f5iks seemnetega juhtuda:<br>\n1. Mis juhtub tavaliselt, kui seeme saab valgust ja niiskust?<br>\n2. Kas miski, mida seemnetega tehti, v\u00f5iks takistada idanemist? Miks?<br>\n3. Mis temperatuuril hakkavad valgud lagunema \u2013 meenutage keemia- v\u00f5i bioloogiatunde. Kuidas see asjasse puutub?<br>\n4. Tehke ennustus iga tingimuse kohta, kas ja kui jah, siis kui kaua v\u00f5tab neil aega idaneda.<\/p>\n<p><strong>K\u00fcsimused:<\/strong><\/p>\n<ul>\n<li>Miks peavad elusolendid kuumusega kohanema?<\/li>\n<li>Mida nad selleks teevad?<\/li>\n<\/ul>\n<p><span style=\"font-size: 14px;\"><span style=\"font-family: Arial,Helvetica,sans-serif;\"><br>\n<\/span><\/span><strong>2. \u00fclesanne (20 min)<\/strong><br>\nLoe l\u00e4bi lugu\u00a0<strong>\u201cCandida aurise m\u00fcstilised juured\u201d.<\/strong><\/p>\n<p><em>Candida aurist on leitud v\u00e4ga erinevates keskkondades, alates ookeanidest kuni \u00f5unteni.<\/em><\/p>\n<p><em>Laial palmirannal, mida \u00e4\u00e4ristab safiirsinine meri, otsis otsingur\u00fchm tapjat. Oli 2021. aasta ja operatsioon toimus Corbyn Cove\u2019is \u2013 Andamanide saartel, India ookeani kirdeosas asuvas kauges saarestikus asuvas muljetavaldavas, kahvatukuldse liiva ja terrakota rannamajadega rannas.<\/em><\/p>\n<p><em>Siiani oli kahtlusalune end ilmutanud v\u00e4hemalt 33 riigis, kolmel kontinendil, p\u00f5hjustades sadu surmajuhtumeid. Kuid see polnud tavaline inimjaht. Esiteks ei olnud \u00fchtegi l\u00e4biotsimism\u00e4\u00e4rust \u2013 ainult koeproovid. Ja teiseks, r\u00fcndaja oli seenevorm.<\/em><\/p>\n<p dir=\"ltr\"><em>Candida auris tuvastati esmakordselt 2009. aastal, kui 70-aastane naine p\u00f6\u00f6rdus Jaapanis Tokyos asuvasse haiglasse k\u00f5rvahaigusega. M\u00f5ne aasta jooksul oli ilmnenud veel sadu juhtumeid \u2013 ja ei l\u00e4inud kaua aega, enne kui p\u00e4rm v\u00f5ttis oma esimesed ohvrid. T\u00e4naseks on C. auris nakatanud k\u00fcmneid tuhandeid inimesi, sealhulgas v\u00e4hemalt 7413 inimest ainu\u00fcksi USAs. Selle kuu alguses teatas haiguste kontrolli ja ennetamise keskus (CDC), et seda peetakse \u201ckiireloomuliseks\u201d ohuks antibiootikumiresistentsuse t\u00f5ttu \u2013 m\u00f5nes piirkonnas on valdav osa juhtudest resistentne v\u00e4hemalt \u00fchele seenevastasele ravimile ja 2021. aasta jooksul kahekordistusid juhtumid riigis.<\/em><\/p>\n<p><em>Kuid vaatamata kasvavale \u00e4revusele j\u00e4\u00e4b see uus patogeen s\u00fcgavalt salap\u00e4raseks. Keegi ei tea, kust see algselt p\u00e4rit on \u2013 v\u00f5i miks see nii kiiresti levib.<\/em><\/p>\n<p><em><strong>Kiire vallutus<\/strong><\/em><\/p>\n<p><em>C. auris on \u201cpungumisega p\u00e4rm\u201d, mikroskoopiline ovaalse kujuga seen, mis on umbes 2,5\u20135 mikromeetri pikkune \u2013 umbes sama lai kui \u00e4mbliku niit. Haigustekitaja on spetsialiseerunud nakatama inimesi, kes on niigi haavatavad \u2013 n\u00e4iteks n\u00f5rgestatud immuuns\u00fcsteemiga v\u00f5i juba olemasoleva haigusega patsiente. Ta on levinud haiglatesse \u00fcle kogu maailma, p\u00fcsides sealses keskkonnas, h\u00fcpates \u00fchelt patsiendilt teisele.<\/em><\/p>\n<p><em>Haigusetekitajat on eriti raske tappa \u2013 kui ta on end voodipesu ja muudele pindadele sisse seadnud, suudab ta sageli isegi k\u00f5ige intensiivsema puhastamise korral p\u00fcsida. On leitud, et ta j\u00e4\u00e4b nakkusohtlikuks p\u00e4rast plastiku peal kuivamist v\u00e4hemalt 28 p\u00e4evaks.<\/em><\/p>\n<p><em>\u201cVeelgi hullem on see, et on olemas m\u00f5ned Candida aurise t\u00fcved, mis on peaaegu ravimata, sest nad on resistentsed kolme peamise ravimiklassi suhtes, mis meil seeninfektsioonide raviks olemas on,\u201d \u00fctleb Exeteri \u00fclikooli mikrobioloogiaprofessor Neil Gow. \u201cNii et seal on m\u00f5ned v\u00e4ga, v\u00e4ga murettekitavad t\u00fcved, mis liiguvad ringi.\u201d<\/em><\/p>\n<p><em>Koos selle v\u00f5imega p\u00fcsida pikka aega, on C. aurise surmaga l\u00f5ppevate haiguste osakaal nakatunud inimestel 30-72% \u2013 see on m\u00e4rkimisv\u00e4\u00e4rselt k\u00f5rgem kui teiste antibiootikumiresistentsete mikroorganismide puhul, mille osakaal on \u00fche uuringu kohaselt 19%.<\/em><br>\n<em><strong>Tabamatu p\u00e4ritolu<\/strong><\/em><\/p>\n<p><em>Kuid ehk k\u00f5ige \u00fcllatavama aspekti C. aurise senisest loost avastas 2017. aastal \u00fcks teadlaste r\u00fchm. Kui nad anal\u00fc\u00fcsisid Pakistani, India, L\u00f5una-Aafrika, Venezuela ja Jaapani haiglatest leitud seente genoome, leidsid nad, et kuigi samas geograafilises piirkonnas v\u00f5etud seened olid omavahel tihedalt seotud, oli tegemist kolme t\u00e4iesti erineva \u201ct\u00fcvega\u201d. Igal kontinendil oli patogeenist oma unikaalne versioon.<\/em><\/p>\n<p><em>See viitab sellele, et C. auris on v\u00e4hemalt kolm korda, kolmel erineval korral, k\u00f5ik viimase 14 aasta jooksul, j\u00f5udnud keskkonnast inimestele. Aga miks? Kas on v\u00f5inud toimuda muutus, mis on muutnud inimese seenele elamisk\u00f5lblikumaks kui varem?<\/em><\/p>\n<p><em>Illustratsioon 1. Candida auris on m\u00e4rkimisv\u00e4\u00e4rselt soola-taluv, viidates spekulatsioonile, et ookeanide elupaikades v\u00f5ib olla looduslikke reservuaare (Alamy) \u00a0<img decoding=\"async\" src=\"https:\/\/lh7-us.googleusercontent.com\/Gvvm5n2ZqkeHMP8YcgQc3vVufVFFPWALj9NecqiobXG3a2J0dWa5uz0LYk8c3dhkdb5LIpBoyHMhdqTcPXImdE5CeveqH33cWs-bYdb_TlZIdexEVXmPi_ulO_6AE8qh1TRgn5W1vvsq9D4dgaFC0A\" alt=\"A close-up of a petri dish\n\nDescription automatically generated\"><\/em><\/p>\n<p><em>C. aurise l\u00e4him teadaolev sugulane on C. haemulonii, mida on leitud v\u00e4ga erinevates keskkondades, alates Atlandi ookeani l\u00e4\u00e4neosas elava kala sisikonnast kuni delfiinide naha ja Portugali rannikuvetes asuvate meredeni.<\/em><\/p>\n<p><em>Arvatakse, et sarnaselt oma sugulasorganismile ei ole C. auris piiratud loomsete peremeestega, mis laiendab oluliselt selle loodusliku reservuaari v\u00f5imalusi. Kuid m\u00f5ned vihjed on olemas. Esiteks on C. auris eriti soolatolerantne, talub soolakontsentratsioone, mis on palju suuremad kui need, mis p\u00e4rsivad enamiku bakterite kasvu. Ja teiseks suudab ta h\u00e4sti kasvada soojades tingimustes, isegi 42 \u00b0C juures.<\/em><\/p>\n<p><em>Selle teabega ja teadmistega selle l\u00e4hima sugulase kohta otsustas rahvusvaheline teadlaste r\u00fchm uurida mitmeid keskkondi Andamani saartel \u2013 kohas, kus nende arvates on seenefloorat inimtegevus v\u00e4hem m\u00f5jutatud kui mujal planeedil. Nad v\u00f5tsid proovid kaljurannast, liivarannast, soost ja mangroovidest kogu saarestikus ning anal\u00fc\u00fcsisid neid C. aurise leidmiseks.<\/em><\/p>\n<p><em>Nad leidsid t\u00f5endeid selle seene esinemise kohta kahes kohas \u2013 Corbyn Cove Beachil ja l\u00e4hedalasuvas soolasoos. Kas see uus haigustekitaja v\u00f5ib olla p\u00e4rit merest?<\/em><\/p>\n<p><em>Kahjuks just siis, kui tundus, et m\u00f5istatus on lahendatud, tegi teine uurimisr\u00fchm \u00fcllatusliku avastuse. C. auris leiti Indias ka \u00f5unte pinnalt \u2013 ja puuviljadel leiduvad t\u00fcved olid \u00fcllatavalt sarnased merest leitud t\u00fcvedega.<\/em><\/p>\n<p><em><strong>Inimtegevus<\/strong><\/em><\/p>\n<p><em>C. aurise tegelik p\u00e4ritolu on endiselt t\u00e4ielik m\u00fcsteerium, kuid m\u00f5lemad leiud kinnitavad juhtivaid teooriaid selle kohta, miks see haigustekitaja v\u00f5is hakata inimesi nakatama alles hiljuti. Esimene neist on kliimamuutus.<\/em><\/p>\n<p><em>Tavap\u00e4raselt ei tule seened kuumades tingimustes h\u00e4sti toime. Nad suudavad palju paremini nakatada jahedama kehatemperatuuriga loomi, n\u00e4iteks putukaid ja kahepaikseid. Esimeste keha v\u00f5ivad nad t\u00e4ielikult \u00fcle v\u00f5tta, mis viib zombilaadsesse seisundisse, mis inspireeris videom\u00e4ngu ja telesarja \u201cThe Last of Us\u201d. Samuti on nad 50 aasta jooksul h\u00e4vitanud rohkem kui 90 liiki kahepaikseid.<\/em><\/p>\n<p><em>Arvatakse, et see Achilleuse kand on \u00fcks p\u00f5hjus, miks imetajatel ja lindudel kujunes v\u00e4lja soojem kehatemperatuur, mis annab meile suure eelise pidevas v\u00f5itluses nende organismidega \u2013 m\u00f5ned eksperdid usuvad, et see on osaliselt vastutav imetajate t\u00f5usu eest p\u00e4rast dinosauruste v\u00e4ljasuremist. See tegur on nii v\u00f5imas, et konni on v\u00f5imalik isegi surmavatest seeninfektsioonidest ravida, lihtsalt soojendades neid (\u00e4rge proovige seda kodus). Kliima soojenedes on see d\u00fcnaamika siiski muutumas.\u00a0\u00a0<\/em><\/p>\n<p><em>\u201cKui nad kohanevad paremini sellega, et suudavad elada ja areneda millegi juures, mis l\u00e4heneb kehatemperatuurile, siis on muidugi v\u00f5imalus kasvada ka inimkehal,\u201d \u00fctleb Gow. Kui kliimamuutused on soojendanud keskkondi, nagu troopilisi randu, siis on usutav, et see on v\u00f5imaldanud C. aurisel taluda meie kehades valitsevaid leebeid tingimusi.<\/em><\/p>\n<p><em>Teine m\u00f5te on, et C. auris v\u00f5lgneb oma tekkimise seenevastaste ravimite laialdasele kasutamisele. T\u00e4nap\u00e4eval kasutatakse neid ravimeid ja pestitsiide ohtralt, et suruda mikroobide kasvamist p\u00f5llukultuuridel maha, kuid on v\u00f5imalik, et see praktika on v\u00f5imaldanud neil resistentsust arendada. Tulemuseks on see, et nad v\u00f5ivad levida inimeste seas palju kiiremini kui varem \u2013 eriti haiglates.<\/em><\/p>\n<p><em>Vaatamata nendele avastustele selgitab Gow siiski, et C. aurise kohta on v\u00e4ga v\u00e4he teateid looduslikus keskkonnas, \u201cnii et see on natuke tundmatu v\u00f5i v\u00e4heuuritud ala\u201d. L\u00f5ppude l\u00f5puks, kui meeletult palju erinevaid elupaiku on planeedil Maa, siis millised on v\u00f5imalused, et seni tehtud v\u00e4hesed uuringud on leidnud t\u00e4pselt need kohad, kust ta v\u00e4lja ilmus?<\/em><\/p>\n<p><em>V\u00e4hemalt hetkel viitavad uuringud sellele, et meie enda liik v\u00f5ib olla s\u00fc\u00fcdi selles esilekerkivas nakkusohus.<\/em><br>\n(Gorvett, 2023; t\u00f5lge\u00a0DeepL)<\/p>\n<p><strong>K\u00fcsimused:<\/strong><\/p>\n<ul>\n<li>Mida on teinud seen C. Auris, et kuumalainete sagenemisega kohaneda?<\/li>\n<li>Mis on sellest muutunud inimese jaoks?<\/li>\n<li>\u00dcks seen on suutnud eri maailma piirkondades \u00f5ppida kohanema k\u00f5rgema temperatuuriga kui 40 kraadi \u2013 mis v\u00f5ib juhtuda teiste seentega, kui kuumalained sagenevad veelgi?<\/li>\n<\/ul>\n<p><span style=\"font-size: 12px;\"><strong>Kasutatud kirjandus<\/strong><\/span><br>\n<span style=\"font-size: 12px;\">Gorvett, Z. 2023. Candida auris has been found in a wide variety of environments, from oceans to apples. Allikas: <a href=\"https:\/\/www.bbc.com\/future\/article\/20230331-the-mystery-origins-of-candida-auris\" target=\"_blank\" rel=\"noopener\">https:\/\/www.bbc.com\/future\/article\/20230331-the-mystery-origins-of-candida-auris<\/a><\/span><br>\n<\/p><\/div>\n        <\/div>\n        <\/div>\n    <\/div>\n<p dir=\"ltr\"><\/p><div class=\"accordion mb-3\">\n        <div class=\"accordion-item accordion-item--white\">\n        <h2 class=\"accordion-header\" id=\"accordion-69da468fc98a9-heading\">\n            <button class=\"accordion-button collapsed\" type=\"button\" data-bs-toggle=\"collapse\" data-bs-target=\"#accordion-69da468fc98a9-collapse\" aria-expanded=\"true\" aria-controls=\"accordion-69da468fc98a9-collapse\">2. TUND<\/button>\n        <\/h2>\n        <div id=\"accordion-69da468fc98a9-collapse\" class=\"accordion-collapse collapse\" aria-labelledby=\"accordion-69da468fc98a9-heading\">\n            <div class=\"accordion-body\">\n<p dir=\"ltr\"><strong>Planeerida nii, et vahele j\u00e4\u00e4ks n\u00e4dalavahetus v\u00f5i 2\u20134 p\u00e4eva<\/strong><\/p>\n<p><strong>1. \u00fclesanne<\/strong><br>\n<strong>1) Jagage \u00f5pilased gruppidesse<\/strong>, nii et igal grupil oleksid k\u00f5ik n\u00e4ited erinevalt t\u00f6\u00f6deldud l\u00e4\u00e4tsedest. Laske \u00f5pilastel l\u00e4\u00e4tsed anumast v\u00e4lja v\u00f5tta ja v\u00f5rrelda:<br>\n\u2013 Missuguse tingimuse l\u00e4binud seemnete seas on suurem hulk neid, mis on idanenud.<br>\n\u2013 Kui pikad on idud?<br>\n\u2013 Missugused n\u00e4evad idanenud seemned v\u00e4lja?<br>\n\u2013 Missugused n\u00e4evad v\u00e4lja seemned, mis ei idanenud:<br>\na) need, mis said sama t\u00f6\u00f6tlust, kui seemned, mis idanema l\u00e4ksid<br>\nb) need, mis said teistsugust t\u00f6\u00f6tlust, kui seemned, mis idanema l\u00e4ksid<br>\n\u2013 Otsige \u00fcles eelmises tunnis tehtud ennustused ja v\u00f5rrelge p\u00e4ris olukorraga.<\/p>\n<p dir=\"ltr\"><strong>2)<\/strong> <strong>Ajage grupid sassi<\/strong> \u2013 pooled liikmed liiguvad j\u00e4rgmise laua juurde.<br>\n<strong>3)<\/strong> <strong>Arutage<\/strong>, milliseid sarnasusi ja erinevusi grupid leidsid.<br>\n<strong>4)<\/strong> <strong>Tehke kokkuv\u00f5te<\/strong> \u00fcle klassi eelnevate k\u00fcsimuste vastustest.<\/p>\n<p><strong>2. \u00fclesanne<\/strong><br>\n<strong>1) Arutage gruppides:<\/strong><br>\n\u2013 Mis v\u00f5ib juhtuda toiduga piirkondades, kus kuumalained kestavad kaua? (Globaalselt? Eestis?)<br>\na) Kuidas kuumalained muid eluks vajalikke teenuseid ja ressursse m\u00f5jutavad?<br>\nb) Kuidas see omakorda toitu m\u00f5jutab?<br>\n\u2013 Mida peaks tegema, et kuumalainete m\u00f5ju toidulauale v\u00e4hendada? (leia v\u00e4hemalt 6 eri tegevust, mis on konkreetsed tegevused)<br>\n\u2013 Mida me saaksime selleks teha? Kes saaks seda teha?<br>\n\u2013 Kas m\u00f5ni toodud lahendustest v\u00f5ib omakorda p\u00f5hjustada mingi j\u00e4rgneva probleemi?<\/p>\n<p><strong>2) Arutage \u00fcle klassi:<\/strong><br>\n\u2013 Millega peab siis arvestama, kui kuumalained sagenevad, et paremini kohaneda?<span id=\"docs-internal-guid-5b109570-7fff-73a8-3aa9-ff09a1ce1cd8\"><\/span><\/p><\/div>\n        <\/div>\n        <\/div>\n    <\/div>\n","protected":false},"excerpt":{"rendered":"<p>\u00dclesanne l\u00e4\u00e4tsedega \u2013 millised neist idanevad? Tunniks vajalikud materjalid ja ettevalmistus Vajalikud vahendid: 1 pakk l\u00e4\u00e4tsesid (terved, mitte poolitatud), (terved l\u00e4\u00e4tsed, toiduks m\u00f5eldud sobivad h\u00e4sti, need saavad idanema minna. Peaasi, et pole eelkeedetud.) ETAPP 1\u00a0 Variant 1: Kodunduse tunnis pannakse &#8230;<\/p>\n","protected":false},"author":315,"featured_media":0,"parent":0,"menu_order":0,"comment_status":"closed","ping_status":"closed","template":"","meta":{"_acf_changed":false,"inline_featured_image":false,"footnotes":""},"class_list":["post-68","page","type-page","status-publish","hentry"],"acf":[],"_links":{"self":[{"href":"https:\/\/sisu.ut.ee\/kliimatarkused\/wp-json\/wp\/v2\/pages\/68","targetHints":{"allow":["GET"]}}],"collection":[{"href":"https:\/\/sisu.ut.ee\/kliimatarkused\/wp-json\/wp\/v2\/pages"}],"about":[{"href":"https:\/\/sisu.ut.ee\/kliimatarkused\/wp-json\/wp\/v2\/types\/page"}],"author":[{"embeddable":true,"href":"https:\/\/sisu.ut.ee\/kliimatarkused\/wp-json\/wp\/v2\/users\/315"}],"replies":[{"embeddable":true,"href":"https:\/\/sisu.ut.ee\/kliimatarkused\/wp-json\/wp\/v2\/comments?post=68"}],"version-history":[{"count":6,"href":"https:\/\/sisu.ut.ee\/kliimatarkused\/wp-json\/wp\/v2\/pages\/68\/revisions"}],"predecessor-version":[{"id":1673,"href":"https:\/\/sisu.ut.ee\/kliimatarkused\/wp-json\/wp\/v2\/pages\/68\/revisions\/1673"}],"wp:attachment":[{"href":"https:\/\/sisu.ut.ee\/kliimatarkused\/wp-json\/wp\/v2\/media?parent=68"}],"curies":[{"name":"wp","href":"https:\/\/api.w.org\/{rel}","templated":true}]}}