{"id":64,"date":"2024-04-04T08:41:32","date_gmt":"2024-04-04T05:41:32","guid":{"rendered":"https:\/\/sisu.ut.ee\/kliimatarkused\/3-osa-nutivahendid\/"},"modified":"2024-05-05T20:24:17","modified_gmt":"2024-05-05T17:24:17","slug":"3-osa-nutivahendid","status":"publish","type":"page","link":"https:\/\/sisu.ut.ee\/kliimatarkused\/3-osa-nutivahendid\/","title":{"rendered":"3. osa: Kuidas aitavad nutivahendid t\u00f5husalt \u00f5petada?"},"content":{"rendered":"<p><strong>3.1 Mida tead nutivahendi kasutamise eelistest ja ohukohtadest?<\/strong><\/p>\n<p dir=\"ltr\"><strong>Loe allolevalt kaardilt k\u00fcsimust, vasta sellele k\u00f5igepealt ise ning siis p\u00f6\u00f6ra kaarti, et n\u00e4ha eksperdi vastust. Teise k\u00fcsimuse n\u00e4gemiseks vajuta kaardi alt paremalt nurgast noolekese ikooni.<\/strong><\/p>\n\n\n\n<div class=\"h5p-iframe-wrapper\"><div class=\"video-placeholder-wrapper video-placeholder-wrapper--fixed\" style=\"height: 366px;\">\n\t\t\t    <div class=\"video-placeholder d-flex justify-content-center align-items-center\">\n\t\t\t        <div class=\"overlay text-white p-2 w-100 text-center d-block justify-content-center align-items-center\">\n\t\t\t            <div>Kolmandate osapoolte sisu n\u00e4gemiseks palun n\u00f5ustu k\u00fcpsistega.<\/div>\n\t\t\t            <button class=\"btn btn-secondary btn-sm mt-1 consent-change\">Muuda n\u00f5usolekut<\/button>\n\t\t\t        <\/div>\n\t\t\t    <\/div>\n\t\t\t<\/div>\n<\/div>\n\n\n<p dir=\"ltr\" style=\"list-style-type: disc; sans-serif;color: #674ea7; vertical-align: baseline; margin-top: 0pt; margin-bottom: 0pt;\" role=\"presentation\"><span style=\"color: #000000;\">\u00a0<\/span><\/p>\n<p dir=\"ltr\"><strong>3.2 Rakenda enda valdkonnas: <\/strong><\/p>\n<p dir=\"ltr\" style=\"margin-top: 0pt; margin-bottom: 0pt;\"><span style=\"color: #000000;\"><span style=\"line-height: 1.38;\"><span style=\"vertical-align: baseline;\">Loo endale viiest punktist koosnev meelespea, mida nutivahendi kasutamisel arvesse v\u00f5tta! J\u00e4rgnevas saad enda meelespea punkte v\u00f5rrelda taaskord teaduskirjanduses v\u00e4lja toodud aspektidega.<br><\/span><\/span><\/span><\/p>\n<p dir=\"ltr\"><strong><br>Meelespea: <\/strong><\/p>\n<ul style=\"margin-top: 0; margin-bottom: 0; padding-inline-start: 48px;\">\n<li dir=\"ltr\" style=\"list-style-type: disc; sans-serif;vertical-align: baseline;\">\n<p dir=\"ltr\" style=\"margin-top: 0pt; margin-bottom: 0pt;\" role=\"presentation\"><span style=\"color: #000000;\"><span style=\"line-height: 1.38;\"><span style=\"vertical-align: baseline;\">hoolitse, et \u00f5pilased ei kaotaks end nutiseadmesse, vaid oleks kontekstis p\u00e4ris \u00fcmbrusega<\/span><\/span><\/span><\/p>\n<\/li>\n<li dir=\"ltr\" style=\"list-style-type: disc; sans-serif;vertical-align: baseline;\">\n<p dir=\"ltr\" style=\"margin-top: 0pt; margin-bottom: 0pt;\" role=\"presentation\"><span style=\"color: #000000;\"><span style=\"line-height: 1.38;\"><span style=\"vertical-align: baseline;\">nutiseadmes v\u00f5iks olla info, tegevus p\u00e4ris maailmas<\/span><\/span><\/span><\/p>\n<\/li>\n<li dir=\"ltr\" style=\"list-style-type: disc; sans-serif;vertical-align: baseline;\">\n<p dir=\"ltr\" style=\"margin-top: 0pt; margin-bottom: 0pt;\" role=\"presentation\"><span style=\"color: #000000;\"><span style=\"line-height: 1.38;\"><span style=\"vertical-align: baseline;\">\u00fclesanded v\u00f5iksid olla probleemip\u00f5hised ning suunata \u00fcmbritsevat m\u00e4rkama<\/span><\/span><\/span><\/p>\n<\/li>\n<li dir=\"ltr\" style=\"list-style-type: disc; sans-serif;vertical-align: baseline;\">\n<p dir=\"ltr\" style=\"margin-top: 0pt; margin-bottom: 0pt;\" role=\"presentation\"><span style=\"color: #000000;\"><span style=\"line-height: 1.38;\"><span style=\"vertical-align: baseline;\">\u00fclesanded v\u00f5iksid moodustada loogilise terviku<\/span><\/span><\/span><\/p>\n<\/li>\n<li dir=\"ltr\" style=\"list-style-type: disc; sans-serif;vertical-align: baseline;\">\n<p dir=\"ltr\" style=\"margin-top: 0pt; margin-bottom: 0pt;\" role=\"presentation\"><span style=\"color: #000000;\"><span style=\"line-height: 1.38;\"><span style=\"vertical-align: baseline;\">\u00fclesanded v\u00f5iksid suunata tegevusele (vaata, loenda, m\u00f5\u00f5da, korja, pildista, filmi, ehita, joonista)<\/span><\/span><\/span><\/p>\n<\/li>\n<li dir=\"ltr\" style=\"list-style-type: disc; sans-serif;vertical-align: baseline;\">\n<p dir=\"ltr\" style=\"margin-top: 0pt; margin-bottom: 0pt;\" role=\"presentation\"><span style=\"color: #000000;\"><span style=\"line-height: 1.38;\"><span style=\"vertical-align: baseline;\">m\u00f5tle l\u00e4bi, kas tegevused toimuvad individuaalselt v\u00f5i on kasulik \u00f5pilastel omavahel ka m\u00f5tteid vahetada<\/span><\/span><\/span><\/p>\n<\/li>\n<li dir=\"ltr\" style=\"list-style-type: disc; sans-serif;vertical-align: baseline;\">\n<p dir=\"ltr\" style=\"margin-top: 0pt; margin-bottom: 0pt;\" role=\"presentation\"><span style=\"color: #000000;\"><span style=\"line-height: 1.38;\"><span style=\"vertical-align: baseline;\">tuleta meelde, et seadmed oleksid laetud ning igaks juhuks v\u00f5iks olla kaasas m\u00f5ni akupank<\/span><\/span><\/span><\/p>\n<\/li>\n<\/ul>\n<p dir=\"ltr\" role=\"presentation\"><strong><br>Liigu edasi \u00f5piobjekti teiste peat\u00fckkide\u00a0juurde:<\/strong><\/p>\n<p><a title=\"\" href=\"https:\/\/sisu.ut.ee\/kliimatarkused\/1-osa-kliimamuutused-ja-elurikkus\" target=\"_blank\" rel=\"noopener\" data-url=\"https:\/\/sisu.ut.ee\/kliimatarkused\/1-osa-kliimamuutused-ja-elurikkus\">1. osa: Kliimamuutused ja elurikkus. Elurikkuse m\u00f5iste<\/a><br><a title=\"\" href=\"https:\/\/sisu.ut.ee\/kliimatarkused\/2-osa-kusimused\" target=\"_blank\" rel=\"noopener\" data-url=\"https:\/\/sisu.ut.ee\/kliimatarkused\/2-osa-kusimused\">2. osa: Kuidas aitavad k\u00fcsimused kaasa t\u00f5husale \u00f5ppimisele?<\/a><br><a title=\"\" href=\"https:\/\/sisu.ut.ee\/kliimatarkused\/4-osa-avastusraja-rakendus\" target=\"_blank\" rel=\"noopener\" data-url=\"https:\/\/sisu.ut.ee\/kliimatarkused\/4-osa-avastusraja-rakendus\">4. osa: Avastusraja rakendus<\/a><br><a title=\"\" href=\"https:\/\/sisu.ut.ee\/kliimatarkused\/5-osa-avastusraja-kasutamine\" target=\"_blank\" rel=\"noopener\" data-url=\"https:\/\/sisu.ut.ee\/kliimatarkused\/5-osa-avastusraja-kasutamine\">5. osa: Avastusraja kasutamine p\u00f5hikooli II kooliastmes<\/a><br><a title=\"\" href=\"https:\/\/sisu.ut.ee\/kliimatarkused\/6-osa-oppematerjali-kasutamine-tunnis\" target=\"_blank\" rel=\"noopener\" data-url=\"https:\/\/sisu.ut.ee\/kliimatarkused\/6-osa-oppematerjali-kasutamine-tunnis\">6. osa: \u00d5ppematerjali kasutamine \u00f5pilastega<\/a><\/p>\n<p dir=\"ltr\" style=\"list-style-type: disc; sans-serif;vertical-align: baseline; margin-top: 0pt; margin-bottom: 0pt;\" role=\"presentation\">\u00a0<\/p>","protected":false},"excerpt":{"rendered":"<p>3.1 Mida tead nutivahendi kasutamise eelistest ja ohukohtadest? Loe allolevalt kaardilt k\u00fcsimust, vasta sellele k\u00f5igepealt ise ning siis p\u00f6\u00f6ra kaarti, et n\u00e4ha eksperdi vastust. Teise k\u00fcsimuse n\u00e4gemiseks vajuta kaardi alt paremalt nurgast noolekese ikooni. \u00a0 3.2 Rakenda enda valdkonnas: Loo &#8230;<\/p>\n","protected":false},"author":315,"featured_media":0,"parent":0,"menu_order":0,"comment_status":"closed","ping_status":"closed","template":"","meta":{"_acf_changed":false,"inline_featured_image":false,"footnotes":""},"class_list":["post-64","page","type-page","status-publish","hentry"],"acf":[],"_links":{"self":[{"href":"https:\/\/sisu.ut.ee\/kliimatarkused\/wp-json\/wp\/v2\/pages\/64","targetHints":{"allow":["GET"]}}],"collection":[{"href":"https:\/\/sisu.ut.ee\/kliimatarkused\/wp-json\/wp\/v2\/pages"}],"about":[{"href":"https:\/\/sisu.ut.ee\/kliimatarkused\/wp-json\/wp\/v2\/types\/page"}],"author":[{"embeddable":true,"href":"https:\/\/sisu.ut.ee\/kliimatarkused\/wp-json\/wp\/v2\/users\/315"}],"replies":[{"embeddable":true,"href":"https:\/\/sisu.ut.ee\/kliimatarkused\/wp-json\/wp\/v2\/comments?post=64"}],"version-history":[{"count":7,"href":"https:\/\/sisu.ut.ee\/kliimatarkused\/wp-json\/wp\/v2\/pages\/64\/revisions"}],"predecessor-version":[{"id":1687,"href":"https:\/\/sisu.ut.ee\/kliimatarkused\/wp-json\/wp\/v2\/pages\/64\/revisions\/1687"}],"wp:attachment":[{"href":"https:\/\/sisu.ut.ee\/kliimatarkused\/wp-json\/wp\/v2\/media?parent=64"}],"curies":[{"name":"wp","href":"https:\/\/api.w.org\/{rel}","templated":true}]}}