{"id":63,"date":"2024-04-04T08:41:32","date_gmt":"2024-04-04T05:41:32","guid":{"rendered":"https:\/\/sisu.ut.ee\/kliimatarkused\/saateks\/"},"modified":"2024-04-04T08:43:46","modified_gmt":"2024-04-04T05:43:46","slug":"saateks","status":"publish","type":"page","link":"https:\/\/sisu.ut.ee\/kliimatarkused\/saateks\/","title":{"rendered":"Saateks"},"content":{"rendered":"<p>\n\tKliimamuutused kujutavad endast \u00f6kos\u00fcsteemidele ja inimestele suurt ohtu. Teadus on selge: me peame tegutsema, et inimtekkelistest kliimamuutustest tingitud riske v\u00e4hendada. Siin astub vahele aga kliimamuutustealase kirjaoskuse laialdane puudumine Eestis. Kliima kirjaoskus lihtsalt seletatuna, sisaldab endas m\u00f5istmist, kuidas kliima m\u00f5jutab mind ja kogu \u00fchiskonda, aga ka seda, kuidas mina ja meie m\u00f5jutame kliimat. Selles sisaldub ka arusaam kuidas v\u00e4hendada kliimam\u00f5ju (ehk kliimamuutusi leevendada) ja suurendada vastupanuv\u00f5imet kliimamuutustele (ehk kliimamuutustega kohaneda).\n<\/p>\n<p>\n\tEesti inimeste suur kliimaskeptilisus p\u00fcstitab v\u00e4ga suured t\u00f5kked kliimamuutustega kohanemiseks ja nende leevendamiseks. Tegutsemiseks ei piisa \u00fcksnes teadmistest, vaid tarvis on ka teadmistele tuginevaid v\u00e4\u00e4rtusi, hoiakuid, veendumusi\u00a0ning oskusi. Siit tulebki vajadus selge riikliku poliitika j\u00e4rele, kuidas inimesi kliimamuutuste vallas harida.\n<\/p>\n<p>\n\tEuroopa majanduspiirkonna rahastatavas projektis \u201eKLIIMATEADLIK \u2013 Kliimateadlikkus koolist \u00fchiskonda: laste, noorte ja \u00f5petajate v\u00f5imestamine kliimamuutuste m\u00f5jude v\u00e4hendamiseks\u201c\u00a0keskendumegi kliimahariduse edendamisele Eestis. Teeme seda nii formaalses kui ka mitteformaalses hariduses, et suurendada kliimamuutuste leevendamiseks ja nendega kohanemiseks vajalikke p\u00e4devusi. Meie eesm\u00e4rk on luua Eestis kliimamuutuste haridusprogramm, mis h\u00f5lmab k\u00f5iki haridustasandeid. Selleks arendame haridusstrateegiaid, loome \u00f5ppematerjale ja toetame \u00f5petajaid.\n<\/p>\n<p>\n\tSellelt kodulehelt leiate projekti KLIIMATEADLIK raames loodud \u00f5ppevahendid. Esimesse \u00f5ppevahendisse\u00a0\u201eKliimamuutuste ABC\u201c\u00a0 on kokku v\u00f5etud t\u00e4nap\u00e4evased teadusp\u00f5hised arusaamad kliimamuutustest. \u00d5ppematerjal tugineb valitsustevahelise kliimamuutuste paneeli (IPCC) ja teiste organisatsioonide kliimaraportitele, kus on s\u00fcnteesitud eelretsenseeritud kliimateadust. \u00d5ppematerjal h\u00f5lmab kliimamuutuste p\u00f5hjuseid ja m\u00f5jusid koos kliimamuutuste leevendamise ja kohanemisega. \u00d5ppevahendi l\u00f5id projektipartnerid \u00fchist\u00f6\u00f6s ning seda katsetati 2023.\u202faasta m\u00e4rtsis neljal koolitusel Tartus, P\u00e4rnus, Narvas ja Tallinnas, samuti Moodle\u2019i e-\u00f5ppekeskkonnas.\n<\/p>\n<p>\n\tJ\u00e4rgnevad \u00f5ppevahendid on koostatud eri \u00f5ppetasemetele eri ainevaldkondades ning valmivad 2024. aasta aprilliks.\n<\/p>\n<p>\n\tSuur t\u00e4nu k\u00f5igile, kes on \u00f5ppevahendite valmimisel kaasa l\u00f6\u00f6nud. R\u00f5\u00f5msat \u00f5ppimist!\n<\/p>\n<p>\n\t<a data-url=\"https:\/\/kliimateadlik.ut.ee\/\" href=\"https:\/\/kliimateadlik.ut.ee\/\" target=\"_blank\" title=\"\" rel=\"noopener\">Projekt \u201cKliimateadlikkus koolist \u00fchiskonda: laste, noorte ja \u00f5petajate v\u00f5imestamine kliimamuutuste m\u00f5jude v\u00e4hendamiseks\u201d<\/a>\n<\/p>\n<p>\n\t\u00a0<\/p>\n","protected":false},"excerpt":{"rendered":"<p>Kliimamuutused kujutavad endast \u00f6kos\u00fcsteemidele ja inimestele suurt ohtu. Teadus on selge: me peame tegutsema, et inimtekkelistest kliimamuutustest tingitud riske v\u00e4hendada. Siin astub vahele aga kliimamuutustealase kirjaoskuse laialdane puudumine Eestis. Kliima kirjaoskus lihtsalt seletatuna, sisaldab endas m\u00f5istmist, kuidas kliima m\u00f5jutab mind &#8230;<\/p>\n","protected":false},"author":315,"featured_media":0,"parent":0,"menu_order":0,"comment_status":"closed","ping_status":"closed","template":"","meta":{"_acf_changed":false,"inline_featured_image":false,"footnotes":""},"class_list":["post-63","page","type-page","status-publish","hentry"],"acf":[],"_links":{"self":[{"href":"https:\/\/sisu.ut.ee\/kliimatarkused\/wp-json\/wp\/v2\/pages\/63","targetHints":{"allow":["GET"]}}],"collection":[{"href":"https:\/\/sisu.ut.ee\/kliimatarkused\/wp-json\/wp\/v2\/pages"}],"about":[{"href":"https:\/\/sisu.ut.ee\/kliimatarkused\/wp-json\/wp\/v2\/types\/page"}],"author":[{"embeddable":true,"href":"https:\/\/sisu.ut.ee\/kliimatarkused\/wp-json\/wp\/v2\/users\/315"}],"replies":[{"embeddable":true,"href":"https:\/\/sisu.ut.ee\/kliimatarkused\/wp-json\/wp\/v2\/comments?post=63"}],"version-history":[{"count":1,"href":"https:\/\/sisu.ut.ee\/kliimatarkused\/wp-json\/wp\/v2\/pages\/63\/revisions"}],"predecessor-version":[{"id":632,"href":"https:\/\/sisu.ut.ee\/kliimatarkused\/wp-json\/wp\/v2\/pages\/63\/revisions\/632"}],"wp:attachment":[{"href":"https:\/\/sisu.ut.ee\/kliimatarkused\/wp-json\/wp\/v2\/media?parent=63"}],"curies":[{"name":"wp","href":"https:\/\/api.w.org\/{rel}","templated":true}]}}