{"id":61,"date":"2024-04-04T08:41:32","date_gmt":"2024-04-04T05:41:32","guid":{"rendered":"https:\/\/sisu.ut.ee\/kliimatarkused\/opilase-tegevused\/"},"modified":"2024-05-02T11:37:11","modified_gmt":"2024-05-02T08:37:11","slug":"opilase-tegevused","status":"publish","type":"page","link":"https:\/\/sisu.ut.ee\/kliimatarkused\/opilase-tegevused\/","title":{"rendered":"\u00d5pilase tegevused"},"content":{"rendered":"<p><strong><br>Sissejuhatus<\/strong><\/p>\n<p>Selles moodulis palutakse teil uurida m\u00f5nda kliimamuutuste kohta k\u00e4ivat m\u00fc\u00fcti (levinud uskumust, arusaama), millest osasid tutvustab ka sissejuhatav video. R\u00fchmaarutelu tulemusena peaksite valima v\u00e4lja m\u00fc\u00fcdi, mida uurimuse teel \u00fcmber l\u00fckata v\u00f5i kinnitada. Uurimuse l\u00e4biviimine toimub sekundaarsete allikate (n\u00e4iteks internetimaterjalid) p\u00f5hjal. P\u00e4rast j\u00e4relduste tegemist peaksite te esitlema oma j\u00e4reldusi m\u00fc\u00fcdi \u00fcmberl\u00fckkamise v\u00f5i kinnitamise kohta asjakohaselt ja veenvalt oma klassikaaslastele. Samuti tutvute peamiste teaduse eitamise taktikatega, et tunda neid \u00e4ra kliimamuutuste alastes tekstides. Mooduli l\u00f5petab juhtumiuuring, kus te saate kasutada oma \u00f5pitud loodusteaduslikke teadmisi igap\u00e4evaelulise juhtumi lahendamisel.<\/p>\n<p><strong>Tegevus 1: Sissejuhatava video vaatamine<\/strong><\/p>\n<p>J\u00e4rgnevalt tutvustatakse teile m\u00f5ningaid \u00fchiskonnas levinud m\u00fc\u00fcte kliimamuutuste kohta. Vaadake <a title=\"\" href=\"https:\/\/www.youtube.com\/watch?v=CbJ7GmgEAAo\" target=\"_blank\" rel=\"noopener\" data-url=\"https:\/\/www.youtube.com\/watch?v=CbJ7GmgEAAo\">videot<\/a> ning pange kirja oma m\u00f5tted, mis teil video kohta tekivad.<\/p>\n<p><strong>Tegevus 2: R\u00fchmaarutelu<\/strong><\/p>\n<p>P\u00e4rast video vaatamist moodustage v\u00e4ikesed r\u00fchmad (3-4 liiget) ning arutage teemat. Jagage r\u00fchmakaaslastele oma esialgseid m\u00f5tteid video kohta: Millised arusaamad selles videos peegeldusid ning mida nendest arvate? Valige edasiseks t\u00f6\u00f6ks j\u00e4rgnevast loetelust \u00fcks m\u00fc\u00fct, mille paikapidavust tahaksite l\u00e4hemalt uurida, klikades vastava m\u00fc\u00fcdi nimetusel.<\/p>\n<p><strong>Tegevus 3: Uurimuse l\u00e4biviimine m\u00fc\u00fcdi paikapidavuse kontrollimiseks. Teaduse eitamise taktikate tuvastamine<\/strong><\/p>\n<p><\/p><div class=\"accordion mb-3\">\n        <div class=\"accordion-item accordion-item--white\">\n        <h2 class=\"accordion-header\" id=\"accordion-69dabb5d744a5-heading\">\n            <button class=\"accordion-button collapsed\" type=\"button\" data-bs-toggle=\"collapse\" data-bs-target=\"#accordion-69dabb5d744a5-collapse\" aria-expanded=\"true\" aria-controls=\"accordion-69dabb5d744a5-collapse\"><strong>M\u00fc\u00fct: Kliimamuutuste alane teadus ei ole usaldusv\u00e4\u00e4rne<\/strong><\/button>\n        <\/h2>\n        <div id=\"accordion-69dabb5d744a5-collapse\" class=\"accordion-collapse collapse\" aria-labelledby=\"accordion-69dabb5d744a5-heading\">\n            <div class=\"accordion-body\">\u201cMeteoroloogiajaamad asuvad piirkondades, kus kogutud andmed ei kajasta kliimamuutusi ega ole seet\u00f5ttu globaalse kliima uurimiseks usaldusv\u00e4\u00e4rsed.\n<p>\u201cLeidsime [USA ilma]jaamad, mis asuvad kliimaseadmete v\u00e4ljat\u00f5mbeventilaatorite k\u00f5rval, mis on \u00fcmbritsetud asfaltkattega parklate ja teedega, kuumadel katustel ning k\u00f5nniteede ja hoonete l\u00e4heduses, mis neelavad ja kiirgavad soojust.\u201d\u00a0<a title=\"\" href=\"https:\/\/wattsupwiththat.files.wordpress.com\/2009\/05\/surfacestationsreport_spring09.pdf\" target=\"_blank\" rel=\"noopener\" data-url=\"https:\/\/wattsupwiththat.files.wordpress.com\/2009\/05\/surfacestationsreport_spring09.pdf\">(<u>Watts 2009<\/u>)<\/a><\/p>\n<p><strong>Tegevus 3: Uurimuse l\u00e4biviimine m\u00fc\u00fcdi paikapidavuse kontrollimiseks. Teaduse eitamise taktikate tuvastamine<\/strong><\/p>\n\n\n<div class=\"h5p-iframe-wrapper\"><div class=\"video-placeholder-wrapper video-placeholder-wrapper--fixed\" style=\"height: 366px;\">\n\t\t\t    <div class=\"video-placeholder d-flex justify-content-center align-items-center\">\n\t\t\t        <div class=\"overlay text-white p-2 w-100 text-center d-block justify-content-center align-items-center\">\n\t\t\t            <div>Kolmandate osapoolte sisu n\u00e4gemiseks palun n\u00f5ustu k\u00fcpsistega.<\/div>\n\t\t\t            <button class=\"btn btn-secondary btn-sm mt-1 consent-change\">Muuda n\u00f5usolekut<\/button>\n\t\t\t        <\/div>\n\t\t\t    <\/div>\n\t\t\t<\/div>\n<\/div>\n\n\n\n<p>\n\t<\/p><\/div>\n        <\/div>\n        <\/div>\n    <\/div>\n\n<p>\n\t<\/p><div class=\"accordion mb-3\">\n        <div class=\"accordion-item accordion-item--white\">\n        <h2 class=\"accordion-header\" id=\"accordion-69dabb5d744ac-heading\">\n            <button class=\"accordion-button collapsed\" type=\"button\" data-bs-toggle=\"collapse\" data-bs-target=\"#accordion-69dabb5d744ac-collapse\" aria-expanded=\"true\" aria-controls=\"accordion-69dabb5d744ac-collapse\"><strong>M\u00fc\u00fct: Globaalne soojenemine on tegelikult kasulik<\/strong><\/button>\n        <\/h2>\n        <div id=\"accordion-69dabb5d744ac-collapse\" class=\"accordion-collapse collapse\" aria-labelledby=\"accordion-69dabb5d744ac-heading\">\n            <div class=\"accordion-body\">\u201dMuide, kui kavatsete millegi poolt h\u00e4\u00e4letada, h\u00e4\u00e4letage soojenemise poolt. V\u00e4hem k\u00fclma t\u00f5ttu hukkunuid, piirkonnad elamisk\u00f5lblikumad, suuremad p\u00f5llukultuurid, pikem kasvuperiood. See on hea. Soojenemine aitab vaeseid.\u201d <u><a data-url=\"https:\/\/www.youtube.com\/watch?v=ZTlYl8E_B14&amp;t=353s\" href=\"https:\/\/www.youtube.com\/watch?v=ZTlYl8E_B14&amp;t=353s\" target=\"_blank\" title=\"\" rel=\"noopener\">(John MacArthur)<\/a><\/u>\n<p><b id=\"docs-internal-guid-65a7866b-7fff-bbe6-85f8-0c2a141d5311\">Tegevus 3: Uurimuse l\u00e4biviimine m\u00fc\u00fcdi paikapidavuse kontrollimiseks. Teaduse eitamise taktikate tuvastamine<\/b>\n<\/p>\n<p>\n\n\n<\/p><div class=\"h5p-iframe-wrapper\"><div class=\"video-placeholder-wrapper video-placeholder-wrapper--fixed\" style=\"height: 366px;\">\n\t\t\t    <div class=\"video-placeholder d-flex justify-content-center align-items-center\">\n\t\t\t        <div class=\"overlay text-white p-2 w-100 text-center d-block justify-content-center align-items-center\">\n\t\t\t            <div>Kolmandate osapoolte sisu n\u00e4gemiseks palun n\u00f5ustu k\u00fcpsistega.<\/div>\n\t\t\t            <button class=\"btn btn-secondary btn-sm mt-1 consent-change\">Muuda n\u00f5usolekut<\/button>\n\t\t\t        <\/div>\n\t\t\t    <\/div>\n\t\t\t<\/div>\n<\/div>\n\n\n\n<p>\n\t<\/p><\/div>\n        <\/div>\n        <\/div>\n    <\/div>\n\n<p>\n\t<\/p><div class=\"accordion mb-3\">\n        <div class=\"accordion-item accordion-item--white\">\n        <h2 class=\"accordion-header\" id=\"accordion-69dabb5d744af-heading\">\n            <button class=\"accordion-button collapsed\" type=\"button\" data-bs-toggle=\"collapse\" data-bs-target=\"#accordion-69dabb5d744af-collapse\" aria-expanded=\"true\" aria-controls=\"accordion-69dabb5d744af-collapse\"><strong>M\u00fc\u00fct: Seos CO<sub>2<\/sub> ja temperatuuri t\u00f5usu vahel puudub<\/strong><\/button>\n        <\/h2>\n        <div id=\"accordion-69dabb5d744af-collapse\" class=\"accordion-collapse collapse\" aria-labelledby=\"accordion-69dabb5d744af-heading\">\n            <div class=\"accordion-body\">\u201dJust s\u00f5jaj\u00e4rgne industrialiseerimine p\u00f5hjustas \u00fclemaailmse CO<sub>2<\/sub> heitkoguste kiire t\u00f5usu, kuid 1945. aastaks, kui see algas, oli Maa juba jahtumisfaasis, mis algas 1942. aasta paiku ja kestis kuni 1975. aastani. 32 aastat kestnud kiiresti t\u00f5usnud globaalsetele temperatuuridele ja vaid v\u00e4hesel m\u00e4\u00e4ral globaalsete CO<sub>2<\/sub> heitkoguste suurenemisele j\u00e4rgnesid 33 aastat aeglaselt langevaid globaalseid temperatuure koos globaalse CO<sub>2<\/sub> heitkoguste kiire kasvuga. J\u00e4relikult oli IPCC jaoks petlik v\u00e4ita, et CO<sub>2<\/sub> heitkogused on peamiselt vastutavad 20. sajandi globaalse soojenemise eest.\u201d\u00a0<a data-url=\"https:\/\/archive.md\/q3Tim\" href=\"https:\/\/archive.md\/q3Tim\" target=\"_blank\" title=\"\" rel=\"noopener\">(<u>Norm Kalmanovitch<\/u>)<\/a>.<br>\u00a0\n\n<p>\n\t<strong>Tegevus 3: Uurimuse l\u00e4biviimine m\u00fc\u00fcdi paikapidavuse kontrollimiseks. Teaduse eitamise taktikate tuvastamine<\/strong>\n<\/p>\n<p>\n\n\n<\/p><div class=\"h5p-iframe-wrapper\"><div class=\"video-placeholder-wrapper video-placeholder-wrapper--fixed\" style=\"height: 366px;\">\n\t\t\t    <div class=\"video-placeholder d-flex justify-content-center align-items-center\">\n\t\t\t        <div class=\"overlay text-white p-2 w-100 text-center d-block justify-content-center align-items-center\">\n\t\t\t            <div>Kolmandate osapoolte sisu n\u00e4gemiseks palun n\u00f5ustu k\u00fcpsistega.<\/div>\n\t\t\t            <button class=\"btn btn-secondary btn-sm mt-1 consent-change\">Muuda n\u00f5usolekut<\/button>\n\t\t\t        <\/div>\n\t\t\t    <\/div>\n\t\t\t<\/div>\n<\/div>\n\n\n<p><\/p><\/div>\n        <\/div>\n        <\/div>\n    <\/div>\n<p><\/p><div class=\"accordion mb-3\">\n        <div class=\"accordion-item accordion-item--white\">\n        <h2 class=\"accordion-header\" id=\"accordion-69dabb5d744b2-heading\">\n            <button class=\"accordion-button collapsed\" type=\"button\" data-bs-toggle=\"collapse\" data-bs-target=\"#accordion-69dabb5d744b2-collapse\" aria-expanded=\"true\" aria-controls=\"accordion-69dabb5d744b2-collapse\"><strong>M\u00fc\u00fct: Kliimamuutustega seotud meetmed muudavad inimesed vaesemaks<\/strong><\/button>\n        <\/h2>\n        <div id=\"accordion-69dabb5d744b2-collapse\" class=\"accordion-collapse collapse\" aria-labelledby=\"accordion-69dabb5d744b2-heading\">\n            <div class=\"accordion-body\">\u201dEitajad kahtlevad, kas kasvuhoonegaaside heitkoguste v\u00e4hendamise j\u00f5upingutused fossiilk\u00fctuste kasutamise v\u00e4hendamiseks on \u00fclemaailmse arengu jaoks h\u00e4davajalikud. On levinud arvamus, et taastuvenergia on kallis. Tuuleenergia on kalleim viis energia tootmiseks kui alternatiivid.\u201d<br>\u00a0\n<p><strong>Tegevus 3: Uurimuse l\u00e4biviimine m\u00fc\u00fcdi paikapidavuse kontrollimiseks. Teaduse eitamise taktikate tuvastamine<\/strong><\/p>\n<p>\u00a0<\/p>\n\n\n<div class=\"h5p-iframe-wrapper\"><div class=\"video-placeholder-wrapper video-placeholder-wrapper--fixed\" style=\"height: 366px;\">\n\t\t\t    <div class=\"video-placeholder d-flex justify-content-center align-items-center\">\n\t\t\t        <div class=\"overlay text-white p-2 w-100 text-center d-block justify-content-center align-items-center\">\n\t\t\t            <div>Kolmandate osapoolte sisu n\u00e4gemiseks palun n\u00f5ustu k\u00fcpsistega.<\/div>\n\t\t\t            <button class=\"btn btn-secondary btn-sm mt-1 consent-change\">Muuda n\u00f5usolekut<\/button>\n\t\t\t        <\/div>\n\t\t\t    <\/div>\n\t\t\t<\/div>\n<\/div>\n\n\n\n<p>\n\t<\/p><\/div>\n        <\/div>\n        <\/div>\n    <\/div>\n\n<p>\n\t<\/p><div class=\"accordion mb-3\">\n        <div class=\"accordion-item accordion-item--white\">\n        <h2 class=\"accordion-header\" id=\"accordion-69dabb5d744b5-heading\">\n            <button class=\"accordion-button collapsed\" type=\"button\" data-bs-toggle=\"collapse\" data-bs-target=\"#accordion-69dabb5d744b5-collapse\" aria-expanded=\"true\" aria-controls=\"accordion-69dabb5d744b5-collapse\"><strong>M\u00fc\u00fct: Maa kliima on alati muutunud ning see j\u00e4tkab muutumist<\/strong><\/button>\n        <\/h2>\n        <div id=\"accordion-69dabb5d744b5-collapse\" class=\"accordion-collapse collapse\" aria-labelledby=\"accordion-69dabb5d744b5-heading\">\n            <div class=\"accordion-body\">\u201dKliima muutub alati. Meil on olnud j\u00e4\u00e4aegu ja soojemaid perioode, mil Teravm\u00e4gedest leiti alligaatoreid. J\u00e4\u00e4ajad on toimunud saja tuhande aastase ts\u00fckliga viimase 700 tuhande aasta jooksul ning varasemad perioodid on olnud praegusest soojemad, kuigi CO<sub>2<\/sub> tase on praegusest madalam. Viimasel ajal on meil olnud keskaegne soe periood ja v\u00e4ike j\u00e4\u00e4aeg.\u201d <u><a data-url=\"https:\/\/quadrant.org.au\/opinion\/doomed-planet\/2009\/07\/resisting-climate-hysteria\/\" href=\"https:\/\/quadrant.org.au\/opinion\/doomed-planet\/2009\/07\/resisting-climate-hysteria\/\" target=\"_blank\" title=\"\" rel=\"noopener\">(Richard Lindzen)<\/a><\/u>\n<p><strong>Tegevus 3: Uurimuse l\u00e4biviimine m\u00fc\u00fcdi paikapidavuse kontrollimiseks. Teaduse eitamise taktikate tuvastamine<\/strong>\n<\/p>\n<p>\n\n\n<\/p><div class=\"h5p-iframe-wrapper\"><div class=\"video-placeholder-wrapper video-placeholder-wrapper--fixed\" style=\"height: 366px;\">\n\t\t\t    <div class=\"video-placeholder d-flex justify-content-center align-items-center\">\n\t\t\t        <div class=\"overlay text-white p-2 w-100 text-center d-block justify-content-center align-items-center\">\n\t\t\t            <div>Kolmandate osapoolte sisu n\u00e4gemiseks palun n\u00f5ustu k\u00fcpsistega.<\/div>\n\t\t\t            <button class=\"btn btn-secondary btn-sm mt-1 consent-change\">Muuda n\u00f5usolekut<\/button>\n\t\t\t        <\/div>\n\t\t\t    <\/div>\n\t\t\t<\/div>\n<\/div>\n\n\n<p><\/p><\/div>\n        <\/div>\n        <\/div>\n    <\/div>\n<p><strong>Tegevus 4: T\u00f5estusmaterjalile sobiva vormi v\u00e4ljat\u00f6\u00f6tamine<\/strong><\/p>\n<p>Selle\u00a0tegevuse k\u00e4igus peaksite andma oma t\u00f5estusmaterjalidele asjakohase vormi, nt tegema l\u00fchivideo, postri vms, mille formaat lepitakse eelnevalt kokku \u00f5petajaga.<\/p>\n<p><strong>Tegevus 5: Uurimistulemuste esitlemine<\/strong><\/p>\n<p>N\u00fc\u00fcd peaksite te tutvustama valitud m\u00fc\u00fcti ning tehtud j\u00e4reldusi oma klassikaaslastele. Olge valmis vastama klassikaaslaste ja \u00f5petaja esitatud k\u00fcsimustele! R\u00fchmakaaslaste esitluse j\u00e4rel oled oodatud andma sellele tagasisidet.<\/p>\n<p><strong>Tegevus 6: Juhtumiuuring: T\u00fclikas naaber<\/strong><\/p>\n<p>J\u00e4rgnevas tegevuses olete kutsutud veenma t\u00fclikat naabrit. Loe t\u00e4helepanelikult l\u00e4bi j\u00e4rgnev tekst:<\/p>\n<p><em>Sinu kodu k\u00f5rval elab perekond Jalakas, kelle pereisa p\u00f5letab aias prahti, sh pakendeid ja vana m\u00f6\u00f6blit. Sinu isa on p\u00fc\u00fcdnud r\u00e4\u00e4kida nii pereisa Teeduga, kui ka pereema Kaiga, kuid vastuseks on ta saanud vaid, et see on palju keskkonnas\u00e4\u00e4stlikum kui pr\u00fcgi ladustamine pr\u00fcgim\u00e4ele. Isa selgitusele, et see pole ka kliima suhtes s\u00f5bralik, on naabrid vastanud, et nende teada on kliimamuutused t\u00e4ielikult \u201c\u00fcle haibitud\u201d ning \u00fcle\u00fcldse on viimastel talvedel olnud v\u00e4ga k\u00fclm, sh toas. Seega oleks kliima soojenemine isegi hea. Sina tunned h\u00e4sti naabri Kerti, kes on siiani tundunud \u00fcsna arukas ning m\u00f5tled, et \u00e4kki oleks v\u00f5imalik naabrite k\u00e4itumist m\u00f5jutada tema kaudu.<\/em><\/p>\n<p>L\u00e4htudes eelnevast, m\u00f5elge v\u00e4lja tegevuskava, kuidas (1) veenda naabri peret mitte p\u00f5letama pr\u00fcgi aias ning (2) t\u00f5sta \u00fchtlasi nende kliimaalast teadlikkust.<\/p>","protected":false},"excerpt":{"rendered":"<p>Sissejuhatus Selles moodulis palutakse teil uurida m\u00f5nda kliimamuutuste kohta k\u00e4ivat m\u00fc\u00fcti (levinud uskumust, arusaama), millest osasid tutvustab ka sissejuhatav video. R\u00fchmaarutelu tulemusena peaksite valima v\u00e4lja m\u00fc\u00fcdi, mida uurimuse teel \u00fcmber l\u00fckata v\u00f5i kinnitada. Uurimuse l\u00e4biviimine toimub sekundaarsete allikate (n\u00e4iteks internetimaterjalid) &#8230;<\/p>\n","protected":false},"author":315,"featured_media":0,"parent":0,"menu_order":0,"comment_status":"closed","ping_status":"closed","template":"","meta":{"_acf_changed":false,"inline_featured_image":false,"footnotes":""},"class_list":["post-61","page","type-page","status-publish","hentry"],"acf":[],"_links":{"self":[{"href":"https:\/\/sisu.ut.ee\/kliimatarkused\/wp-json\/wp\/v2\/pages\/61","targetHints":{"allow":["GET"]}}],"collection":[{"href":"https:\/\/sisu.ut.ee\/kliimatarkused\/wp-json\/wp\/v2\/pages"}],"about":[{"href":"https:\/\/sisu.ut.ee\/kliimatarkused\/wp-json\/wp\/v2\/types\/page"}],"author":[{"embeddable":true,"href":"https:\/\/sisu.ut.ee\/kliimatarkused\/wp-json\/wp\/v2\/users\/315"}],"replies":[{"embeddable":true,"href":"https:\/\/sisu.ut.ee\/kliimatarkused\/wp-json\/wp\/v2\/comments?post=61"}],"version-history":[{"count":11,"href":"https:\/\/sisu.ut.ee\/kliimatarkused\/wp-json\/wp\/v2\/pages\/61\/revisions"}],"predecessor-version":[{"id":1447,"href":"https:\/\/sisu.ut.ee\/kliimatarkused\/wp-json\/wp\/v2\/pages\/61\/revisions\/1447"}],"wp:attachment":[{"href":"https:\/\/sisu.ut.ee\/kliimatarkused\/wp-json\/wp\/v2\/media?parent=61"}],"curies":[{"name":"wp","href":"https:\/\/api.w.org\/{rel}","templated":true}]}}