{"id":6,"date":"2024-04-04T08:41:26","date_gmt":"2024-04-04T05:41:26","guid":{"rendered":"https:\/\/sisu.ut.ee\/kliimatarkused\/kaarel-vanamolder\/"},"modified":"2024-04-04T08:43:51","modified_gmt":"2024-04-04T05:43:51","slug":"kaarel-vanamolder","status":"publish","type":"page","link":"https:\/\/sisu.ut.ee\/kliimatarkused\/kaarel-vanamolder\/","title":{"rendered":"Muutuv kliima, muutuv keskkond \u2013 \u00fchiskonna reageeringud sellele ajaloolises vaates"},"content":{"rendered":"<p>\n\tKaarel Vanam\u00f6lder<br>Dotsent ja teadur<br>Tallinna \u00dclikool<\/p>\n<p>Ettekandes vaadeldi \u00fchiskonna reageeringuid kliimamuutustele, mis toimusid nn v\u00e4ikese j\u00e4\u00e4aja (14.\/16.\u201318.\/19. sajand) ja eriti selle k\u00fclmimal nn Maunderi miinimumi (1645\u20131715) perioodil. Tollane eelindustriaalne maailm oli temperatuurimuudatuste osas t\u00e4nasest m\u00e4rksa tundlikum eriti just p\u00f5llumajanduses, kus domineeris teraviljakasvatus. \u00dcldine jahenemine t\u00f5i kaasa saagikuse v\u00e4henemise, ikaldused, taudid ja k\u00f5rge suremuse, mis vallandasid mitmesuguseid, konflikte rahutusi ja ekstsesse. Samas langeb samasse perioodi ka n\u00e4iteks teadusrevolutsioon, mille k\u00e4igus p\u00fc\u00fcti vaatluse teel m\u00f5ista maailma ja universumi toimemehhanisme, s\u00f5nastati loodusseadusi jms. Taolist tegevust v\u00f5ib vaadelda samuti \u00fchiskonna reaktsioonina muutuvale keskkonnale. Juba v\u00e4ikesel j\u00e4\u00e4ajal \u00fcritati m\u00f5ista, mis n\u00e4iteks p\u00f5hjustab p\u00f5uda\/vihma v\u00f5i kas komeedid on ilmtingimata h\u00e4da ennustavad Jumala saadikud, v\u00f5i lihtsalt kosmoses liikuvad kehad. Teadusliku taimearetuse ning -kultuuride mitmekesistamise kaudu \u00fcritati minimeerida n\u00e4ljah\u00e4dade riski jms. Seega ei t\u00e4hendanud kliima \u00fcldine jahenemine varauusajal mitte \u00fcksnes katakl\u00fcsme, vaid selle n\u00e4itel on v\u00f5imalik j\u00e4lgida ka \u00fchiskonna kohanemisstrateegiaid.\n<\/p>\n<h4>\n\tKuidas \u00fchiskonnad kliimamuutustega kohanevad? Tooge v\u00e4ikese j\u00e4\u00e4aja p\u00f5hjal n\u00e4iteid.<br>\n<\/h4>\n<p>\n\t<\/p><div class=\"ratio ratio-16x9 mb-3\"><div class=\"video-placeholder-wrapper video-placeholder-wrapper--16x9\">\n\t\t\t    <div class=\"video-placeholder d-flex justify-content-center align-items-center\">\n\t\t\t        <div class=\"overlay text-white p-2 w-100 text-center d-block justify-content-center align-items-center\">\n\t\t\t            <div>Kolmandate osapoolte sisu n\u00e4gemiseks palun n\u00f5ustu k\u00fcpsistega.<\/div>\n\t\t\t            <button class=\"btn btn-secondary btn-sm mt-1 consent-change\">Muuda n\u00f5usolekut<\/button>\n\t\t\t        <\/div>\n\t\t\t    <\/div>\n\t\t\t<\/div>\n<\/div>\n\n<p>\n\t<span>Kaarel Vanam\u00f6ldri\u00a0<\/span>ettekanne teemal \u201eMuutuv kliima, muutuv keskkond \u2013\u00a0\u00fchiskonna reageeringud sellele ajaloolises vaates\u201c, salvestatud Tallinnas\u00a0\u00f5ppematerjali \u201eKliimamuutuste ABC\u201c koolitusel 10.03.2023.\n<\/p>\n<p>\n\t<span class=\"file media-element file-os-files-link-icon\" data-file_info=\"%7B%22fid%22:78101,%22view_mode%22:%22os_files_link_icon%22,%22type%22:%22media%22%7D\"><img decoding=\"async\" alt=\"\" class=\"file-icon\" src=\"\/profiles\/openscholar\/modules\/os\/modules\/os_files\/icons\/application-pdf.svg\"> <\/span><a data-url=\"https:\/\/sisu.ut.ee\/wp-content\/uploads\/sites\/635\/ettekanne_-_kaarel_vanamolder.pdf\" href=\"https:\/\/sisu.ut.ee\/wp-content\/uploads\/sites\/635\/ettekanne_-_kaarel_vanamolder.pdf\" target=\"_blank\" title=\"\" rel=\"noopener\">Kaarel Vanam\u00f6ldri ettekanne \u201eMuutuv kliima, muutuv keskkond \u2013\u00a0\u00fchiskonna reageeringud sellele ajaloolises vaates\u201c<\/a><\/p>\n","protected":false},"excerpt":{"rendered":"<p>Kaarel Vanam\u00f6lderDotsent ja teadurTallinna \u00dclikool Ettekandes vaadeldi \u00fchiskonna reageeringuid kliimamuutustele, mis toimusid nn v\u00e4ikese j\u00e4\u00e4aja (14.\/16.\u201318.\/19. sajand) ja eriti selle k\u00fclmimal nn Maunderi miinimumi (1645\u20131715) perioodil. Tollane eelindustriaalne maailm oli temperatuurimuudatuste osas t\u00e4nasest m\u00e4rksa tundlikum eriti just p\u00f5llumajanduses, kus domineeris &#8230;<\/p>\n","protected":false},"author":315,"featured_media":0,"parent":0,"menu_order":0,"comment_status":"closed","ping_status":"closed","template":"","meta":{"_acf_changed":false,"inline_featured_image":false,"footnotes":""},"class_list":["post-6","page","type-page","status-publish","hentry"],"acf":[],"_links":{"self":[{"href":"https:\/\/sisu.ut.ee\/kliimatarkused\/wp-json\/wp\/v2\/pages\/6","targetHints":{"allow":["GET"]}}],"collection":[{"href":"https:\/\/sisu.ut.ee\/kliimatarkused\/wp-json\/wp\/v2\/pages"}],"about":[{"href":"https:\/\/sisu.ut.ee\/kliimatarkused\/wp-json\/wp\/v2\/types\/page"}],"author":[{"embeddable":true,"href":"https:\/\/sisu.ut.ee\/kliimatarkused\/wp-json\/wp\/v2\/users\/315"}],"replies":[{"embeddable":true,"href":"https:\/\/sisu.ut.ee\/kliimatarkused\/wp-json\/wp\/v2\/comments?post=6"}],"version-history":[{"count":1,"href":"https:\/\/sisu.ut.ee\/kliimatarkused\/wp-json\/wp\/v2\/pages\/6\/revisions"}],"predecessor-version":[{"id":689,"href":"https:\/\/sisu.ut.ee\/kliimatarkused\/wp-json\/wp\/v2\/pages\/6\/revisions\/689"}],"wp:attachment":[{"href":"https:\/\/sisu.ut.ee\/kliimatarkused\/wp-json\/wp\/v2\/media?parent=6"}],"curies":[{"name":"wp","href":"https:\/\/api.w.org\/{rel}","templated":true}]}}