{"id":58,"date":"2024-04-04T08:41:32","date_gmt":"2024-04-04T05:41:32","guid":{"rendered":"https:\/\/sisu.ut.ee\/kliimatarkused\/anneli-poska\/"},"modified":"2024-04-04T08:43:47","modified_gmt":"2024-04-04T05:43:47","slug":"anneli-poska","status":"publish","type":"page","link":"https:\/\/sisu.ut.ee\/kliimatarkused\/anneli-poska\/","title":{"rendered":"Kliimamuutused minevikus ja t\u00e4nap\u00e4eval"},"content":{"rendered":"<p>\n\tAnneli Poska<br>Vanemteadur<br>TalTech\n<\/p>\n<p>\n\tKliimamuutused ja inimkonna osa nendes on t\u00e4nap\u00e4eva \u00fcks enim kajastust leidnud teemasid maailmas. Geoloogilises ajas ei ole kliimamuutused midagi erilist, sest mitmesugused looduslikud protsessid\u00a0 on aastatuhandete (v\u00f5i ka miljonite) v\u00e4ltel viinud maakera kliima soojenemise v\u00f5i ka jahenemiseni. Siiski arvatakse, et suurim osa hetkel n\u00e4htavatest kliimamuutustest on tingitud fossiilsete k\u00fctuste \u00fcha kasvavast kasutusest inimese poolt ja sellega seonduvast kasvuhoonegaaside (eriti CO<sub>2<\/sub>) osakaalu suurenemisest Maa atmosf\u00e4\u00e4ris.\n<\/p>\n<p>\n\tInimtekkelisi kliimamuutusi seostatakse \u00fcldiselt viimase 100-200 aastaga, ning varasemat v\u00f5imaliku inimtegevuse m\u00f5ju kliimale peetakse sageli t\u00fchiseks. Samas on teada, et inimese tegevus on juba aastatuhandeid m\u00f5jutanud Maa pinnakatet. Ka k\u00f5ige esimese Eesti pinnalt teada oleva asula, P\u00e4rnumaal Sindi j\u00f5e kaldal asuva Pulli asulakoha, kiviaegsetest k\u00fcttidest ja korilastest elanikud elanikud kasutasid elupaiga \u00fcmbruses leiduvat puituitu ehitus ja k\u00fcttematerjalina, muutes oluliselt asula l\u00e4hi\u00fcmbruse taimkatet. Sellistest pisikestest ajutistest asulatest j\u00e4etud j\u00e4lg oli v\u00e4ike ja ebap\u00fcsiv. Koos p\u00f5llunduse levikuga ja laiaulatusliku metsade raadamisega nii Euroopas kui ka mujal maailmas muutus aga inimese tegevus maastiku \u00fcmberkujundamisel \u00fcha m\u00e4rgatavamaks ja p\u00fcsivamaks ning m\u00f5ju Maa s\u00fcsinikuringele \u00fcha ilmsemaks. Aastatuhandete jooksul maaharimisest tingitud globaalsed arvestuslikud s\u00fcsinikuemissioonid ulatuvad 500 GtC-ini ja t\u00f5stsid CO<sub>2<\/sub> hulka atmosf\u00e4\u00e4ris juba aastatuhandeid tagasi. Metsade asendumine p\u00f5ldude ja rohumaadega muudab maapinna p\u00e4ikesekiirguse tagasipeegeldamise v\u00f5imet (albeedot) ja veeringega seotud soojusenergiavooge. Viimased uuringud n\u00e4itavad, et maakatte muutusest tingitud suve ja talvetemperatuuride muutus v\u00f5ib ulatud \u00b11\u00b0C kesk ja p\u00f5hja Euroopas.\n<\/p>\n<p>\n\tKokkuv\u00f5tteks v\u00f5ib \u00f6elda, et inimtekkeliste kliimamuutuste algusaeg on oluliselt varasem \u00fcldiselt arvatust ning mitmekesisemate tekkemehhanismidega. Seega peavad ka meie pingutused praeguste kliimamuutuste leevendamiseks olema p\u00f5hjalikult l\u00e4bi m\u00f5eldud ja erinevaid tegureid arvestavad.\n<\/p>\n<p>\n\t<\/p><div class=\"ratio ratio-16x9 mb-3\"><div class=\"video-placeholder-wrapper video-placeholder-wrapper--16x9\">\n\t\t\t    <div class=\"video-placeholder d-flex justify-content-center align-items-center\">\n\t\t\t        <div class=\"overlay text-white p-2 w-100 text-center d-block justify-content-center align-items-center\">\n\t\t\t            <div>Kolmandate osapoolte sisu n\u00e4gemiseks palun n\u00f5ustu k\u00fcpsistega.<\/div>\n\t\t\t            <button class=\"btn btn-secondary btn-sm mt-1 consent-change\">Muuda n\u00f5usolekut<\/button>\n\t\t\t        <\/div>\n\t\t\t    <\/div>\n\t\t\t<\/div>\n<\/div>\n\n<p>\n\tAnneli Poska ettekanne teemal \u201eKliimamuutused minevikus ja t\u00e4nap\u00e4eval\u201c, salvestatud Tartus \u00f5ppematerjali \u201eKliimamuutuste ABC\u201c koolitusel 02.03.2023.\n<\/p>\n<p>\n\t<span class=\"file media-element file-os-files-link-icon\" data-file_info=\"%7B%22fid%22:77919,%22view_mode%22:%22os_files_link_icon%22,%22type%22:%22media%22%7D\"><img decoding=\"async\" alt=\"\" class=\"file-icon\" src=\"\/profiles\/openscholar\/modules\/os\/modules\/os_files\/icons\/application-pdf.svg\"> <\/span><a data-url=\"https:\/\/sisu.ut.ee\/wp-content\/uploads\/sites\/635\/ettekanne_-_anneli_poska.pdf\" href=\"https:\/\/sisu.ut.ee\/wp-content\/uploads\/sites\/635\/ettekanne_-_anneli_poska.pdf\" target=\"_blank\" title=\"\" rel=\"noopener\">Anneli Poska ettekanne \u201eKliimamuutused minevikus ja t\u00e4nap\u00e4eval\u201c<\/a><\/p>\n","protected":false},"excerpt":{"rendered":"<p>Anneli PoskaVanemteadurTalTech Kliimamuutused ja inimkonna osa nendes on t\u00e4nap\u00e4eva \u00fcks enim kajastust leidnud teemasid maailmas. Geoloogilises ajas ei ole kliimamuutused midagi erilist, sest mitmesugused looduslikud protsessid\u00a0 on aastatuhandete (v\u00f5i ka miljonite) v\u00e4ltel viinud maakera kliima soojenemise v\u00f5i ka jahenemiseni. Siiski &#8230;<\/p>\n","protected":false},"author":315,"featured_media":0,"parent":0,"menu_order":0,"comment_status":"closed","ping_status":"closed","template":"","meta":{"_acf_changed":false,"inline_featured_image":false,"footnotes":""},"class_list":["post-58","page","type-page","status-publish","hentry"],"acf":[],"_links":{"self":[{"href":"https:\/\/sisu.ut.ee\/kliimatarkused\/wp-json\/wp\/v2\/pages\/58","targetHints":{"allow":["GET"]}}],"collection":[{"href":"https:\/\/sisu.ut.ee\/kliimatarkused\/wp-json\/wp\/v2\/pages"}],"about":[{"href":"https:\/\/sisu.ut.ee\/kliimatarkused\/wp-json\/wp\/v2\/types\/page"}],"author":[{"embeddable":true,"href":"https:\/\/sisu.ut.ee\/kliimatarkused\/wp-json\/wp\/v2\/users\/315"}],"replies":[{"embeddable":true,"href":"https:\/\/sisu.ut.ee\/kliimatarkused\/wp-json\/wp\/v2\/comments?post=58"}],"version-history":[{"count":1,"href":"https:\/\/sisu.ut.ee\/kliimatarkused\/wp-json\/wp\/v2\/pages\/58\/revisions"}],"predecessor-version":[{"id":637,"href":"https:\/\/sisu.ut.ee\/kliimatarkused\/wp-json\/wp\/v2\/pages\/58\/revisions\/637"}],"wp:attachment":[{"href":"https:\/\/sisu.ut.ee\/kliimatarkused\/wp-json\/wp\/v2\/media?parent=58"}],"curies":[{"name":"wp","href":"https:\/\/api.w.org\/{rel}","templated":true}]}}