{"id":55,"date":"2024-04-04T08:41:31","date_gmt":"2024-04-04T05:41:31","guid":{"rendered":"https:\/\/sisu.ut.ee\/kliimatarkused\/c4-valtimatute-kliimamuutustega-kohanemine\/"},"modified":"2024-04-04T08:43:47","modified_gmt":"2024-04-04T05:43:47","slug":"c4-valtimatute-kliimamuutustega-kohanemine","status":"publish","type":"page","link":"https:\/\/sisu.ut.ee\/kliimatarkused\/c4-valtimatute-kliimamuutustega-kohanemine\/","title":{"rendered":"C4 V\u00e4ltimatute kliimamuutustega kohanemine"},"content":{"rendered":"<h4>\n\tMilliste kliimamuutustega oled juba kohanenud ja kuidas? V\u00f5ib-olla oled juba n\u00e4iteks tegutsenud tervise hoidmiseks kuumalainete ajal. Millega ja kuidas pead t\u00f5en\u00e4oliselt tulevikus kohanema?<br>\n<\/h4>\n<p>\n\tV\u00e4ltimatute kliimamuutustega tuleb nende kahjulike m\u00f5jude v\u00e4hendamiseks kohaneda. \u00dchelt poolt on kliimamuutused juba kohal ja tuleb arvestada juba muutunud kliimatingimustega, teiselt poolt aga kasvab globaalne inimtekkeline kasvuhoonegaaside heitkogus endist viisi ja peame juba valmistuma ees ootavateks t\u00f5sisemateks kliimamuutusteks. Ees ootavateks muutusteks on v\u00f5imalik teadusp\u00f5hiselt valmistuda, toetudes kliimaprojektsioonide anal\u00fc\u00fcsile. H\u00e4sti planeeritud kohanemine s\u00e4\u00e4stab nii ressursse kui ka inimelusid (<a data-url=\"https:\/\/www.ipcc.ch\/report\/ar6\/wg2\/\" href=\"https:\/\/www.ipcc.ch\/report\/ar6\/wg2\/\" target=\"_blank\" title=\"\" rel=\"noopener\">IPCC AR6 WGII<\/a>). Selleks tuleb p\u00f5hjalikult l\u00e4bi m\u00f5elda kliimamuutustega kaasnevad riskid ning riske maandada, suurendades vastupanuv\u00f5imet (<a data-url=\"https:\/\/www.ipcc.ch\/report\/ar6\/wg2\/\" href=\"https:\/\/www.ipcc.ch\/report\/ar6\/wg2\/\" target=\"_blank\" title=\"\" rel=\"noopener\">IPCC AR6 WGII<\/a>). N\u00e4iteks tuleb m\u00f5elda, kuidas arstiabi oleks k\u00e4ttesaadav ka \u00e4\u00e4rmuslike ilmaolude korral ja iga inimene oskaks kaitsta oma tervist, n\u00e4iteks kuumarabandust \u00e4ra hoida. Infrastruktuuri ja vara saab kaitsta senisest tugevamaid \u00fcleujutusi ja maastikup\u00f5lenguid ette n\u00e4hes.<\/p>\n<p>Eestis ja Euroopas tuleb valmis olla nii meie piirkonnas aset leidvateks kliimamuutusteks kui arvestada ka kliimamuutuste m\u00f5judega, mis j\u00f5uavad meieni mujalt maailmast. \u201e<a data-url=\"https:\/\/kliimaministeerium.ee\/kliimamuutustega-kohanemise-arengukava\" href=\"https:\/\/kliimaministeerium.ee\/kliimamuutustega-kohanemise-arengukava\" target=\"_blank\" title=\"\" rel=\"noopener\">Eesti kliimamuutustega kohanemise arengukava<\/a>\u201c seab muu hulgas eesm\u00e4rgiks \u00e4\u00e4rmuslike ilmaolude korral seire- ja hoiatuss\u00fcsteemide arendamise ning p\u00e4\u00e4stev\u00f5imekuse t\u00f5stmise, planeerimistegevuse k\u00e4igus \u00fcleujutusriskide maandamise, muutuva kliima tingimustesse sobilike p\u00f5llukultuuride kasvatamise ja kliimahariduse arendamise. Iga\u00fcks saab valmistuda kliimamuutusteks ja \u00e4\u00e4rmuslikeks ilmaoludeks valmis olla. N\u00e4iteks v\u00f5ib \u00f5ppida, kuidas k\u00e4ituda loodus\u00f5nnetuse korral v\u00f5i siis, kui taristu ei toimi, ja valmis olla kriisiolukordadeks (vt ka <a data-url=\"https:\/\/www.olevalmis.ee\/\" href=\"https:\/\/www.olevalmis.ee\/\" target=\"_blank\" title=\"\" rel=\"noopener\">k\u00e4itumisjuhiseid kriisiolukordadeks<\/a>).<\/p>\n<p>Looduse hoidmisel ja taastamisel on oluline roll kliimamuutustega kohanemisel (<a data-url=\"https:\/\/www.ipcc.ch\/report\/ar6\/wg2\/\" href=\"https:\/\/www.ipcc.ch\/report\/ar6\/wg2\/\" target=\"_blank\" title=\"\" rel=\"noopener\">IPCC AR6 WGII<\/a>). Elurikkus ehk bioloogiline mitmekesisus aitab puhverdada kliimamuutuste negatiivseid m\u00f5jusid. Liigilisel mitmekesisusel on seos funktsioonide rohkuse ja mitmekesisusega. Liigivaene puistu on kliimamuutuste m\u00f5judele, sh kahjuripuhangutele, p\u00f5udadele ja teistele \u00e4\u00e4rmuslikele ilmaoludele, palju v\u00e4hem vastupidav kui liigirikas puistu. Mitmekesine p\u00f5llumajandusmaastik, kus leiavad elupaiga paljud organismir\u00fchmad, on kliimamuutuste m\u00f5jude ja h\u00e4iringute korral vastupidavam. Kliimamuutustega kaasnevad \u00e4\u00e4rmuslikumad ilmaolud, mis toovad omakorda kaasa suureneva ikaldusohu, tormikahjustusi ja liigniiskusest tingitud probleeme. Oskuslik elurikkuse ja looduse h\u00fcvede l\u00f5imimine maastikku aitab v\u00e4hendada \u00e4\u00e4rmuslike ilmaolude m\u00f5ju ning samal ajal pidurdada kliimamuutusi.\n<\/p>\n<h4>\n\tKujutle, et satud ekstreemse lumetormi t\u00f5ttu olukorda, kus puudub elekter ning poed on suletud. Kui pikaks ajaks on sul sellises olukorras toimetulekuks varud olemas? Millest j\u00e4\u00e4b puudu? Kui kaua saaksid \u00fcksi v\u00f5i l\u00e4hedastega hakkama? Millest see s\u00f5ltub? Millised v\u00f5iksid olla pikemaajalised lahendused?\n<\/h4><p>M\u00f5tle, mida peaks Eestis veel tegema, et kliimamuutusteks paremini valmis olla! Vaata ka lisa\u00fclesandeid <a data-url=\"https:\/\/kliimateadlik.ut.ee\/kliimatarkused\/lisa%C3%BClesanded\" href=\"https:\/\/kliimateadlik.ut.ee\/kliimatarkused\/lisa%C3%BClesanded\" target=\"_blank\" title=\"\" rel=\"noopener\">\u201eT3 Soojussaared\u201c<\/a> ja <a data-url=\"https:\/\/kliimateadlik.ut.ee\/kliimatarkused\/lisa%C3%BClesanded\" href=\"https:\/\/kliimateadlik.ut.ee\/kliimatarkused\/lisa%C3%BClesanded\" target=\"_blank\" title=\"\" rel=\"noopener\">\u201eT4 \u00dcleujutusalad\u201c<\/a>!<br>\n\n<\/p><blockquote>\n<p>\n\t\t<strong>P\u00f5his\u00f5numid<\/strong>\n\t<\/p>\n<ul>\n<li>\n\t\t\tPeame juba praegu valmistuma ees ootavateks t\u00f5sisemateks kliimamuutusteks.\n\t\t<\/li>\n<li>\n\t\t\tEestis tuleb valmis olla nii kohapealseteks kliimamuutusteks kui arvestada ka kliimamuutuste m\u00f5judega, mis j\u00f5uavad siia mujalt maailmast.\n\t\t<\/li>\n<\/ul>\n<\/blockquote>\n<p>\n\t<br><strong>Lisamaterjal<\/strong><\/p>\n<p>Euroopa kliimamuutustega kohanemise portaal <a data-url=\"https:\/\/climate-adapt.eea.europa.eu\/\" href=\"https:\/\/climate-adapt.eea.europa.eu\/\" target=\"_blank\" title=\"\" rel=\"noopener\">Climate-ADAPT<\/a><br><a data-url=\"https:\/\/data.consilium.europa.eu\/doc\/document\/ST-6521-2021-INIT\/et\/pdf\" href=\"https:\/\/data.consilium.europa.eu\/doc\/document\/ST-6521-2021-INIT\/et\/pdf\" target=\"_blank\" title=\"\" rel=\"noopener\">ELi kliimamuutustega kohanemise strateegia<\/a><br><a data-url=\"https:\/\/kliimaministeerium.ee\/kliimamuutustega-kohanemise-arengukava\" href=\"https:\/\/kliimaministeerium.ee\/kliimamuutustega-kohanemise-arengukava\" target=\"_blank\" title=\"\" rel=\"noopener\">Eesti kliimamuutustega kohanemise arengukava<\/a><br><a data-url=\"https:\/\/www.ipcc.ch\/report\/ar6\/wg2\/downloads\/report\/IPCC_AR6_WGII_SummaryForPolicymakers.pdf\" href=\"https:\/\/www.ipcc.ch\/report\/ar6\/wg2\/downloads\/report\/IPCC_AR6_WGII_SummaryForPolicymakers.pdf\" target=\"_blank\" title=\"\" rel=\"noopener\">IPCC AR6 WGII SPM<\/a><br>\u00dchinenud Rahvaste Organisatsiooni keskkonnaprogrammi raportid <a data-url=\"https:\/\/www.unep.org\/resources\/adaptation-gap-report\" href=\"https:\/\/www.unep.org\/resources\/adaptation-gap-report\" target=\"_blank\" title=\"\" rel=\"noopener\">kliimamuutustega kohanemise kohta<\/a><\/p>\n","protected":false},"excerpt":{"rendered":"<p>Milliste kliimamuutustega oled juba kohanenud ja kuidas? V\u00f5ib-olla oled juba n\u00e4iteks tegutsenud tervise hoidmiseks kuumalainete ajal. Millega ja kuidas pead t\u00f5en\u00e4oliselt tulevikus kohanema? V\u00e4ltimatute kliimamuutustega tuleb nende kahjulike m\u00f5jude v\u00e4hendamiseks kohaneda. \u00dchelt poolt on kliimamuutused juba kohal ja tuleb arvestada &#8230;<\/p>\n","protected":false},"author":315,"featured_media":0,"parent":0,"menu_order":0,"comment_status":"closed","ping_status":"closed","template":"","meta":{"_acf_changed":false,"inline_featured_image":false,"footnotes":""},"class_list":["post-55","page","type-page","status-publish","hentry"],"acf":[],"_links":{"self":[{"href":"https:\/\/sisu.ut.ee\/kliimatarkused\/wp-json\/wp\/v2\/pages\/55","targetHints":{"allow":["GET"]}}],"collection":[{"href":"https:\/\/sisu.ut.ee\/kliimatarkused\/wp-json\/wp\/v2\/pages"}],"about":[{"href":"https:\/\/sisu.ut.ee\/kliimatarkused\/wp-json\/wp\/v2\/types\/page"}],"author":[{"embeddable":true,"href":"https:\/\/sisu.ut.ee\/kliimatarkused\/wp-json\/wp\/v2\/users\/315"}],"replies":[{"embeddable":true,"href":"https:\/\/sisu.ut.ee\/kliimatarkused\/wp-json\/wp\/v2\/comments?post=55"}],"version-history":[{"count":1,"href":"https:\/\/sisu.ut.ee\/kliimatarkused\/wp-json\/wp\/v2\/pages\/55\/revisions"}],"predecessor-version":[{"id":640,"href":"https:\/\/sisu.ut.ee\/kliimatarkused\/wp-json\/wp\/v2\/pages\/55\/revisions\/640"}],"wp:attachment":[{"href":"https:\/\/sisu.ut.ee\/kliimatarkused\/wp-json\/wp\/v2\/media?parent=55"}],"curies":[{"name":"wp","href":"https:\/\/api.w.org\/{rel}","templated":true}]}}