{"id":53,"date":"2024-04-04T08:41:31","date_gmt":"2024-04-04T05:41:31","guid":{"rendered":"https:\/\/sisu.ut.ee\/kliimatarkused\/c2-uksikisikute-ja-kogukondade-ettevotete-ning-riikide-roll-heitkoguste-vahendamisel\/"},"modified":"2024-04-04T08:43:47","modified_gmt":"2024-04-04T05:43:47","slug":"c2-uksikisikute-ja-kogukondade-ettevotete-ning-riikide-roll-heitkoguste-vahendamisel","status":"publish","type":"page","link":"https:\/\/sisu.ut.ee\/kliimatarkused\/c2-uksikisikute-ja-kogukondade-ettevotete-ning-riikide-roll-heitkoguste-vahendamisel\/","title":{"rendered":"C2 \u00dcksikisikute ja kogukondade, ettev\u00f5tete ning riikide roll heitkoguste v\u00e4hendamisel"},"content":{"rendered":"<p>\n\t<strong>\u00dcksikisikute ja kogukondade roll<\/strong>\n<\/p>\n<p>\n\tMeil kui \u00fcksikisikutel on v\u00f5ime oma valikute varal kasvuhoonegaaside heitkoguseid tuntavalt kahandada, eriti neil, kelle sissetulek on k\u00f5rgem nii globaalses (vt \u00fclesannet A5) kui ka riigisiseses v\u00f5rdluses (<a data-url=\"https:\/\/www.ipcc.ch\/report\/sixth-assessment-report-working-group-3\/\" href=\"https:\/\/www.ipcc.ch\/report\/sixth-assessment-report-working-group-3\/\" target=\"_blank\" title=\"\" rel=\"noopener\">IPCC AR6 WGIII Ch5<\/a>). Kui palju ma tarbin ja kas see k\u00f5ik on vajalik? Kui energias\u00e4\u00e4stlik on mu kodu? Millist transporti kasutan? Mida ma s\u00f6\u00f6n? Kas ma oskan mingil m\u00e4\u00e4ral omale toitu kasvatada? Iga inimese panus kasvuhoonegaaside heitkoguste v\u00e4hendamisel on t\u00e4htis, kuna ainult nii suudame hoida kliima soojenemise sellisel tasemel, millega suudame kohaneda (<a data-url=\"https:\/\/www.ipcc.ch\/report\/ar6\/wg2\/\" href=\"https:\/\/www.ipcc.ch\/report\/ar6\/wg2\/\" target=\"_blank\" title=\"\" rel=\"noopener\">IPCC AR6 WGII<\/a>; <a data-url=\"https:\/\/www.ipcc.ch\/report\/sixth-assessment-report-working-group-3\/\" href=\"https:\/\/www.ipcc.ch\/report\/sixth-assessment-report-working-group-3\/\" target=\"_blank\" title=\"\" rel=\"noopener\">IPCC AR6 WGIII<\/a>). Suur osa inimestest on valmis oma harjumusi muutma, et kliima ja keskkonna olukorda parandada (<a data-url=\"https:\/\/www.eib.org\/en\/surveys\/climate-survey\/4th-climate-survey\/skepticism-reduced-carbon-emission-targets.htm\" href=\"https:\/\/www.eib.org\/en\/surveys\/climate-survey\/4th-climate-survey\/skepticism-reduced-carbon-emission-targets.htm\" target=\"_blank\" title=\"\" rel=\"noopener\">EIB 2022<\/a>). \u00dcksikisiku valikutel ja harjumustel on siin m\u00e4\u00e4rav t\u00e4htsus; nende hoiakutest, v\u00e4\u00e4rtustest ja panusest s\u00f5ltub majanduse ja poliitika \u00fcmberkujundamine (<a data-url=\"https:\/\/www.ipcc.ch\/report\/ar6\/wg3\/downloads\/report\/IPCC_AR6_WGIII_Chapter_05.pdf\" href=\"https:\/\/www.ipcc.ch\/report\/ar6\/wg3\/downloads\/report\/IPCC_AR6_WGIII_Chapter_05.pdf\" target=\"_blank\" title=\"\" rel=\"noopener\">IPCC AR6 WGIII, Ch 5<\/a>).\n<\/p>\n<p>\n\tIsikliku k\u00e4itumise kliimas\u00f5bralikuks kohandamise kaudu tunnevad paljud end v\u00f5imestatuna, v\u00f5ttes kontrolli endale k\u00e4ttesaadavate muutuste \u00fcle. Heaolu defineerimine tarbimiselt ja v\u00e4listelt n\u00e4itajatelt suhetekesksetele, sisemistele v\u00e4\u00e4rtustele on nii \u00f5nnelikkust suurendav kui ka keskkonnajalaj\u00e4lge v\u00e4hendav (vt <a data-url=\"https:\/\/kliimateadlik.ut.ee\/kliimatarkused\/lisa%C3%BClesanded\" href=\"https:\/\/kliimateadlik.ut.ee\/kliimatarkused\/lisa%C3%BClesanded\" target=\"_blank\" title=\"\" rel=\"noopener\">lisa\u00fclesannet T1<\/a>). Sellisest k\u00e4itumisest on ka \u00fcldisemat kasu: oma tarbimist v\u00e4hendavad \u00fcksikisikud on teadlikumad ja n\u00f5udlikumad kodanikud, sest nad on muutuste nimel isiklikke pingutusi teinud ning innustavad ka teisi (<a data-url=\"https:\/\/www.nature.com\/articles\/s41558-018-0119-8.epdf\" href=\"https:\/\/www.nature.com\/articles\/s41558-018-0119-8.epdf\" target=\"_blank\" title=\"\" rel=\"noopener\">van Vuuren jt 2018<\/a>). Samas s\u00f5ltub p\u00fchendumus \u00fcmbritsevate inimeste sarnasest k\u00e4itumisest. Eesti inimestest 67% arvab, et teeb k\u00f5ik endast s\u00f5ltuva, et kasvuhoonegaaside heitkoguseid v\u00e4hendada. Ometi arvab vaid 35%, et sama teevad ka teised (<a data-url=\"https:\/\/www.eib.org\/attachments\/publications\/the_eib_climate_survey_2021_2022_en.pdf\" href=\"https:\/\/www.eib.org\/attachments\/publications\/the_eib_climate_survey_2021_2022_en.pdf\" target=\"_blank\" title=\"\" rel=\"noopener\">EIB 2022<\/a>). Segadust tekitab selguse puudumine, millistest muutustest on k\u00f5ige rohkem kasu, ning rohepesu (<a data-url=\"https:\/\/www.cambridge.org\/core\/journals\/global-sustainability\/article\/discourses-of-climate-delay\/7B11B722E3E3454BB6212378E32985A7\" href=\"https:\/\/www.cambridge.org\/core\/journals\/global-sustainability\/article\/discourses-of-climate-delay\/7B11B722E3E3454BB6212378E32985A7\" target=\"_blank\" title=\"\" rel=\"noopener\">Lamb jt 2020<\/a>).\n<\/p>\n<p>\n\t\u00dcksikisiku tegevusest suurem m\u00f5ju on kollektiivsel tegevusel. Majandusmudeli muutumist ning tootmise-tarbimise v\u00e4hendamist toetab arvestatav hulk inimesi. Nii toetab 43% Eesti elanikest pideva majanduskasvu ootusest loobumist, 63% energiatarbimise v\u00e4hendamist ning 62% tootmise ja tarbimise v\u00e4hendamist (<a data-url=\"https:\/\/kliimaministeerium.ee\/rohereform\/keskkonnateadlikkus\/uuringud\" href=\"https:\/\/kliimaministeerium.ee\/rohereform\/keskkonnateadlikkus\/uuringud\" target=\"_blank\" title=\"\" rel=\"noopener\">Eesti elanike keskkonnateadlikkuse uuring 2022<\/a>). Kollektiivne tegevus heitkoguste v\u00e4hendamiseks t\u00e4hendab kogukondade moodustamist, koost\u00f6\u00f6d keskkonnas\u00e4\u00e4stlike tegevuste nimel, ringmajandusteenuste organiseerimist, aga ka aktivismi. Keskkonnaaktivismi \u00fcks olulisemaid rolle on seni olnud teadlikkuse t\u00f5stmine \u2013 protestiaktsioonide m\u00f5ju teadlikkusele on arvestatav (<a data-url=\"https:\/\/onlinelibrary.wiley.com\/doi\/10.1111\/gcb.14978\" href=\"https:\/\/onlinelibrary.wiley.com\/doi\/10.1111\/gcb.14978\" target=\"_blank\" title=\"\" rel=\"noopener\">Thackeray jt 2020<\/a>) ja kestev (<a data-url=\"https:\/\/yougov.co.uk\/topics\/politics\/articles-reports\/2021\/11\/09\/concern-environment-reaches-record-high-yougov-top\" href=\"https:\/\/yougov.co.uk\/topics\/politics\/articles-reports\/2021\/11\/09\/concern-environment-reaches-record-high-yougov-top\" target=\"_blank\" title=\"\" rel=\"noopener\">Smith 2021<\/a>). Kliimaaktivistid on suutnud m\u00f5jutada riikide poliitikat surve kaudu, mida nad avaldavad v\u00f5imulolijaile (<a data-url=\"https:\/\/report.ipcc.ch\/ar6\/wg3\/IPCC_AR6_WGIII_Full_Report.pdf\" href=\"https:\/\/report.ipcc.ch\/ar6\/wg3\/IPCC_AR6_WGIII_Full_Report.pdf\" target=\"_blank\" title=\"\" rel=\"noopener\">IPCC, AR6 WGIII, Ch. 1<\/a>), aga m\u00f5jutatakse ka fossiilk\u00fctustep\u00f5hiseid ettev\u00f5tteid ja kohalikke omavalitsusi. Kollektiivsel kliimaaktivismil on ka kliima\u00e4revust v\u00e4hendav m\u00f5ju (vt <a data-url=\"https:\/\/kliimateadlik.ut.ee\/kliimatarkused\/lisa%C3%BClesanded\" href=\"https:\/\/kliimateadlik.ut.ee\/kliimatarkused\/lisa%C3%BClesanded\" target=\"_blank\" title=\"\" rel=\"noopener\">lisa\u00fclesannet T2<\/a>; <a data-url=\"https:\/\/link.springer.com\/article\/10.1007\/s12144-022-02735-6\" href=\"https:\/\/link.springer.com\/article\/10.1007\/s12144-022-02735-6\" target=\"_blank\" title=\"\" rel=\"noopener\">Schwartz jt 2022<\/a>).\n<\/p>\n<p>\n\t<strong>Riikide roll<\/strong>\n<\/p>\n<p>\n\tRiikide valitsuste k\u00e4sutuses on mitmesugused meetmed kliimamuutuste pidurdamiseks ja sellega kohanemiseks: investeerimine, maksustamine, subsideerimine jm regulatsioonid.<br>T\u00e4psemalt saavad riigid teha j\u00e4rgmist (<a data-url=\"https:\/\/books.google.co.uk\/books\/about\/How_To_Save_Our_Planet.html?id=5m3yDwAAQBAJ&amp;redir_esc=y\" href=\"https:\/\/books.google.co.uk\/books\/about\/How_To_Save_Our_Planet.html?id=5m3yDwAAQBAJ&amp;redir_esc=y\" target=\"_blank\" title=\"\" rel=\"noopener\">Maslin 2021<\/a>):\n<\/p>\n<ul>\n<li>\n\t\tregulaarselt anal\u00fc\u00fcsida riiklikku s\u00fcsinikueelarvet, mis annab hinnangu s\u00fcsinikuheite ja sidumisv\u00f5ime tasakaalule;\n\t<\/li>\n<li>\n\t\tseada eesm\u00e4rgiks v\u00f5imalikult kiiresti s\u00fcsinikuneutraalsuseni j\u00f5udmine ja koostada t\u00e4pne kava, kuidas heidet v\u00e4hendada;\n\t<\/li>\n<li>\n\t\tl\u00f5petada fossiilk\u00fctuste subsideerimine, maksustada selle kasutamine;\n\t<\/li>\n<li>\n\t\tluua ja toetada madala s\u00fcsinikuheitega infrastruktuuri, sh \u00fchistransporti, elamute soojustamist ja passiivmajade ehitust;\n\t<\/li>\n<li>\n\t\thoida ja taastada looduskeskkonda, eriti elurikkaid kooslusi (metsi, m\u00e4rgalasid), toetada keskkonnahoidlikku ja mullastikku s\u00e4\u00e4stvat ning taastavat p\u00f5llumajandust;\n\t<\/li>\n<li>\n\t\ttegeleda tasakaalustatud ja t\u00f5husa metsamajandamisega, v\u00f5imaldades sidudes s\u00fcsinikku sidumist pikaaegsetesse puittoodetesse;\n\t<\/li>\n<li>\n\t\ttoetada ja julgustada v\u00e4ikese s\u00fcsinikuheitega tarbimist, sh ringmajandust, taimetoidu tootmist ja tarbimist;\n\t<\/li>\n<li>\n\t\trahvusvahelist koost\u00f6\u00f6d globaalseks heitkoguste v\u00e4hendamiseks (vt C3 Rahvusvaheline kliimapoliitika heitkoguste v\u00e4hendamiseks).<br>\u00a0\n\t<\/li>\n<\/ul>\n<p>\n\t<strong>Ettev\u00f5tete roll<\/strong>\n<\/p>\n<ul>\n<li>\n\t\tRiikidel on suur roll majanduse suunamisel keskkonnahoidlikule teele, ent otsesed hoovad vastata \u00fcleskutsele heidete v\u00e4hendamiseks on suurel m\u00e4\u00e4ral ettev\u00f5tete k\u00e4es. Ettev\u00f5tted saavad (<a data-url=\"https:\/\/books.google.co.uk\/books\/about\/How_To_Save_Our_Planet.html?id=5m3yDwAAQBAJ&amp;redir_esc=y\" href=\"https:\/\/books.google.co.uk\/books\/about\/How_To_Save_Our_Planet.html?id=5m3yDwAAQBAJ&amp;redir_esc=y\" target=\"_blank\" title=\"\" rel=\"noopener\">Maslin 2021<\/a> p\u00f5hjal):\n\t<\/li>\n<li>\n\t\tseada eesm\u00e4rgiks v\u00f5imalikult kiiresti s\u00fcsinikuneutraalsuseni j\u00f5udmine ja koostada t\u00e4pne kava, kuidas heidet v\u00e4hendada;\n\t<\/li>\n<li>\n\t\tseada paika mehhanismid, millega teha oma tegevus l\u00e4bipaistvaks, nii et ei tekiks rohepesu ohtu;\n\t<\/li>\n<li>\n\t\tkasutada taastuvenergiat ning kohapeal ise energiat toota;\n\t<\/li>\n<li>\n\t\tminimeerida uue tooraine kasutamist ning osaleda ringmajanduses;\n\t<\/li>\n<li>\n\t\tv\u00e4ltida s\u00fcsinikumahukat sisseostetavat toodangut ja teha koost\u00f6\u00f6d vastutustundlike partneritega;\n\t<\/li>\n<li>\n\t\tmuuta keskkonnateadlikud valikud ettev\u00f5tte tegevuses keskseks.\n\t<\/li>\n<\/ul>\n<p>\n\t\u00a0\n<\/p>\n<blockquote>\n<p>\n\t\t<strong>P\u00f5his\u00f5numid<\/strong>\n\t<\/p>\n<ul>\n<li>\n\t\t\tMuutuma peavad nii \u00fcksikisikute valikud ja eelistused, riikide majanduspoliitika kui ka ettev\u00f5tete p\u00fchendumus keskkonnaeesm\u00e4rkidele.\n\t\t<\/li>\n<li>\n\t\t\tInimesed on valmis ja suutelised oma k\u00e4itumist muutma; heaolu defineerimine tarbimiselt ja v\u00e4listelt n\u00e4itajatelt\u00a0 suhetekesksetele, sisemistele v\u00e4\u00e4rtustele on nii \u00f5nnelikkust suurendav kui ka keskkonnajalaj\u00e4lge v\u00e4hendav.\n\t\t<\/li>\n<\/ul>\n<\/blockquote>\n<p>\n\t<strong>Lisamaterjal<\/strong><\/p>\n<p><a data-url=\"https:\/\/www.ipcc.ch\/report\/sixth-assessment-report-working-group-3\/\" href=\"https:\/\/www.ipcc.ch\/report\/sixth-assessment-report-working-group-3\/\" target=\"_blank\" title=\"\" rel=\"noopener\">IPCC AR6 WGIII<\/a>\n<\/p>\n<p>\n\t<a data-url=\"https:\/\/climate.ec.europa.eu\/eu-action\/climate-strategies-targets_en\" href=\"https:\/\/climate.ec.europa.eu\/eu-action\/climate-strategies-targets_en\" target=\"_blank\" title=\"\" rel=\"noopener\">Euroopa Liidu kliimaeesm\u00e4rgid<\/a><\/p>\n","protected":false},"excerpt":{"rendered":"<p>\u00dcksikisikute ja kogukondade roll Meil kui \u00fcksikisikutel on v\u00f5ime oma valikute varal kasvuhoonegaaside heitkoguseid tuntavalt kahandada, eriti neil, kelle sissetulek on k\u00f5rgem nii globaalses (vt \u00fclesannet A5) kui ka riigisiseses v\u00f5rdluses (IPCC AR6 WGIII Ch5). Kui palju ma tarbin ja &#8230;<\/p>\n","protected":false},"author":315,"featured_media":0,"parent":0,"menu_order":0,"comment_status":"closed","ping_status":"closed","template":"","meta":{"_acf_changed":false,"inline_featured_image":false,"footnotes":""},"class_list":["post-53","page","type-page","status-publish","hentry"],"acf":[],"_links":{"self":[{"href":"https:\/\/sisu.ut.ee\/kliimatarkused\/wp-json\/wp\/v2\/pages\/53","targetHints":{"allow":["GET"]}}],"collection":[{"href":"https:\/\/sisu.ut.ee\/kliimatarkused\/wp-json\/wp\/v2\/pages"}],"about":[{"href":"https:\/\/sisu.ut.ee\/kliimatarkused\/wp-json\/wp\/v2\/types\/page"}],"author":[{"embeddable":true,"href":"https:\/\/sisu.ut.ee\/kliimatarkused\/wp-json\/wp\/v2\/users\/315"}],"replies":[{"embeddable":true,"href":"https:\/\/sisu.ut.ee\/kliimatarkused\/wp-json\/wp\/v2\/comments?post=53"}],"version-history":[{"count":1,"href":"https:\/\/sisu.ut.ee\/kliimatarkused\/wp-json\/wp\/v2\/pages\/53\/revisions"}],"predecessor-version":[{"id":642,"href":"https:\/\/sisu.ut.ee\/kliimatarkused\/wp-json\/wp\/v2\/pages\/53\/revisions\/642"}],"wp:attachment":[{"href":"https:\/\/sisu.ut.ee\/kliimatarkused\/wp-json\/wp\/v2\/media?parent=53"}],"curies":[{"name":"wp","href":"https:\/\/api.w.org\/{rel}","templated":true}]}}