{"id":50,"date":"2024-04-04T08:41:31","date_gmt":"2024-04-04T05:41:31","guid":{"rendered":"https:\/\/sisu.ut.ee\/kliimatarkused\/kliimamuutuste-abc-mojud\/"},"modified":"2024-04-04T08:43:47","modified_gmt":"2024-04-04T05:43:47","slug":"kliimamuutuste-abc-mojud","status":"publish","type":"page","link":"https:\/\/sisu.ut.ee\/kliimatarkused\/kliimamuutuste-abc-mojud\/","title":{"rendered":"Kliimamuutuste ABC: m\u00f5jud"},"content":{"rendered":"<p>\n\tPiia Post<br>Kliimateaduste professor<br>Tartu \u00dclikool f\u00fc\u00fcsika instituut\n<\/p>\n<p>\n\t<\/p><div class=\"ratio ratio-16x9 mb-3\"><div class=\"video-placeholder-wrapper video-placeholder-wrapper--16x9\">\n\t\t\t    <div class=\"video-placeholder d-flex justify-content-center align-items-center\">\n\t\t\t        <div class=\"overlay text-white p-2 w-100 text-center d-block justify-content-center align-items-center\">\n\t\t\t            <div>Kolmandate osapoolte sisu n\u00e4gemiseks palun n\u00f5ustu k\u00fcpsistega.<\/div>\n\t\t\t            <button class=\"btn btn-secondary btn-sm mt-1 consent-change\">Muuda n\u00f5usolekut<\/button>\n\t\t\t        <\/div>\n\t\t\t    <\/div>\n\t\t\t<\/div>\n<\/div>\n\n<p>\u00a0<\/p>\n<p>\n\tPiia Posti ettekanne teemal \u201eKliimamuutuste ABC: m\u00f5jud\u201c, salvestatud Tartus\u00a0\u00f5ppematerjali \u201eKliimamuutuste ABC\u201c koolitusel 02.03.2023.\n<\/p>\n<p>\n\t<span class=\"file media-element file-os-files-link-icon\" data-file_info=\"%7B%22fid%22:%2279847%22,%22view_mode%22:%22os_files_link_icon%22,%22type%22:%22media%22%7D\"><img decoding=\"async\" alt=\"\" class=\"file-icon\" src=\"\/profiles\/openscholar\/modules\/os\/modules\/os_files\/icons\/application-pdf.svg\"> <\/span><a data-url=\"https:\/\/sisu.ut.ee\/wp-content\/uploads\/sites\/635\/ettekanne-piia_post-mojud.pdf\" href=\"https:\/\/sisu.ut.ee\/wp-content\/uploads\/sites\/635\/ettekanne-piia_post-mojud.pdf\" target=\"_blank\" title=\"\" rel=\"noopener\">Piia Posti ettekanne \u201eKliimamuutuste ABC: m\u00f5jud\u201c<\/a><\/p>\n","protected":false},"excerpt":{"rendered":"<p>Piia PostKliimateaduste professorTartu \u00dclikool f\u00fc\u00fcsika instituut Kolmandate osapoolte sisu n\u00e4gemiseks palun n\u00f5ustu k\u00fcpsistega. Muuda n\u00f5usolekut \u00a0 Piia Posti ettekanne teemal \u201eKliimamuutuste ABC: m\u00f5jud\u201c, salvestatud Tartus\u00a0\u00f5ppematerjali \u201eKliimamuutuste ABC\u201c koolitusel 02.03.2023. Piia Posti ettekanne \u201eKliimamuutuste ABC: m\u00f5jud\u201c<\/p>\n","protected":false},"author":315,"featured_media":0,"parent":0,"menu_order":0,"comment_status":"closed","ping_status":"closed","template":"","meta":{"_acf_changed":false,"inline_featured_image":false,"footnotes":""},"class_list":["post-50","page","type-page","status-publish","hentry"],"acf":[],"_links":{"self":[{"href":"https:\/\/sisu.ut.ee\/kliimatarkused\/wp-json\/wp\/v2\/pages\/50","targetHints":{"allow":["GET"]}}],"collection":[{"href":"https:\/\/sisu.ut.ee\/kliimatarkused\/wp-json\/wp\/v2\/pages"}],"about":[{"href":"https:\/\/sisu.ut.ee\/kliimatarkused\/wp-json\/wp\/v2\/types\/page"}],"author":[{"embeddable":true,"href":"https:\/\/sisu.ut.ee\/kliimatarkused\/wp-json\/wp\/v2\/users\/315"}],"replies":[{"embeddable":true,"href":"https:\/\/sisu.ut.ee\/kliimatarkused\/wp-json\/wp\/v2\/comments?post=50"}],"version-history":[{"count":1,"href":"https:\/\/sisu.ut.ee\/kliimatarkused\/wp-json\/wp\/v2\/pages\/50\/revisions"}],"predecessor-version":[{"id":645,"href":"https:\/\/sisu.ut.ee\/kliimatarkused\/wp-json\/wp\/v2\/pages\/50\/revisions\/645"}],"wp:attachment":[{"href":"https:\/\/sisu.ut.ee\/kliimatarkused\/wp-json\/wp\/v2\/media?parent=50"}],"curies":[{"name":"wp","href":"https:\/\/api.w.org\/{rel}","templated":true}]}}