{"id":5,"date":"2024-04-04T08:41:25","date_gmt":"2024-04-04T05:41:25","guid":{"rendered":"https:\/\/sisu.ut.ee\/kliimatarkused\/margit-keller\/"},"modified":"2024-04-04T08:43:51","modified_gmt":"2024-04-04T05:43:51","slug":"margit-keller","status":"publish","type":"page","link":"https:\/\/sisu.ut.ee\/kliimatarkused\/margit-keller\/","title":{"rendered":"Kestlik areng \u2013 kuidas sellest m\u00f5elda ja mida selleks teha?"},"content":{"rendered":"<p>\n\tMargit Keller<br>Sotsiaalse kommunikatsiooni kaasprofessor, PhD<br>Tartu \u00dclikooli\u00a0kestliku arengu keskuse juhataja<br>Tartu \u00dclikool\n<\/p>\n<p>\n\tInimkond on viimase ca 250 aasta jooksul l\u00e4binud arengu, mida nimetatakse Esimeseks Suureks Siirdeks. Seda iseloomustavad p\u00f5him\u00f5tted nagu looduse kasutamine ressursina inimese heaolu nimel, lineaarmajandus, majanduskasvu v\u00e4\u00e4rtustamine ning masstarbimine. Praegust ajaj\u00e4rku, mil inimese tegevus m\u00f5jutab pea k\u00f5iki s\u00fcsteeme planeedil Maa, kutsutakse Antropotseeni ajastuks. Sellele ajastule on omased kaks peamist probleemide kimpu: looduskeskkonna kriis (nt kliimakriis, elurikkuse kadu jpm) ning suur sotsiaalne ebav\u00f5rdsus nii globaalselt riikide vahel kui paljude riikide sees. Kuigi Eesti on v\u00e4ike, on keskmise Eesti elaniku keskkonnajalaj\u00e4lg \u00fche inimese kohta murettekitavalt suur: tarbime 3,8 korda \u00fcle planeedi taluvuspiiri.<\/p>\n<p>Kestlik areng on see, mille poole inimkond p\u00fc\u00fcdleb nn Teise Suure Siirde k\u00e4igus. Eesm\u00e4rk on p\u00fcsida planeedi \u00f6koloogilistes taluvuspiirides (millest mitmed on juba \u00fcletatud) ning sotsiaalse \u00f5igluse suurendamine. Kestliku arengu definitsiooni j\u00e4rgi on vaja otsida tasakaalu inimese heaolu, looduskeskkonna hoidmise ja taastamise ning majanduse arengu vahel. Ilmselgelt on see v\u00e4ga keeruline \u00fclesanne, k\u00f5ikide \u00dcRO kestliku arengu eesm\u00e4rkide (<em>sustainable development goals<\/em>) saavutamine aastaks 2030 ei ole soovitud kujul v\u00f5imalik.<\/p>\n<p>Inimese k\u00e4itumist ei saa kujundada vaid teadlikkust suurendades, sest inimene tegutseb keerukates sotsio-tehnilistes ja sotsiaal-\u00f6koloogilistes s\u00fcsteemides, mis samuti tema elulaadi m\u00f5jutavad (argielu suunab n\u00e4iteks see, missugune on pakkumine poodides, kuidas toimib \u00fchistransport, mis maksab elekter ning kus asuvad laste koolid ja huviringid). Iga\u00fche vaba valiku ruum on \u00fcsna piiratud. Niisiis, ainult paremate teadmiste p\u00f5hjal oma igap\u00e4evaelu t\u00e4iesti kestlikuks \u00fcmber vormida on sageli pea v\u00f5imatu \u00fclesanne. Sellele vaatamata on ka m\u00f5tteviisi muutmine oluline, sh laste ning noorte koolitamine selle kohta, mis on kliimakriis ja kuidas seda leevendada ning sellega kohaneda. Selle jaoks on muuhulgas tarvis ka \u00fchiskonna ja selles olevate s\u00fcsteemide (nt energeetika, toidutootmine ja m\u00fc\u00fck, transport, haridus, meditsiin jne) toimimist m\u00f5ista ning anal\u00fc\u00fcsida neid \u00fchiskondlikke, kultuurilisi ja ka materiaalsed ja biof\u00fc\u00fcsikalisi tegureid, mis inimese k\u00e4itumisele oma j\u00e4lje j\u00e4tavad. \u00dchiskonnateadlased on veendunud ka selles, et ainult uutest tehnoloogiatest ei piisa, vaid kliimakriisiga toime tulemiseks on vaja p\u00f5hjalikku \u00fchiskonnakorralduse muutust (vt lisaks ka T\u00dc kestliku arengu keskuse teadlaste kirjutist kliimakriisist ja\u00a0Eestist <strong><a data-url=\"https:\/\/novaator.err.ee\/1608933755\/eesti-kliimamuutuse-tuules-mida-teada-ja-ette-votta\" href=\"https:\/\/novaator.err.ee\/1608933755\/eesti-kliimamuutuse-tuules-mida-teada-ja-ette-votta\" target=\"_blank\" title=\"\" rel=\"noopener\">SIIT<\/a><\/strong>).<\/p>\n<p>Siin on esitatud k\u00fcsimused, millele v\u00f5iks m\u00f5elda ettekande vaatamise eelselt ja j\u00e4rgselt.\n<\/p>\n<h4>\n\t1. Mida t\u00e4hendab kestlik areng?<br>2. Missugused p\u00f5him\u00f5tted on iseloomulikud Esimesele Suure Siirdele ehk n\u00fc\u00fcdisaegsete t\u00f6\u00f6stuslike \u00fchiskondade arengule viimase ca 250 a jooksul?<br>3. Millised tegurid m\u00f5jutavad inimese k\u00e4itumist veel peale tema enda teadmiste ja hoiakute?<br>\n<\/h4>\n<p>\n\t<\/p><div class=\"ratio ratio-16x9 mb-3\"><div class=\"video-placeholder-wrapper video-placeholder-wrapper--16x9\">\n\t\t\t    <div class=\"video-placeholder d-flex justify-content-center align-items-center\">\n\t\t\t        <div class=\"overlay text-white p-2 w-100 text-center d-block justify-content-center align-items-center\">\n\t\t\t            <div>Kolmandate osapoolte sisu n\u00e4gemiseks palun n\u00f5ustu k\u00fcpsistega.<\/div>\n\t\t\t            <button class=\"btn btn-secondary btn-sm mt-1 consent-change\">Muuda n\u00f5usolekut<\/button>\n\t\t\t        <\/div>\n\t\t\t    <\/div>\n\t\t\t<\/div>\n<\/div>\n\n<p>\n\tMargit Kelleri ettekanne teemal \u201eKestlik areng \u2013\u00a0kuidas sellest m\u00f5elda ja mida selleks teha?\u201c, salvestatud Narvas\u00a0\u00f5ppematerjali \u201eKliimamuutuste ABC\u201c\u00a0koolitusel 08.03.2023.\n<\/p>\n<p>\n\t<span class=\"file media-element file-os-files-link-icon\" data-file_info=\"%7B%22fid%22:78091,%22view_mode%22:%22os_files_link_icon%22,%22type%22:%22media%22%7D\"><img decoding=\"async\" alt=\"\" class=\"file-icon\" src=\"\/profiles\/openscholar\/modules\/os\/modules\/os_files\/icons\/application-pdf.svg\"> <\/span><a data-url=\"https:\/\/sisu.ut.ee\/wp-content\/uploads\/sites\/635\/ettekanne_-_margit_keller.pdf\" href=\"https:\/\/sisu.ut.ee\/wp-content\/uploads\/sites\/635\/ettekanne_-_margit_keller.pdf\" target=\"_blank\" title=\"\" rel=\"noopener\">Margit\u00a0Kelleri\u00a0ettekanne \u201eKestlik areng \u2013\u00a0kuidas sellest m\u00f5elda ja mida selleks teha?\u201c<\/a><\/p>\n","protected":false},"excerpt":{"rendered":"<p>Margit KellerSotsiaalse kommunikatsiooni kaasprofessor, PhDTartu \u00dclikooli\u00a0kestliku arengu keskuse juhatajaTartu \u00dclikool Inimkond on viimase ca 250 aasta jooksul l\u00e4binud arengu, mida nimetatakse Esimeseks Suureks Siirdeks. Seda iseloomustavad p\u00f5him\u00f5tted nagu looduse kasutamine ressursina inimese heaolu nimel, lineaarmajandus, majanduskasvu v\u00e4\u00e4rtustamine ning masstarbimine. Praegust &#8230;<\/p>\n","protected":false},"author":315,"featured_media":0,"parent":0,"menu_order":0,"comment_status":"closed","ping_status":"closed","template":"","meta":{"_acf_changed":false,"inline_featured_image":false,"footnotes":""},"class_list":["post-5","page","type-page","status-publish","hentry"],"acf":[],"_links":{"self":[{"href":"https:\/\/sisu.ut.ee\/kliimatarkused\/wp-json\/wp\/v2\/pages\/5","targetHints":{"allow":["GET"]}}],"collection":[{"href":"https:\/\/sisu.ut.ee\/kliimatarkused\/wp-json\/wp\/v2\/pages"}],"about":[{"href":"https:\/\/sisu.ut.ee\/kliimatarkused\/wp-json\/wp\/v2\/types\/page"}],"author":[{"embeddable":true,"href":"https:\/\/sisu.ut.ee\/kliimatarkused\/wp-json\/wp\/v2\/users\/315"}],"replies":[{"embeddable":true,"href":"https:\/\/sisu.ut.ee\/kliimatarkused\/wp-json\/wp\/v2\/comments?post=5"}],"version-history":[{"count":1,"href":"https:\/\/sisu.ut.ee\/kliimatarkused\/wp-json\/wp\/v2\/pages\/5\/revisions"}],"predecessor-version":[{"id":690,"href":"https:\/\/sisu.ut.ee\/kliimatarkused\/wp-json\/wp\/v2\/pages\/5\/revisions\/690"}],"wp:attachment":[{"href":"https:\/\/sisu.ut.ee\/kliimatarkused\/wp-json\/wp\/v2\/media?parent=5"}],"curies":[{"name":"wp","href":"https:\/\/api.w.org\/{rel}","templated":true}]}}