{"id":49,"date":"2024-04-04T08:41:31","date_gmt":"2024-04-04T05:41:31","guid":{"rendered":"https:\/\/sisu.ut.ee\/kliimatarkused\/b5-kliimamuutused-ohustavad-inimuhiskonda\/"},"modified":"2024-04-04T08:43:47","modified_gmt":"2024-04-04T05:43:47","slug":"b5-kliimamuutused-ohustavad-inimuhiskonda","status":"publish","type":"page","link":"https:\/\/sisu.ut.ee\/kliimatarkused\/b5-kliimamuutused-ohustavad-inimuhiskonda\/","title":{"rendered":"B5 Kliimamuutused ohustavad inim\u00fchiskonda"},"content":{"rendered":"<h4>\n\tKuidas v\u00f5ib kliimamuutustest tingitud loodush\u00fcvede k\u00e4ttesaadavuse v\u00e4henemine p\u00f5hjustada kliimar\u00e4nnet? Kas tead selliseid n\u00e4iteid l\u00e4hemast ja kaugemast ajaloost?\n<\/h4><p>Kuigi temperatuurit\u00f5us on k\u00f5ige suurem Arktikas ja poolustele l\u00e4hemal \u00fcldisemalt, siis miks on kliimamuutustest rohkem ohustatud inimesed Aafrikas, L\u00f5una-Aasias ja Vaikse ookeani regioonis?<br>\n\n<\/p><p>\n\tKliimamuutustest tingituna v\u00f5ivad mitmetes piirkondades kaduda inim\u00fchiskonna jaoks sobilikud tingimused (<a data-url=\"https:\/\/www.ipcc.ch\/report\/sixth-assessment-report-working-group-ii\/\" href=\"https:\/\/www.ipcc.ch\/report\/sixth-assessment-report-working-group-ii\/\" target=\"_blank\" title=\"\" rel=\"noopener\">IPCC AR6 WGII<\/a>, <a data-url=\"https:\/\/www.pnas.org\/doi\/10.1073\/pnas.1910114117\" href=\"https:\/\/www.pnas.org\/doi\/10.1073\/pnas.1910114117\" target=\"_blank\" title=\"\" rel=\"noopener\">Xu jt 2019<\/a>, <a data-url=\"https:\/\/www.nature.com\/articles\/s41467-023-43121-5\" href=\"https:\/\/www.nature.com\/articles\/s41467-023-43121-5\" target=\"_blank\" title=\"\" rel=\"noopener\">Vanos jt 2023<\/a>). Ressursiintensiivsemat toitu n\u00f5udva kasvava rahvastiku t\u00f5ttu suureneb \u00fcleilmne toidu ja joogivee vajadus: v\u00f5rreldes 2005. aastaga kasvab toidun\u00f5udlus 2050. aastaks rohkem kui poole v\u00f5rra (<a data-url=\"https:\/\/www.fao.org\/3\/I8429EN\/i8429en.pdf\" href=\"https:\/\/www.fao.org\/3\/I8429EN\/i8429en.pdf\" target=\"_blank\" title=\"\" rel=\"noopener\">FAO 2018<\/a>). Aga kliimamuutused v\u00e4hendavad juba praegu toidu ja joogivee k\u00e4ttesaadavust, seda eriti madalamatel laiuskraadidel. Muldade h\u00e4vimine, saagikuse langus, p\u00f5llumaade k\u00f5rbestumine ja loomakarjade hukkumine tabavad k\u00f5ige valusamalt Aafrikat, aga v\u00e4ga haavatavad on ka Aasia ja Vaikse ookeani piirkonnad (<a data-url=\"https:\/\/www.fao.org\/3\/I8429EN\/i8429en.pdf\" href=\"https:\/\/www.fao.org\/3\/I8429EN\/i8429en.pdf\" target=\"_blank\" title=\"\" rel=\"noopener\">FAO 2018<\/a>). Soojenemine ja pikaajalised p\u00f5uad kahandavad nii joogivee varusid kui ka viljaka mullaga maafondi. Kliimamuutustega kaasnevad paduvihmad ja \u00fcleujutused v\u00f5ivad saastata joogivett ning temperatuuri t\u00f5us mageveekogudes v\u00f5ib t\u00f5sta haigustekitajate hulka vees (<a data-url=\"https:\/\/www.ipcc.ch\/report\/sixth-assessment-report-working-group-ii\/\" href=\"https:\/\/www.ipcc.ch\/report\/sixth-assessment-report-working-group-ii\/\" target=\"_blank\" title=\"\" rel=\"noopener\">IPCC AR6 WGII<\/a>). Merevee taseme t\u00f5usuga v\u00f5ib soolane vesi tungida magedatesse veekogudesse ja kaevudesse. Kliimamuutustest tingitud toidu ning joogivee nappus, merevee t\u00f5us jm v\u00f5ib sundida 2050. aastaks \u00fcle 200 miljoni inimese kodust lahkuma (<a data-url=\"https:\/\/openknowledge.worldbank.org\/handle\/10986\/36248\" href=\"https:\/\/openknowledge.worldbank.org\/handle\/10986\/36248\" target=\"_blank\" title=\"\" rel=\"noopener\">Maailmapank 2021<\/a>). Suurim r\u00e4nne toimub Sahara-taguses Aafrikas ja L\u00f5una-Aasias (<a data-url=\"https:\/\/openknowledge.worldbank.org\/handle\/10986\/36248\" href=\"https:\/\/openknowledge.worldbank.org\/handle\/10986\/36248\" target=\"_blank\" title=\"\" rel=\"noopener\">Maailmapank 2021<\/a>).<\/p>\n<p>Kliimamuutuste t\u00f5ttu sagenevad ja tugevnevad \u00e4\u00e4rmuslikud ilmaolud m\u00f5jutavad ka taristut, seejuures kannatab eriti mere\u00e4\u00e4rsete (\u00fcleujutused) ning m\u00e4giasulate taristu (muutused veeringes, \u00fcleujutused, maalihked) (<a data-url=\"https:\/\/www.ipcc.ch\/report\/ar6\/wg2\/downloads\/report\/IPCC_AR6_WGII_SummaryForPolicymakers.pdf\" href=\"https:\/\/www.ipcc.ch\/report\/ar6\/wg2\/downloads\/report\/IPCC_AR6_WGII_SummaryForPolicymakers.pdf\" target=\"_blank\" title=\"\" rel=\"noopener\">IPCC AR6 WGII\u00a0SPM<\/a>). Muutused veeringes ja liustikes kahjustavad paljude asulate veevarustust (<a data-url=\"https:\/\/www.ipcc.ch\/report\/sixth-assessment-report-working-group-ii\/\" href=\"https:\/\/www.ipcc.ch\/report\/sixth-assessment-report-working-group-ii\/\" target=\"_blank\" title=\"\" rel=\"noopener\">IPCC AR6 WGII<\/a>). \u00dcleujutused ja maalihked h\u00e4irivad transpordiv\u00f5rke ning elektris\u00fcsteeme (<a data-url=\"https:\/\/www.ipcc.ch\/report\/sixth-assessment-report-working-group-ii\/\" href=\"https:\/\/www.ipcc.ch\/report\/sixth-assessment-report-working-group-ii\/\" target=\"_blank\" title=\"\" rel=\"noopener\">IPCC AR6 WGII<\/a>). Arvestada tuleb ka \u00e4\u00e4rmuslike ilmaolude puhul tekkivate liitriskidega, n\u00e4iteks v\u00f5ivad tormidega kaasneda \u00fcleujutused ja tugevad tuuled. Kliimamuutustel on juba praegu arvestatav m\u00f5ju inimeste f\u00fc\u00fcsilisele ja vaimsele tervisele, sest esineb rohkem \u00e4\u00e4rmuslikke ilma- ja kliimas\u00fcndmusi, millega seoses kaovad elatusallikad ja v\u00e4heneb toiduturvalisus. Samav\u00f5rd nimetatutega m\u00f5jutab tervist otsene mure tuleviku p\u00e4rast (<a data-url=\"https:\/\/www.ipcc.ch\/report\/sixth-assessment-report-working-group-ii\/\" href=\"https:\/\/www.ipcc.ch\/report\/sixth-assessment-report-working-group-ii\/\" target=\"_blank\" title=\"\" rel=\"noopener\">IPCC AR6 WGII<\/a>, vt ka t\u00e4iendav \u00fclesanne T2).<\/p>\n<p>Kuigi kliimamuutused j\u00e4tavad tugevama pitseri ekvaatoril\u00e4hedastes piirkondades, m\u00f5jutavad kliimamuutused ka meid Eestis ja Euroopas. Mereveetase t\u00f5useb ja seda ka L\u00e4\u00e4nemeres (<a data-url=\"https:\/\/www.eea.europa.eu\/en\/analysis\/indicators\/global-and-european-sea-level-rise\" href=\"https:\/\/www.eea.europa.eu\/en\/analysis\/indicators\/global-and-european-sea-level-rise\" target=\"_blank\" title=\"\" rel=\"noopener\">Euroopa Keskkonnaagentuur 2024<\/a>).\u00a0Euroopas on ohus l\u00e4\u00e4nepoolsete alade rannikupiirkonnad ja lammid, sest merepinna t\u00f5usu ja tormiajude v\u00f5imaliku sagenemise t\u00f5ttu suureneb nende \u00fcleujutusrisk (<a data-url=\"https:\/\/www.eea.europa.eu\/publications\/climate-change-impacts-and-vulnerability-2016\" href=\"https:\/\/www.eea.europa.eu\/publications\/climate-change-impacts-and-vulnerability-2016\" target=\"_blank\" title=\"\" rel=\"noopener\">Euroopa Keskkonnaagentuur 2017<\/a>). Juba praegu p\u00f5hjustavad sagenenud kuumalained Euroopas k\u00fcmneid tuhandeid enneaegseid surmajuhtumeid (<a data-url=\"https:\/\/www.eea.europa.eu\/publications\/climate-change-impacts-and-vulnerability-2016\" href=\"https:\/\/www.eea.europa.eu\/publications\/climate-change-impacts-and-vulnerability-2016\" target=\"_blank\" title=\"\" rel=\"noopener\">Euroopa Keskkonnaagentuur 2017<\/a>).\n<\/p>\n<p>\n\tKa Eestis suurendavad kliimamuutustest p\u00f5hjustatud sagenenud ja tugevnenud kuumalained enneaegsete surmade arvu. Samuti ohustavad \u00fcleujutused infrastruktuuri (<a data-url=\"https:\/\/kliimaministeerium.ee\/kliimamuutustega-kohanemise-arengukava\" href=\"https:\/\/kliimaministeerium.ee\/kliimamuutustega-kohanemise-arengukava\" target=\"_blank\" title=\"\" rel=\"noopener\">Kliimamuutustega kohanemise arengukava<\/a>). Kliimamuutused suurendavad ka p\u00f5llusaagi h\u00e4vimise ohtu. \u00dcks p\u00f5hjuseid selleks v\u00f5ib olla kliimamuutustest p\u00f5hjustatud kevadine p\u00f5uasuse kasv. Kuigi p\u00f5uaindeksite aegridade (1951\u20132015) uuringus on suured erinevused jaamade trendides ja selgeid trende kogu Eesti kohta pole, on siiski n\u00e4htav p\u00f5uasuse kasv aprillis Ida-Eestis (<a data-url=\"https:\/\/oceanrep.geomar.de\/id\/eprint\/44887\/1\/2ndBalticEarthConferenceProceedings_IBESP%20No13.pdf\" href=\"https:\/\/oceanrep.geomar.de\/id\/eprint\/44887\/1\/2ndBalticEarthConferenceProceedings_IBESP%20No13.pdf\" target=\"_blank\" title=\"\" rel=\"noopener\">Jaagus ja Aasa 2018<\/a>). Koos lumekatte v\u00e4henemisega (<a data-url=\"https:\/\/link.springer.com\/article\/10.1007\/s00704-019-03013-5\" href=\"https:\/\/link.springer.com\/article\/10.1007\/s00704-019-03013-5\" target=\"_blank\" title=\"\" rel=\"noopener\">Viru ja Jaagus 2019<\/a>) kahandab kevadine p\u00f5uasus mullavee varusid, mis m\u00e4\u00e4ravad \u00e4ra taimede kasvutingimused vegetatsiooniperioodi algul (<a data-url=\"https:\/\/www.ilmateenistus.ee\/ilmatarkus\/publikatsioonid\/eesti-ilma-riskid\/\" href=\"https:\/\/www.ilmateenistus.ee\/ilmatarkus\/publikatsioonid\/eesti-ilma-riskid\/\" target=\"_blank\" title=\"\" rel=\"noopener\">Tammets, 2012<\/a>).\n<\/p>\n<blockquote>\n<p>\n\t\t<strong>P\u00f5his\u00f5numid<\/strong>\n\t<\/p>\n<ul>\n<li>\n\t\t\tKasvav rahvastik vajab \u00fcha rohkem toitu ja joogivett, kuid kliimamuutuste t\u00f5ttu nende k\u00e4ttesaadavus v\u00e4heneb.\n\t\t<\/li>\n<li>\n\t\t\tKliimamuutused ohustavad muldade huumuse sisaldust ja muldade viljakust, mis v\u00e4hendab toidutootmise v\u00f5imalusi.\n\t\t<\/li>\n<li>\n\t\t\tKliimamuutused on ohuks taristule eriti mere\u00e4\u00e4rsetel aladel ja m\u00e4giasulates.\n\t\t<\/li>\n<li>\n\t\t\tKliimamuutused ohustavad inimeste heaolu.\n\t\t<\/li>\n<\/ul>\n<\/blockquote>\n<p>\n\t<strong>Lisamaterjal<\/strong>\n<\/p>\n<p>\n\t<a data-url=\"https:\/\/www.ipcc.ch\/report\/ar6\/wg2\/downloads\/report\/IPCC_AR6_WGII_SummaryForPolicymakers.pdfoads\/report\/IPCC_AR6_WGI_SPM.pdf\" href=\"https:\/\/www.ipcc.ch\/report\/ar6\/wg2\/downloads\/report\/IPCC_AR6_WGII_SummaryForPolicymakers.pdfoads\/report\/IPCC_AR6_WGI_SPM.pdf\" target=\"_blank\" title=\"\" rel=\"noopener\">IPCC AR6 WGII kokkuv\u00f5te poliitika kujundajatele<\/a><br><a data-url=\"https:\/\/www.fao.org\/fileadmin\/user_upload\/fsin\/docs\/global_report\/2018\/GRFC_2018_Full_report_EN.pdf\" href=\"https:\/\/www.fao.org\/fileadmin\/user_upload\/fsin\/docs\/global_report\/2018\/GRFC_2018_Full_report_EN.pdf\" target=\"_blank\" title=\"\" rel=\"noopener\">FAO \u00fclemaailmne toidukriiside raport 2018<\/a><br><a data-url=\"https:\/\/www.eea.europa.eu\/signals\/signals-2019-content-list\/articles\/soil-land-and-climate-change\" href=\"https:\/\/www.eea.europa.eu\/signals\/signals-2019-content-list\/articles\/soil-land-and-climate-change\" target=\"_blank\" title=\"\" rel=\"noopener\">Euroopa Keskkonnaagentuuri materjal kliimamuutuse m\u00f5just mullale<\/a><\/p>\n","protected":false},"excerpt":{"rendered":"<p>Kuidas v\u00f5ib kliimamuutustest tingitud loodush\u00fcvede k\u00e4ttesaadavuse v\u00e4henemine p\u00f5hjustada kliimar\u00e4nnet? Kas tead selliseid n\u00e4iteid l\u00e4hemast ja kaugemast ajaloost? Kuigi temperatuurit\u00f5us on k\u00f5ige suurem Arktikas ja poolustele l\u00e4hemal \u00fcldisemalt, siis miks on kliimamuutustest rohkem ohustatud inimesed Aafrikas, L\u00f5una-Aasias ja Vaikse ookeani regioonis? &#8230;<\/p>\n","protected":false},"author":315,"featured_media":0,"parent":0,"menu_order":0,"comment_status":"closed","ping_status":"closed","template":"","meta":{"_acf_changed":false,"inline_featured_image":false,"footnotes":""},"class_list":["post-49","page","type-page","status-publish","hentry"],"acf":[],"_links":{"self":[{"href":"https:\/\/sisu.ut.ee\/kliimatarkused\/wp-json\/wp\/v2\/pages\/49","targetHints":{"allow":["GET"]}}],"collection":[{"href":"https:\/\/sisu.ut.ee\/kliimatarkused\/wp-json\/wp\/v2\/pages"}],"about":[{"href":"https:\/\/sisu.ut.ee\/kliimatarkused\/wp-json\/wp\/v2\/types\/page"}],"author":[{"embeddable":true,"href":"https:\/\/sisu.ut.ee\/kliimatarkused\/wp-json\/wp\/v2\/users\/315"}],"replies":[{"embeddable":true,"href":"https:\/\/sisu.ut.ee\/kliimatarkused\/wp-json\/wp\/v2\/comments?post=49"}],"version-history":[{"count":1,"href":"https:\/\/sisu.ut.ee\/kliimatarkused\/wp-json\/wp\/v2\/pages\/49\/revisions"}],"predecessor-version":[{"id":646,"href":"https:\/\/sisu.ut.ee\/kliimatarkused\/wp-json\/wp\/v2\/pages\/49\/revisions\/646"}],"wp:attachment":[{"href":"https:\/\/sisu.ut.ee\/kliimatarkused\/wp-json\/wp\/v2\/media?parent=49"}],"curies":[{"name":"wp","href":"https:\/\/api.w.org\/{rel}","templated":true}]}}