{"id":48,"date":"2024-04-04T08:41:31","date_gmt":"2024-04-04T05:41:31","guid":{"rendered":"https:\/\/sisu.ut.ee\/kliimatarkused\/b4-kliimamuutused-vahendavad-loodushuvede-kattesaadavust\/"},"modified":"2024-04-04T08:43:47","modified_gmt":"2024-04-04T05:43:47","slug":"b4-kliimamuutused-vahendavad-loodushuvede-kattesaadavust","status":"publish","type":"page","link":"https:\/\/sisu.ut.ee\/kliimatarkused\/b4-kliimamuutused-vahendavad-loodushuvede-kattesaadavust\/","title":{"rendered":"B4 Kliimamuutused v\u00e4hendavad loodush\u00fcvede k\u00e4ttesaadavust"},"content":{"rendered":"<h4>\n\tMis on loodush\u00fcved? Milliseid loodush\u00fcvesid kasutad ja kuidas? Kuidas inimtegevus ja kliimamuutused neid loodush\u00fcvesid m\u00f5jutavad?<br>\n<\/h4>\n<p>\n\tLoodush\u00fcved ehk \u00f6kos\u00fcsteemiteenused on meie heaolu s\u00e4ilimiseks vajalikud h\u00fcved, mida \u00f6kos\u00fcsteemilt pidevalt saame. Nende hulka kuuluvad toit, vesi ja looduslike materjalidega varustatus, aineringed, fotos\u00fcntees, puhas \u00f5hk, looduses viibimise v\u00f5imalus jpm. Ilma nendeta on meie eksisteerimine keeruline v\u00f5i v\u00f5imatu. Laiemalt m\u00f5istame \u00f6kos\u00fcsteemiteenuste all sotsiaal-majanduslikku kontseptsiooni, mille loomise eesm\u00e4rk oli elurikkuse kao peatamine (<a data-url=\"https:\/\/www.millenniumassessment.org\/en\/index.html\" href=\"https:\/\/www.millenniumassessment.org\/en\/index.html\" target=\"_blank\" title=\"\" rel=\"noopener\">Millennium Ecosystem Assessment MEA, 2005<\/a>). \u00d6kos\u00fcsteemi moodustavad omavahel keerukate suhete kaudu seotud elusorganismid ja neid \u00fcmbritsev keskkond. Kui me enda majandustegevuse k\u00e4igus neid suhteid v\u00f5i \u00fcmbritsevat keskkonda muudame, siis sattuvad surve alla ka meie heaoluks ja eksisteerimiseks h\u00e4davajalikud \u00f6kos\u00fcsteemiteenused (<strong>joonis B4.1<\/strong>).\n<\/p>\n<p>\n\t<img loading=\"lazy\" decoding=\"async\" width=\"1999\" height=\"1646\" class=\"alignnone wp-image-251\" style=\"width: 800px;height: 659px\" src=\"https:\/\/sisu.ut.ee\/wp-content\/uploads\/sites\/635\/kliima_abc_b4.1.jpg.png\" title=\"kliima_abc_b4.1.png\" alt=\"Inimese heaolu seos \u00f6kos\u00fcsteemiteenustega (\u00d6ST) ning \u00d6ST klassifikatsioonid\" srcset=\"https:\/\/sisu.ut.ee\/wp-content\/uploads\/sites\/635\/kliima_abc_b4.1.jpg.png 1999w, https:\/\/sisu.ut.ee\/wp-content\/uploads\/sites\/635\/kliima_abc_b4.1.jpg-300x247.png 300w, https:\/\/sisu.ut.ee\/wp-content\/uploads\/sites\/635\/kliima_abc_b4.1.jpg-1024x843.png 1024w, https:\/\/sisu.ut.ee\/wp-content\/uploads\/sites\/635\/kliima_abc_b4.1.jpg-768x632.png 768w, https:\/\/sisu.ut.ee\/wp-content\/uploads\/sites\/635\/kliima_abc_b4.1.jpg-1536x1265.png 1536w, https:\/\/sisu.ut.ee\/wp-content\/uploads\/sites\/635\/kliima_abc_b4.1.jpg-1920x1581.png 1920w\" sizes=\"auto, (max-width: 1999px) 100vw, 1999px\">\n<\/p>\n<p>\n\t<span style=\"font-size:13px\"><strong>Joonis B4.1.<\/strong> Kliimas\u00fcsteemi viis komponenti on k\u00f5ik omavahel seotudInimese heaolu seos \u00f6kos\u00fcsteemiteenustega (\u00d6ST) ning \u00d6ST klassifikatsioonid.<\/span>\n<\/p>\n<p>\n\t\u00d6kos\u00fcsteemiteenuste kaudu kirjeldatakse looduse pakutavate h\u00fcvede majanduslikku v\u00e4\u00e4rtust. Kui arvestame sellega, et loodus on meie majanduse alus, saame teha palju sisukamaid ja kaalutletumaid majandamisotsuseid ning hinnata l\u00fchiajalise majanduskasu ja loodusele tehtava kahju vahekorda (<a data-url=\"https:\/\/www.ipbes.net\/global-assessment\" href=\"https:\/\/www.ipbes.net\/global-assessment\" target=\"_blank\" title=\"\" rel=\"noopener\">IPBES 2019<\/a>). Niisugune l\u00e4henemine aitab m\u00f5ista, et praegune majanduse ja heaolu kasv tuleb suuresti looduse arvelt. \u00d6kos\u00fcsteemiteenustel ei ole hinda, aga neil on majanduslik v\u00e4\u00e4rtus, mida on v\u00f5imalik kaudsete meetodite abil leida. On oluline m\u00f5ista, et selle kaudu kirjeldame pelgalt looduse kasutusv\u00e4\u00e4rtust. Veelgi olulisem on looduse isev\u00e4\u00e4rtus \u2013 loodus on v\u00e4\u00e4rtuslik olenemata selle ainelisest v\u00f5i mitteainelisest kasust meie jaoks.\n<\/p>\n<p>\n\tEhkki inimkonna heaolu on otseselt seotud \u00f6kos\u00fcsteemi toimimisega, ei arvesta praegusaja tarbimis\u00fchiskond \u00f6kos\u00fcsteeme elu s\u00e4ilimise alusena, mis seab ohtu loodush\u00fcvede s\u00e4ilumise tulevastele inimp\u00f5lvedele. Inimeste majandustegevusel on \u00f6kos\u00fcsteemile seet\u00f5ttu sageli otsene kahjulik m\u00f5ju, n\u00e4iteks elukeskkondi h\u00e4vitades ja saastades. Inimkonnal on aga ka kaudne m\u00f5ju \u00f6kos\u00fcsteemidele, n\u00e4iteks kliimamuutuste kaudu. Juba praeguseks on kliimamuutused olulisel m\u00e4\u00e4ral m\u00f5jutanud \u00f6kos\u00fcsteeme ja nende pakutavaid teenuseid. N\u00e4iteks on kliimamuutuste tagaj\u00e4rjel toimunud suured muutused magevee\u00f6kos\u00fcsteemides. Seet\u00f5ttu on oht kaotada meile vajalikke \u00f6kos\u00fcsteemiteenuseid \u2013 vee looduslik puhastumine, aineringete toimimine ja paljude liikide elupaigad.\n<\/p>\n<p>\n\tKuna kliimamuutused on kaasa toonud sademere\u017eiimi muutused, on ohtu sattunud puhta joogivee k\u00e4ttesaadavus. Meie laiuskraadil on v\u00e4ga olulised talvised, lumena langenud sademed ning kevadine suurvesi. Viimasel k\u00fcmnendil on soojad talved kaasa toonud kevadise suurvee v\u00e4henemise. Kui veevaesele kevadele j\u00e4rgneb p\u00f5uane ja kuiv suvi ning s\u00fcgis, on tulemuseks alanev p\u00f5hjaveetase ning kahanev veetase j\u00e4rvedes ning veehoidlates.\n<\/p>\n<h4>\n\tM\u00f5tle, mis on \u00f6kos\u00fcsteemi teenuste kontseptsiooni puudus. Kuidas \u00f6kos\u00fcsteemi kui teenusepakkujana m\u00f5testamine muudab meie m\u00f5tlemist loodusest? Missugused v\u00f5iksid olla muud keskkonda veelgi enam hoida aitavad viisid loodusest m\u00f5tlemiseks?<br>\n<\/h4>\n<blockquote>\n<p>\n\t\t<strong>P\u00f5his\u00f5numid<\/strong>\n\t<\/p>\n<ul>\n<li>\n\t\t\t\u00d6kos\u00fcsteemiteenused on meie heaoluks vajalikud h\u00fcved, mida me pidevalt \u00f6kos\u00fcsteemilt saame.\n\t\t<\/li>\n<li>\n\t\t\tTarbimis\u00fchiskond ei arvesta alati \u00f6kos\u00fcsteeme elu s\u00e4ilimise alusena.\n\t\t<\/li>\n<li>\n\t\t\t\u00d6kos\u00fcsteemiteenustel ei ole hinda, neil on majanduslik v\u00e4\u00e4rtus. Selle abil saab hinnata l\u00fchiajalise majanduskasu ja loodusele tehtava kahju vahekorda.\n\t\t<\/li>\n<li>\n\t\t\tKliimamuutused v\u00e4hendavad \u00f6kos\u00fcsteemiteenuste k\u00e4ttesaadavust.\n\t\t<\/li>\n<\/ul>\n<\/blockquote>\n<h4>\n\tMilliste loodush\u00fcvede kadumisel sinu elukohast kaaluksid elukoha vahetust?<br>\n<\/h4>\n<p>\n\t<strong>Lisamaterjal<\/strong>\n<\/p>\n<p>\n\t<a data-url=\"https:\/\/kliimaministeerium.ee\/elurikkus-keskkonnakaitse\/looduskaitse\/looduse-huved\" href=\"https:\/\/kliimaministeerium.ee\/elurikkus-keskkonnakaitse\/looduskaitse\/looduse-huved\" target=\"_blank\" title=\"\" rel=\"noopener\">Looduse h\u00fcved ehk \u00f6kos\u00fcsteemiteenused<\/a><br><a data-url=\"https:\/\/keskkonnaagentuur.ee\/elme\" href=\"https:\/\/keskkonnaagentuur.ee\/elme\" target=\"_blank\" title=\"\" rel=\"noopener\">Projekti ELME materjalid<\/a><br><a data-url=\"https:\/\/novaator.err.ee\/258844\/uhe-minuti-loeng-mis-on-okosusteemiteenused\" href=\"https:\/\/novaator.err.ee\/258844\/uhe-minuti-loeng-mis-on-okosusteemiteenused\" target=\"_blank\" title=\"\" rel=\"noopener\">\u00dche minuti loeng: mis on \u00f6kos\u00fcsteemiteenused?<\/a><\/p>\n","protected":false},"excerpt":{"rendered":"<p>Mis on loodush\u00fcved? Milliseid loodush\u00fcvesid kasutad ja kuidas? Kuidas inimtegevus ja kliimamuutused neid loodush\u00fcvesid m\u00f5jutavad? Loodush\u00fcved ehk \u00f6kos\u00fcsteemiteenused on meie heaolu s\u00e4ilimiseks vajalikud h\u00fcved, mida \u00f6kos\u00fcsteemilt pidevalt saame. Nende hulka kuuluvad toit, vesi ja looduslike materjalidega varustatus, aineringed, fotos\u00fcntees, puhas &#8230;<\/p>\n","protected":false},"author":315,"featured_media":0,"parent":0,"menu_order":0,"comment_status":"closed","ping_status":"closed","template":"","meta":{"_acf_changed":false,"inline_featured_image":false,"footnotes":""},"class_list":["post-48","page","type-page","status-publish","hentry"],"acf":[],"_links":{"self":[{"href":"https:\/\/sisu.ut.ee\/kliimatarkused\/wp-json\/wp\/v2\/pages\/48","targetHints":{"allow":["GET"]}}],"collection":[{"href":"https:\/\/sisu.ut.ee\/kliimatarkused\/wp-json\/wp\/v2\/pages"}],"about":[{"href":"https:\/\/sisu.ut.ee\/kliimatarkused\/wp-json\/wp\/v2\/types\/page"}],"author":[{"embeddable":true,"href":"https:\/\/sisu.ut.ee\/kliimatarkused\/wp-json\/wp\/v2\/users\/315"}],"replies":[{"embeddable":true,"href":"https:\/\/sisu.ut.ee\/kliimatarkused\/wp-json\/wp\/v2\/comments?post=48"}],"version-history":[{"count":1,"href":"https:\/\/sisu.ut.ee\/kliimatarkused\/wp-json\/wp\/v2\/pages\/48\/revisions"}],"predecessor-version":[{"id":647,"href":"https:\/\/sisu.ut.ee\/kliimatarkused\/wp-json\/wp\/v2\/pages\/48\/revisions\/647"}],"wp:attachment":[{"href":"https:\/\/sisu.ut.ee\/kliimatarkused\/wp-json\/wp\/v2\/media?parent=48"}],"curies":[{"name":"wp","href":"https:\/\/api.w.org\/{rel}","templated":true}]}}