{"id":47,"date":"2024-04-04T08:41:30","date_gmt":"2024-04-04T05:41:30","guid":{"rendered":"https:\/\/sisu.ut.ee\/kliimatarkused\/b3\/"},"modified":"2024-04-04T08:43:47","modified_gmt":"2024-04-04T05:43:47","slug":"b3","status":"publish","type":"page","link":"https:\/\/sisu.ut.ee\/kliimatarkused\/b3\/","title":{"rendered":"B3 Kliimamuutused v\u00e4hendavad elurikkust"},"content":{"rendered":"<h4>\n\tMillised inimtekkelised tegurid m\u00f5jutavad elusloodust? Missugune on kliimamuutuste roll elurikkuse v\u00e4henemisel?<br>\n<\/h4>\n<p>\n\tOleme Maa loodust oluliselt kahjustanud. Globaalselt on inimesed \u00fchel v\u00f5i teisel moel \u00fcmber kujundanud 75% maismaapinnast ning 66% maailmamerest (<a data-url=\"https:\/\/www.ipbes.net\/global-assessment\" href=\"https:\/\/www.ipbes.net\/global-assessment\" target=\"_blank\" title=\"\" rel=\"noopener\">IPBES 2019<\/a>, <strong>joonis S1.1<\/strong>). Ligikaudu iga kaheksas liik ehk miljon taime- ja loomaliiki on inimtegevuse m\u00f5ju, sh kliimamuutuste t\u00f5ttu, v\u00e4ljasuremisohus: n\u00e4iteks on ohus 41% kahepaiksetest ja 39% mereimetajatest (<a data-url=\"https:\/\/www.ipbes.net\/global-assessment\" href=\"https:\/\/www.ipbes.net\/global-assessment\" target=\"_blank\" title=\"\" rel=\"noopener\">IPBES 2019<\/a>). Ka elurikkus Euroopas ja Eestis on selges langustrendis (<a data-url=\"https:\/\/www.ipbes.net\/assessment-reports\/eca\" href=\"https:\/\/www.ipbes.net\/assessment-reports\/eca\" target=\"_blank\" title=\"\" rel=\"noopener\">IPBES 2018<\/a>). 27 aastaga kaotasid Saksamaa looduskaitsealad enam kui 75% lendavatest putukatest (<a data-url=\"https:\/\/journals.plos.org\/plosone\/article?id=10.1371\/journal.pone.0185809\" href=\"https:\/\/journals.plos.org\/plosone\/article?id=10.1371\/journal.pone.0185809\" target=\"_blank\" title=\"\" rel=\"noopener\">Hallmann jt 2017<\/a>). Eesti maastikest on viimase 70 aastaga kadunud 95% niidukooslustest (<a data-url=\"http:\/\/www.zbi.ee\/~kalevi\/wooded.htm\" href=\"http:\/\/www.zbi.ee\/~kalevi\/wooded.htm\" target=\"_blank\" title=\"\" rel=\"noopener\">Kukk ja Kull 1997<\/a>) ja v\u00e4ljasuremisohus on 20% k\u00f5igist liikidest. \u00dcleilmne liikide v\u00e4ljasuremine toimub praegu v\u00e4hemalt sada korda kiiremini v\u00f5rreldes loodusliku v\u00e4ljasuremise fooniga viimase 10 miljoni aasta jooksul.\n<\/p>\n<p>\n\tElurikkuse kadu p\u00f5hjustavad j\u00e4rgnevad inimtekkelised m\u00f5jutegurid: (1) maakasutuse muutus ja sellest tulenev elupaikade kadu, nende kvaliteedi kahanemine ja fragmenteerumine; (2) invasiivsete v\u00f5\u00f5rliikide levik; (3) saaste, sh p\u00f5llumajanduskemikaalid; (4) looduslike ressursside \u00fclekasutus, sh \u00fclep\u00fc\u00fck, metsade raadamine, muldade degradatsioon, \u00fclek\u00fcttimine; (5) kliimamuutused. Neist teguritest on seni olnud k\u00f5ige ulatuslikuma m\u00f5juga maakasutusmuutusest tingitud elupaikade kadu. Aga kliimamuutused on t\u00f5usmas elupaikade h\u00e4vimise k\u00f5rval suurimaks elurikkuse kao p\u00f5hjuseks (<a data-url=\"https:\/\/www.ipbes.net\/global-assessment\" href=\"https:\/\/www.ipbes.net\/global-assessment\" target=\"_blank\" title=\"\" rel=\"noopener\">IPBES 2019<\/a>; <a data-url=\"https:\/\/royalsocietypublishing.org\/doi\/full\/10.1098\/rspb.2018.0792\" href=\"https:\/\/royalsocietypublishing.org\/doi\/full\/10.1098\/rspb.2018.0792\" target=\"_blank\" title=\"\" rel=\"noopener\">Newbold, 2018<\/a>).\n<\/p>\n<p>\n\tKliimamuutused m\u00f5jutavad otseselt elusloodust ja v\u00f5imendavad teisi eelmainitud elurikkust v\u00e4hendavaid m\u00f5jutegureid. Kliimamuutused muudavad liikidele olulisi keskkonnatingimusi nagu temperatuur ja sademete hulk. Kuna k\u00f5ik \u00f6kos\u00fcsteemid ja nendega seotud liigid on kohanenud teatavate keskkonnatingimustega, nihkuvad v\u00f5i kaovad koos muutuva kliimaga ka \u00f6kos\u00fcsteemidele ja liikidele sobivad tingimused. Kliimamuutused m\u00f5jutavad nii loodust kui ka loodusega tugevalt seotud majandusvaldkondi, nagu toidutootmine, metsandus ja kalandus. Teisis\u00f5nu v\u00e4hendab elurikkuse kadu loodush\u00fcvede k\u00e4ttesaadavust ja kahjustab meid endid. Elurikkuse hoidmine ning eluslooduse s\u00fcsinikuvaru taastamine ja hoidmine on \u00fchtlasi ka \u00fcks lahendustest kliimamuutuste piduramisel ja peatamisel.\n<\/p>\n<blockquote>\n<p>\n\t\t<strong>P\u00f5his\u00f5numid<\/strong>\n\t<\/p>\n<ul>\n<li>\n\t\t\tKliimamuutused on t\u00f5usmas elupaikade h\u00e4vimise k\u00f5rval suurimaks elurikkuse kao p\u00f5hjuseks.\n\t\t<\/li>\n<\/ul>\n<\/blockquote>\n<p>\n\t<strong>Lisamaterjal<\/strong>\n<\/p>\n<p>\n\t<a data-url=\"https:\/\/www.ipbes.net\/assessing-knowledge\" href=\"https:\/\/www.ipbes.net\/assessing-knowledge\" target=\"_blank\" title=\"\" rel=\"noopener\">IPBES raportid<\/a><br>IPBES aruannete <a data-url=\"https:\/\/landscape.ut.ee\/publikatsioonid\/raportid-ja-aruanded\/\" href=\"https:\/\/landscape.ut.ee\/publikatsioonid\/raportid-ja-aruanded\/\" target=\"_blank\" title=\"\" rel=\"noopener\">eestikeelsed kokkuv\u00f5tted<\/a><br><a data-url=\"https:\/\/loodusveeb.ee\/sites\/default\/files\/inline-files\/bioclim_a_lopparuanne_19.01.16_0.pdf\" href=\"https:\/\/loodusveeb.ee\/sites\/default\/files\/inline-files\/bioclim_a_lopparuanne_19.01.16_0.pdf\" target=\"_blank\" title=\"\" rel=\"noopener\">BioClim raport<\/a><br>Helm, A. (2021). <a data-url=\"https:\/\/bpw-estonia.ee\/eena-esitleb-roheline-ja-hooliv-maailm-avaloeng-aveliina-helm\/?fbclid=IwAR1XN7ONRb5cQ32X9LrpIGnY26uqw6ZmCwpQZtWgJl3uF66OZiu53uA-Ul0\" href=\"https:\/\/bpw-estonia.ee\/eena-esitleb-roheline-ja-hooliv-maailm-avaloeng-aveliina-helm\/?fbclid=IwAR1XN7ONRb5cQ32X9LrpIGnY26uqw6ZmCwpQZtWgJl3uF66OZiu53uA-Ul0\" target=\"_blank\" title=\"\" rel=\"noopener\">Globaalmuutused, looduskeskkond ja inimene.<\/a> EENA Veebiseminar<\/p>\n","protected":false},"excerpt":{"rendered":"<p>Millised inimtekkelised tegurid m\u00f5jutavad elusloodust? Missugune on kliimamuutuste roll elurikkuse v\u00e4henemisel? Oleme Maa loodust oluliselt kahjustanud. Globaalselt on inimesed \u00fchel v\u00f5i teisel moel \u00fcmber kujundanud 75% maismaapinnast ning 66% maailmamerest (IPBES 2019, joonis S1.1). Ligikaudu iga kaheksas liik ehk miljon &#8230;<\/p>\n","protected":false},"author":315,"featured_media":0,"parent":0,"menu_order":0,"comment_status":"closed","ping_status":"closed","template":"","meta":{"_acf_changed":false,"inline_featured_image":false,"footnotes":""},"class_list":["post-47","page","type-page","status-publish","hentry"],"acf":[],"_links":{"self":[{"href":"https:\/\/sisu.ut.ee\/kliimatarkused\/wp-json\/wp\/v2\/pages\/47","targetHints":{"allow":["GET"]}}],"collection":[{"href":"https:\/\/sisu.ut.ee\/kliimatarkused\/wp-json\/wp\/v2\/pages"}],"about":[{"href":"https:\/\/sisu.ut.ee\/kliimatarkused\/wp-json\/wp\/v2\/types\/page"}],"author":[{"embeddable":true,"href":"https:\/\/sisu.ut.ee\/kliimatarkused\/wp-json\/wp\/v2\/users\/315"}],"replies":[{"embeddable":true,"href":"https:\/\/sisu.ut.ee\/kliimatarkused\/wp-json\/wp\/v2\/comments?post=47"}],"version-history":[{"count":1,"href":"https:\/\/sisu.ut.ee\/kliimatarkused\/wp-json\/wp\/v2\/pages\/47\/revisions"}],"predecessor-version":[{"id":648,"href":"https:\/\/sisu.ut.ee\/kliimatarkused\/wp-json\/wp\/v2\/pages\/47\/revisions\/648"}],"wp:attachment":[{"href":"https:\/\/sisu.ut.ee\/kliimatarkused\/wp-json\/wp\/v2\/media?parent=47"}],"curies":[{"name":"wp","href":"https:\/\/api.w.org\/{rel}","templated":true}]}}