{"id":45,"date":"2024-04-04T08:41:30","date_gmt":"2024-04-04T05:41:30","guid":{"rendered":"https:\/\/sisu.ut.ee\/kliimatarkused\/b1-maa-kliima-tulevik\/"},"modified":"2024-04-04T08:43:48","modified_gmt":"2024-04-04T05:43:48","slug":"b1-maa-kliima-tulevik","status":"publish","type":"page","link":"https:\/\/sisu.ut.ee\/kliimatarkused\/b1-maa-kliima-tulevik\/","title":{"rendered":"B1 Maa kliima tulevik"},"content":{"rendered":"<h3>\n\t<strong>Tuleviku kliima<\/strong><br>\n<\/h3>\n<h4>\n\tEnne teksti lugemist kirjelda, missugused muutused Maa kliimas v\u00f5ivad meid sel sajandil ees oodata! Missugustes muutustes oled kindel ja mis tundub pigem kuulujutuna? Kust otsiksid t\u00e4psemat infot?<br>\n<\/h4>\n<p>\n\tV\u00f5rreldes t\u00f6\u00f6stusrevolutsioonieelse ajaga t\u00f5useb selle sajandi l\u00f5puks keskmine \u00f5hutemperatuur poolteist kuni neli ja pool kraadi (<a data-url=\"https:\/\/www.ipcc.ch\/report\/ar6\/wg1\/\" href=\"https:\/\/www.ipcc.ch\/report\/ar6\/wg1\/\" target=\"_blank\" title=\"\" rel=\"noopener\">IPCC AR6 WGI Ch4<\/a>). Kui palju t\u00e4pselt kliima soojeneb, s\u00f5ltub meist endist ehk kasvuhoonegaaside heitkogustest. V\u00e4ga paljude muutuste ulatus kliimas\u00fcsteemis s\u00f5ltub otseselt globaalse soojenemise tugevusest. Mida tugevam soojenemine, seda tugevamad ja sagedasemad on kuumalained, paduvihmad ja p\u00f5uad (<a data-url=\"https:\/\/www.ipcc.ch\/report\/ar6\/wg1\/\" href=\"https:\/\/www.ipcc.ch\/report\/ar6\/wg1\/\" target=\"_blank\" title=\"\" rel=\"noopener\">IPCC AR6 WGI Ch11<\/a>). Atmosf\u00e4\u00e4ri veeringe intensiivistumine toob kaasa sajuhulga kasvu sademeterohketes piirkondades ja sajuhulga kahanemise kuivades piirkondades (<a data-url=\"https:\/\/www.ipcc.ch\/report\/ar6\/wg1\/\" href=\"https:\/\/www.ipcc.ch\/report\/ar6\/wg1\/\" target=\"_blank\" title=\"\" rel=\"noopener\">IPCC AR6 WGI Ch8<\/a>).\n<\/p>\n<p>\n\tGlobaalne merevee tase t\u00f5useb kasvuhoonegaaside heitkoguseid v\u00e4hendamata selle sajandi l\u00f5puks ligikaudu poolteist meetrit. Tugevama soojenemisega kasvab t\u00f5en\u00e4osus \u00fcletada kliimas\u00fcsteemi kriitilisi piire ehk murdepunkte, misj\u00e4rel muutuvad paljud protsessid looduses p\u00f6\u00f6rdumatult (<a data-url=\"https:\/\/www.ipcc.ch\/report\/ar6\/wg1\/\" href=\"https:\/\/www.ipcc.ch\/report\/ar6\/wg1\/\" target=\"_blank\" title=\"\" rel=\"noopener\">IPCC AR6 WGI<\/a>). V\u00f5imalikud murdepunktid on Antarktika j\u00e4\u00e4kilbi osaline sulamine ja rohkem kui 15-meetrine globaalse veetaseme t\u00f5us \u00fclej\u00e4rgmise sajandi l\u00f5puks, suured muutused ookeanivee- ja \u00f5huringluses ning vihmametsade h\u00e4vimine (<a data-url=\"https:\/\/www.ipcc.ch\/report\/ar6\/wg1\/\" href=\"https:\/\/www.ipcc.ch\/report\/ar6\/wg1\/\" target=\"_blank\" title=\"\" rel=\"noopener\">IPCC AR6 WGI<\/a>). V\u00f5imalik murdepunkt on ka igikeltsa sulamine, millega vabanevad pinnasest kasvuhoonegaasid s\u00fcsihappegaas ja metaan. Metaan on seejuures s\u00fcsihappagaasist enam kui k\u00fcmme korda suurema kliimat soojendava m\u00f5juga kasvuhoonegaas. Murdepunktide \u00fcletamine p\u00f5hjustab p\u00f6\u00f6rdumatuid muutusi, mille olemust ja m\u00f5ju \u00fclej\u00e4\u00e4nud kliimas\u00fcsteemile me ei oska isegi l\u00f5puni ette n\u00e4ha.\n<\/p>\n<blockquote>\n<p>\n\t\t<strong>P\u00f5his\u00f5numid<\/strong>\n\t<\/p>\n<ul>\n<li>\n\t\t\tKasvuhoonegaaside heitkoguseid v\u00e4hendamata soojeneb Maa kliima mitme kraadi v\u00f5rra, tuues kaasa senisest \u00e4\u00e4rmuslikumad ilmaolud.\n\t\t<\/li>\n<li>\n\t\t\tTugeva soojenemisega kasvab t\u00f5en\u00e4osus \u00fcletada kliimas\u00fcsteemi kriitilisi piire ehk murdepunkte, mille j\u00e4rel muutuvad paljud protsessid looduses p\u00f6\u00f6rdumatult.\n\t\t<\/li>\n<\/ul>\n<\/blockquote>\n<p>\n\t<strong>Lisamaterjal<\/strong>\n<\/p>\n<p>\n\t<a data-url=\"https:\/\/www.ipcc.ch\/report\/ar6\/wg1\/downloads\/report\/IPCC_AR6_WGI_Chapter04.pdf\" href=\"https:\/\/www.ipcc.ch\/report\/ar6\/wg1\/downloads\/report\/IPCC_AR6_WGI_Chapter04.pdf\" target=\"_blank\" title=\"\" rel=\"noopener\">IPCC AR6 WGI Ch4<\/a><br><a data-url=\"https:\/\/www.ipcc.ch\/report\/ar6\/wg1\/downloads\/report\/IPCC_AR6_WGI_Chapter11.pdf\" href=\"https:\/\/www.ipcc.ch\/report\/ar6\/wg1\/downloads\/report\/IPCC_AR6_WGI_Chapter11.pdf\" target=\"_blank\" title=\"\" rel=\"noopener\">IPCC AR6 WGI Ch11<\/a><br><a data-url=\"https:\/\/www.science.org\/doi\/10.1126\/science.abn7950\" href=\"https:\/\/www.science.org\/doi\/10.1126\/science.abn7950\" target=\"_blank\" title=\"\" rel=\"noopener\">Tipping points<\/a><br>\n\t<a data-url=\"https:\/\/global-tipping-points.org\/\" href=\"https:\/\/global-tipping-points.org\/\" target=\"_blank\" title=\"\" rel=\"noopener\">The Global Tipping Points Report<\/a><\/p>\n","protected":false},"excerpt":{"rendered":"<p>Tuleviku kliima Enne teksti lugemist kirjelda, missugused muutused Maa kliimas v\u00f5ivad meid sel sajandil ees oodata! Missugustes muutustes oled kindel ja mis tundub pigem kuulujutuna? Kust otsiksid t\u00e4psemat infot? V\u00f5rreldes t\u00f6\u00f6stusrevolutsioonieelse ajaga t\u00f5useb selle sajandi l\u00f5puks keskmine \u00f5hutemperatuur poolteist kuni &#8230;<\/p>\n","protected":false},"author":315,"featured_media":0,"parent":0,"menu_order":0,"comment_status":"closed","ping_status":"closed","template":"","meta":{"_acf_changed":false,"inline_featured_image":false,"footnotes":""},"class_list":["post-45","page","type-page","status-publish","hentry"],"acf":[],"_links":{"self":[{"href":"https:\/\/sisu.ut.ee\/kliimatarkused\/wp-json\/wp\/v2\/pages\/45","targetHints":{"allow":["GET"]}}],"collection":[{"href":"https:\/\/sisu.ut.ee\/kliimatarkused\/wp-json\/wp\/v2\/pages"}],"about":[{"href":"https:\/\/sisu.ut.ee\/kliimatarkused\/wp-json\/wp\/v2\/types\/page"}],"author":[{"embeddable":true,"href":"https:\/\/sisu.ut.ee\/kliimatarkused\/wp-json\/wp\/v2\/users\/315"}],"replies":[{"embeddable":true,"href":"https:\/\/sisu.ut.ee\/kliimatarkused\/wp-json\/wp\/v2\/comments?post=45"}],"version-history":[{"count":1,"href":"https:\/\/sisu.ut.ee\/kliimatarkused\/wp-json\/wp\/v2\/pages\/45\/revisions"}],"predecessor-version":[{"id":650,"href":"https:\/\/sisu.ut.ee\/kliimatarkused\/wp-json\/wp\/v2\/pages\/45\/revisions\/650"}],"wp:attachment":[{"href":"https:\/\/sisu.ut.ee\/kliimatarkused\/wp-json\/wp\/v2\/media?parent=45"}],"curies":[{"name":"wp","href":"https:\/\/api.w.org\/{rel}","templated":true}]}}