{"id":42,"date":"2024-04-04T08:41:30","date_gmt":"2024-04-04T05:41:30","guid":{"rendered":"https:\/\/sisu.ut.ee\/kliimatarkused\/a4-kliima-soojenemine-inimtekkeline\/"},"modified":"2024-04-04T08:43:48","modified_gmt":"2024-04-04T05:43:48","slug":"a4-kliima-soojenemine-inimtekkeline","status":"publish","type":"page","link":"https:\/\/sisu.ut.ee\/kliimatarkused\/a4-kliima-soojenemine-inimtekkeline\/","title":{"rendered":"A4 Kliima soojenemine on inimtekkeline"},"content":{"rendered":"<h3>\n\t<strong>Kliima soojenemise inimtekkelisus<\/strong><br>\n<\/h3>\n<h4>\n\tKuidas v\u00f5rdleksid looduslike tegurite t\u00f6\u00f6stusrevolutsioonij\u00e4rgset kliimam\u00f5ju inimtegevuse m\u00f5juga? Milliseid andme- ja infoallikaid kasutaksid j\u00e4rele uurimiseks? Kas loodusliku ja inimtegevuse kliimat soojendava m\u00f5ju tugevus v\u00f5ib olla samas suurusj\u00e4rgus?<br>\n<\/h4>\n<p>\n\tT\u00f6\u00f6stusrevolutsioonij\u00e4rgse kliima soojenemise peamiseks p\u00f5hjustajaks oleme meie, inimesed (joonis A4.1). T\u00e4psemalt meie tegevused, mille tagaj\u00e4rjel satub atmosf\u00e4\u00e4ri kasvuhoonegaase: t\u00f6\u00f6stus, p\u00f5llumajandus, transport, ehitustegevus jm. Looduslike tegurite t\u00f6\u00f6stusrevolutsioonij\u00e4rgne kliimam\u00f5ju on v\u00e4hem kui k\u00fcmnendik inimtegevuse kliimam\u00f5just (joonis A4.1; <a data-url=\"https:\/\/www.ipcc.ch\/report\/ar6\/wg1\/\" href=\"https:\/\/www.ipcc.ch\/report\/ar6\/wg1\/\" target=\"_blank\" title=\"\" rel=\"noopener\">IPCC AR6 WGI Ch7<\/a>). Kasvuhoonegaasid nagu s\u00fcsihappegaas, metaan, dil\u00e4mmastikoksiid ja osoon neelavad soojuskiirgust ja soojendavad seel\u00e4bi Maa kliimat (joonis A1.2). Lisades atmosf\u00e4\u00e4ri kasvuhoonegaase, soojeneb kliima, kuni maailmaruumi kiiratav soojusenergia hulk saab taas v\u00f5rdseks neelduva p\u00e4ikesekiirguse hulgaga. Me teame, kasutatud fossiilk\u00fctuste koguste ja kasvuhoonegaaside atmosf\u00e4\u00e4rikontsentratsioonide muutuste j\u00e4rgi, kui palju kasvuhoonegaase oleme atmosf\u00e4\u00e4ri lisanud (joonis A4.2). Fossiilk\u00fctuste p\u00f5letamisest p\u00e4rineva s\u00fcsihappegaasi puhul on oluline m\u00e4rkida muutuvat s\u00fcsihappegaasi isotoopkoostist ja s\u00fcsihappegaasi kontsentratsiooni kasvuga koosk\u00f5lalist hapniku kontsentratsiooni v\u00e4henemist Maa atmosf\u00e4\u00e4ris. Samuti teame, kui palju soojuskiirgust kasvuhoonegaasid neelavad. Sellega on inimtekkeliste kasvuhoonegaaside soojendava m\u00f5ju ulatus v\u00e4ga t\u00e4pselt teada.\n<\/p>\n<h3>\n\t<strong>Energiatasakaal kliimas\u00fcsteemis<\/strong><br>\n<\/h3>\n<h4>\n\t\u00d5pilased otsustasid ise ehitada mehaanilise kliimamudeli, et inimtekkelist atmosf\u00e4\u00e4ri kasvuhooneefekti kaas\u00f5pilastele selgitada. Nad leidsid sobiliku n\u00e4ite YouTube\u2019ist ja ehitasidki kliimamudeli valmis! \u00d5pilased on p\u00f6\u00f6rdunud sinu poole, et sa selgitaksid neile Jacob Seeley video sisu lihtsas keeles, et nad saaksid kaas\u00f5pilastele edukalt oma kliimamudelit tutvustada. Milliseid k\u00fcsimusi v\u00f5iks lastele esitada ja millistele aspektidele neid m\u00f5tlema suunata, et nad leiaksid \u00fcles video k\u00f5ige olulisemad punktid?<br>\n<\/h4>\n<h3>\n\t<strong>Kliima soojenemise inimtekkelisus<\/strong><br>\n<\/h3>\n<h4>\n\tSinu hea tuttav Mari kuulis, et k\u00e4sitled koolis kliimamuutusi. Mari on k\u00fcll teadlik t\u00f5enditest, mis k\u00f5ik n\u00e4itavad, et kliima soojeneb. Aga Mari ei tea, miks teadlased \u00fctlevad: \u201eKliima soojenemine on inimtekkeline.\u201c Kuidas selgitaksid Marile kliimamuutuste inimtekkelisuse t\u00f5endeid?<br>\n<\/h4>\n<blockquote>\n<p>\n\t\t<strong>P\u00f5his\u00f5numid<\/strong>\n\t<\/p>\n<ul>\n<li>\n\t\t\tKliima soojenemise inimtekkelisust t\u00f5endavad m\u00f5\u00f5tmised ja selge loodusteaduslik arusaam soojenemise p\u00f5hjustest.\n\t\t<\/li>\n<\/ul>\n<\/blockquote>\n<p>\n\t<img loading=\"lazy\" decoding=\"async\" width=\"2000\" height=\"1657\" class=\"alignnone wp-image-248\" style=\"width: 400px;height: 331px\" src=\"https:\/\/sisu.ut.ee\/wp-content\/uploads\/sites\/635\/kliima_abc_a4.1.jpg\" title=\" \" alt=\"Kliima_abc_A4.1\" srcset=\"https:\/\/sisu.ut.ee\/wp-content\/uploads\/sites\/635\/kliima_abc_a4.1.jpg 2000w, https:\/\/sisu.ut.ee\/wp-content\/uploads\/sites\/635\/kliima_abc_a4.1-300x249.jpg 300w, https:\/\/sisu.ut.ee\/wp-content\/uploads\/sites\/635\/kliima_abc_a4.1-1024x848.jpg 1024w, https:\/\/sisu.ut.ee\/wp-content\/uploads\/sites\/635\/kliima_abc_a4.1-768x636.jpg 768w, https:\/\/sisu.ut.ee\/wp-content\/uploads\/sites\/635\/kliima_abc_a4.1-1536x1273.jpg 1536w, https:\/\/sisu.ut.ee\/wp-content\/uploads\/sites\/635\/kliima_abc_a4.1-1920x1591.jpg 1920w\" sizes=\"auto, (max-width: 2000px) 100vw, 2000px\">\n<\/p>\n<p>\n\t<span style=\"font-size:13px\"><strong>Joonis A4.1.<\/strong> Inimtegevus on p\u00f5hjustanud t\u00f6\u00f6stusrevolutsioonist alates globaalse keskmise aluspinnal\u00e4hedase \u00f5hutemperatuuri t\u00f5usu 1,1 kraadi\u00a0 v\u00f5rra. M\u00f5\u00f5detud globaalne \u00f5hutemperatuur ja inimtegevuse m\u00f5juga arvestava mudeliga arvutatud temperatuurid on v\u00e4ga sarnased. Looduslike tegurite m\u00f5jul m\u00e4rgatavat soojenemist toimunud ei ole. Allikas: <\/span><a data-url=\"https:\/\/www.ipcc.ch\/ report\/ar6\/wg1\/fi gures\/summary-for-policymakers\/fi gure-spm-1\" href=\"https:\/\/www.ipcc.ch\/%20report\/ar6\/wg1\/fi%20gures\/summary-for-policymakers\/fi%20gure-spm-1\" target=\"_blank\" title=\"\" rel=\"noopener\">https:\/\/www.ipcc.ch\/ report\/ar6\/wg1\/fi gures\/summary-for-policymakers\/fi gure-spm-1<\/a>\n<\/p>\n<p>\n\t<img loading=\"lazy\" decoding=\"async\" width=\"2200\" height=\"1374\" class=\"alignnone wp-image-249\" style=\"width: 400px;height: 250px\" src=\"https:\/\/sisu.ut.ee\/wp-content\/uploads\/sites\/635\/kliima_abc_a4.2.jpg\" title=\" \" alt=\"Kliima_abc_A4.2\" srcset=\"https:\/\/sisu.ut.ee\/wp-content\/uploads\/sites\/635\/kliima_abc_a4.2.jpg 2200w, https:\/\/sisu.ut.ee\/wp-content\/uploads\/sites\/635\/kliima_abc_a4.2-300x187.jpg 300w, https:\/\/sisu.ut.ee\/wp-content\/uploads\/sites\/635\/kliima_abc_a4.2-1024x640.jpg 1024w, https:\/\/sisu.ut.ee\/wp-content\/uploads\/sites\/635\/kliima_abc_a4.2-768x480.jpg 768w, https:\/\/sisu.ut.ee\/wp-content\/uploads\/sites\/635\/kliima_abc_a4.2-1536x959.jpg 1536w, https:\/\/sisu.ut.ee\/wp-content\/uploads\/sites\/635\/kliima_abc_a4.2-2048x1279.jpg 2048w, https:\/\/sisu.ut.ee\/wp-content\/uploads\/sites\/635\/kliima_abc_a4.2-1920x1199.jpg 1920w\" sizes=\"auto, (max-width: 2200px) 100vw, 2200px\">\n<\/p>\n<p>\n\t<span style=\"font-size:13px\"><strong><a id=\"A42\" name=\"A42\"><\/a>Joonis A4.2.<\/strong> Inimtegevus on p\u00f5hjustanud s\u00fcsihappegaasi kontsentratsiooni t\u00f5usu Maa atmosf\u00e4\u00e4ris. Kuukeskmise s\u00fcsihappegaasi kontsentratsiooni [ppm e miljondikosa] aegreas on n\u00e4ha nii aastaaegade vaheldumine kui ka pidev pikaajaline kontsentratsiooni kasv. Hawaiil Mauna Loa observatooriumis on s\u00fcsihappegaasi kontsentratsiooni atmosf\u00e4\u00e4ris m\u00f5\u00f5detud juba m\u00f6\u00f6dunud sajandi viiek\u00fcmnendatest aastatest. Allikas:\u00a0<\/span><a data-url=\"https:\/\/scrippsco2.ucsd.edu\/graphics_gallery\/mauna_loa_record\/mauna_loa_record_color.html\" href=\"https:\/\/scrippsco2.ucsd.edu\/graphics_gallery\/mauna_loa_record\/mauna_loa_record_color.html\" target=\"_blank\" title=\"\" rel=\"noopener\">https:\/\/scrippsco2.ucsd.edu\/graphics_gallery\/mauna_loa_record\/mauna_loa_record_color.html<\/a>\n<\/p>\n<p>\n\t<strong>Lisamaterjal<\/strong>\n<\/p>\n<h4>\n\tTutvu <a data-url=\"https:\/\/www.youtube.com\/watch?v=E7kMr2OYKSU\" href=\"https:\/\/www.youtube.com\/watch?v=E7kMr2OYKSU\" target=\"_blank\" title=\"\" rel=\"noopener\">animatsiooniga<\/a>\u00a0eri tegurite panusest kliima soojenemisse!<br>\n<\/h4>\n<p>\n\t<a data-url=\"https:\/\/www.ipcc.ch\/report\/ar6\/wg1\/downloads\/report\/IPCC_AR6_WGI_SPM.pdf\" href=\"https:\/\/www.ipcc.ch\/report\/ar6\/wg1\/downloads\/report\/IPCC_AR6_WGI_SPM.pdf\" target=\"_blank\" title=\"\" rel=\"noopener\">IPCC AR6 WGI kokkuv\u00f5te poliitika kujundajatele<\/a>\n<\/p>\n<p>\n\t<a data-url=\"https:\/\/www.ipcc.ch\/report\/ar6\/wg1\/chapter\/chapter-7\/\" href=\"https:\/\/www.ipcc.ch\/report\/ar6\/wg1\/chapter\/chapter-7\/\" target=\"_blank\" title=\"\" rel=\"noopener\">IPCC AR6 WGI Ch7<\/a><\/p>\n","protected":false},"excerpt":{"rendered":"<p>Kliima soojenemise inimtekkelisus Kuidas v\u00f5rdleksid looduslike tegurite t\u00f6\u00f6stusrevolutsioonij\u00e4rgset kliimam\u00f5ju inimtegevuse m\u00f5juga? Milliseid andme- ja infoallikaid kasutaksid j\u00e4rele uurimiseks? Kas loodusliku ja inimtegevuse kliimat soojendava m\u00f5ju tugevus v\u00f5ib olla samas suurusj\u00e4rgus? T\u00f6\u00f6stusrevolutsioonij\u00e4rgse kliima soojenemise peamiseks p\u00f5hjustajaks oleme meie, inimesed (joonis A4.1). &#8230;<\/p>\n","protected":false},"author":315,"featured_media":0,"parent":0,"menu_order":0,"comment_status":"closed","ping_status":"closed","template":"","meta":{"_acf_changed":false,"inline_featured_image":false,"footnotes":""},"class_list":["post-42","page","type-page","status-publish","hentry"],"acf":[],"_links":{"self":[{"href":"https:\/\/sisu.ut.ee\/kliimatarkused\/wp-json\/wp\/v2\/pages\/42","targetHints":{"allow":["GET"]}}],"collection":[{"href":"https:\/\/sisu.ut.ee\/kliimatarkused\/wp-json\/wp\/v2\/pages"}],"about":[{"href":"https:\/\/sisu.ut.ee\/kliimatarkused\/wp-json\/wp\/v2\/types\/page"}],"author":[{"embeddable":true,"href":"https:\/\/sisu.ut.ee\/kliimatarkused\/wp-json\/wp\/v2\/users\/315"}],"replies":[{"embeddable":true,"href":"https:\/\/sisu.ut.ee\/kliimatarkused\/wp-json\/wp\/v2\/comments?post=42"}],"version-history":[{"count":1,"href":"https:\/\/sisu.ut.ee\/kliimatarkused\/wp-json\/wp\/v2\/pages\/42\/revisions"}],"predecessor-version":[{"id":653,"href":"https:\/\/sisu.ut.ee\/kliimatarkused\/wp-json\/wp\/v2\/pages\/42\/revisions\/653"}],"wp:attachment":[{"href":"https:\/\/sisu.ut.ee\/kliimatarkused\/wp-json\/wp\/v2\/media?parent=42"}],"curies":[{"name":"wp","href":"https:\/\/api.w.org\/{rel}","templated":true}]}}