{"id":41,"date":"2024-04-04T08:41:30","date_gmt":"2024-04-04T05:41:30","guid":{"rendered":"https:\/\/sisu.ut.ee\/kliimatarkused\/a3-senised-kliimamuutused-pohja-euroopas-ja-eestis\/"},"modified":"2024-04-04T08:43:48","modified_gmt":"2024-04-04T05:43:48","slug":"a3-senised-kliimamuutused-pohja-euroopas-ja-eestis","status":"publish","type":"page","link":"https:\/\/sisu.ut.ee\/kliimatarkused\/a3-senised-kliimamuutused-pohja-euroopas-ja-eestis\/","title":{"rendered":"A3 Senised kliimamuutused P\u00f5hja-Euroopas ja Eestis"},"content":{"rendered":"<p>\n\tGlobaalsest soojenemisest tingitud kliimamuutused ei ole k\u00f5ikjal maailmas \u00fchesugused. Euroopas on \u00f5hutemperatuur t\u00f5usnud viimasel kolmek\u00fcmnel aastal 0,5 \u00b0C k\u00fcmnendi kohta, see on \u00fcle kahe korra kiiremini kui globaalne keskmine (<a data-url=\"https:\/\/wmo.int\/media\/news\/temperatures-europe-increase-more-twice-global-average\" href=\"https:\/\/wmo.int\/media\/news\/temperatures-europe-increase-more-twice-global-average\" target=\"_blank\" title=\"\" rel=\"noopener\">WMO 2022<\/a>). Eestis on sagenenud nii kuumap\u00e4evad kui ka troopilised \u00f6\u00f6d (<a data-url=\"https:\/\/link.springer.com\/content\/pdf\/10.1007\/978-3-319-16006-1.pdf\" href=\"https:\/\/link.springer.com\/content\/pdf\/10.1007\/978-3-319-16006-1.pdf\" target=\"_blank\" title=\"\" rel=\"noopener\">BACC II Ch4.4<\/a>). K\u00f5ige enam on soojenenud kevaded, varakevad saabub j\u00e4rjest varem (<a data-url=\"https:\/\/link.springer.com\/article\/10.1007\/s00704-005-0161-0\" href=\"https:\/\/link.springer.com\/article\/10.1007\/s00704-005-0161-0\" target=\"_blank\" title=\"\" rel=\"noopener\">Jaagus, 2006<\/a>). Sademete hulk P\u00f5hja-Euroopas on kasvanud, eriti talvel (<a data-url=\"https:\/\/www.ipcc.ch\/report\/ar6\/wg1\/downloads\/factsheets\/IPCC_AR6_WGI_Regional_Fact_Sheet_Europe.pdf\" href=\"https:\/\/www.ipcc.ch\/report\/ar6\/wg1\/downloads\/factsheets\/IPCC_AR6_WGI_Regional_Fact_Sheet_Europe.pdf\" target=\"_blank\" title=\"\" rel=\"noopener\">IPCC AR6 WGI Euroopa kliima<\/a>). Eestis on v\u00e4henenud nii lumikatte kestus kui ka paksus, p\u00fcsiv lumikate sulab s\u00f5ltuvalt piirkonnast 10 kuni 30 p\u00e4eva varem (<a data-url=\"https:\/\/link.springer.com\/article\/10.1007\/s00704-019-03013-5\" href=\"https:\/\/link.springer.com\/article\/10.1007\/s00704-019-03013-5\" target=\"_blank\" title=\"\" rel=\"noopener\">Viru ja Jaagus, 2020<\/a>).\n<\/p>\n<h3>\n\t<strong>Kliimamuutused Eestis<\/strong><br>\n<\/h3>\n<h4>\n\tKoosta palun tabel, kus v\u00f5rdled kliimamuutusi Eestis ja maailmas tervikuna! Missuguse j\u00e4relduse tabeli p\u00f5hjal teed?<br>\n<\/h4>\n<blockquote>\n<p>\n\t\t<strong>P\u00f5his\u00f5numid<\/strong>\n\t<\/p>\n<ul>\n<li>\n\t\t\tP\u00f5hja-Euroopa on soojenenud globaalsest keskmisest kiiremini ja ka sademete hulk on kasvanud.\n\t\t<\/li>\n<li>\n\t\t\tEestis on lumikatte kestus ja paksus v\u00e4henenud.\n\t\t<\/li>\n<\/ul>\n<\/blockquote>\n<p>\n\t<strong>Lisamaterjal<\/strong>\n<\/p>\n<p>\n\t<a data-url=\"https:\/\/www.ilmateenistus.ee\/kliima\/kliimanormid\/\" href=\"https:\/\/www.ilmateenistus.ee\/kliima\/kliimanormid\/\" target=\"_blank\" title=\"\" rel=\"noopener\">Eesti kliima normid<\/a><br><a data-url=\"https:\/\/www.ipcc.ch\/report\/ar6\/wg1\/downloads\/factsheets\/IPCC_AR6_WGI_Regional_Fact_Sheet_Europe.pdf\" href=\"https:\/\/www.ipcc.ch\/report\/ar6\/wg1\/downloads\/factsheets\/IPCC_AR6_WGI_Regional_Fact_Sheet_Europe.pdf\" target=\"_blank\" title=\"\" rel=\"noopener\">IPCC AR6 WGI Euroopa kliima<\/a><br><a data-url=\"https:\/\/link.springer.com\/content\/pdf\/10.1007\/978-3-319-16006-1.pdf\" href=\"https:\/\/link.springer.com\/content\/pdf\/10.1007\/978-3-319-16006-1.pdf\" target=\"_blank\" title=\"\" rel=\"noopener\">BACC II: L\u00e4\u00e4nemere piirkonna kliimamuutused<\/a><\/p>\n","protected":false},"excerpt":{"rendered":"<p>Globaalsest soojenemisest tingitud kliimamuutused ei ole k\u00f5ikjal maailmas \u00fchesugused. Euroopas on \u00f5hutemperatuur t\u00f5usnud viimasel kolmek\u00fcmnel aastal 0,5 \u00b0C k\u00fcmnendi kohta, see on \u00fcle kahe korra kiiremini kui globaalne keskmine (WMO 2022). Eestis on sagenenud nii kuumap\u00e4evad kui ka troopilised \u00f6\u00f6d &#8230;<\/p>\n","protected":false},"author":315,"featured_media":0,"parent":0,"menu_order":0,"comment_status":"closed","ping_status":"closed","template":"","meta":{"_acf_changed":false,"inline_featured_image":false,"footnotes":""},"class_list":["post-41","page","type-page","status-publish","hentry"],"acf":[],"_links":{"self":[{"href":"https:\/\/sisu.ut.ee\/kliimatarkused\/wp-json\/wp\/v2\/pages\/41","targetHints":{"allow":["GET"]}}],"collection":[{"href":"https:\/\/sisu.ut.ee\/kliimatarkused\/wp-json\/wp\/v2\/pages"}],"about":[{"href":"https:\/\/sisu.ut.ee\/kliimatarkused\/wp-json\/wp\/v2\/types\/page"}],"author":[{"embeddable":true,"href":"https:\/\/sisu.ut.ee\/kliimatarkused\/wp-json\/wp\/v2\/users\/315"}],"replies":[{"embeddable":true,"href":"https:\/\/sisu.ut.ee\/kliimatarkused\/wp-json\/wp\/v2\/comments?post=41"}],"version-history":[{"count":1,"href":"https:\/\/sisu.ut.ee\/kliimatarkused\/wp-json\/wp\/v2\/pages\/41\/revisions"}],"predecessor-version":[{"id":654,"href":"https:\/\/sisu.ut.ee\/kliimatarkused\/wp-json\/wp\/v2\/pages\/41\/revisions\/654"}],"wp:attachment":[{"href":"https:\/\/sisu.ut.ee\/kliimatarkused\/wp-json\/wp\/v2\/media?parent=41"}],"curies":[{"name":"wp","href":"https:\/\/api.w.org\/{rel}","templated":true}]}}