{"id":4,"date":"2024-04-04T08:41:25","date_gmt":"2024-04-04T05:41:25","guid":{"rendered":"https:\/\/sisu.ut.ee\/kliimatarkused\/triin-reitalu\/"},"modified":"2024-04-04T08:43:51","modified_gmt":"2024-04-04T05:43:51","slug":"triin-reitalu","status":"publish","type":"page","link":"https:\/\/sisu.ut.ee\/kliimatarkused\/triin-reitalu\/","title":{"rendered":"Mineviku \u00f5ppetunnid \u00f6kos\u00fcsteemide taastamisel"},"content":{"rendered":"<p>\n\tTriin Reitalu<br>Taastamis\u00f6koloogia teadur<br>Maastike elurikkuse\u00a0t\u00f6\u00f6r\u00fchm, Tartu \u00dclikool<\/p>\n<p>Kui r\u00e4\u00e4gime k\u00e4imasolevast kliimakriisist ei tohi \u00e4ra unustada ka elurikkuse drastilist v\u00e4henemist, nii et tegelikult on meil suisa kaks kriisi \u2013 kliima- ja elurikuse kriis. Alates m\u00f6\u00f6dunud sajandi teisest poolest on elurikkuse seisund halvenenud \u00fcle Euroopa ja pea k\u00f5igis \u00f6kos\u00fcsteemides. Kliima ja elurikkuse kriisid on omavahel tihedalt seotud ja \u00fcht ei saa lahendada teiseta. Suureskaalaline looduslike ja pool-looduslike \u00f6kos\u00fcsteemide taastamine loob eeldused nii kliimamuutuste kui elurikkuse kao trendide p\u00f6\u00f6ramiseks paremuse poole. \u00d6kos\u00fcsteemide taastamise all ei m\u00f5elda siin mitte lausalist ajaratta tagasi p\u00f6\u00f6ramist vaid \u00f6kos\u00fcsteemide funktsioonide (n\u00e4iteks s\u00fcsiniku\u00a0sidumine, mulla teke, magevee ringe) taastamist nii, et need toetaksid elurikkust ja inim\u00fchiskonda.<\/p>\n<p>Konkreetsetes maastikes taastamise otsuseid tehes on siiski \u00fclioluline p\u00f6\u00f6rata pilk minevikku ja m\u00f5ista, milline on selle koha ajalugu. Eesti on looduslikult metsamaa, aga aastatuhandete pikkuse inimajaloo v\u00e4ltel on meil kujunenud v\u00e4ga liigirikad ja funktsionaalselt mitmekesised pool-looduslikud kooslused (aruniidud, puiskarjamaad, puisniidud, rannaniidud). Nii v\u00f5iks pika ajalooga liigirikastel p\u00e4randniitudel j\u00e4tta metsa istutamata ja taastada karjatamine v\u00f5i proovida m\u00f5nel muul moel avatud kooslusi s\u00e4ilitada. Ka metsamajanduslikke otsuseid tehes tasuks p\u00f6\u00f6rata pilk minevikku \u2013 praegu istutatavad puud saavad t\u00e4iskasvanuks 70\u201380 aasta p\u00e4rast, mil Eestisse ennustatakse hoopis teistsugust kliimat. T\u00e4na isutatud kuused ja m\u00e4nnid end selles kliimas ilmselt h\u00e4sti ei tunne ja pigem tasuks pilk p\u00f6\u00f6rata Eesti Holotseeni kliimaoptimumi aegsesse metsa\u00f6kos\u00fcsteemi, mil valdavad olid laialehised puud nagu tamm, vaher ja jalakas.<\/p>\n<p>Hoolimata sellest, et aega tagasi ei p\u00f6\u00f6ra, on meil oma loodust taastades siiski minevikust palju \u00f5ppida, eriti just konkreetsetes maastikes ja kooslustes taastamise otsuseid tehes. Nii mineviku kliimamuutused kui varajane inimm\u00f5ju on olnud olulised meie \u00f6kos\u00fcsteemide kujundamisel. Samamoodi m\u00f5jutavad meie praegused otsused lastele ja lastelastele p\u00e4randatava Eestimaa n\u00e4gu.<\/p>\n<p>Siin on esitatud k\u00fcsimus, millele v\u00f5iks m\u00f5elda ettekande vaatamise eelselt ja j\u00e4rgselt.\n<\/p>\n<h4>\n\tMiks ei ole m\u00f5istlik s\u00fcsiniku sidumise eesm\u00e4rgil p\u00e4randniidule metsa istutamine?<br>\n<\/h4>\n<p>\n\t<\/p><div class=\"ratio ratio-16x9 mb-3\"><div class=\"video-placeholder-wrapper video-placeholder-wrapper--16x9\">\n\t\t\t    <div class=\"video-placeholder d-flex justify-content-center align-items-center\">\n\t\t\t        <div class=\"overlay text-white p-2 w-100 text-center d-block justify-content-center align-items-center\">\n\t\t\t            <div>Kolmandate osapoolte sisu n\u00e4gemiseks palun n\u00f5ustu k\u00fcpsistega.<\/div>\n\t\t\t            <button class=\"btn btn-secondary btn-sm mt-1 consent-change\">Muuda n\u00f5usolekut<\/button>\n\t\t\t        <\/div>\n\t\t\t    <\/div>\n\t\t\t<\/div>\n<\/div>\n\n<p>\n\tTriin Reitalu ettekanne teemal \u201eMineviku \u00f5ppetunnid \u00f6kos\u00fcsteemide taastamisel\u201c, salvestatud P\u00e4rnus\u00a0\u00f5ppematerjali \u201eKliimamuutuste ABC\u201c koolitusel 03.03.2023.\n<\/p>\n<p>\n\t<span class=\"file media-element file-os-files-link-icon\" data-file_info=\"%7B%22fid%22:78100,%22view_mode%22:%22os_files_link_icon%22,%22type%22:%22media%22%7D\"><img decoding=\"async\" alt=\"\" class=\"file-icon\" src=\"\/profiles\/openscholar\/modules\/os\/modules\/os_files\/icons\/application-pdf.svg\"> <\/span><a data-url=\"https:\/\/sisu.ut.ee\/wp-content\/uploads\/sites\/635\/ettekanne_-_triin_reitalu.pdf\" href=\"https:\/\/sisu.ut.ee\/wp-content\/uploads\/sites\/635\/ettekanne_-_triin_reitalu.pdf\" target=\"_blank\" title=\"\" rel=\"noopener\">Triin Reitalu\u00a0ettekanne \u201eMineviku \u00f5ppetunnid \u00f6kos\u00fcsteemide taastamisel\u201c<\/a><\/p>\n","protected":false},"excerpt":{"rendered":"<p>Triin ReitaluTaastamis\u00f6koloogia teadurMaastike elurikkuse\u00a0t\u00f6\u00f6r\u00fchm, Tartu \u00dclikool Kui r\u00e4\u00e4gime k\u00e4imasolevast kliimakriisist ei tohi \u00e4ra unustada ka elurikkuse drastilist v\u00e4henemist, nii et tegelikult on meil suisa kaks kriisi \u2013 kliima- ja elurikuse kriis. Alates m\u00f6\u00f6dunud sajandi teisest poolest on elurikkuse seisund halvenenud &#8230;<\/p>\n","protected":false},"author":315,"featured_media":0,"parent":0,"menu_order":0,"comment_status":"closed","ping_status":"closed","template":"","meta":{"_acf_changed":false,"inline_featured_image":false,"footnotes":""},"class_list":["post-4","page","type-page","status-publish","hentry"],"acf":[],"_links":{"self":[{"href":"https:\/\/sisu.ut.ee\/kliimatarkused\/wp-json\/wp\/v2\/pages\/4","targetHints":{"allow":["GET"]}}],"collection":[{"href":"https:\/\/sisu.ut.ee\/kliimatarkused\/wp-json\/wp\/v2\/pages"}],"about":[{"href":"https:\/\/sisu.ut.ee\/kliimatarkused\/wp-json\/wp\/v2\/types\/page"}],"author":[{"embeddable":true,"href":"https:\/\/sisu.ut.ee\/kliimatarkused\/wp-json\/wp\/v2\/users\/315"}],"replies":[{"embeddable":true,"href":"https:\/\/sisu.ut.ee\/kliimatarkused\/wp-json\/wp\/v2\/comments?post=4"}],"version-history":[{"count":1,"href":"https:\/\/sisu.ut.ee\/kliimatarkused\/wp-json\/wp\/v2\/pages\/4\/revisions"}],"predecessor-version":[{"id":691,"href":"https:\/\/sisu.ut.ee\/kliimatarkused\/wp-json\/wp\/v2\/pages\/4\/revisions\/691"}],"wp:attachment":[{"href":"https:\/\/sisu.ut.ee\/kliimatarkused\/wp-json\/wp\/v2\/media?parent=4"}],"curies":[{"name":"wp","href":"https:\/\/api.w.org\/{rel}","templated":true}]}}