{"id":38,"date":"2024-04-04T08:41:29","date_gmt":"2024-04-04T05:41:29","guid":{"rendered":"https:\/\/sisu.ut.ee\/kliimatarkused\/lisaulesanded\/"},"modified":"2024-08-06T17:15:34","modified_gmt":"2024-08-06T14:15:34","slug":"lisaulesanded","status":"publish","type":"page","link":"https:\/\/sisu.ut.ee\/kliimatarkused\/lisaulesanded\/","title":{"rendered":"\u201eKliimamuutuste ABC\u201c lisa\u00fclesanded"},"content":{"rendered":"<p><strong>T1 Milles seisneb \u00f5nn?<\/strong><\/p>\n<h4>M\u00f5tle, kuidas v\u00f5iks tarbimise v\u00e4hendamine ning rohkem enesearengusse, headesse suhetesse ja maailmas millegi paremaks tegemisse panustamine sinu enesetunnet m\u00f5jutada.<\/h4>\n<p>Motivatsiooniuurijad on anal\u00fc\u00fcsinud, millised eesm\u00e4rgid on inimestel ning kuidas need seostuvad inimeste subjektiivse heaolu ehk \u00f5nnelikkuse ning depressiooni ja \u00e4revuse s\u00fcmptomitega (<a title=\"\" href=\"https:\/\/selfdeterminationtheory.org\/SDT\/documents\/1993_KasserRyan_DarkSide.pdf\" target=\"_blank\" rel=\"noopener\" data-url=\"https:\/\/selfdeterminationtheory.org\/SDT\/documents\/1993_KasserRyan_DarkSide.pdf\">Kasser ja Ryan, 1993<\/a>, <a title=\"\" href=\"https:\/\/sdtheory.s3.amazonaws.com\/SDT\/documents\/1996_KasserRyan_PSPB.pdf\" target=\"_blank\" rel=\"noopener\" data-url=\"https:\/\/sdtheory.s3.amazonaws.com\/SDT\/documents\/1996_KasserRyan_PSPB.pdf\">1996<\/a>, <a title=\"\" href=\"https:\/\/sdtheory.s3.amazonaws.com\/SDT\/documents\/1996_KasserRyan_PSPB.pdf\" target=\"_blank\" rel=\"noopener\" data-url=\"https:\/\/sdtheory.s3.amazonaws.com\/SDT\/documents\/1996_KasserRyan_PSPB.pdf\">2001<\/a>; <a title=\"\" href=\"https:\/\/books.google.ee\/books?hl=en&amp;lr=&amp;id=Bc_DDAAAQBAJ&amp;oi=fnd&amp;pg=PP1&amp;dq=deci+%26+Ryan+2017+book&amp;ots=QImblefN0o&amp;sig=CKwnSyODGOiCC-mPZ2HnySbrGQo&amp;redir_esc=y#v=onepage&amp;q=deci%20%26%20Ryan%202017%20book&amp;f=false\" target=\"_blank\" rel=\"noopener\" data-url=\"https:\/\/books.google.ee\/books?hl=en&amp;lr=&amp;id=Bc_DDAAAQBAJ&amp;oi=fnd&amp;pg=PP1&amp;dq=deci+%26+Ryan+2017+book&amp;ots=QImblefN0o&amp;sig=CKwnSyODGOiCC-mPZ2HnySbrGQo&amp;redir_esc=y#v=onepage&amp;q=deci%20%26%20Ryan%202017%20book&amp;f=false\">Deci ja Ryan, 2017<\/a>). Inimeste elup\u00fc\u00fcdlused jagunevad laias laastus hedoonilisteks ehk v\u00e4listeks \u2013 soov saada j\u00f5ukamaks, n\u00e4ha hea v\u00e4lja ning omada v\u00f5imu, olla kuulus \u2013; ning eudaimoonilisteks ehk sisemisteks \u2013 soov panustada enesearengusse, headesse suhetesse ning maailmas millegi paremaks tegemisse. Uuringud eri sotsiaalmajanduslikes kihtides (<a title=\"\" href=\"https:\/\/www.researchgate.net\/profile\/Karen-Hamrick\/publication\/273447872_Time_Poverty_Thresholds_in_the_USA\/links\/5509eb0f0cf26198a639d508\/Time-Poverty-Thresholds-in-the-USA.pdf\" target=\"_blank\" rel=\"noopener\" data-url=\"https:\/\/www.researchgate.net\/profile\/Karen-Hamrick\/publication\/273447872_Time_Poverty_Thresholds_in_the_USA\/links\/5509eb0f0cf26198a639d508\/Time-Poverty-Thresholds-in-the-USA.pdf\">Martos ja Kopp, 2014<\/a>), vanuser\u00fchmades (<a title=\"\" href=\"https:\/\/onlinelibrary.wiley.com\/doi\/pdf\/10.1111\/j.1559-1816.2000.tb02466.x?casa_token=DTnnMdrrBeIAAAAA:YtpRILZDAO4vSju35GjtWkZqdOCaj_eLm97dTJwmbFdt_H75CrHgXK2HIiNjymSA8qe7MG3b2HBHYrQ\" target=\"_blank\" rel=\"noopener\" data-url=\"https:\/\/onlinelibrary.wiley.com\/doi\/pdf\/10.1111\/j.1559-1816.2000.tb02466.x?casa_token=DTnnMdrrBeIAAAAA:YtpRILZDAO4vSju35GjtWkZqdOCaj_eLm97dTJwmbFdt_H75CrHgXK2HIiNjymSA8qe7MG3b2HBHYrQ\">Williams jt, 2000<\/a>, <a title=\"\" href=\"https:\/\/sdtheory.s3.amazonaws.com\/SDT\/documents\/1996_KasserRyan_PSPB.pdf\" target=\"_blank\" rel=\"noopener\" data-url=\"https:\/\/sdtheory.s3.amazonaws.com\/SDT\/documents\/1996_KasserRyan_PSPB.pdf\">Kasser ja Ryan, 2001<\/a>) ning maailma piirkondades (<a title=\"\" href=\"https:\/\/d1wqtxts1xzle7.cloudfront.net\/54266771\/The_Structure_of_Goal_Contents_Across_1520170828-2860-kfzmu-libre.pdf?1503932518=&amp;response-content-disposition=inline%3B+filename%3DThe_Structure_of_Goal_Contents_Across_15.pdf&amp;Expires=1671389897&amp;Signature=K4buluF0IF3UNK7abdA-pElMNv6jEBtG3rM7GgFzfTBVCy5Q1c6-B5ZkxlQ2mMYAn8LcUdsQiRZL43CmDT2uyIrdSzTPE0mU3DPjYIRivfDIr1~IOJRPHwmWDJ~qw1G~xz7ykMylH1O7kDeNUSts1gUxXBWacVwco~ln3v1f8o-5mawzldHckvJ1uebFbAPbtYQ97rimoBS~Guz059wVK9-1Z8MLQRHf1ObaIN3urYySADyf8iCaqM6\" target=\"_blank\" rel=\"noopener\" data-url=\"https:\/\/d1wqtxts1xzle7.cloudfront.net\/54266771\/The_Structure_of_Goal_Contents_Across_1520170828-2860-kfzmu-libre.pdf?1503932518=&amp;response-content-disposition=inline%3B+filename%3DThe_Structure_of_Goal_Contents_Across_15.pdf&amp;Expires=1671389897&amp;Signature=K4buluF0IF3UNK7abdA-pElMNv6jEBtG3rM7GgFzfTBVCy5Q1c6-B5ZkxlQ2mMYAn8LcUdsQiRZL43CmDT2uyIrdSzTPE0mU3DPjYIRivfDIr1~IOJRPHwmWDJ~qw1G~xz7ykMylH1O7kDeNUSts1gUxXBWacVwco~ln3v1f8o-5mawzldHckvJ1uebFbAPbtYQ97rimoBS~Guz059wVK9-1Z8MLQRHf1ObaIN3urYySADyf8iCaqM6\">Grouzet jt, 2005<\/a>; <a title=\"\" href=\"https:\/\/journals.sagepub.com\/doi\/pdf\/10.1177\/01461672992510007?casa_token=zxaepZb8M9oAAAAA:Mn_OtgIB8yr9MYGAmw52PADMXMyf4FW-slqbHuODDrhN9suYyFu6Q6YLDyZJaAv40pFgK9S8g5hC\" target=\"_blank\" rel=\"noopener\" data-url=\"https:\/\/journals.sagepub.com\/doi\/pdf\/10.1177\/01461672992510007?casa_token=zxaepZb8M9oAAAAA:Mn_OtgIB8yr9MYGAmw52PADMXMyf4FW-slqbHuODDrhN9suYyFu6Q6YLDyZJaAv40pFgK9S8g5hC\">Ryan jt, 1999<\/a>; <a title=\"\" href=\"https:\/\/link.springer.com\/content\/pdf\/10.1023\/A:1007084005278.pdf\" target=\"_blank\" rel=\"noopener\" data-url=\"https:\/\/link.springer.com\/content\/pdf\/10.1023\/A:1007084005278.pdf\">Schmuck jt, 2000<\/a>) n\u00e4itavad, et v\u00e4lised elup\u00fc\u00fcdlused seonduvad \u00fcheselt v\u00e4hema \u00f5nnelikkuse ning suuremate \u00e4revuse ning depressiooni n\u00e4itajatega ning sisemised suurema \u00f5nnelikkuse ning v\u00e4iksemate \u00e4revuse ning depressiooni n\u00e4itajatega. Samuti on v\u00e4liste elup\u00fc\u00fcdlustega inimestel suurem \u00f6koloogiline jalaj\u00e4lg (<a title=\"\" href=\"https:\/\/www.sciencedirect.com\/science\/article\/pii\/S0272494416300123?casa_token=vi4boIKX6r4AAAAA:1Z-vWaHVl7mVUbwwmPz00NOikkMDJwvw48q3yWyW_tonsB8H8WOEbEfPYeLzNcLl97ZnoAurGg\" target=\"_blank\" rel=\"noopener\" data-url=\"https:\/\/www.sciencedirect.com\/science\/article\/pii\/S0272494416300123?casa_token=vi4boIKX6r4AAAAA:1Z-vWaHVl7mVUbwwmPz00NOikkMDJwvw48q3yWyW_tonsB8H8WOEbEfPYeLzNcLl97ZnoAurGg\">Unanue jt, 2016<\/a>). Teisis\u00f5nu: p\u00fc\u00fcdlus j\u00f5ukuse ja materiaalsete v\u00e4\u00e4rtuste poole mitte ainult ei suurenda ressursside raiskamist, vaid v\u00e4hendab ka inimeste ps\u00fchholoogilist heaolu ehk \u00f5nnelikkust. Need tulemused osutavad v\u00f5imalusele, et tarbimise vabatahtlik piiramine ei ole midagi, mis tingimata inimeste subjektiivset \u00f5nnelikkust v\u00e4hendaks, vaid pigem vastupidi.<\/p>\n<p><strong>T2 Kliimastress<\/strong><\/p>\n<p>Kliima ja keskkonna p\u00e4rast muretsemine on j\u00e4rjest suurem proovikivi vaimsele tervisele. Kliimastressist on saanud omaette ps\u00fchholoogia uurimisvaldkond (<a title=\"\" href=\"https:\/\/climatepsychology.uk\/handbook\" target=\"_blank\" rel=\"noopener\" data-url=\"https:\/\/climatepsychology.uk\/handbook\">Climate Psychology Alliance, 2020<\/a>), mis vaatleb seda n\u00e4iteks pretraumaatilise stressina (<a title=\"\" href=\"https:\/\/www.jstor.org\/stable\/j.ctt19cc21n\" target=\"_blank\" rel=\"noopener\" data-url=\"https:\/\/www.jstor.org\/stable\/j.ctt19cc21n\">Kaplan, 2015<\/a>) ehk p\u00fcsiva murena eesootavate kliima\u0161okkide p\u00e4rast. Kliimamuret k\u00e4ivitab kogemus, et \u00fchiskondlikud institutsioonid ei tegele kliimaprobleemi haldamise ja v\u00e4ltimisega piisavalt ning \u00e4ratundmine, et kliimamuutus on \u00fclinurjatu probleem (<a title=\"\" href=\"https:\/\/wp0.vanderbilt.edu\/lawreview\/2020\/12\/beyond-wickedness-managing-complex-systems-and-climate-change\/\" target=\"_blank\" rel=\"noopener\" data-url=\"https:\/\/wp0.vanderbilt.edu\/lawreview\/2020\/12\/beyond-wickedness-managing-complex-systems-and-climate-change\/\">Gillighan ja Vanderbergh, 2020<\/a>). \u00dclinurjatuks nimetatakse probleemi, mis tuleb lahendada piiratud aja jooksul, mida ei saa keskselt juhtida, mille lahendajad on ka probleemi p\u00f5hjustajad ja mida pidurdavad irratsionaalselt j\u00e4tkuvad poliitilised valikud (<a title=\"\" href=\"https:\/\/link.springer.com\/article\/10.1007\/s11077-012-9151-0\" target=\"_blank\" rel=\"noopener\" data-url=\"https:\/\/link.springer.com\/article\/10.1007\/s11077-012-9151-0\">Levin jt, 2012<\/a>). Praeguseks peab kliimaprobleemi 21. sajandi suurimaks v\u00e4ljakutseks 81% eurooplastest, ometi arvab vaid 48%, et nende riik suudab kliimalubadustega toime tulla (<a title=\"\" href=\"https:\/\/www.eib.org\/en\/surveys\/climate-survey\/4th-climate-survey\/skepticism-reduced-carbon-emission-targets.htm\" target=\"_blank\" rel=\"noopener\" data-url=\"https:\/\/www.eib.org\/en\/surveys\/climate-survey\/4th-climate-survey\/skepticism-reduced-carbon-emission-targets.htm\">EIB 2022<\/a>). Sellises olukorras tunduvad \u00fcksikisiku valikud piiratud.<\/p>\n<h4>Kuidas k\u00e4sitleda kliimamuutuste temaatikat eakohaselt ja \u00f5pilastes liigset \u00e4revust tekitamata? Kuidas enda ja \u00f5pilaste juures \u00e4ra tunda kliimastressi? Kuidas aidata kliimastressis \u00f5pilast?<\/h4>\n<p>Kliimastress erineb paljudest \u00e4revuse vormidest selle poolest, et selle taga on reaalelu stressiallikas \u2013 tegelik probleem, millele inimene vastab mure v\u00f5i hirmuga (<a title=\"\" href=\"https:\/\/onlinelibrary.wiley.com\/doi\/full\/10.1111\/jpm.12817\" target=\"_blank\" rel=\"noopener\" data-url=\"https:\/\/onlinelibrary.wiley.com\/doi\/full\/10.1111\/jpm.12817\">O\u2019Brien ja Elders, 2021<\/a>). Seet\u00f5ttu peab \u00fcksikisiku vaimset tervist m\u00f5jutavate aspektidega tegelema samal ajal kui tegelikke sotsiaalseid muutusi ellu viima (<a title=\"\" href=\"https:\/\/www.sciencedirect.com\/science\/article\/pii\/S0887618520300773?via%3Dihub\" target=\"_blank\" rel=\"noopener\" data-url=\"https:\/\/www.sciencedirect.com\/science\/article\/pii\/S0887618520300773?via%3Dihub\">Clayton, 2020<\/a>). Just konkreetsete lahenduste otsimine toetavates v\u00f5rgustikes viib kliimaagentsuseni (<a title=\"\" href=\"https:\/\/epress.lib.uts.edu.au\/journals\/index.php\/mcs\/article\/view\/1794\" target=\"_blank\" rel=\"noopener\" data-url=\"https:\/\/epress.lib.uts.edu.au\/journals\/index.php\/mcs\/article\/view\/1794\">Pearse jt, 2010<\/a>) ehk kliimamuutuste vastu tegutsemise v\u00f5imekuse saavutamiseni. Seet\u00f5ttu tuleks kombineerida \u00e4revust v\u00e4hendavaid tehnikaid (vt ka <a title=\"\" href=\"https:\/\/climatepsychology.uk\/handbook\" target=\"_blank\" rel=\"noopener\" data-url=\"https:\/\/climatepsychology.uk\/handbook\">Climate Psychology Alliance<\/a>) reaalse kollektiivse tegevusega, nt liitudes kogukondadega, mis konkreetseid kohanemisplaane v\u00e4lja t\u00f6\u00f6tavad ja kliimamuutuste m\u00f5judeks koos valmistuvad, survestavad valitsusi ja ettev\u00f5tteid kliimakriisiga viivitamata tegelema, kliima- ja keskkonnateadlikkust suurendavad v\u00f5i arendavad ringmajanduse jms teenuseid, et v\u00e4hendada inimtegevuse keskkonnam\u00f5ju.<\/p>\n<p><strong>T3 Soojussaared<\/strong><\/p>\n<p>Kuumalained on \u00fched ohtlikumad n\u00e4htused, mis kliimamuutustega kaasas k\u00e4ivad. Tihti kannatavad k\u00f5ige rohkem suurlinnades elavad n\u00f5rgema tervisega ja v\u00e4hekindlustatud inimesed, sest neil 30 on keeruline ennast ja oma eluruume jahutada. Linnaplaneerijad ja arhitektid saavad kuumalainete m\u00f5ju v\u00e4hendada.<\/p>\n<h4>M\u00f5tle, millised v\u00f5imalused on soojussaarte m\u00f5ju v\u00e4hendamiseks!<\/h4>\n<h4>Leia <a title=\"\" href=\"https:\/\/xgis.maaamet.ee\/xgis2\/page\/app\/soojussaared\" target=\"_blank\" rel=\"noopener\" data-url=\"https:\/\/xgis.maaamet.ee\/xgis2\/page\/app\/soojussaared\">Maa-ameti rakendusest<\/a> m\u00f5ni tuttav linn ja otsi \u00fcles soojussaare efektiga koht ning koht, kus seda efekti ei ole. Millest tulenevad erinevused?<\/h4>\n<p><strong>T4 \u00dcleujutusalad<\/strong><\/p>\n<p>Kliima soojenemine toob kaasa veetaseme t\u00f5usu ja see v\u00f5ib ohustada veekogude\u00e4\u00e4rseid alasid.<\/p>\n<h4>Kasuta Maa-ameti kaardirakendust \u201e<a title=\"\" href=\"https:\/\/xgis.maaamet.ee\/xgis2\/page\/app\/paasteamet_ohtvesi\" target=\"_blank\" rel=\"noopener\" data-url=\"https:\/\/xgis.maaamet.ee\/xgis2\/page\/app\/paasteamet_ohtvesi\">Ohtlikud k\u00e4itised, veevarustus ja veeohutus<\/a>\u201c, l\u00fclita sisse teemakiht \u201e\u00dcleujutusalad\u201c (teised teemakihid v\u00f5ib v\u00e4lja l\u00fclitada) ning vaata, millised piirkonnad j\u00e4\u00e4vad \u00fcleujutusaladele. Kas \u00fcleujutus ohustab ainult looduslikke alasid v\u00f5i ka tiheasustusega alasid? Kuidas seda tuleks arvestada hoonestuse rajamisel? Milliste veekogude l\u00e4hedal \u00fcleujutused v\u00f5ivad tekkida?<\/h4>\n<p><strong><a href=\"https:\/\/sisu.ut.ee\/wp-content\/uploads\/sites\/635\/Hindamisvahend-opetajate-kliimateadlikkuse-hindamiseks.pdf\" target=\"_blank\" rel=\"noopener\">Hindamisvahend \u00f5petajate kliimateadlikkuse hindamiseks<\/a><\/strong><\/p>\n","protected":false},"excerpt":{"rendered":"<p>T1 Milles seisneb \u00f5nn? M\u00f5tle, kuidas v\u00f5iks tarbimise v\u00e4hendamine ning rohkem enesearengusse, headesse suhetesse ja maailmas millegi paremaks tegemisse panustamine sinu enesetunnet m\u00f5jutada. Motivatsiooniuurijad on anal\u00fc\u00fcsinud, millised eesm\u00e4rgid on inimestel ning kuidas need seostuvad inimeste subjektiivse heaolu ehk \u00f5nnelikkuse ning &#8230;<\/p>\n","protected":false},"author":315,"featured_media":0,"parent":0,"menu_order":0,"comment_status":"closed","ping_status":"closed","template":"","meta":{"_acf_changed":false,"inline_featured_image":false,"footnotes":""},"class_list":["post-38","page","type-page","status-publish","hentry"],"acf":[],"_links":{"self":[{"href":"https:\/\/sisu.ut.ee\/kliimatarkused\/wp-json\/wp\/v2\/pages\/38","targetHints":{"allow":["GET"]}}],"collection":[{"href":"https:\/\/sisu.ut.ee\/kliimatarkused\/wp-json\/wp\/v2\/pages"}],"about":[{"href":"https:\/\/sisu.ut.ee\/kliimatarkused\/wp-json\/wp\/v2\/types\/page"}],"author":[{"embeddable":true,"href":"https:\/\/sisu.ut.ee\/kliimatarkused\/wp-json\/wp\/v2\/users\/315"}],"replies":[{"embeddable":true,"href":"https:\/\/sisu.ut.ee\/kliimatarkused\/wp-json\/wp\/v2\/comments?post=38"}],"version-history":[{"count":3,"href":"https:\/\/sisu.ut.ee\/kliimatarkused\/wp-json\/wp\/v2\/pages\/38\/revisions"}],"predecessor-version":[{"id":3070,"href":"https:\/\/sisu.ut.ee\/kliimatarkused\/wp-json\/wp\/v2\/pages\/38\/revisions\/3070"}],"wp:attachment":[{"href":"https:\/\/sisu.ut.ee\/kliimatarkused\/wp-json\/wp\/v2\/media?parent=38"}],"curies":[{"name":"wp","href":"https:\/\/api.w.org\/{rel}","templated":true}]}}