{"id":36,"date":"2024-04-04T08:41:29","date_gmt":"2024-04-04T05:41:29","guid":{"rendered":"https:\/\/sisu.ut.ee\/kliimatarkused\/pohjused-0\/"},"modified":"2024-04-19T10:46:31","modified_gmt":"2024-04-19T07:46:31","slug":"pohjused-0","status":"publish","type":"page","link":"https:\/\/sisu.ut.ee\/kliimatarkused\/pohjused-0\/","title":{"rendered":"A P\u00f5hjused"},"content":{"rendered":"<h2 class=\"wp-block-heading\"><strong>\u00d5pijuhis<\/strong><\/h2>\n\n\n\n<p><\/p>\n\n\n\n<p><strong>\u00d5ppematerjalid l\u00e4bit\u00f6\u00f6tanud \u00f5ppija:<\/strong><\/p>\n\n\n\n<ul class=\"wp-block-list\">\n<li>teab, kuidas ja miks\u202fkliima\u202fmuutub;<\/li>\n\n\n\n<li>oskab kavandada kliimateadlikkuse l\u00f5imimist oma \u00f5ppeainetesse;<\/li>\n\n\n\n<li>teadvustab enda kui \u00f5petaja ja meeskonna liikme rolli kliimateadlikkuse edendamisel \u00fchiskonnas.<\/li>\n<\/ul>\n\n\n\n<p><strong>Sisu ja teemad<\/strong><\/p>\n\n\n\n<ul class=\"wp-block-list\">\n<li>Kliima ja kliimas\u00fcsteem<\/li>\n\n\n\n<li>Kliimamuutused P\u00f5hja-Euroopas ja Eestis<\/li>\n\n\n\n<li>Kliima soojenemine on inimtekkeline<\/li>\n\n\n\n<li>Kasvuhoonegaaside heite tekketegurid<\/li>\n\n\n\n<li>Kliima tulevik s\u00f5ltub meist endist<\/li>\n<\/ul>\n\n\n\n<p><strong>Korraldus<\/strong><\/p>\n\n\n\n<ul class=\"wp-block-list\">\n<li>Materjalid on l\u00f5imitud ning kindlasti soovitame teha l\u00e4bi ka pakutud praktilised \u00fclesanded ja\u00a0vastata enesekontrolli k\u00fcsimustele.<\/li>\n\n\n\n<li>Loenguvideotele eelneb l\u00fchikokkuv\u00f5te ja vaatamise j\u00e4rel tuleks vastata esitatud k\u00fcsimustele.<\/li>\n\n\n\n<li>Rohket lisalugemist ja\u00a0vaatamist leiab lisatud linkidelt.<\/li>\n\n\n\n<li>K\u00f5ige olulisemad m\u00f5isted leiab s\u00f5nastkust.<\/li>\n\n\n\n<li>S\u00f5ltuvalt teie kliimahariduslikust taustast v\u00f5ib ploki l\u00e4bimine v\u00f5tta aega 2\u20134 tundi.<\/li>\n<\/ul>\n","protected":false},"excerpt":{"rendered":"<p>\u00d5pijuhis \u00d5ppematerjalid l\u00e4bit\u00f6\u00f6tanud \u00f5ppija: Sisu ja teemad Korraldus<\/p>\n","protected":false},"author":315,"featured_media":0,"parent":0,"menu_order":0,"comment_status":"closed","ping_status":"closed","template":"","meta":{"_acf_changed":false,"inline_featured_image":false,"footnotes":""},"class_list":["post-36","page","type-page","status-publish","hentry"],"acf":[],"_links":{"self":[{"href":"https:\/\/sisu.ut.ee\/kliimatarkused\/wp-json\/wp\/v2\/pages\/36","targetHints":{"allow":["GET"]}}],"collection":[{"href":"https:\/\/sisu.ut.ee\/kliimatarkused\/wp-json\/wp\/v2\/pages"}],"about":[{"href":"https:\/\/sisu.ut.ee\/kliimatarkused\/wp-json\/wp\/v2\/types\/page"}],"author":[{"embeddable":true,"href":"https:\/\/sisu.ut.ee\/kliimatarkused\/wp-json\/wp\/v2\/users\/315"}],"replies":[{"embeddable":true,"href":"https:\/\/sisu.ut.ee\/kliimatarkused\/wp-json\/wp\/v2\/comments?post=36"}],"version-history":[{"count":3,"href":"https:\/\/sisu.ut.ee\/kliimatarkused\/wp-json\/wp\/v2\/pages\/36\/revisions"}],"predecessor-version":[{"id":807,"href":"https:\/\/sisu.ut.ee\/kliimatarkused\/wp-json\/wp\/v2\/pages\/36\/revisions\/807"}],"wp:attachment":[{"href":"https:\/\/sisu.ut.ee\/kliimatarkused\/wp-json\/wp\/v2\/media?parent=36"}],"curies":[{"name":"wp","href":"https:\/\/api.w.org\/{rel}","templated":true}]}}