{"id":34,"date":"2024-04-04T08:41:29","date_gmt":"2024-04-04T05:41:29","guid":{"rendered":"https:\/\/sisu.ut.ee\/kliimatarkused\/a2-kust-me-teame-et-kliima-soojeneb\/"},"modified":"2024-04-04T08:43:49","modified_gmt":"2024-04-04T05:43:49","slug":"a2-kust-me-teame-et-kliima-soojeneb","status":"publish","type":"page","link":"https:\/\/sisu.ut.ee\/kliimatarkused\/a2-kust-me-teame-et-kliima-soojeneb\/","title":{"rendered":"A2 Kust me teame, et kliima soojeneb?"},"content":{"rendered":"<h4>\n\tMilliseid \u00e4\u00e4rmuslikke ilmaolusid oled kogenud? Kas oled neid ka kliimamuutustega seostanud? Kuidas oled isiklikult kliimamuutusi kogenud?<br>\n<\/h4>\n<p>\n\t\u00d5hutemperatuuri on j\u00e4rjepidevalt m\u00f5\u00f5detud juba 1850. aastast. Temperatuurim\u00f5\u00f5tmised n\u00e4itavad, et Maa kliima on t\u00f6\u00f6stusrevolutsiooni j\u00e4rel oluliselt soojenenud (<a data-url=\"https:\/\/www.ipcc.ch\/report\/ar6\/wg1\/\" href=\"https:\/\/www.ipcc.ch\/report\/ar6\/wg1\/\" target=\"_blank\" title=\"\" rel=\"noopener\">IPCC AR6 WGI<\/a>). K\u00fcmnendiks 2011\u20132020 oli globaalne keskmine \u00f5hutemperatuur t\u00f6\u00f6stusrevolutsioonieelse ajaga v\u00f5rreldes t\u00f5usnud 1,1 kraadi, misjuures maismaa kohal l\u00e4ks keskmiselt 1,6 kraadi soojemaks (<a data-url=\"https:\/\/www.ipcc.ch\/report\/ar6\/wg1\/\" href=\"https:\/\/www.ipcc.ch\/report\/ar6\/wg1\/\" target=\"_blank\" title=\"\" rel=\"noopener\">IPCC AR6 WGI Ch2<\/a>). Hea visualiseeringu t\u00f6\u00f6stusrevolutsioonij\u00e4rgsest kliima soojenemisest temperatuurim\u00f5\u00f5tmiste p\u00f5hjal leiab\u00a0<a data-url=\"https:\/\/www.youtube.com\/watch?v=jWoCXLuTIkI\" href=\"https:\/\/www.youtube.com\/watch?v=jWoCXLuTIkI\" target=\"_blank\" title=\"\" rel=\"noopener\">YouTubest<\/a>. Animatsioon n\u00e4itab kuu keskmisi globaalseid keskmisi temperatuure aastast 1880. T\u00e4na on kliima \u00fcle \u00fche kraadi soojem kui aastal 1880.\u00a0T\u00e4nap\u00e4eval kasutatakse globaalse keskmise aluspinnal\u00e4hedase \u00f5hutemperatuuri hindamiseks nii ilmajaamade andmeid, m\u00f5\u00f5tmisi merel kui ka satelliitm\u00f5\u00f5tmisi.\n<\/p>\n<p>\n\tS\u00e4\u00e4rane rohkem kui\u00a0\u00fchekraadine soojenemine on v\u00e4hemalt viimase paari tuhande aasta jooksul enneolematu ja on juba kaasa toonud m\u00e4rgatavad kliimamuutused k\u00f5ikjal maailmas (<a data-url=\"https:\/\/www.ipcc.ch\/report\/ar6\/wg1\/\" href=\"https:\/\/www.ipcc.ch\/report\/ar6\/wg1\/\" target=\"_blank\" title=\"\" rel=\"noopener\">IPCC AR6 WGI Ch10, Ch 11, Ch2<\/a>). Viimased neli aastak\u00fcmmet on olnud j\u00e4rjepanu soojemad kui mistahes eelnenud k\u00fcmnend aastast 1850. Lisaks soojenevad troposf\u00e4\u00e4ri k\u00f5rgemad \u00f5hukihid ja maailmameri, kahaneb Arktika merej\u00e4\u00e4 ja sulavad liustikud, atmosf\u00e4\u00e4ri veeringe intensiivistub ehk \u00fcleujutused ja p\u00f5uad sagenevad ja meretase t\u00f5useb (<a data-url=\"https:\/\/www.ipcc.ch\/report\/ar6\/wg1\/\" href=\"https:\/\/www.ipcc.ch\/report\/ar6\/wg1\/\" target=\"_blank\" title=\"\" rel=\"noopener\">IPCC AR6 WGI Ch2<\/a>). \u00dcldisemalt toob energia lisandumine kliimas\u00fcsteemi ehk kliima soojenemine kaasa kliimamuutused k\u00f5ikjal maailmas ja need on juba selgelt kohal ka siinsamas Eestis.\n<\/p>\n<blockquote>\n<p>\n\t\t<strong>P\u00f5his\u00f5numid<\/strong>\n\t<\/p>\n<ul>\n<li>\n\t\t\tKliima soojenemist t\u00f5endavad j\u00e4rjepidevad m\u00f5\u00f5tmisandmed aastast 1850.\n\t\t<\/li>\n<\/ul>\n<\/blockquote>\n<h4>\n\t<strong>Soojenemise t\u00f5endid<\/strong>\n<\/h4><p>\u00d5pilane Madis kuulis, et kliima soojeneb, ja tahab n\u00fc\u00fcd teada, kust me seda teame. Kuidas aitaksid Madisel v\u00e4lja uurida, missugused on soojenemise t\u00f5endid? Mida peaks Madis veel uurima?<br>\n\n<\/p><p>\n\t<strong>Lisamaterjal<\/strong>\n<\/p>\n<p>\n\t<a data-url=\"https:\/\/www.ipcc.ch\/report\/ar6\/wg1\/downloads\/report\/IPCC_AR6_WGI_Chapter02.pdf\" href=\"https:\/\/www.ipcc.ch\/report\/ar6\/wg1\/downloads\/report\/IPCC_AR6_WGI_Chapter02.pdf\" target=\"_blank\" title=\"\" rel=\"noopener\">IPCC AR6 WGI Ch2<\/a><br><a data-url=\"https:\/\/www.ipcc.ch\/report\/ar6\/wg1\/downloads\/report\/IPCC_AR6_WGI_SPM.pdf\" href=\"https:\/\/www.ipcc.ch\/report\/ar6\/wg1\/downloads\/report\/IPCC_AR6_WGI_SPM.pdf\" target=\"_blank\" title=\"\" rel=\"noopener\">IPCC AR6 WGI kokkuv\u00f5te poliitikakujundajatel<\/a><br><a data-url=\"https:\/\/interactive-atlas.ipcc.ch\/\" href=\"https:\/\/interactive-atlas.ipcc.ch\/\" target=\"_blank\" title=\"\" rel=\"noopener\">IPCC interaktiivne atlas<\/a><\/p>\n","protected":false},"excerpt":{"rendered":"<p>Milliseid \u00e4\u00e4rmuslikke ilmaolusid oled kogenud? Kas oled neid ka kliimamuutustega seostanud? Kuidas oled isiklikult kliimamuutusi kogenud? \u00d5hutemperatuuri on j\u00e4rjepidevalt m\u00f5\u00f5detud juba 1850. aastast. Temperatuurim\u00f5\u00f5tmised n\u00e4itavad, et Maa kliima on t\u00f6\u00f6stusrevolutsiooni j\u00e4rel oluliselt soojenenud (IPCC AR6 WGI). K\u00fcmnendiks 2011\u20132020 oli globaalne &#8230;<\/p>\n","protected":false},"author":315,"featured_media":0,"parent":0,"menu_order":0,"comment_status":"closed","ping_status":"closed","template":"","meta":{"_acf_changed":false,"inline_featured_image":false,"footnotes":""},"class_list":["post-34","page","type-page","status-publish","hentry"],"acf":[],"_links":{"self":[{"href":"https:\/\/sisu.ut.ee\/kliimatarkused\/wp-json\/wp\/v2\/pages\/34","targetHints":{"allow":["GET"]}}],"collection":[{"href":"https:\/\/sisu.ut.ee\/kliimatarkused\/wp-json\/wp\/v2\/pages"}],"about":[{"href":"https:\/\/sisu.ut.ee\/kliimatarkused\/wp-json\/wp\/v2\/types\/page"}],"author":[{"embeddable":true,"href":"https:\/\/sisu.ut.ee\/kliimatarkused\/wp-json\/wp\/v2\/users\/315"}],"replies":[{"embeddable":true,"href":"https:\/\/sisu.ut.ee\/kliimatarkused\/wp-json\/wp\/v2\/comments?post=34"}],"version-history":[{"count":1,"href":"https:\/\/sisu.ut.ee\/kliimatarkused\/wp-json\/wp\/v2\/pages\/34\/revisions"}],"predecessor-version":[{"id":661,"href":"https:\/\/sisu.ut.ee\/kliimatarkused\/wp-json\/wp\/v2\/pages\/34\/revisions\/661"}],"wp:attachment":[{"href":"https:\/\/sisu.ut.ee\/kliimatarkused\/wp-json\/wp\/v2\/media?parent=34"}],"curies":[{"name":"wp","href":"https:\/\/api.w.org\/{rel}","templated":true}]}}