{"id":29,"date":"2024-04-04T08:41:28","date_gmt":"2024-04-04T05:41:28","guid":{"rendered":"https:\/\/sisu.ut.ee\/kliimatarkused\/sissejuhastus\/"},"modified":"2024-04-24T12:27:57","modified_gmt":"2024-04-24T09:27:57","slug":"sissejuhastus","status":"publish","type":"page","link":"https:\/\/sisu.ut.ee\/kliimatarkused\/sissejuhastus\/","title":{"rendered":"Sissejuhatus"},"content":{"rendered":"<p>Siin asuvad \u00f5ppematerjalid\u00a0haridusastmete (sh huviharidus) kaupa.<\/p>\n<h5 id=\"yui_3_17_2_1_1708088452974_750\"><strong>Alusharidus<\/strong><\/h5>\n<ul id=\"yui_3_17_2_1_1708088452974_935\">\n<li id=\"yui_3_17_2_1_1708088452974_936\"><a id=\"yui_3_17_2_1_1708088452974_937\" href=\"https:\/\/kliimatarkused.ut.ee\/kliimatarkused\/elurikkus\" target=\"_blank\" rel=\"noopener\">Kodukoha elurikkus ja kliimamuutuste m\u00f5ju sellele (Elurikkus)<\/a><\/li>\n<li><a href=\"https:\/\/kliimatarkused.ut.ee\/kliimatarkused\/ilm-meie-umber-kliima-soojenemine\" target=\"_blank\" rel=\"noopener\">Ilm meie \u00fcmber. Kliima soojenemine (Muutused keskkonnas)<\/a><\/li>\n<li><a href=\"https:\/\/kliimatarkused.ut.ee\/kliimatarkused\/toimetulek-keskkonna-muutustega-ja-kohanemine\" target=\"_blank\" rel=\"noopener\">Toimetulek keskkonna muutustega ja kohanemine (Muutused keskkonnas)<\/a><\/li>\n<li><a href=\"https:\/\/kliimatarkused.ut.ee\/kliimatarkused\/tootmine-ja-materjalid\" target=\"_blank\" rel=\"noopener\">Tootmine ja materjalid. Tootmisest tingitud kliimamuutuste m\u00f5ju loodusele ja inimkonnale (Tootmine ja tarbimine)<\/a><\/li>\n<li><a href=\"https:\/\/kliimatarkused.ut.ee\/kliimatarkused\/tarbimise_vahendamine\" target=\"_blank\" rel=\"noopener\">Tarbimise v\u00e4hendamine (Tootmine ja tarbimine)<\/a><\/li>\n<\/ul>\n<h5 id=\"yui_3_17_2_1_1708088452974_759\"><strong>P\u00f5hikooli I kooliaste<\/strong><\/h5>\n<ul>\n<li><a href=\"https:\/\/kliimatarkused.ut.ee\/kliimatarkused\/puu-looduses-ja-loodus-puul-kooli-esimene-aste\" target=\"_blank\" rel=\"noopener\">Puu looduses ja loodus puul (Elurikkus)<\/a><\/li>\n<li><a href=\"https:\/\/kliimatarkused.ut.ee\/ilm-meie-umber-toimetulek-muutustega\" target=\"_blank\" rel=\"noopener\">Ilm meie \u00fcmber. Toimetulek muutustega (Muutused keskkonnas)<\/a><\/li>\n<li><a href=\"https:\/\/kliimatarkused.ut.ee\/kliimatarkused\/soovid-ja-vajadused\" target=\"_blank\" rel=\"noopener\">Soovid ja vajadused. Tarbimise v\u00e4hendamine (Tootmine ja tarbimine)<\/a><\/li>\n<\/ul>\n<h5><strong>P\u00f5hikooli II ja III kooliaste<\/strong><\/h5>\n<ul>\n<li><a title=\"\" href=\"https:\/\/kliimatarkused.ut.ee\/kliimatarkused\/elurikkus-kliima-ja-avastusrada\" target=\"_blank\" rel=\"noopener\" data-url=\"https:\/\/kliimatarkused.ut.ee\/kliimatarkused\/elurikkus-kliima-ja-avastusrada\">Elurikkus, kliima ja Avastusrada (Elurikkus)<\/a><\/li>\n<li><a href=\"https:\/\/kliimatarkused.ut.ee\/kliimatarkused\/kliima-kuumus\" target=\"_blank\" rel=\"noopener\">Kliimamuutustega kohanemine: kuumus (Muutused keskkonnas)<\/a><\/li>\n<li><a href=\"https:\/\/kliimatarkused.ut.ee\/kliimatarkused\/kaduv-toit\" target=\"_blank\" rel=\"noopener\">Keskkonnamuutused ja kliima: Kaduv toit (Muutused keskkonnas)<\/a><\/li>\n<li><a href=\"https:\/\/kliimatarkused.ut.ee\/kliimatarkused\/kliima_majandus\" target=\"_blank\" rel=\"noopener\">Maale mahtuv majandus (Tootmine ja tarbimine)<\/a><\/li>\n<li><a href=\"https:\/\/kliimatarkused.ut.ee\/kliimatarkused\/kliima-ja-oiglus\" target=\"_blank\" rel=\"noopener\">Kliima ja \u00f5iglus (Tootmine ja tarbimine)<\/a><\/li>\n<\/ul>\n<h5><strong>G\u00fcmnaasiumiaste<\/strong><\/h5>\n<ul>\n<li><a href=\"https:\/\/kliimatarkused.ut.ee\/kliimatarkused\/kliimamuutuste_moju_elurikkusele\" target=\"_blank\" rel=\"noopener\">Kliimamuutuste m\u00f5ju elurikkusele (Elurikkus)<\/a><\/li>\n<li><a href=\"https:\/\/kliimatarkused.ut.ee\/kliimatarkused\/kliimamuutused-muudid-ja-tegelikkus\" target=\"_blank\" rel=\"noopener\">Kliimamuutused: M\u00fc\u00fcdid ja tegelikkus (Muutused keskkonnas)<\/a><\/li>\n<li><a href=\"https:\/\/kliimatarkused.ut.ee\/kliimatarkused\/kliimamuuutused-energia-ja-elustiilid\" target=\"_blank\" rel=\"noopener\">Kliimamuutused, energia ja erinevad elustiilid (Tootmine ja tarbimine)<\/a><\/li>\n<li><a href=\"https:\/\/kliimatarkused.ut.ee\/kliimatarkused\/elamu-disainimine\" target=\"_blank\" rel=\"noopener\">Elamu disainimine ringmajanduse p\u00f5him\u00f5tetest l\u00e4htuvalt (Tootmine ja tarbimine)<\/a><\/li>\n<li><a href=\"https:\/\/kliimatarkused.ut.ee\/kliimatarkused\/kliimamuutuste-moju-majandustegevusele\" target=\"_blank\" rel=\"noopener\">Kliimamuutuste m\u00f5ju majandustegevusele (Tootmine ja tarbimine)<\/a><\/li>\n<\/ul>\n<h5><strong>Huviharidus<\/strong><\/h5>\n<ul>\n<li><a title=\"https:\/\/kliimatarkused.ut.ee\/kliimatarkused\/putukad-ehk-kliimamuutus-maasikamaal\" href=\"https:\/\/kliimatarkused.ut.ee\/kliimatarkused\/putukad-ehk-kliimamuutus-maasikamaal\" target=\"_blank\" rel=\"noopener\">Putukad ehk kliimamuutused maasikamaal (Elurikkus)<\/a><\/li>\n<li><a href=\"https:\/\/kliimatarkused.ut.ee\/kliimatarkused\/mets-ja-kliima\" target=\"_blank\" rel=\"noopener\">Mets ja kliimamuutused (Elurikkus)<\/a><\/li>\n<li><a href=\"https:\/\/kliimatarkused.ut.ee\/kliimatarkused\/kliimamuutused-dendropargis\" target=\"_blank\" rel=\"noopener\">Kliimamuutused dendropargis \u2013 Avastusrada (Elurikkus)<\/a><\/li>\n<li><a href=\"https:\/\/kliimatarkused.ut.ee\/kliimatarkused\/pilk-ajalukku-labi-puu-aastarongaste\" target=\"_blank\" rel=\"noopener\">Pilk ajalukku l\u00e4bi puu aastar\u00f5ngaste (Elurikkus)<\/a><\/li>\n<li><a href=\"https:\/\/kliimatarkused.ut.ee\/kliimatarkused\/yrask\" target=\"_blank\" rel=\"noopener\">Kunst ja \u00fcrask kliimateadlikkuse v\u00e4ljendusena (Elurikkus)<\/a><\/li>\n<li><a title=\"https:\/\/kliimatarkused.ut.ee\/kliimatarkused\/k%C3%A4sit%C3%B6%C3%B6-ja-muld-kliimateadlikkuse-v%C3%A4ljendusena\" href=\"https:\/\/kliimatarkused.ut.ee\/kliimatarkused\/kasitoo-ja-muld-kliimateadlikkuse-valjendusena\" target=\"_blank\" rel=\"noopener\">K\u00e4sit\u00f6\u00f6 ja muld kliimateadlikkuse v\u00e4ljendusena (Elurikkus)<\/a><\/li>\n<li><a href=\"https:\/\/kliimatarkused.ut.ee\/kliimatarkused\/kunst-ja-muld-kliimateadlikkuse-valjendusena\" target=\"_blank\" rel=\"noopener\">Kunst ja muld kliimateadlikkuse v\u00e4ljendusena (Muutused keskkonnas)<\/a><\/li>\n<li><a href=\"https:\/\/kliimatarkused.ut.ee\/kliimatarkused\/energiabilanss\" target=\"_blank\" rel=\"noopener\">Maa energiabilanss (Muutused keskkonnas)<\/a><\/li>\n<li><a title=\"https:\/\/kliimatarkused.ut.ee\/kliimatarkused\/susinikujalajalg\" href=\"https:\/\/kliimatarkused.ut.ee\/kliimatarkused\/susinikujalajalg\" target=\"_blank\" rel=\"noopener\">S\u00fcsinikujalaj\u00e4lg \u2013 mis ja kuidas? (Tootmine ja tarbimine)<\/a><\/li>\n<li><a title=\"Idee pank (Tootmine ja tarbimine)\" href=\"https:\/\/kliimatarkused.ut.ee\/ideepank-jalgpallist-kunstiringini\" target=\"_blank\" rel=\"noopener\">Idee pank (jalgpallist kunstiringini)<\/a><\/li>\n<\/ul>\n","protected":false},"excerpt":{"rendered":"<p>Siin asuvad \u00f5ppematerjalid\u00a0haridusastmete (sh huviharidus) kaupa. Alusharidus Kodukoha elurikkus ja kliimamuutuste m\u00f5ju sellele (Elurikkus) Ilm meie \u00fcmber. Kliima soojenemine (Muutused keskkonnas) Toimetulek keskkonna muutustega ja kohanemine (Muutused keskkonnas) Tootmine ja materjalid. Tootmisest tingitud kliimamuutuste m\u00f5ju loodusele ja inimkonnale (Tootmine ja &#8230;<\/p>\n","protected":false},"author":315,"featured_media":0,"parent":0,"menu_order":0,"comment_status":"closed","ping_status":"closed","template":"","meta":{"_acf_changed":false,"inline_featured_image":false,"footnotes":""},"class_list":["post-29","page","type-page","status-publish","hentry"],"acf":[],"_links":{"self":[{"href":"https:\/\/sisu.ut.ee\/kliimatarkused\/wp-json\/wp\/v2\/pages\/29","targetHints":{"allow":["GET"]}}],"collection":[{"href":"https:\/\/sisu.ut.ee\/kliimatarkused\/wp-json\/wp\/v2\/pages"}],"about":[{"href":"https:\/\/sisu.ut.ee\/kliimatarkused\/wp-json\/wp\/v2\/types\/page"}],"author":[{"embeddable":true,"href":"https:\/\/sisu.ut.ee\/kliimatarkused\/wp-json\/wp\/v2\/users\/315"}],"replies":[{"embeddable":true,"href":"https:\/\/sisu.ut.ee\/kliimatarkused\/wp-json\/wp\/v2\/comments?post=29"}],"version-history":[{"count":6,"href":"https:\/\/sisu.ut.ee\/kliimatarkused\/wp-json\/wp\/v2\/pages\/29\/revisions"}],"predecessor-version":[{"id":920,"href":"https:\/\/sisu.ut.ee\/kliimatarkused\/wp-json\/wp\/v2\/pages\/29\/revisions\/920"}],"wp:attachment":[{"href":"https:\/\/sisu.ut.ee\/kliimatarkused\/wp-json\/wp\/v2\/media?parent=29"}],"curies":[{"name":"wp","href":"https:\/\/api.w.org\/{rel}","templated":true}]}}