{"id":2334,"date":"2024-05-12T16:04:02","date_gmt":"2024-05-12T13:04:02","guid":{"rendered":"https:\/\/sisu.ut.ee\/kliimatarkused\/?page_id=2334"},"modified":"2024-07-25T18:45:59","modified_gmt":"2024-07-25T15:45:59","slug":"oppematerjalid-erivajadustega-oppijale","status":"publish","type":"page","link":"https:\/\/sisu.ut.ee\/kliimatarkused\/oppematerjalid-erivajadustega-oppijale\/","title":{"rendered":"\u00d5ppematerjalid erivajadustega \u00f5ppijale"},"content":{"rendered":"<p><\/p>\n\n\n\n<p class=\"has-large-font-size\">Allj\u00e4rgnevad materjalid aitavad m\u00f5ista erinevaid meelepuudega \u00f5pilaste erivajadusi ning on abiks \u201cKliimatarkuste\u201d lehel leiduvate \u00f5piobjektide kohandamisel erivajadusega \u00f5ppijale nii koolis kui lasteaias.<br>Lisaks sellele leiab lehelt punktkirjas \u00f5ppematerjalid pimedale \u00f5pilasele.<\/p>\n\n\n\n<p class=\"has-large-font-size\"><a href=\"https:\/\/sisu.ut.ee\/wp-content\/uploads\/sites\/635\/Koolitusmaterjalid_nagemispuue.pdf\" data-type=\"link\" data-id=\"https:\/\/sisu.ut.ee\/wp-content\/uploads\/sites\/635\/Koolitusmaterjalid_nagemispuue.pdf\" target=\"_blank\" rel=\"noreferrer noopener\">Koolitusmaterjalid_n\u00e4gemispuue.pdf<\/a><\/p>\n\n\n\n<p class=\"has-large-font-size\"><a href=\"https:\/\/sisu.ut.ee\/wp-content\/uploads\/sites\/635\/Koolitusmaterjalid_kone-ja_kuulmispuue.pdf\" target=\"_blank\" rel=\"noreferrer noopener\">Koolitusmaterjalid_k\u00f5ne- ja kuulmispuue.pdf<\/a><\/p>\n\n\n\n<p class=\"has-large-font-size\"><\/p>\n\n\n\n<p class=\"has-large-font-size\">Allj\u00e4rgnevalt on toodud kolme \u00f5ppematerjali \u00f5pitegevused, mis on kohaldatud erivajadustega \u00f5ppijatele.<\/p>\n\n\n\n<p class=\"has-large-font-size\">\u00d5ppematerjalide all on kolme t\u00fc\u00fcpi faile:<\/p>\n\n\n\n<ul class=\"wp-block-list has-large-font-size\">\n<li>E-vorm (see on Wordi .docx fail, mis on kohandatud selliselt, et arvutit kasutatav pime \u00f5pilane saab seda punktkirjariba abil lugeda\/kuulata)<\/li>\n\n\n\n<li>Punktkiri (kokkupakitud zip-fail, milles on fail laiendiga .dxb \u2013 reljeefsete punktidega saab printida spetsiaalse punktkirja printeri abil)<\/li>\n\n\n\n<li>Suurendatud (see on Wordi .docx fail, mis tugevalt vaegn\u00e4gevatele \u00f5pilastele, kellele ei pruugi piisata materjali suurendamisest paljundusmasinaga)<\/li>\n<\/ul>\n\n\n<div class=\"accordion-block mb-3\">\n\t\t<div class=\"accordion \" id=\"accordion-accordion-69e37a79279c3\">\n\t\t\t\t\t\t\t<div class=\"accordion-item accordion-item--white\">\n\t\t\t\t\t<h2 class=\"accordion-header\" id=\"accordion-69e37a79279c3-heading-1\">\n\t\t\t\t\t\t<button class=\"accordion-button collapsed\" type=\"button\" data-bs-toggle=\"collapse\" data-bs-target=\"#accordion-69e37a79279c3-collapse-1\" aria-expanded=\"true\" aria-controls=\"accordion-69e37a79279c3-collapse-1\">\n\t\t\t\t\t\t\tKeskkonnamuutused ja kliima: Kaduv toit\n\t\t\t\t\t\t<\/button>\n\t\t\t\t\t<\/h2>\n\t\t\t\t\t<div id=\"accordion-69e37a79279c3-collapse-1\" class=\"accordion-collapse collapse \" aria-labelledby=\"accordion-69e37a79279c3-heading-1\">\n\t\t\t\t\t\t<div class=\"accordion-body\">\n\t\t\t\t\t\t\t<p><span style=\"font-size: 14pt;\"><a href=\"https:\/\/sisu.ut.ee\/kliimatarkused\/kaduv-toit\/\" target=\"_blank\" rel=\"noreferrer noopener\" data-type=\"link\" data-id=\"https:\/\/sisu.ut.ee\/kliimatarkused\/kaduv-toit\/\"><strong><a id=\"kaduv-toit\"><\/a>\u00d5ppematerjali \u201cKeskkonnamuutused ja kliima: Kaduv toit\u201d \u00f5pitegevused<\/strong><\/a><\/span><\/p>\n<table class=\"table table-hover\" style=\"width: 100%; border-collapse: collapse; border-style: solid; border-color: #000000;\" border=\"1\" cellpadding=\"1\">\n<tbody>\n<tr>\n<td style=\"width: 339.6px; border: 1px solid #000000;\"><strong><span style=\"font-size: 14pt;\">\u00d5pitegevus 1<\/span><\/strong>\n<p><span style=\"text-decoration: underline; font-size: 14pt;\">Pimedale \u00f5pilasele kohandatud failid:<\/span><\/p>\n<p><span style=\"font-size: 14pt;\"><a href=\"https:\/\/sisu.ut.ee\/wp-content\/uploads\/sites\/635\/Tooleht_Kaduv-toit_E-VORM.docx\">T\u00f6\u00f6leht_Kaduv toit_E-VORM<\/a><\/span><\/p>\n<p><span style=\"font-size: 14pt;\"><a href=\"https:\/\/sisu.ut.ee\/wp-content\/uploads\/sites\/635\/Tooleht_Kaduv-toit_PUNKTKIRI.zip\">T\u00f6\u00f6leht_Kaduv toit_PUNKTKIRI<\/a><\/span><\/p>\n<p><span style=\"text-decoration: underline; font-size: 14pt;\">Vaegn\u00e4gevale \u00f5pilasele kohandatud failid:<\/span><\/p>\n<p><span style=\"font-size: 14pt;\"><a href=\"https:\/\/sisu.ut.ee\/wp-content\/uploads\/sites\/635\/Tooleht_Kaduv-toit_SUURENDUS.docx\">T\u00f6\u00f6leht_Kaduv toit_SUURENDUS<\/a><\/span><\/p><\/td>\n<td style=\"width: 339.6px; border: 1px solid #000000;\"><strong><span style=\"font-size: 14pt;\">\u00d5pitegevus 2<\/span><\/strong>\n<p><span style=\"text-decoration: underline;\"><span style=\"font-size: 14pt;\">Pimedale \u00f5pilasele kohandatud failid:<\/span><\/span><\/p>\n<p><span style=\"font-size: 14pt;\"><a href=\"https:\/\/sisu.ut.ee\/wp-content\/uploads\/sites\/635\/Toidutaime-infootsing_kusimused_E-VORM.docx\">Toidutaime infootsing_k\u00fcsimused_E-VORM<\/a><\/span><\/p>\n<p><span style=\"font-size: 14pt;\"><a href=\"https:\/\/sisu.ut.ee\/wp-content\/uploads\/sites\/635\/Toidutaime-infootsing_kusimused_PUNKTKIRI.zip\">Toidutaime infootsing_k\u00fcsimused_PUNKTKIRI<\/a><\/span><\/p>\n<p><span style=\"text-decoration: underline;\"><span style=\"font-size: 14pt;\">Vaegn\u00e4gevale \u00f5pilasele kohandatud failid:<\/span><\/span><\/p>\n<p><span style=\"font-size: 14pt;\"><a href=\"https:\/\/sisu.ut.ee\/wp-content\/uploads\/sites\/635\/Toidutaime-infootsing_kusimused_SUURENDUS.docx\">Toidutaime infootsing_k\u00fcsimused_SUURENDUS<\/a><\/span><\/p><\/td>\n<td style=\"width: 339.6px; border: 1px solid #000000;\"><strong><span style=\"font-size: 14pt;\">\u00d5pitegevus 3<\/span><\/strong>\n<p><span style=\"text-decoration: underline; font-size: 14pt;\">Pimedale \u00f5pilasele kohandatud failid:<\/span><\/p>\n<p><span style=\"font-size: 14pt;\"><a href=\"https:\/\/sisu.ut.ee\/wp-content\/uploads\/sites\/635\/Toidutaimede-kirjeldused_opilastele_E-VORM.docx\">Toidutaimede kirjeldused_opilastele_E-VORM<\/a><\/span><\/p>\n<p><span style=\"font-size: 14pt;\"><a href=\"https:\/\/sisu.ut.ee\/wp-content\/uploads\/sites\/635\/Toidutaimede-kirjeldused_opilastele_PUNKTKIRI.zip\">Toidutaimede kirjeldused_opilastele_PUNKTKIRI<\/a><br>\n<\/span><span style=\"text-decoration: underline; font-size: 14pt;\"><br>\nVaegn\u00e4gevale \u00f5pilasele kohandatud failid:<\/span><\/p>\n<p><span style=\"font-size: 14pt;\"><a href=\"https:\/\/sisu.ut.ee\/wp-content\/uploads\/sites\/635\/Toidutaimede-kirjeldused_opilastele_SUURENDUS.docx\">Toidutaimede kirjeldused_opilastele_SUURENDUS<\/a><\/span><\/p><\/td>\n<\/tr>\n<\/tbody>\n<\/table>\n<p>\u00a0<\/p>\n\n\t\t\t\t\t\t<\/div>\n\t\t\t\t\t<\/div>\n\t\t\t\t<\/div>\n\t\t\t\t\t<\/div>\n\t<\/div>\n\n\n<div class=\"accordion-block mb-3\">\n\t\t<div class=\"accordion \" id=\"accordion-accordion-69e37a7927e4e\">\n\t\t\t\t\t\t\t<div class=\"accordion-item accordion-item--white\">\n\t\t\t\t\t<h2 class=\"accordion-header\" id=\"accordion-69e37a7927e4e-heading-1\">\n\t\t\t\t\t\t<button class=\"accordion-button collapsed\" type=\"button\" data-bs-toggle=\"collapse\" data-bs-target=\"#accordion-69e37a7927e4e-collapse-1\" aria-expanded=\"true\" aria-controls=\"accordion-69e37a7927e4e-collapse-1\">\n\t\t\t\t\t\t\tSoovid ja vajadused. Tarbimise v\u00e4hendamine\n\t\t\t\t\t\t<\/button>\n\t\t\t\t\t<\/h2>\n\t\t\t\t\t<div id=\"accordion-69e37a7927e4e-collapse-1\" class=\"accordion-collapse collapse \" aria-labelledby=\"accordion-69e37a7927e4e-heading-1\">\n\t\t\t\t\t\t<div class=\"accordion-body\">\n\t\t\t\t\t\t\t<p><span style=\"font-size: 14pt;\"><a href=\"https:\/\/sisu.ut.ee\/kliimatarkused\/soovid-ja-vajadused\/\" target=\"_blank\" rel=\"noreferrer noopener\" data-type=\"link\" data-id=\"https:\/\/sisu.ut.ee\/kliimatarkused\/kaduv-toit\/\"><strong>\u00d5ppematerjali \u201eSoovid ja vajadused. Tarbimise v\u00e4hendamine\u201c \u00f5pitegevused<\/strong><\/a><\/span><\/p>\n<table class=\"table table-hover\" style=\"width: 100%; border-collapse: collapse; border-style: solid;\" border=\"1\" cellpadding=\"1\">\n<tbody>\n<tr>\n<td style=\"border: 1px solid #000000;\"><strong><span style=\"font-size: 14pt;\">\u00d5pitegevus 1<\/span><\/strong>\n<p><span style=\"text-decoration: underline; font-size: 14pt;\">Pimedale \u00f5pilasele kohandatud failid:<\/span><\/p>\n<p><span style=\"font-size: 14pt;\"><a href=\"https:\/\/sisu.ut.ee\/wp-content\/uploads\/sites\/635\/Infovoldiku-koostamise-juhend_Kohalikud-toidutaimed_PUNKTKIRI.zip\">Infovoldiku koostamise juhend_Kohalikud toidutaimed_PUNKTKIRI<\/a><\/span><\/p>\n<p><span style=\"text-decoration: underline; font-size: 14pt;\">Vaegn\u00e4gevale \u00f5pilasele kohandatud failid:<\/span><\/p>\n<p><span style=\"font-size: 14pt;\"><a href=\"https:\/\/sisu.ut.ee\/wp-content\/uploads\/sites\/635\/Infovoldiku-koostamise-juhend_Kohalikud-toidutaimed_SUURENDUS.docx\">Infovoldiku koostamise juhend_Kohalikud toidutaimed_SUURENDUS<\/a><\/span><\/p>\n<p>\u00a0<\/p><\/td>\n<td style=\"border: 1px solid #000000;\"><strong><span style=\"font-size: 14pt;\">\u00d5pitegevus 2<\/span><\/strong>\n<p><span style=\"text-decoration: underline;\"><span style=\"font-size: 14pt;\">Pimedale \u00f5pilasele kohandatud failid:<\/span><\/span><\/p>\n<p><span style=\"font-size: 14pt;\"><a href=\"https:\/\/sisu.ut.ee\/wp-content\/uploads\/sites\/635\/Ruhmatoo-juhend_Asjad-ja-nende-kasutusaeg_PUNKTKIRI.zip\">R\u00fchmat\u00f6\u00f6 juhend_Asjad ja nende kasutusaeg_PUNKTKIRI<\/a><\/span><\/p>\n<p><span style=\"text-decoration: underline;\"><span style=\"font-size: 14pt;\">Vaegn\u00e4gevale \u00f5pilasele kohandatud failid:<\/span><\/span><\/p>\n<p><span style=\"font-size: 14pt;\"><a href=\"https:\/\/sisu.ut.ee\/wp-content\/uploads\/sites\/635\/Ruhmatoo-juhend_Asjad-ja-nende-kasutusaeg_SUURENDUS.docx\">R\u00fchmat\u00f6\u00f6 juhend_Asjad ja nende kasutusaeg_SUURENDUS<\/a><\/span><\/p><\/td>\n<td style=\"border: 1px solid #000000;\"><strong><span style=\"font-size: 14pt;\">\u00d5pitegevus 3<\/span><\/strong>\n<p><span style=\"text-decoration: underline; font-size: 14pt;\">Pimedale \u00f5pilasele kohandatud failid:<\/span><\/p>\n<p><span style=\"font-size: 14pt;\"><a href=\"https:\/\/sisu.ut.ee\/wp-content\/uploads\/sites\/635\/Ruhmatoo-juhend_Reklaam-ja-liigne-tarbimine_PUNKTKIRI.zip\">R\u00fchmat\u00f6\u00f6 juhend_Reklaam ja liigne tarbimine_PUNKTKIRI<\/a><br>\n<\/span><span style=\"text-decoration: underline; font-size: 14pt;\"><br>\nVaegn\u00e4gevale \u00f5pilasele kohandatud failid:<\/span><\/p>\n<p><span style=\"font-size: 14pt;\"><a href=\"https:\/\/sisu.ut.ee\/wp-content\/uploads\/sites\/635\/Ruhmatoo-juhend_Reklaam-ja-liigne-tarbimine_SUURENDUS.docx\">R\u00fchmat\u00f6\u00f6 juhend_Reklaam ja liigne tarbimine_SUURENDUS<\/a><\/span><\/p><\/td>\n<\/tr>\n<\/tbody>\n<\/table>\n\n\t\t\t\t\t\t<\/div>\n\t\t\t\t\t<\/div>\n\t\t\t\t<\/div>\n\t\t\t\t\t<\/div>\n\t<\/div>\n\n\n<div class=\"accordion-block mb-3\">\n\t\t<div class=\"accordion \" id=\"accordion-accordion-69e37a79280bb\">\n\t\t\t\t\t\t\t<div class=\"accordion-item accordion-item--white\">\n\t\t\t\t\t<h2 class=\"accordion-header\" id=\"accordion-69e37a79280bb-heading-1\">\n\t\t\t\t\t\t<button class=\"accordion-button collapsed\" type=\"button\" data-bs-toggle=\"collapse\" data-bs-target=\"#accordion-69e37a79280bb-collapse-1\" aria-expanded=\"true\" aria-controls=\"accordion-69e37a79280bb-collapse-1\">\n\t\t\t\t\t\t\tKliimamuutustega kohanemine: Kuumus\n\t\t\t\t\t\t<\/button>\n\t\t\t\t\t<\/h2>\n\t\t\t\t\t<div id=\"accordion-69e37a79280bb-collapse-1\" class=\"accordion-collapse collapse \" aria-labelledby=\"accordion-69e37a79280bb-heading-1\">\n\t\t\t\t\t\t<div class=\"accordion-body\">\n\t\t\t\t\t\t\t<p><span style=\"font-size: 14pt;\"><a href=\"https:\/\/sisu.ut.ee\/kliimatarkused\/kliima-kuumus\/\" target=\"_blank\" rel=\"noreferrer noopener\" data-type=\"link\" data-id=\"https:\/\/sisu.ut.ee\/kliimatarkused\/kaduv-toit\/\"><strong>\u00d5ppematerjali \u201cKliimamuutustega kohanemine: Kuumus\u201d \u00f5pitegevus<\/strong><\/a><\/span><\/p>\n<p><span style=\"font-size: 14pt;\"><strong>\u00d5pitegevus<\/strong><\/span><\/p>\n<p><span style=\"text-decoration: underline; font-size: 14pt;\">Pimedale \u00f5pilasele kohandatud failid:<\/span><\/p>\n<p><span style=\"font-size: 14pt;\"><a href=\"https:\/\/sisu.ut.ee\/wp-content\/uploads\/sites\/635\/1.-teema_1.-tund_Candida-aurise-mustilised-juured_E-VORM.docx\">1. teema_1. tund_Candida aurise m\u00fcstilised juured_E-VORM<\/a><\/span><\/p>\n<p><span style=\"font-size: 14pt;\"><a href=\"https:\/\/sisu.ut.ee\/wp-content\/uploads\/sites\/635\/1.-teema_1.-tund_Candida-aurise-mustilised-juured_PUNKTKIRI.zip\">1. teema_1. tund_Candida aurise m\u00fcstilised juured_PUNKTKIRI<\/a><\/span><\/p>\n<p><span style=\"text-decoration: underline; font-size: 14pt;\">Vaegn\u00e4gevale \u00f5pilasele kohandatud failid:<\/span><\/p>\n<p><span style=\"font-size: 14pt;\"><a href=\"https:\/\/sisu.ut.ee\/wp-content\/uploads\/sites\/635\/1.-teema_1.-tund_Candida-aurise-mustilised-juured_SUURENDUS.docx\">1. teema_1. tund_Candida aurise m\u00fcstilised juured_SUURENDUS<\/a><\/span><\/p>\n\n\t\t\t\t\t\t<\/div>\n\t\t\t\t\t<\/div>\n\t\t\t\t<\/div>\n\t\t\t\t\t<\/div>\n\t<\/div>\n","protected":false},"excerpt":{"rendered":"<p>Allj\u00e4rgnevad materjalid aitavad m\u00f5ista erinevaid meelepuudega \u00f5pilaste erivajadusi ning on abiks \u201cKliimatarkuste\u201d lehel leiduvate \u00f5piobjektide kohandamisel erivajadusega \u00f5ppijale nii koolis kui lasteaias.Lisaks sellele leiab lehelt punktkirjas \u00f5ppematerjalid pimedale \u00f5pilasele. Koolitusmaterjalid_n\u00e4gemispuue.pdf Koolitusmaterjalid_k\u00f5ne- ja kuulmispuue.pdf Allj\u00e4rgnevalt on toodud kolme \u00f5ppematerjali \u00f5pitegevused, mis &#8230;<\/p>\n","protected":false},"author":362,"featured_media":0,"parent":0,"menu_order":0,"comment_status":"closed","ping_status":"closed","template":"","meta":{"_acf_changed":false,"inline_featured_image":false,"footnotes":""},"class_list":["post-2334","page","type-page","status-publish","hentry"],"acf":[],"_links":{"self":[{"href":"https:\/\/sisu.ut.ee\/kliimatarkused\/wp-json\/wp\/v2\/pages\/2334","targetHints":{"allow":["GET"]}}],"collection":[{"href":"https:\/\/sisu.ut.ee\/kliimatarkused\/wp-json\/wp\/v2\/pages"}],"about":[{"href":"https:\/\/sisu.ut.ee\/kliimatarkused\/wp-json\/wp\/v2\/types\/page"}],"author":[{"embeddable":true,"href":"https:\/\/sisu.ut.ee\/kliimatarkused\/wp-json\/wp\/v2\/users\/362"}],"replies":[{"embeddable":true,"href":"https:\/\/sisu.ut.ee\/kliimatarkused\/wp-json\/wp\/v2\/comments?post=2334"}],"version-history":[{"count":29,"href":"https:\/\/sisu.ut.ee\/kliimatarkused\/wp-json\/wp\/v2\/pages\/2334\/revisions"}],"predecessor-version":[{"id":3064,"href":"https:\/\/sisu.ut.ee\/kliimatarkused\/wp-json\/wp\/v2\/pages\/2334\/revisions\/3064"}],"wp:attachment":[{"href":"https:\/\/sisu.ut.ee\/kliimatarkused\/wp-json\/wp\/v2\/media?parent=2334"}],"curies":[{"name":"wp","href":"https:\/\/api.w.org\/{rel}","templated":true}]}}