{"id":20,"date":"2024-04-04T08:41:27","date_gmt":"2024-04-04T05:41:27","guid":{"rendered":"https:\/\/sisu.ut.ee\/kliimatarkused\/materjalid-lastele-kooli-esimene-aste-ilm-ja-toimetulek\/"},"modified":"2024-04-24T12:45:24","modified_gmt":"2024-04-24T09:45:24","slug":"materjalid-lastele-kooli-esimene-aste-ilm-ja-toimetulek","status":"publish","type":"page","link":"https:\/\/sisu.ut.ee\/kliimatarkused\/materjalid-lastele-kooli-esimene-aste-ilm-ja-toimetulek\/","title":{"rendered":"Materjalid lastele (kooli esimene aste, ilm ja toimetulek)"},"content":{"rendered":"<p>\n\t<img loading=\"lazy\" decoding=\"async\" width=\"1016\" height=\"280\" class=\"alignnone wp-image-178\" src=\"https:\/\/sisu.ut.ee\/wp-content\/uploads\/sites\/635\/ilm_ai_02.jpg\" title=\"ilm_ai_02.jpg\" alt=\"Ilm_opilane\" srcset=\"https:\/\/sisu.ut.ee\/wp-content\/uploads\/sites\/635\/ilm_ai_02.jpg 1016w, https:\/\/sisu.ut.ee\/wp-content\/uploads\/sites\/635\/ilm_ai_02-300x83.jpg 300w, https:\/\/sisu.ut.ee\/wp-content\/uploads\/sites\/635\/ilm_ai_02-768x212.jpg 768w\" sizes=\"auto, (max-width: 1016px) 100vw, 1016px\">\n<\/p>\n<p>\n\tSiit leiate \u00f5pilastele m\u00f5eldud t\u00f6\u00f6lehed \u00f5piobjekti \u201cIlm meie \u00fcmber. Toimetulek muutustega\u201d tegevuste l\u00e4biviimiseks.\u00a0 Tegemist on n\u00e4idistega, soovi ja vajaduse korral on v\u00f5imalik materjale kohandada.\n<\/p>\n<p>\n\tT\u00f6\u00f6juhendid leiate \u00f5ppetegevuste pealkirjadel klikkides.\n<\/p>\n<p>\n\t<\/p><div class=\"accordion mb-3\">\n        <div class=\"accordion-item accordion-item--white\">\n        <h2 class=\"accordion-header\" id=\"accordion-69dabb5f8911d-heading\">\n            <button class=\"accordion-button collapsed\" type=\"button\" data-bs-toggle=\"collapse\" data-bs-target=\"#accordion-69dabb5f8911d-collapse\" aria-expanded=\"true\" aria-controls=\"accordion-69dabb5f8911d-collapse\">Ilm ja aastaajad<\/button>\n        <\/h2>\n        <div id=\"accordion-69dabb5f8911d-collapse\" class=\"accordion-collapse collapse\" aria-labelledby=\"accordion-69dabb5f8911d-heading\">\n            <div class=\"accordion-body\">\n\n<p>\n\t1) T\u00f6\u00f6leht \u201cTunnused aastaaegade kirjeldamiseks\u201d (autorid Kaire J\u00f5gi, Aigi Kikkas).\n<\/p>\n<p>\n\t<span class=\"file media-element file-os-files-link\" data-file_info=\"%7B%22fid%22:%2282728%22,%22view_mode%22:%22os_files_link%22,%22type%22:%22media%22%7D\"><img decoding=\"async\" alt=\"\" class=\"file-icon\" src=\"\/profiles\/openscholar\/modules\/os\/modules\/os_files\/icons\/x-office-document.svg\"> <a href=\"https:\/\/sisu.ut.ee\/wp-content\/uploads\/sites\/635\/tooleht_aastaaegade_tunnused1.docx\">tooleht_aastaaegade_tunnused1.docx<\/a><\/span>\n<\/p>\n<p>\n\t<span class=\"file media-element file-os-files-link\" data-file_info=\"%7B%22fid%22:%2282728%22,%22view_mode%22:%22os_files_link%22,%22type%22:%22media%22%7D\">2) <\/span>Fotod aastaaegadest t\u00f6\u00f6lehe \u201cTunnused aastaaegade kirjeldamiseks\u201d juurde.\n<\/p>\n<p>\n\t<span class=\"file media-element file-os-files-link\" data-file_info=\"%7B%22fid%22:%2282729%22,%22view_mode%22:%22os_files_link%22,%22type%22:%22media%22%7D\"><img decoding=\"async\" alt=\"\" class=\"file-icon\" src=\"\/profiles\/openscholar\/modules\/os\/modules\/os_files\/icons\/application-pdf.svg\"> <a href=\"https:\/\/sisu.ut.ee\/wp-content\/uploads\/sites\/635\/aastaajadfotodel_01.pdf\">aastaajadfotodel_01.pdf<\/a><\/span> <\/p><\/div>\n        <\/div>\n        <\/div>\n    <\/div>\n\n<p>\n\t<\/p><div class=\"accordion mb-3\">\n        <div class=\"accordion-item accordion-item--white\">\n        <h2 class=\"accordion-header\" id=\"accordion-69dabb5f89126-heading\">\n            <button class=\"accordion-button collapsed\" type=\"button\" data-bs-toggle=\"collapse\" data-bs-target=\"#accordion-69dabb5f89126-collapse\" aria-expanded=\"true\" aria-controls=\"accordion-69dabb5f89126-collapse\">Ilma vaatlused<\/button>\n        <\/h2>\n        <div id=\"accordion-69dabb5f89126-collapse\" class=\"accordion-collapse collapse\" aria-labelledby=\"accordion-69dabb5f89126-heading\">\n            <div class=\"accordion-body\">\n\n<p>\n\t1) Pilvede t\u00f6\u00f6leht (\u00f5pilase t\u00f6\u00f6leht ja vastusteleht \u00f5petajale; autor Ele Pedassaar).\n<\/p>\n<p>\n\t<span class=\"file media-element file-os-files-link\" data-file_info=\"%7B%22fid%22:%2282730%22,%22view_mode%22:%22os_files_link%22,%22type%22:%22media%22%7D\"><img decoding=\"async\" alt=\"\" class=\"file-icon\" src=\"\/profiles\/openscholar\/modules\/os\/modules\/os_files\/icons\/application-pdf.svg\"> <a href=\"https:\/\/sisu.ut.ee\/wp-content\/uploads\/sites\/635\/pilvedetooleht_1.-4.klass_ele_pedassaar_0_01.pdf\">pilvedetooleht_1.-4.klass_ele_pedassaar_0_01.pdf<\/a><\/span>\n<\/p>\n<p>\n\t2) Ilma m\u00f5\u00f5tmise t\u00f6\u00f6leht (\u00f5pilase t\u00f6\u00f6leht ja vastusteleht \u00f5petajale; autor Ele Pedassaar).\n<\/p>\n<p>\n\t<span class=\"file media-element file-os-files-link\" data-file_info=\"%7B%22fid%22:%2282731%22,%22view_mode%22:%22os_files_link%22,%22type%22:%22media%22%7D\"><img decoding=\"async\" alt=\"\" class=\"file-icon\" src=\"\/profiles\/openscholar\/modules\/os\/modules\/os_files\/icons\/application-pdf.svg\"> <a href=\"https:\/\/sisu.ut.ee\/wp-content\/uploads\/sites\/635\/ilmamootmisetooleht_ele_pedassaar_3_01.pdf\">ilmamootmisetooleht_ele_pedassaar_3_01.pd<\/a><\/span>\n<\/p>\n<p>\n\t3) Vaatlustabel ilmaandmete (ja OMA PUU vaatluste) dokumenteerimiseks (koostajad Kaire J\u00f5gi ja Aigi Kikkas).\n<\/p>\n<p>\n\t<span class=\"file media-element file-os-files-link\" data-file_info=\"%7B%22fid%22:%2282732%22,%22view_mode%22:%22os_files_link%22,%22type%22:%22media%22%7D\"><img decoding=\"async\" alt=\"\" class=\"file-icon\" src=\"\/profiles\/openscholar\/modules\/os\/modules\/os_files\/icons\/x-office-document.svg\"> <a href=\"https:\/\/sisu.ut.ee\/wp-content\/uploads\/sites\/635\/vaatluspaevik_01.docx\">vaatluspaevik_01.docx<\/a> <\/span><\/p><\/div>\n        <\/div>\n        <\/div>\n    <\/div>\n\n<p>\n\t<\/p><div class=\"accordion mb-3\">\n        <div class=\"accordion-item accordion-item--white\">\n        <h2 class=\"accordion-header\" id=\"accordion-69dabb5f8912e-heading\">\n            <button class=\"accordion-button collapsed\" type=\"button\" data-bs-toggle=\"collapse\" data-bs-target=\"#accordion-69dabb5f8912e-collapse\" aria-expanded=\"true\" aria-controls=\"accordion-69dabb5f8912e-collapse\">Ohtlik ilm. Toimetulek<\/button>\n        <\/h2>\n        <div id=\"accordion-69dabb5f8912e-collapse\" class=\"accordion-collapse collapse\" aria-labelledby=\"accordion-69dabb5f8912e-heading\">\n            <div class=\"accordion-body\">\n\n<p>\n\t1) Ohtlik ilm (s\u00fcmbolid ja fotod v\u00e4lja printimiseks ning lamineerimiseks, autorid Kaire J\u00f5gi ja Aigi Kikkas).\n<\/p>\n<p>\n\t<span class=\"file media-element file-os-files-link\" data-file_info=\"%7B%22fid%22:%2282733%22,%22view_mode%22:%22os_files_link%22,%22type%22:%22media%22%7D\"><img decoding=\"async\" alt=\"\" class=\"file-icon\" src=\"\/profiles\/openscholar\/modules\/os\/modules\/os_files\/icons\/application-pdf.svg\"> <a href=\"https:\/\/sisu.ut.ee\/wp-content\/uploads\/sites\/635\/ohtlikilm_01.pdf\">ohtlikilm_01.pdf<\/a><\/span>\n<\/p>\n<p>\n\t2) Ohtlik ilm (s\u00fcmbolid ja fotod) kuumal ja k\u00fclmal ajal (koostaja Ele Pedassaar).\n<\/p>\n<p>\n\t<span class=\"file media-element file-os-files-link\" data-file_info=\"%7B%22fid%22:%2282735%22,%22view_mode%22:%22os_files_link%22,%22type%22:%22media%22%7D\"><img decoding=\"async\" alt=\"\" class=\"file-icon\" src=\"\/profiles\/openscholar\/modules\/os\/modules\/os_files\/icons\/application-pdf.svg\"> <a href=\"https:\/\/sisu.ut.ee\/wp-content\/uploads\/sites\/635\/tooleht_ohtlikilm_sumbolid_suvitalv_opilane_01.pdf\">tooleht_ohtlikilm_sumbolid_suvitalv_opilane_01.pdf<\/a><\/span>\n<\/p>\n<p>\n\t3) Ohtlik ilm (s\u00fcmbolid ja fotod) erinevatel aastaaegadel (koostaja Ele Pedassaar).\n<\/p>\n<p>\n\t<span class=\"file media-element file-os-files-link\" data-file_info=\"%7B%22fid%22:%2282736%22,%22view_mode%22:%22os_files_link%22,%22type%22:%22media%22%7D\"><img decoding=\"async\" alt=\"\" class=\"file-icon\" src=\"\/profiles\/openscholar\/modules\/os\/modules\/os_files\/icons\/application-pdf.svg\"> <a href=\"https:\/\/sisu.ut.ee\/wp-content\/uploads\/sites\/635\/tooleht_ohtlikilm_sumbolid_aastaajad_opilane_0_01.pdf\">tooleht_ohtlikilm_sumbolid_aastaajad_opilane_0_01.pdf<\/a><\/span>\n<\/p>\n<p>\n\t4) Ohtlik ilm (s\u00fcmbolid ja fotod) kuumal ja k\u00fclmal ajal, vastustega leht \u00f5petajale (koostaja Ele Pedassaar).\n<\/p>\n<p>\n\t<span class=\"file media-element file-os-files-link\" data-file_info=\"%7B%22fid%22:%2282737%22,%22view_mode%22:%22os_files_link%22,%22type%22:%22media%22%7D\"><img decoding=\"async\" alt=\"\" class=\"file-icon\" src=\"\/profiles\/openscholar\/modules\/os\/modules\/os_files\/icons\/application-pdf.svg\"> <a href=\"https:\/\/sisu.ut.ee\/wp-content\/uploads\/sites\/635\/tooleht_ohtlikilm_sumbolid_suvitalv_opetaja_0_01.pdf\">tooleht_ohtlikilm_sumbolid_suvitalv_opetaja_0_01.pdf<\/a><\/span>\n<\/p>\n<p>\n\t5) Ohtlik ilm (s\u00fcmbolid ja fotod) erinevatel aastaaegadel, vastustega leht \u00f5petajale (koostaja Ele Pedassaar).\n<\/p>\n<p>\n\t<span class=\"file media-element file-os-files-link\" data-file_info=\"%7B%22fid%22:%2282738%22,%22view_mode%22:%22os_files_link%22,%22type%22:%22media%22%7D\"><img decoding=\"async\" alt=\"\" class=\"file-icon\" src=\"\/profiles\/openscholar\/modules\/os\/modules\/os_files\/icons\/application-pdf.svg\"> <a href=\"https:\/\/sisu.ut.ee\/wp-content\/uploads\/sites\/635\/tooleht_ohtlikilm_sumbolid_aastaajad_opetaja_0_01.pdf\">tooleht_ohtlikilm_sumbolid_aastaajad_opetaja_0_01.pdf<\/a> <\/span><\/p><\/div>\n        <\/div>\n        <\/div>\n    <\/div>\n\n<p>\n\t<\/p><div class=\"accordion mb-3\">\n        <div class=\"accordion-item accordion-item--white\">\n        <h2 class=\"accordion-header\" id=\"accordion-69dabb5f89135-heading\">\n            <button class=\"accordion-button collapsed\" type=\"button\" data-bs-toggle=\"collapse\" data-bs-target=\"#accordion-69dabb5f89135-collapse\" aria-expanded=\"true\" aria-controls=\"accordion-69dabb5f89135-collapse\">Interaktiivsed t\u00f6\u00f6lehed ilmaga seotud terminite ja s\u00fcmbolite meenutamiseks<\/button>\n        <\/h2>\n        <div id=\"accordion-69dabb5f89135-collapse\" class=\"accordion-collapse collapse\" aria-labelledby=\"accordion-69dabb5f89135-heading\">\n            <div class=\"accordion-body\">\n\n<p>\n\n\n<\/p><div class=\"h5p-iframe-wrapper\"><div class=\"video-placeholder-wrapper video-placeholder-wrapper--fixed\" style=\"height: 366px;\">\n\t\t\t    <div class=\"video-placeholder d-flex justify-content-center align-items-center\">\n\t\t\t        <div class=\"overlay text-white p-2 w-100 text-center d-block justify-content-center align-items-center\">\n\t\t\t            <div>Kolmandate osapoolte sisu n\u00e4gemiseks palun n\u00f5ustu k\u00fcpsistega.<\/div>\n\t\t\t            <button class=\"btn btn-secondary btn-sm mt-1 consent-change\">Muuda n\u00f5usolekut<\/button>\n\t\t\t        <\/div>\n\t\t\t    <\/div>\n\t\t\t<\/div>\n<\/div>\n\n\n\n<p>\n\t\u00a0\n<\/p>\n<p>\n\n\n<\/p><div class=\"h5p-iframe-wrapper\"><div class=\"video-placeholder-wrapper video-placeholder-wrapper--fixed\" style=\"height: 366px;\">\n\t\t\t    <div class=\"video-placeholder d-flex justify-content-center align-items-center\">\n\t\t\t        <div class=\"overlay text-white p-2 w-100 text-center d-block justify-content-center align-items-center\">\n\t\t\t            <div>Kolmandate osapoolte sisu n\u00e4gemiseks palun n\u00f5ustu k\u00fcpsistega.<\/div>\n\t\t\t            <button class=\"btn btn-secondary btn-sm mt-1 consent-change\">Muuda n\u00f5usolekut<\/button>\n\t\t\t        <\/div>\n\t\t\t    <\/div>\n\t\t\t<\/div>\n<\/div>\n\n\n\n<p>\n\t\u00a0\n<\/p>\n<p>\n\n\n<\/p><div class=\"h5p-iframe-wrapper\"><div class=\"video-placeholder-wrapper video-placeholder-wrapper--fixed\" style=\"height: 366px;\">\n\t\t\t    <div class=\"video-placeholder d-flex justify-content-center align-items-center\">\n\t\t\t        <div class=\"overlay text-white p-2 w-100 text-center d-block justify-content-center align-items-center\">\n\t\t\t            <div>Kolmandate osapoolte sisu n\u00e4gemiseks palun n\u00f5ustu k\u00fcpsistega.<\/div>\n\t\t\t            <button class=\"btn btn-secondary btn-sm mt-1 consent-change\">Muuda n\u00f5usolekut<\/button>\n\t\t\t        <\/div>\n\t\t\t    <\/div>\n\t\t\t<\/div>\n<\/div>\n\n\n<p><\/p><\/div>\n        <\/div>\n        <\/div>\n    <\/div>\n\n\n<figure class=\"wp-block-gallery has-nested-images columns-3 is-cropped wp-block-gallery-1 is-layout-flex wp-block-gallery-is-layout-flex\"><\/figure>\n\n\n\n<div class=\"wp-block-group attached-files-group is-layout-constrained wp-block-group-is-layout-constrained\"><\/div>\n","protected":false},"excerpt":{"rendered":"<p>Siit leiate \u00f5pilastele m\u00f5eldud t\u00f6\u00f6lehed \u00f5piobjekti \u201cIlm meie \u00fcmber. Toimetulek muutustega\u201d tegevuste l\u00e4biviimiseks.\u00a0 Tegemist on n\u00e4idistega, soovi ja vajaduse korral on v\u00f5imalik materjale kohandada. T\u00f6\u00f6juhendid leiate \u00f5ppetegevuste pealkirjadel klikkides. Ilm ja aastaajad 1) T\u00f6\u00f6leht \u201cTunnused aastaaegade kirjeldamiseks\u201d (autorid Kaire J\u00f5gi, &#8230;<\/p>\n","protected":false},"author":315,"featured_media":0,"parent":0,"menu_order":0,"comment_status":"closed","ping_status":"closed","template":"","meta":{"_acf_changed":false,"inline_featured_image":false,"footnotes":""},"class_list":["post-20","page","type-page","status-publish","hentry"],"acf":[],"_links":{"self":[{"href":"https:\/\/sisu.ut.ee\/kliimatarkused\/wp-json\/wp\/v2\/pages\/20","targetHints":{"allow":["GET"]}}],"collection":[{"href":"https:\/\/sisu.ut.ee\/kliimatarkused\/wp-json\/wp\/v2\/pages"}],"about":[{"href":"https:\/\/sisu.ut.ee\/kliimatarkused\/wp-json\/wp\/v2\/types\/page"}],"author":[{"embeddable":true,"href":"https:\/\/sisu.ut.ee\/kliimatarkused\/wp-json\/wp\/v2\/users\/315"}],"replies":[{"embeddable":true,"href":"https:\/\/sisu.ut.ee\/kliimatarkused\/wp-json\/wp\/v2\/comments?post=20"}],"version-history":[{"count":9,"href":"https:\/\/sisu.ut.ee\/kliimatarkused\/wp-json\/wp\/v2\/pages\/20\/revisions"}],"predecessor-version":[{"id":946,"href":"https:\/\/sisu.ut.ee\/kliimatarkused\/wp-json\/wp\/v2\/pages\/20\/revisions\/946"}],"wp:attachment":[{"href":"https:\/\/sisu.ut.ee\/kliimatarkused\/wp-json\/wp\/v2\/media?parent=20"}],"curies":[{"name":"wp","href":"https:\/\/api.w.org\/{rel}","templated":true}]}}