{"id":18,"date":"2024-04-04T08:41:27","date_gmt":"2024-04-04T05:41:27","guid":{"rendered":"https:\/\/sisu.ut.ee\/kliimatarkused\/materjalid-lastele-tarbimine-kooli-esimene-aste\/"},"modified":"2024-04-24T12:56:02","modified_gmt":"2024-04-24T09:56:02","slug":"materjalid-lastele-tarbimine-kooli-esimene-aste","status":"publish","type":"page","link":"https:\/\/sisu.ut.ee\/kliimatarkused\/materjalid-lastele-tarbimine-kooli-esimene-aste\/","title":{"rendered":"Materjalid lastele (tarbimine, kooli esimene aste)"},"content":{"rendered":"<p><img loading=\"lazy\" decoding=\"async\" width=\"1024\" height=\"259\" class=\"alignnone wp-image-163\" title=\"ai-lego_03.jpg\" src=\"https:\/\/sisu.ut.ee\/wp-content\/uploads\/sites\/635\/ai-lego_03.jpg\" alt=\"ai-lego_03\" srcset=\"https:\/\/sisu.ut.ee\/wp-content\/uploads\/sites\/635\/ai-lego_03.jpg 1024w, https:\/\/sisu.ut.ee\/wp-content\/uploads\/sites\/635\/ai-lego_03-300x76.jpg 300w, https:\/\/sisu.ut.ee\/wp-content\/uploads\/sites\/635\/ai-lego_03-768x194.jpg 768w\" sizes=\"auto, (max-width: 1024px) 100vw, 1024px\"><\/p>\n<p>Siit leiate \u00f5pilastele m\u00f5eldud t\u00f6\u00f6lehed \u00f5piobjekti \u201cSoovid ja vajadused. Tarbimise v\u00e4hendamine\u201d tegevuste l\u00e4biviimiseks.\u00a0 Tegemist on n\u00e4idistega, soovi ja vajaduse korral on v\u00f5imalik materjale kohandada.<\/p>\n<p>T\u00f6\u00f6juhendid leiate \u00f5ppetegevuste pealkirjadel klikkides.<\/p>\n<p><\/p><div class=\"accordion mb-3\">\n        <div class=\"accordion-item accordion-item--white\">\n        <h2 class=\"accordion-header\" id=\"accordion-69dabe84d1e2c-heading\">\n            <button class=\"accordion-button collapsed\" type=\"button\" data-bs-toggle=\"collapse\" data-bs-target=\"#accordion-69dabe84d1e2c-collapse\" aria-expanded=\"true\" aria-controls=\"accordion-69dabe84d1e2c-collapse\">Reklaam ja liigne tarbimine<\/button>\n        <\/h2>\n        <div id=\"accordion-69dabe84d1e2c-collapse\" class=\"accordion-collapse collapse\" aria-labelledby=\"accordion-69dabe84d1e2c-heading\">\n            <div class=\"accordion-body\">\n<p>R\u00fchmat\u00f6\u00f6 juhend tarbimise v\u00e4hendamisele suunatud REKLAAMI koostamiseks.\u00a0<\/p>\n<p><span class=\"file media-element file-os-files-link\" data-file_info=\"%7B%22fid%22:%2282739%22,%22view_mode%22:%22os_files_link%22,%22type%22:%22media%22%7D\"><img decoding=\"async\" class=\"file-icon\" src=\"\/profiles\/openscholar\/modules\/os\/modules\/os_files\/icons\/application-pdf.svg\" alt=\"\"> <a href=\"https:\/\/sisu.ut.ee\/wp-content\/uploads\/sites\/635\/reklaamikoostamine_01.pdf\">reklaamikoostamine_01.pdf<\/a> <\/span><\/p><\/div>\n        <\/div>\n        <\/div>\n    <\/div>\n<p><\/p><div class=\"accordion mb-3\">\n        <div class=\"accordion-item accordion-item--white\">\n        <h2 class=\"accordion-header\" id=\"accordion-69dabe84d1e3f-heading\">\n            <button class=\"accordion-button collapsed\" type=\"button\" data-bs-toggle=\"collapse\" data-bs-target=\"#accordion-69dabe84d1e3f-collapse\" aria-expanded=\"true\" aria-controls=\"accordion-69dabe84d1e3f-collapse\">Asjad ja nende kasutusaeg<\/button>\n        <\/h2>\n        <div id=\"accordion-69dabe84d1e3f-collapse\" class=\"accordion-collapse collapse\" aria-labelledby=\"accordion-69dabe84d1e3f-heading\">\n            <div class=\"accordion-body\">\n<p>R\u00fchmat\u00f6\u00f6 juhend \u00f5ppetegevuse \u201cAsjad ja nende kasutusaeg\u201d l\u00e4bi viimiseks.<\/p>\n<p><span class=\"file media-element file-os-files-link\" data-file_info=\"%7B%22fid%22:%2282740%22,%22view_mode%22:%22os_files_link%22,%22type%22:%22media%22%7D\"><img decoding=\"async\" class=\"file-icon\" src=\"\/profiles\/openscholar\/modules\/os\/modules\/os_files\/icons\/x-office-document.svg\" alt=\"\"> <a href=\"https:\/\/sisu.ut.ee\/wp-content\/uploads\/sites\/635\/asjad_ja_nende_kasutusaeg_toojuhend_0_01.docx\">asjad_ja_nende_kasutusaeg_toojuhend_0_01.docx<\/a> <\/span><\/p><\/div>\n        <\/div>\n        <\/div>\n    <\/div>\n<p><\/p><div class=\"accordion mb-3\">\n        <div class=\"accordion-item accordion-item--white\">\n        <h2 class=\"accordion-header\" id=\"accordion-69dabe84d1e41-heading\">\n            <button class=\"accordion-button collapsed\" type=\"button\" data-bs-toggle=\"collapse\" data-bs-target=\"#accordion-69dabe84d1e41-collapse\" aria-expanded=\"true\" aria-controls=\"accordion-69dabe84d1e41-collapse\">Kohalikud toidutaimed<\/button>\n        <\/h2>\n        <div id=\"accordion-69dabe84d1e41-collapse\" class=\"accordion-collapse collapse\" aria-labelledby=\"accordion-69dabe84d1e41-heading\">\n            <div class=\"accordion-body\">\n<p>Juhend kohaliku toidutaime kohta infovoldiku koostamiseks.<\/p>\n<p><span class=\"file media-element file-os-files-link\" data-file_info=\"%7B%22fid%22:%2282741%22,%22view_mode%22:%22os_files_link%22,%22type%22:%22media%22%7D\"><img decoding=\"async\" class=\"file-icon\" src=\"\/profiles\/openscholar\/modules\/os\/modules\/os_files\/icons\/x-office-document.svg\" alt=\"\"> <a href=\"https:\/\/sisu.ut.ee\/wp-content\/uploads\/sites\/635\/reklaamposter_eestitoidutaim_0_01.docx\">reklaamposter_eestitoidutaim_0_01.docx<\/a> <\/span><\/p><\/div>\n        <\/div>\n        <\/div>\n    <\/div>\n<p>\u00a0<\/p>\n<p>\u00a0<\/p>\n\n\n<div class=\"wp-block-group attached-files-group is-layout-constrained wp-block-group-is-layout-constrained\"><\/div>\n","protected":false},"excerpt":{"rendered":"<p>Siit leiate \u00f5pilastele m\u00f5eldud t\u00f6\u00f6lehed \u00f5piobjekti \u201cSoovid ja vajadused. Tarbimise v\u00e4hendamine\u201d tegevuste l\u00e4biviimiseks.\u00a0 Tegemist on n\u00e4idistega, soovi ja vajaduse korral on v\u00f5imalik materjale kohandada. T\u00f6\u00f6juhendid leiate \u00f5ppetegevuste pealkirjadel klikkides. Reklaam ja liigne tarbimine R\u00fchmat\u00f6\u00f6 juhend tarbimise v\u00e4hendamisele suunatud REKLAAMI koostamiseks.\u00a0 &#8230;<\/p>\n","protected":false},"author":315,"featured_media":0,"parent":0,"menu_order":0,"comment_status":"closed","ping_status":"closed","template":"","meta":{"_acf_changed":false,"inline_featured_image":false,"footnotes":""},"class_list":["post-18","page","type-page","status-publish","hentry"],"acf":[],"_links":{"self":[{"href":"https:\/\/sisu.ut.ee\/kliimatarkused\/wp-json\/wp\/v2\/pages\/18","targetHints":{"allow":["GET"]}}],"collection":[{"href":"https:\/\/sisu.ut.ee\/kliimatarkused\/wp-json\/wp\/v2\/pages"}],"about":[{"href":"https:\/\/sisu.ut.ee\/kliimatarkused\/wp-json\/wp\/v2\/types\/page"}],"author":[{"embeddable":true,"href":"https:\/\/sisu.ut.ee\/kliimatarkused\/wp-json\/wp\/v2\/users\/315"}],"replies":[{"embeddable":true,"href":"https:\/\/sisu.ut.ee\/kliimatarkused\/wp-json\/wp\/v2\/comments?post=18"}],"version-history":[{"count":3,"href":"https:\/\/sisu.ut.ee\/kliimatarkused\/wp-json\/wp\/v2\/pages\/18\/revisions"}],"predecessor-version":[{"id":968,"href":"https:\/\/sisu.ut.ee\/kliimatarkused\/wp-json\/wp\/v2\/pages\/18\/revisions\/968"}],"wp:attachment":[{"href":"https:\/\/sisu.ut.ee\/kliimatarkused\/wp-json\/wp\/v2\/media?parent=18"}],"curies":[{"name":"wp","href":"https:\/\/api.w.org\/{rel}","templated":true}]}}