{"id":15,"date":"2024-04-04T08:41:27","date_gmt":"2024-04-04T05:41:27","guid":{"rendered":"https:\/\/sisu.ut.ee\/kliimatarkused\/kliimamuutuste-abc\/"},"modified":"2024-04-04T08:43:50","modified_gmt":"2024-04-04T05:43:50","slug":"kliimamuutuste-abc","status":"publish","type":"page","link":"https:\/\/sisu.ut.ee\/kliimatarkused\/kliimamuutuste-abc\/","title":{"rendered":"\u201eKliimamuutuste ABC\u201c"},"content":{"rendered":"<p>\n\t<strong>Kellele on \u201eKliimamuutuste ABC\u201c \u00f5ppematerjal\u00a0m\u00f5eldud?<\/strong>\n<\/p>\n<p>\n\t\u00d5ppematerjal on loodud k\u00f5igile \u00f5petajatele, s\u00f5ltumata keda ja mis ainet v\u00f5i aineid nad \u00f5petavad. \u00d5ppematerjal sobib ka vanema kooliastme \u00f5pilastele. Kuna tegemist on internetist avalikult k\u00e4ttesaadava materjaliga, on \u00f5ppima oodatud k\u00f5ik Eesti inimesed, keda kliimateemad huvitavad ning kes soovivad nende kohta saada t\u00e4nap\u00e4evase teaduse tasemel teavet. Tegemist on teadlaste poolt koostatud globaalsete kliimamuutuste v\u00e4ga \u00fcldisi arusaamu tutvustava materjaliga.\n<\/p>\n<p>\n\t<strong>\u00d5ppematerjali \u00fclesehitus<\/strong>\n<\/p>\n<p>\n\t\u201eKliimamuutuste ABC\u201c koosneb\u00a0kolmest kliimamuutuste sisu avavast \u00f5piobjektist: (A) kliimamuutuste pohjused, (B) kliimamuutuste m\u00f5jud ja (C) kliimamuutuste lahendused. Need \u00f5piobjektid sisaldavad selgitavat teadusp\u00f5hist teksti koos m\u00f5tlema \u00e4rgitavate k\u00fcsimustega. Iga teema all on ka auditoorsetel koolitustel esitatud l\u00fchiloengud erialateadlastelt. Ka neile loengutele eelnevad k\u00fcsimused loengus k\u00f5ige olulisema m\u00e4rkamiseks. Neljas \u00f5piobjekt annab juhised \u00fche kliimaskeptikute t\u00fcviteksti Eesti Ekspressis ilmunud Endel Lippmaa intervjuu kriitiliseks anal\u00fc\u00fcsiks.\u00a0Viienda plokina on\u00a0lisaulesanded, mis pole tekstiga otseselt seotud. S\u00f5nastikku on kogutud k\u00f5ige olulisemad m\u00f5isted. \u201eKliimamuutuste ABC\u201c teksti on v\u00f5imalik eraldi pdf failina v\u00e4lja tr\u00fckkida. K\u00f5igi \u00f5piobjektide alguses on \u00f5pijuhised.\n<\/p>\n<p>\n\t<strong>\u201eKliimamuutuste ABC\u201c teksti ja sisuk\u00fcsimuste autorid:\u00a0<\/strong>Velle Toll (juht), Aet Annist, Liisi Jakobson, Erko Jakobson, Aveliina Helm, Mariliis Kolk, Jaanus Terasmaa, Mikko Buht, Grete Arro, Merrit Shanskiy, Piia Post, Kristel Uiboupin, T\u00f5nis R\u00fc\u00fctel, Helin Semilarski, Elis Vollmer, Evelin J\u00fcrgenson, J\u00fcrgen Aosaar, Veljo Kabin\n<\/p>\n<p>\n\t<strong>Eesti keele toimetaja:\u00a0<\/strong>Egle Heinsar\n<\/p>\n<p>\n\t<strong>PDF versiooni on: <\/strong>k\u00fcljendanud\u00a0Elis Vollmer, toimetanud Piia Post\n<\/p>\n<p>\n\t<strong>Venekeelse versiooni<\/strong> <strong>on t\u00f5lkinud:<\/strong> O\u00dc Luisa T\u00f5lkeb\u00fcroo, toimetanud Piia Post ja Svetlana Pudova\n<\/p>\n<p>\n\t<strong>Videod on \u00fcles v\u00f5tnud: <\/strong>UTTV, Jaanus Terasmaa, T\u00f5nis R\u00fc\u00fctel, Anastassia Tuuder\n<\/p>\n<p>\n\t<strong>Praktilise \u00fclesande idee autoriteks<\/strong> on Piia Post, Maria J\u00fcrim\u00e4e, Tiina Tamm, Ene Indermitte, Eva-Maria Riso ja\u00a0Piret K\u00e4rtner.<br>Koostamisele ja arendamisele on kaasa aidanud Kristel Uiboupin, Veljo Kabin, Birgit Viru, Helin Semilarski, Katrin Vaino, Aigi Kikkas, Kaire J\u00f5gi, Kait Krull, Ly S\u00f5\u00f5rd, Ehar Kala, Saluc O\u00dc\n<\/p>\n<p>\n\t\u201eKliimamuutuste ABC\u201c \u00f5piobjektid on loodud 2023. aastal\n<\/p>\n<p>\n\t<a data-url=\"https:\/\/kliimateadlik.ut.ee\/\" href=\"https:\/\/kliimateadlik.ut.ee\/\" target=\"_blank\" title=\"\" rel=\"noopener\">Projekt \u201cKliimateadlikkus koolist \u00fchiskonda: laste, noorte ja \u00f5petajate v\u00f5imestamine kliimamuutuste m\u00f5jude v\u00e4hendamiseks\u201d<\/a>\n<\/p>\n<p>\n\t\u00a0\n<\/p>\n<p>\n\t\u00a0<\/p>\n","protected":false},"excerpt":{"rendered":"<p>Kellele on \u201eKliimamuutuste ABC\u201c \u00f5ppematerjal\u00a0m\u00f5eldud? \u00d5ppematerjal on loodud k\u00f5igile \u00f5petajatele, s\u00f5ltumata keda ja mis ainet v\u00f5i aineid nad \u00f5petavad. \u00d5ppematerjal sobib ka vanema kooliastme \u00f5pilastele. Kuna tegemist on internetist avalikult k\u00e4ttesaadava materjaliga, on \u00f5ppima oodatud k\u00f5ik Eesti inimesed, keda kliimateemad &#8230;<\/p>\n","protected":false},"author":315,"featured_media":0,"parent":0,"menu_order":0,"comment_status":"closed","ping_status":"closed","template":"","meta":{"_acf_changed":false,"inline_featured_image":false,"footnotes":""},"class_list":["post-15","page","type-page","status-publish","hentry"],"acf":[],"_links":{"self":[{"href":"https:\/\/sisu.ut.ee\/kliimatarkused\/wp-json\/wp\/v2\/pages\/15","targetHints":{"allow":["GET"]}}],"collection":[{"href":"https:\/\/sisu.ut.ee\/kliimatarkused\/wp-json\/wp\/v2\/pages"}],"about":[{"href":"https:\/\/sisu.ut.ee\/kliimatarkused\/wp-json\/wp\/v2\/types\/page"}],"author":[{"embeddable":true,"href":"https:\/\/sisu.ut.ee\/kliimatarkused\/wp-json\/wp\/v2\/users\/315"}],"replies":[{"embeddable":true,"href":"https:\/\/sisu.ut.ee\/kliimatarkused\/wp-json\/wp\/v2\/comments?post=15"}],"version-history":[{"count":1,"href":"https:\/\/sisu.ut.ee\/kliimatarkused\/wp-json\/wp\/v2\/pages\/15\/revisions"}],"predecessor-version":[{"id":680,"href":"https:\/\/sisu.ut.ee\/kliimatarkused\/wp-json\/wp\/v2\/pages\/15\/revisions\/680"}],"wp:attachment":[{"href":"https:\/\/sisu.ut.ee\/kliimatarkused\/wp-json\/wp\/v2\/media?parent=15"}],"curies":[{"name":"wp","href":"https:\/\/api.w.org\/{rel}","templated":true}]}}