{"id":1468,"date":"2024-05-02T10:59:53","date_gmt":"2024-05-02T07:59:53","guid":{"rendered":"https:\/\/sisu.ut.ee\/kliimatarkused\/?page_id=1468"},"modified":"2024-05-20T10:02:32","modified_gmt":"2024-05-20T07:02:32","slug":"muudid-hindamine","status":"publish","type":"page","link":"https:\/\/sisu.ut.ee\/kliimatarkused\/muudid-hindamine\/","title":{"rendered":"Hindamine"},"content":{"rendered":"<p><\/p>\n\n\n\n<p>Moodulis p\u00fcstitatud \u00f5pitulemuste saavutamist saab hinnata mitmel viisil <strong>(Vt. mooduli sissejuhatusest \u201cMooduli \u00f5ppimise tulemusena oodatakse, et \u00f5pilane\u2026\u201d)<\/strong>.<\/p>\n\n\n\n<p><strong>Kujundav hindamine:<\/strong><\/p>\n\n\n\n<ul class=\"wp-block-list\">\n<li>\u00d5petaja suuline\/kirjalik tagasiside (vaatluste, esitatud k\u00fcsimuste jms p\u00f5hjal) kogu mooduli v\u00e4ltel\u00a0 individuaalsete ja r\u00fchmat\u00f6\u00f6de (sh Tegevus 3) k\u00e4igus \u00f5pilaste poolt t\u00e4idetud ja seej\u00e4rel salvestatud t\u00f6\u00f6lehtedele).<\/li>\n\n\n\n<li>Esitlust v\u00f5iks hinnata j\u00e4rgmistest kriteeriumitest l\u00e4htuvalt:\n<ul class=\"wp-block-list\">\n<li>Esitluses kasutatakse loodusteaduslikke m\u00f5isteid ning nende sisu avatakse korrektselt.<\/li>\n\n\n\n<li>Esitluse vorm on kaasahaarav ning arvestab sihtgruppi, kellele see esitatakse.<\/li>\n\n\n\n<li>Tehtud j\u00e4reldused on koosk\u00f5las p\u00fcstitatud uurimisk\u00fcsimuste ning h\u00fcpoteesidega.<\/li>\n\n\n\n<li>Esitlejad on v\u00f5imelised vastama pealtvaatajate k\u00fcsimustele asjakohaselt.<\/li>\n\n\n\n<li>Esitluse pikkus j\u00e4\u00e4b vahemikku 3-10 minutit (v\u00f5i nii, nagu koos kokku lepitakse).<\/li>\n\n\n\n<li>Esitlus on ettekandmiseks valmis kokkulepitud ajaks.<\/li>\n<\/ul>\n<\/li>\n<\/ul>\n\n\n\n<p><strong>Kokkuv\u00f5ttev hindamine<\/strong><\/p>\n\n\n\n<ol class=\"wp-block-list\">\n<li>\u00d5petaja poolt r\u00fchma esitlusele pandud hinded (videod vms ja nende esitlemine koos k\u00fcsimustele vastamisega), kasutades eelpoolnimetatud kriteeriume.<\/li>\n\n\n\n<li>\u00d5petaja poolt hinnatavad r\u00fchma- v\u00f5i individuaalsed t\u00f6\u00f6lehed.<\/li>\n\n\n\n<li>Teema v\u00f5i kursuse l\u00f5pus v\u00f5ib kasutada kokkuv\u00f5tvas t\u00f6\u00f6s j\u00e4rgmist k\u00fcsimust:<\/li>\n<\/ol>\n\n\n\n<p><strong>Mitte k\u00f5ik inimesed pole veendunud, et inimtegevus on peamine globaalse kliimamuutuse p\u00f5hjustaja. Too v\u00e4lja v\u00e4hemalt kolm vastuargumenti j\u00e4rgmises sotsiaalmeedia postituses avaldatud m\u00f5tetele, mis aitaksid\u00a0 lugejaid veenda kliimamuutuse <u>inimtekkelisuses.\u00a0<\/u><\/strong><\/p>\n\n\n\n<figure class=\"wp-block-table\"><table class=\"table table-hover\"><tbody><tr><td>\ud83c\udf0e M\u00f5tleme kliimamuutuste peale! \ud83c\udf31 Kui n\u00fc\u00fcd v\u00e4hegi loogiliselt m\u00f5elda, siis ei saa globaalset soojenemist k\u00fcll inimtegevus p\u00f5hjustada. Siin on Sulle kolm p\u00f5hjust: \u00a0Kliima on alati muutunud j\u00e4\u00e4aegadest soojemate perioodideni, nii et praegune kliimamuutus v\u00f5ib olla lihtsalt osa sellest loomulikust ts\u00fcklist. Suured vulkaanipursked paiskavad atmosf\u00e4\u00e4ri palju kasvuhoonegaase, mis v\u00f5iksid olla vastutavad kliima soojenemise eest. P\u00e4ike k\u00e4ib l\u00e4bi erinevaid aktiivsusts\u00fckleid, mis m\u00f5jutavad Maa kliimat. V\u00f5ib-olla on soojenemine tingitud just p\u00e4ikese aktiivsuse t\u00f5usust. \ud83d\udcad Kas need p\u00f5hjendused olid Sinu jaoks veenvad? Jagage oma m\u00f5tteid! \ud83e\udd14<\/td><\/tr><\/tbody><\/table><\/figure>\n\n\n\n<p>\u00d5pilaste vastuste hindamiseks v\u00f5ib kasutada j\u00e4rgmisi kriteeriume (vt allpool).<\/p>\n\n\n\n<p> Maksimumtulemuse saamiseks peaks \u00f5pilane olema v\u00f5imeline v\u00e4lja tooma v\u00e4hemalt kolm aspekti j\u00e4rgnevatest:<\/p>\n\n\n\n<ol class=\"wp-block-list\">\n<li>Teadustulemused n\u00e4itavad, et kuigi looduslikud kliimamuutused eksisteerivad, on <strong>praegune soojenemine\/muutused ebatavaliselt kiire\/d<\/strong> ja neid ei saa seletada ainult looduslike teguritega.<\/li>\n\n\n\n<li>Kuigi aastate ja k\u00fcmnendite l\u00f5ikes v\u00f5ivad kliimaandmed k\u00f5ikuda, on <strong>pikas perspektiivis<\/strong> t\u00e4heldatud \u00fclemaailmset temperatuuri t\u00f5usu.<\/li>\n\n\n\n<li>Kliimateadlased v\u00f5tavad arvesse <strong>mitmesuguseid n\u00e4itajaid ja mudeleid<\/strong>, et kinnitada inimtekkelise m\u00f5ju olemasolu.<\/li>\n\n\n\n<li><strong>Teaduslik konsensus on antud k\u00fcsimuses l\u00e4henemas 100%,<\/strong> st peaaegu k\u00f5ik maailma kliimateadlased on veendunud kliimamuutuste inimtekkelisuses.<\/li>\n<\/ol>\n","protected":false},"excerpt":{"rendered":"<p>Moodulis p\u00fcstitatud \u00f5pitulemuste saavutamist saab hinnata mitmel viisil (Vt. mooduli sissejuhatusest \u201cMooduli \u00f5ppimise tulemusena oodatakse, et \u00f5pilane\u2026\u201d). Kujundav hindamine: Kokkuv\u00f5ttev hindamine Mitte k\u00f5ik inimesed pole veendunud, et inimtegevus on peamine globaalse kliimamuutuse p\u00f5hjustaja. Too v\u00e4lja v\u00e4hemalt kolm vastuargumenti j\u00e4rgmises sotsiaalmeedia &#8230;<\/p>\n","protected":false},"author":362,"featured_media":0,"parent":0,"menu_order":0,"comment_status":"closed","ping_status":"closed","template":"","meta":{"_acf_changed":false,"inline_featured_image":false,"footnotes":""},"class_list":["post-1468","page","type-page","status-publish","hentry"],"acf":[],"_links":{"self":[{"href":"https:\/\/sisu.ut.ee\/kliimatarkused\/wp-json\/wp\/v2\/pages\/1468","targetHints":{"allow":["GET"]}}],"collection":[{"href":"https:\/\/sisu.ut.ee\/kliimatarkused\/wp-json\/wp\/v2\/pages"}],"about":[{"href":"https:\/\/sisu.ut.ee\/kliimatarkused\/wp-json\/wp\/v2\/types\/page"}],"author":[{"embeddable":true,"href":"https:\/\/sisu.ut.ee\/kliimatarkused\/wp-json\/wp\/v2\/users\/362"}],"replies":[{"embeddable":true,"href":"https:\/\/sisu.ut.ee\/kliimatarkused\/wp-json\/wp\/v2\/comments?post=1468"}],"version-history":[{"count":6,"href":"https:\/\/sisu.ut.ee\/kliimatarkused\/wp-json\/wp\/v2\/pages\/1468\/revisions"}],"predecessor-version":[{"id":2626,"href":"https:\/\/sisu.ut.ee\/kliimatarkused\/wp-json\/wp\/v2\/pages\/1468\/revisions\/2626"}],"wp:attachment":[{"href":"https:\/\/sisu.ut.ee\/kliimatarkused\/wp-json\/wp\/v2\/media?parent=1468"}],"curies":[{"name":"wp","href":"https:\/\/api.w.org\/{rel}","templated":true}]}}