{"id":13,"date":"2024-04-04T08:41:26","date_gmt":"2024-04-04T05:41:26","guid":{"rendered":"https:\/\/sisu.ut.ee\/kliimatarkused\/soovid-ja-vajadused\/"},"modified":"2024-05-19T16:37:57","modified_gmt":"2024-05-19T13:37:57","slug":"soovid-ja-vajadused","status":"publish","type":"page","link":"https:\/\/sisu.ut.ee\/kliimatarkused\/soovid-ja-vajadused\/","title":{"rendered":"Soovid ja vajadused. Tarbimise v\u00e4hendamine."},"content":{"rendered":"<p dir=\"ltr\"><img loading=\"lazy\" decoding=\"async\" width=\"1024\" height=\"259\" class=\"alignnone wp-image-157\" title=\"ai-lego_01.jpg\" src=\"https:\/\/sisu.ut.ee\/wp-content\/uploads\/sites\/635\/ai-lego_01.jpg\" alt=\"ai-lego_01\" srcset=\"https:\/\/sisu.ut.ee\/wp-content\/uploads\/sites\/635\/ai-lego_01.jpg 1024w, https:\/\/sisu.ut.ee\/wp-content\/uploads\/sites\/635\/ai-lego_01-300x76.jpg 300w, https:\/\/sisu.ut.ee\/wp-content\/uploads\/sites\/635\/ai-lego_01-768x194.jpg 768w\" sizes=\"auto, (max-width: 1024px) 100vw, 1024px\"><\/p>\n<p><b>Kellele on \u00f5ppematerjal m\u00f5eldud?<\/b><\/p>\n<p>Esitatud \u00f5ppematerjal\u00a0on m\u00f5eldud eelk\u00f5ige esimese kooliastme \u00f5petajatele.<\/p>\n<p><strong>\u00d5ppematerjali tutvustus<\/strong><\/p>\n<p>Materjali\u00a0eesm\u00e4rgiks on\u00a0arendada \u00f5pilastes kriitilist ja j\u00e4tkusuutlikku m\u00f5tlemist ning suunata neid v\u00e4hem tarbima. Last suunatakse tegevuses materjale ja vahendeid s\u00e4\u00e4stlikult kasutama ning hoolivalt ja heaperemehelikult k\u00e4ituma.<\/p>\n<p>\u00d5ppematerjal on jagatud kolmeks osaks: sissejuhatus, materjalid \u00f5petajale ja materjalid \u00f5pilasele.\u00a0\u00a0Sissejuhatavalt lehelt leiate \u00f5piobjekti \u00fcldised eesm\u00e4rgid, \u00f5ppetegevuste seose riikliku \u00f5ppekavaga ning olulisemad m\u00e4rks\u00f5nad.<\/p>\n<p>\u00d5petajale m\u00f5eldud metoodilise materjali alt leiate kuus (\u00f5ppeaineid l\u00f5imivat) tegevuskava pealkirjadega: \u201c<strong>Soovid ja vajadused\u201d, \u201cReklaam ja liigne tarbimine\u201d, Asjad ja nende kasutusaeg\u201d, \u201cToidu tootmine ja p\u00e4ritolu\u201d. \u201cKohalikud toidutaimed\u201d<\/strong> ja \u201c<strong>Vanavanemate meenutused ja pilguheit tulevikku<\/strong>\u201d . Lisaks sisaldab \u00f5petajatele m\u00f5eldud materjal viiteid \u00f5ppetegevusi toetavatele kirjandusallikatele (rubriigis \u201c<strong>Loe lisaks<\/strong>\u201c).<\/p>\n<p><strong>M\u00e4rks\u00f5nad<\/strong><\/p>\n<p>M\u00e4rkamine: asjad ja nende p\u00e4ritolu<\/p>\n<p>Seosed: toit, elupaik, asjad <em>vs<\/em> kliimamuutused<\/p>\n<p dir=\"ltr\" role=\"presentation\">Vastutus: soovid ja vajadused<\/p>\n<p><a href=\"https:\/\/sisu.ut.ee\/kliimatarkused\/metoodiline-materjal-opetajale-kooli-esimene-aste-soovid-ja-vajaduse-tarbise\/\"><strong>Materjalid \u00f5petajatele<\/strong><\/a><\/p>\n<p><a href=\"https:\/\/sisu.ut.ee\/kliimatarkused\/materjalid-lastele-tarbimine-kooli-esimene-aste\/\"><strong>Materjalid \u00f5pilastele<\/strong><\/a><\/p>\n<p><a href=\"https:\/\/sisu.ut.ee\/kliimatarkused\/soovid-ja-vajadused#hindamine\"><strong>Hindamine<\/strong><\/a><\/p>\n<p dir=\"ltr\"><a id=\"hindamine\"><\/a>\u00d5ppija<\/p>\n<ul>\n<li>toob n\u00e4iteid, kuidas inimene loodust oma tegevusega m\u00f5jutab;<\/li>\n<li>selgitab soovide ja vajaduste erinevusi;<\/li>\n<li>vaatleb, v\u00f5rdleb ja kirjeldab asjade omadusi;<\/li>\n<li>arutleb asjade vajalikkuse \u00fcle;<\/li>\n<li>selgitab reklaamide m\u00f5ju tarbimisele;<\/li>\n<li>koostab koost\u00f6\u00f6s r\u00fchmakaaslastega juhendid teadlike\u00a0ostuvalikute tegemiseks;<\/li>\n<li>arutleb (\u00f5petaja juhendamisel) jogurti valmistamise etappide \u00fcle;<\/li>\n<li>koostab jogurti olelusringi skeemi (valmistamise etapid);<\/li>\n<li>arutleb (\u00f5petaja juhendamisel) toidutootmise keskkonnam\u00f5jude \u00fcle;<\/li>\n<li>koostab paarist\u00f6\u00f6na infovoldiku v\u00f5i reklaampostri \u00fche Eestis looduslikult v\u00f5i traditsiooniliselt kasvatatava toidutaime kohta;<\/li>\n<li>intervjueerib oma vanavanemaid ja vanemaid;<\/li>\n<li>v\u00f5rdleb vanavanemateaegset elu-olu praegusaja v\u00f5imalustega;<\/li>\n<li>pakub v\u00f5imalusi kliimamuutuste leevendamiseks ja sellega kohanemiseks;<\/li>\n<li>koostab intervjuu tulemuste ja \u00fchiste arutelude p\u00f5hjal r\u00fchmakaaslastega ajatelje.<\/li>\n<\/ul>\n<p dir=\"ltr\"><strong>Autorid<\/strong>: <a href=\"https:\/\/ut.ee\/et\/tootaja\/kaire-jogi\" target=\"_blank\" rel=\"noopener\">Kaire J\u00f5gi<\/a> ja\u00a0<a href=\"https:\/\/ut.ee\/et\/tootaja\/aigi-kikkas\" target=\"_blank\" rel=\"noopener\">Aigi Kikkas<\/a><\/p>\n<p dir=\"ltr\" role=\"presentation\"><strong>\u00d5ppematerjali \u00fcldised \u00f5piv\u00e4ljudid riiklikule \u00f5ppekavale tuginedes<\/strong><\/p>\n<p dir=\"ltr\" role=\"presentation\"><\/p><div class=\"accordion mb-3\">\n        <div class=\"accordion-item accordion-item--white\">\n        <h2 class=\"accordion-header\" id=\"accordion-69dabb5fb5a2f-heading\">\n            <button class=\"accordion-button collapsed\" type=\"button\" data-bs-toggle=\"collapse\" data-bs-target=\"#accordion-69dabb5fb5a2f-collapse\" aria-expanded=\"true\" aria-controls=\"accordion-69dabb5fb5a2f-collapse\"><strong>LOODUS\u00d5PETUS<\/strong><\/button>\n        <\/h2>\n        <div id=\"accordion-69dabb5fb5a2f-collapse\" class=\"accordion-collapse collapse\" aria-labelledby=\"accordion-69dabb5fb5a2f-heading\">\n            <div class=\"accordion-body\"> \u00f5ppija\n<ul dir=\"ltr\">\n<li role=\"presentation\">kirjeldab objektide omadusi, kasutades \u00f5pitud loodusteaduslikke m\u00f5isteid;<\/li>\n<li role=\"presentation\">teeb \u00f5petaja juhendamisel lihtsamaid vaatlusi, praktilisi t\u00f6id ja vormistab vaatlusinfot: teeb j\u00e4reldusi ning esitleb tulemusi;<\/li>\n<li role=\"presentation\">m\u00e4rkab ja s\u00f5nastab vahetus \u00fcmbruses esinevaid probleeme ning pakub lahendusi, langetab p\u00f5hjendatud otsuseid, kasutades loovat ja kriitilist m\u00f5tlemist;<\/li>\n<li role=\"presentation\">eristab looduslikke ja tehislikke aineid (materjale); kirjeldab ja r\u00fchmitab neid eri tunnuste alusel, tuginedes tehtud vaatlustele ja katsetele;<\/li>\n<li role=\"presentation\">toob n\u00e4iteid organismide seoste kohta looduses ning koostab lihtsamaid toiduahelaid;<\/li>\n<li role=\"presentation\">m\u00f5istab, et inimene on osa loodusest ja s\u00f5ltub sellest; toob n\u00e4iteid, kuidas inimene loodust oma tegevusega m\u00f5jutab;<\/li>\n<li role=\"presentation\">tarbib vastutustundlikult;<\/li>\n<li role=\"presentation\">kasutab andmekogumiseks (digi)tehnoloogiavahendeid.<\/li><\/ul><\/div>\n        <\/div>\n        <\/div>\n    <\/div>\n\n<p><\/p><div class=\"accordion mb-3\">\n        <div class=\"accordion-item accordion-item--white\">\n        <h2 class=\"accordion-header\" id=\"accordion-69dabb5fb5a36-heading\">\n            <button class=\"accordion-button collapsed\" type=\"button\" data-bs-toggle=\"collapse\" data-bs-target=\"#accordion-69dabb5fb5a36-collapse\" aria-expanded=\"true\" aria-controls=\"accordion-69dabb5fb5a36-collapse\"><strong>MATEMAATIKA<\/strong><\/button>\n        <\/h2>\n        <div id=\"accordion-69dabb5fb5a36-collapse\" class=\"accordion-collapse collapse\" aria-labelledby=\"accordion-69dabb5fb5a36-heading\">\n            <div class=\"accordion-body\"> \u00f5ppija\n<ul dir=\"ltr\">\n<li>m\u00f5istab matemaatikaga seonduvat \u00fcmbritsevas elus ja kirjeldab seda arvude abil;<\/li>\n<li>liidab ja lahutab arve peast 100 ja kirjalikult 10 000 piires, valdab korrutustabelit;<\/li>\n<li>hindab enda \u00fcmbruses suurusi ja oskab neid arvestada, kirjeldab m\u00f5\u00f5t\u00fchikute suurust endale tuttavate suuruste kaudu (teisendab pikkus, massi ja aja\u00fchikutega).<\/li>\n<li>hindab \u00f5petaja abiga \u00fclesande lahendamise saadud tulemuse reaalsust.<\/li><\/ul><\/div>\n        <\/div>\n        <\/div>\n    <\/div>\n\n<p><\/p><div class=\"accordion mb-3\">\n        <div class=\"accordion-item accordion-item--white\">\n        <h2 class=\"accordion-header\" id=\"accordion-69dabb5fb5a39-heading\">\n            <button class=\"accordion-button collapsed\" type=\"button\" data-bs-toggle=\"collapse\" data-bs-target=\"#accordion-69dabb5fb5a39-collapse\" aria-expanded=\"true\" aria-controls=\"accordion-69dabb5fb5a39-collapse\"><strong>TEHNOLOOGIA<\/strong><\/button>\n        <\/h2>\n        <div id=\"accordion-69dabb5fb5a39-collapse\" class=\"accordion-collapse collapse\" aria-labelledby=\"accordion-69dabb5fb5a39-heading\">\n            <div class=\"accordion-body\"> \u00f5ppija\n<ul dir=\"ltr\">\n<li>m\u00f5istab materjalide s\u00e4\u00e4stliku kasutamise vajalikkust;<\/li>\n<li>leiab \u00f5petaja abiga \u00fclesandele loovaid lahendusi;<\/li>\n<li>eristab looduslikke ja tehismaterjale ning v\u00f5rdleb materjalide \u00fcldisi omadusi.<\/li><\/ul><\/div>\n        <\/div>\n        <\/div>\n    <\/div>\n\n<p><\/p><div class=\"accordion mb-3\">\n        <div class=\"accordion-item accordion-item--white\">\n        <h2 class=\"accordion-header\" id=\"accordion-69dabb5fb5a3b-heading\">\n            <button class=\"accordion-button collapsed\" type=\"button\" data-bs-toggle=\"collapse\" data-bs-target=\"#accordion-69dabb5fb5a3b-collapse\" aria-expanded=\"true\" aria-controls=\"accordion-69dabb5fb5a3b-collapse\"><strong>INIMES\u00d5PETUS<\/strong><\/button>\n        <\/h2>\n        <div id=\"accordion-69dabb5fb5a3b-collapse\" class=\"accordion-collapse collapse\" aria-labelledby=\"accordion-69dabb5fb5a3b-heading\">\n            <div class=\"accordion-body\"> \u00f5ppija\n<ul dir=\"ltr\">\n<li>m\u00f5istab s\u00f5pruse ja koost\u00f6\u00f6 v\u00e4\u00e4rtust ning \u00fcksteise eest hoolitsemise ja abistamise vajadust;<\/li>\n<li>teab raha teenimise, hoidmise ja kasutamise v\u00f5imalusi, k\u00e4itub teadliku ja s\u00e4\u00e4stliku tarbijana;<\/li>\n<li>seostab igap\u00e4evavalikuid tuleviku eesm\u00e4rkidega;<\/li>\n<li>hoiab keskkonda, selgitab keskkonna hoidmise v\u00f5imalusi, nt j\u00e4\u00e4tmete v\u00e4hendamine ja sortimine, vee ja energia tarbimine<\/li><\/ul><\/div>\n        <\/div>\n        <\/div>\n    <\/div>\n\n<p><\/p><div class=\"accordion mb-3\">\n        <div class=\"accordion-item accordion-item--white\">\n        <h2 class=\"accordion-header\" id=\"accordion-69dabb5fb5a3f-heading\">\n            <button class=\"accordion-button collapsed\" type=\"button\" data-bs-toggle=\"collapse\" data-bs-target=\"#accordion-69dabb5fb5a3f-collapse\" aria-expanded=\"true\" aria-controls=\"accordion-69dabb5fb5a3f-collapse\"><strong>EESTI KEEL JA KIRJANDUS<\/strong><\/button>\n        <\/h2>\n        <div id=\"accordion-69dabb5fb5a3f-collapse\" class=\"accordion-collapse collapse\" aria-labelledby=\"accordion-69dabb5fb5a3f-heading\">\n            <div class=\"accordion-body\"> \u00f5ppija\n<ul dir=\"ltr\">\n<li>v\u00e4ljendab end selgelt ja asjakohaselt suuliselt ning kirjalikult.<\/li>\n<li>jutustab kuuldust, n\u00e4htust ja loetust.<\/li><\/ul><\/div>\n        <\/div>\n        <\/div>\n    <\/div>\n\n","protected":false},"excerpt":{"rendered":"<p>Kellele on \u00f5ppematerjal m\u00f5eldud? Esitatud \u00f5ppematerjal\u00a0on m\u00f5eldud eelk\u00f5ige esimese kooliastme \u00f5petajatele. \u00d5ppematerjali tutvustus Materjali\u00a0eesm\u00e4rgiks on\u00a0arendada \u00f5pilastes kriitilist ja j\u00e4tkusuutlikku m\u00f5tlemist ning suunata neid v\u00e4hem tarbima. Last suunatakse tegevuses materjale ja vahendeid s\u00e4\u00e4stlikult kasutama ning hoolivalt ja heaperemehelikult k\u00e4ituma. \u00d5ppematerjal on &#8230;<\/p>\n","protected":false},"author":315,"featured_media":0,"parent":0,"menu_order":0,"comment_status":"closed","ping_status":"closed","template":"","meta":{"_acf_changed":false,"inline_featured_image":false,"footnotes":""},"class_list":["post-13","page","type-page","status-publish","hentry"],"acf":[],"_links":{"self":[{"href":"https:\/\/sisu.ut.ee\/kliimatarkused\/wp-json\/wp\/v2\/pages\/13","targetHints":{"allow":["GET"]}}],"collection":[{"href":"https:\/\/sisu.ut.ee\/kliimatarkused\/wp-json\/wp\/v2\/pages"}],"about":[{"href":"https:\/\/sisu.ut.ee\/kliimatarkused\/wp-json\/wp\/v2\/types\/page"}],"author":[{"embeddable":true,"href":"https:\/\/sisu.ut.ee\/kliimatarkused\/wp-json\/wp\/v2\/users\/315"}],"replies":[{"embeddable":true,"href":"https:\/\/sisu.ut.ee\/kliimatarkused\/wp-json\/wp\/v2\/comments?post=13"}],"version-history":[{"count":8,"href":"https:\/\/sisu.ut.ee\/kliimatarkused\/wp-json\/wp\/v2\/pages\/13\/revisions"}],"predecessor-version":[{"id":2584,"href":"https:\/\/sisu.ut.ee\/kliimatarkused\/wp-json\/wp\/v2\/pages\/13\/revisions\/2584"}],"wp:attachment":[{"href":"https:\/\/sisu.ut.ee\/kliimatarkused\/wp-json\/wp\/v2\/media?parent=13"}],"curies":[{"name":"wp","href":"https:\/\/api.w.org\/{rel}","templated":true}]}}