{"id":116,"date":"2024-04-04T08:41:38","date_gmt":"2024-04-04T05:41:38","guid":{"rendered":"https:\/\/sisu.ut.ee\/kliimatarkused\/timo-maran\/"},"modified":"2024-04-04T08:43:42","modified_gmt":"2024-04-04T05:43:42","slug":"timo-maran","status":"publish","type":"page","link":"https:\/\/sisu.ut.ee\/kliimatarkused\/timo-maran\/","title":{"rendered":"Kultuuri roll rohep\u00f6\u00f6rdes ja tasaarengus"},"content":{"rendered":"<p>\n\tTimo Maran<br>\u00d6kosemiootika ja keskkonnahumanitaaria professor<br>Tartu \u00dclikool filosoofia ja semiootika instituut,\u00a0semiootika osakond\n<\/p>\n<p>\n\tGlobaalse kliimakriisi lahendamine ei saa toimuda ainult tehniliste lahendustena, selleks on vajalik muutus liiga mastaapne ja s\u00fcsteemne. Tasaarengu (<em>degrowth<\/em>) liikumine kritiseerib kasvule orienteeritud majandusmudelit propageerib \u00fcksikisikute lihtsamat elustiili, uute sotsiaalse sidususe vormide tekkimisest ja muutust toetavate kultuuritekstide loomist. Majanduskasvu k\u00f5rval saame r\u00e4\u00e4kida semiootilisest kiirenemisest kui kommunikatsiooni kiirenemisest, m\u00e4rkide kokkukuhjumisest, ning m\u00e4rkide referentsiaalse m\u00f5\u00f5tme hajumisest. Semiootilisel kiirenemisel on suur negatiivne keskkonnam\u00f5ju, kuna m\u00e4rgid kehastuvad meie tarbekaupades, kommunikatsioonitehnoloogias, infrastruktuuris ja kultuuriesemetes, mis k\u00f5ik vajavad ainet ja energiat.\n<\/p>\n<p>\n\tKliimakriisi ei saa vaadata v\u00e4ljaspool \u00fchiskonna ja kultuuri arenguid \u2013\u00a0t\u00e4nane kliimakriis on \u00fchtaegu ka kultuurikriis. Samas on kirjandusel ja teistel kultuurin\u00e4htustel kliimakriisiga kohanemises oluline roll, kuna need suurendavad empaatiat, m\u00f5jutavad inimese hoiakuid ja k\u00e4itumist keskkonna suhtes. Seega tuleb roheteemadega tegelemisse kaasata ka kirjanduse ja kunsti \u00f5petamist ja tarbimist. Semiootika vaatenurgast vaadatuna on p\u00f5hik\u00fcsimus, kuidas tuua t\u00e4hendus tagasi maailma, mida me koos teiste liikidega elame, ning kuidas integreerida informatsiooni- ja kommunikatsiooniprotsessid looduskeskkonnaga. Keskne m\u00f5te, mille \u00fcmber saab korraldada tasaarengu \u00fcleminekut, on arusaam, et t\u00e4hendus tuleneb eelk\u00f5ige semiootilisest osalusest konkreetsetes elatud \u00f6koloogiates (kultuurilistes, sotsiaalsetes ja looduslikes).\n<\/p>\n<p>\n\tSiin on esitatud k\u00fcsimus, millele v\u00f5iks m\u00f5elda ettekande vaatamise eelselt ja j\u00e4rgselt.\n<\/p>\n<h4>\n\tMis on tasaarengu (<em>degrowth<\/em>) liikumine ja kuidas saab see panustada kliimakriisi lahendamisse?<br>\n<\/h4>\n<p>\n\t<\/p><div class=\"ratio ratio-16x9 mb-3\"><div class=\"video-placeholder-wrapper video-placeholder-wrapper--16x9\">\n\t\t\t    <div class=\"video-placeholder d-flex justify-content-center align-items-center\">\n\t\t\t        <div class=\"overlay text-white p-2 w-100 text-center d-block justify-content-center align-items-center\">\n\t\t\t            <div>Kolmandate osapoolte sisu n\u00e4gemiseks palun n\u00f5ustu k\u00fcpsistega.<\/div>\n\t\t\t            <button class=\"btn btn-secondary btn-sm mt-1 consent-change\">Muuda n\u00f5usolekut<\/button>\n\t\t\t        <\/div>\n\t\t\t    <\/div>\n\t\t\t<\/div>\n<\/div>\n\n<p>\n\tTimo Marani ettekanne teemal \u201eKultuuri roll rohep\u00f6\u00f6rdes ja tasaarengus\u201c, salvestatud Tartus \u00f5ppematerjali \u201eKliimamuutuste ABC\u201c koolitusel 02.03.2023.\n<\/p>\n<p>\n\t<span class=\"file media-element file-os-files-link-icon\" data-file_info=\"%7B%22fid%22:78103,%22view_mode%22:%22os_files_link_icon%22,%22type%22:%22media%22%7D\"><img decoding=\"async\" alt=\"\" class=\"file-icon\" src=\"\/profiles\/openscholar\/modules\/os\/modules\/os_files\/icons\/application-pdf.svg\"> <\/span><a data-url=\"https:\/\/sisu.ut.ee\/wp-content\/uploads\/sites\/635\/ettekanne_-_timo_maran.pdf\" href=\"https:\/\/sisu.ut.ee\/wp-content\/uploads\/sites\/635\/ettekanne_-_timo_maran.pdf\" target=\"_blank\" title=\"\" rel=\"noopener\">Timo Marani ettekanne \u201eKultuuri roll rohep\u00f6\u00f6rdes ja tasaarengus\u201c<\/a><\/p>\n","protected":false},"excerpt":{"rendered":"<p>Timo Maran\u00d6kosemiootika ja keskkonnahumanitaaria professorTartu \u00dclikool filosoofia ja semiootika instituut,\u00a0semiootika osakond Globaalse kliimakriisi lahendamine ei saa toimuda ainult tehniliste lahendustena, selleks on vajalik muutus liiga mastaapne ja s\u00fcsteemne. Tasaarengu (degrowth) liikumine kritiseerib kasvule orienteeritud majandusmudelit propageerib \u00fcksikisikute lihtsamat elustiili, uute &#8230;<\/p>\n","protected":false},"author":315,"featured_media":0,"parent":0,"menu_order":0,"comment_status":"closed","ping_status":"closed","template":"","meta":{"_acf_changed":false,"inline_featured_image":false,"footnotes":""},"class_list":["post-116","page","type-page","status-publish","hentry"],"acf":[],"_links":{"self":[{"href":"https:\/\/sisu.ut.ee\/kliimatarkused\/wp-json\/wp\/v2\/pages\/116","targetHints":{"allow":["GET"]}}],"collection":[{"href":"https:\/\/sisu.ut.ee\/kliimatarkused\/wp-json\/wp\/v2\/pages"}],"about":[{"href":"https:\/\/sisu.ut.ee\/kliimatarkused\/wp-json\/wp\/v2\/types\/page"}],"author":[{"embeddable":true,"href":"https:\/\/sisu.ut.ee\/kliimatarkused\/wp-json\/wp\/v2\/users\/315"}],"replies":[{"embeddable":true,"href":"https:\/\/sisu.ut.ee\/kliimatarkused\/wp-json\/wp\/v2\/comments?post=116"}],"version-history":[{"count":1,"href":"https:\/\/sisu.ut.ee\/kliimatarkused\/wp-json\/wp\/v2\/pages\/116\/revisions"}],"predecessor-version":[{"id":579,"href":"https:\/\/sisu.ut.ee\/kliimatarkused\/wp-json\/wp\/v2\/pages\/116\/revisions\/579"}],"wp:attachment":[{"href":"https:\/\/sisu.ut.ee\/kliimatarkused\/wp-json\/wp\/v2\/media?parent=116"}],"curies":[{"name":"wp","href":"https:\/\/api.w.org\/{rel}","templated":true}]}}