{"id":115,"date":"2024-04-04T08:41:38","date_gmt":"2024-04-04T05:41:38","guid":{"rendered":"https:\/\/sisu.ut.ee\/kliimatarkused\/merrit-shanskiy\/"},"modified":"2024-04-04T08:43:42","modified_gmt":"2024-04-04T05:43:42","slug":"merrit-shanskiy","status":"publish","type":"page","link":"https:\/\/sisu.ut.ee\/kliimatarkused\/merrit-shanskiy\/","title":{"rendered":"Muld ja kliimamuutused"},"content":{"rendered":"<p>\n\tMerrit Shanskiy<br>Mullateaduse kaasprofessor<br>Eesti Maa\u00fclikool\n<\/p>\n<p>\n\t<span style=\"color:black\">Muld ja kliimamuutused on kaasaegses maailmas kaks olulisemat keskkonnak\u00fcsimust, mis m\u00f5jutavad meie planeeti ja \u00fchiskonda laiemalt. Kuna muld on toidutootmise alustala s\u00f5ltub meie toidulaud otseselt keskkonnas toimuvatest muutustest. Antud loeng uurib nende kahe teema omavahelisi seoseid ja m\u00f5jusid ning selgitab, kuidas muld ja kliima vastastikku m\u00f5juvad ning kuidas me saame kujundada s\u00e4\u00e4stvama tuleviku.<\/span>\n<\/p>\n<h4>\n\tArutle, milline on p\u014dllumajandusmuldade seisukord maailmas ja Eestis. Kuidas on seotud kliimamuutused, muld ja toidutootmine? Kas sina tuleksid oma toidu kasvatamisega ise toime?<br>\n<\/h4>\n<p>\n\t<\/p><div class=\"ratio ratio-16x9 mb-3\"><div class=\"video-placeholder-wrapper video-placeholder-wrapper--16x9\">\n\t\t\t    <div class=\"video-placeholder d-flex justify-content-center align-items-center\">\n\t\t\t        <div class=\"overlay text-white p-2 w-100 text-center d-block justify-content-center align-items-center\">\n\t\t\t            <div>Kolmandate osapoolte sisu n\u00e4gemiseks palun n\u00f5ustu k\u00fcpsistega.<\/div>\n\t\t\t            <button class=\"btn btn-secondary btn-sm mt-1 consent-change\">Muuda n\u00f5usolekut<\/button>\n\t\t\t        <\/div>\n\t\t\t    <\/div>\n\t\t\t<\/div>\n<\/div>\n\n<p>\n\tMerrit Shanskiy ettekanne teemal \u201eMuld ja kliimamuutused\u201c, salvestatud Tallinnas\u00a0\u00f5ppematerjali \u201eKliimamuutuste ABC\u201c\u00a0koolitusel 10.03.2023.\n<\/p>\n<p>\n\t<span class=\"file media-element file-os-files-link-icon\" data-file_info=\"%7B%22fid%22:78093,%22view_mode%22:%22os_files_link_icon%22,%22type%22:%22media%22%7D\"><img decoding=\"async\" alt=\"\" class=\"file-icon\" src=\"\/profiles\/openscholar\/modules\/os\/modules\/os_files\/icons\/application-pdf.svg\"> <\/span><a data-url=\"https:\/\/sisu.ut.ee\/wp-content\/uploads\/sites\/635\/ettekanne_-_merrit_shanskiy.pdf\" href=\"https:\/\/sisu.ut.ee\/wp-content\/uploads\/sites\/635\/ettekanne_-_merrit_shanskiy.pdf\" target=\"_blank\" title=\"\" rel=\"noopener\">Merrit Shanskiy ettekanne \u201eMuld ja kliimamuutused\u201c<\/a><\/p>\n","protected":false},"excerpt":{"rendered":"<p>Merrit ShanskiyMullateaduse kaasprofessorEesti Maa\u00fclikool Muld ja kliimamuutused on kaasaegses maailmas kaks olulisemat keskkonnak\u00fcsimust, mis m\u00f5jutavad meie planeeti ja \u00fchiskonda laiemalt. Kuna muld on toidutootmise alustala s\u00f5ltub meie toidulaud otseselt keskkonnas toimuvatest muutustest. Antud loeng uurib nende kahe teema omavahelisi seoseid &#8230;<\/p>\n","protected":false},"author":315,"featured_media":0,"parent":0,"menu_order":0,"comment_status":"closed","ping_status":"closed","template":"","meta":{"_acf_changed":false,"inline_featured_image":false,"footnotes":""},"class_list":["post-115","page","type-page","status-publish","hentry"],"acf":[],"_links":{"self":[{"href":"https:\/\/sisu.ut.ee\/kliimatarkused\/wp-json\/wp\/v2\/pages\/115","targetHints":{"allow":["GET"]}}],"collection":[{"href":"https:\/\/sisu.ut.ee\/kliimatarkused\/wp-json\/wp\/v2\/pages"}],"about":[{"href":"https:\/\/sisu.ut.ee\/kliimatarkused\/wp-json\/wp\/v2\/types\/page"}],"author":[{"embeddable":true,"href":"https:\/\/sisu.ut.ee\/kliimatarkused\/wp-json\/wp\/v2\/users\/315"}],"replies":[{"embeddable":true,"href":"https:\/\/sisu.ut.ee\/kliimatarkused\/wp-json\/wp\/v2\/comments?post=115"}],"version-history":[{"count":1,"href":"https:\/\/sisu.ut.ee\/kliimatarkused\/wp-json\/wp\/v2\/pages\/115\/revisions"}],"predecessor-version":[{"id":580,"href":"https:\/\/sisu.ut.ee\/kliimatarkused\/wp-json\/wp\/v2\/pages\/115\/revisions\/580"}],"wp:attachment":[{"href":"https:\/\/sisu.ut.ee\/kliimatarkused\/wp-json\/wp\/v2\/media?parent=115"}],"curies":[{"name":"wp","href":"https:\/\/api.w.org\/{rel}","templated":true}]}}