{"id":111,"date":"2024-04-04T08:41:38","date_gmt":"2024-04-04T05:41:38","guid":{"rendered":"https:\/\/sisu.ut.ee\/kliimatarkused\/henn-ojaveer\/"},"modified":"2024-04-04T08:43:42","modified_gmt":"2024-04-04T05:43:42","slug":"henn-ojaveer","status":"publish","type":"page","link":"https:\/\/sisu.ut.ee\/kliimatarkused\/henn-ojaveer\/","title":{"rendered":"V\u00f5\u00f5rliikide invasioonid \u2013 ajas p\u00f6\u00f6rdumatu protsess"},"content":{"rendered":"<p>\n\tHenn Ojaveer<br>Mere\u00f6kos\u00fcsteemide professor<br>Tartu \u00dclikool, P\u00e4rnu kolled\u017e\n<\/p>\n<p>\n\t<u>V\u00f5\u00f5rliikideks<\/u> nimetatakse organisme kes on inimese kaasabil levinud elupaikadesse, kuhu nad looduslike t\u00f5kete t\u00f5ttu ise levida ei saaks. <u>Invasiivsed v\u00f5\u00f5rliigid<\/u> on sellised liigid, mis on levinud, levivad v\u00f5i on mujal n\u00e4idanud v\u00f5imet levida uude keskkonda ning m\u00f5jutavad v\u00f5i v\u00f5ivad m\u00f5jutada kohalikku elurikkust, \u00f6kos\u00fcsteemi toimimist, sotsiaalmajanduslikke v\u00e4\u00e4rtusi ja\/v\u00f5i inimese tervist. V\u00f5\u00f5rliigid v\u00f5ivad olla sisse toodud juhuslikult v\u00f5i tahtlikult. <u>Juhuslik invasioon<\/u> toimub inimese teadmatul kaasabil. <u>Tahtlik invasioon<\/u> t\u00e4hendab v\u00f5\u00f5rliigi eesm\u00e4rgip\u00e4rast toomist v\u00e4ljapoole liigi looduslikku levilat. V\u00f5\u00f5rliikide k\u00f5ige olulisemaks invasiooni teeks on laevandus. V\u00f5\u00f5rliigi elluj\u00e4\u00e4mise ja leviku uues keskkonnas m\u00e4\u00e4ravad peamiselt \u00e4ra elutakeskkonna tingimused: soolsus ja temperatuur. V\u00f5\u00f5rliik iseenesest ei ole probleem. Probleem on aga tema poolt reeglina prognoosimatu m\u00f5ju ja selle ulatus, mida m\u00f5jutavad nii inimtegevus (nt\u00a0kalap\u00fc\u00fck, reostus) kui ka kliimamuutused. Kuna juba kord sisse toodud v\u00f5\u00f5rliike merest enam <u>v\u00e4lja t\u00f5rjuda ei saa<\/u>, siis sellest tulenevalt on m\u00f5ju p\u00f6\u00f6rdumatu. Ning see \u00fchtlasi t\u00e4hendab ka, et v\u00f5\u00f5rliikide poolt rikutud \u00f6kos\u00fcsteeme v\u00f5\u00f5rliikide invasiooni eelsesse seisundisse enam taastada ei ole v\u00f5imalik. V\u00f5\u00f5rliigid v\u00f5ivad m\u00f5jutada nii \u00fcmbritsevat keskkonda (nii elus kui eluta), p\u00f5hjustada majanduslikku kahju ning olla ohuks inimese tervisele. Laeva laeva ballasteveest on muuhulgas leitud inimesele ohtlikke patogeene (teiste seas ka eriti ohtlikku koolerabakterit). Merev\u00f5\u00f5rliikide poolt hinnatud globaalne kogukahju on suurusj\u00e4rgus k\u00fcmned miljardid eurod aastas. Teavet v\u00f5\u00f5rliikide kohta leiab <a data-url=\"http:\/\/www.corpi.ku.lt\/databases\/index.php\/aquanis\" href=\"http:\/\/www.corpi.ku.lt\/databases\/index.php\/aquanis\" target=\"_blank\" title=\"\" rel=\"noopener\">andmebaasist AquaNIS<\/a>.\n<\/p>\n<p>\n\tSiin on esitatud k\u00fcsimused, millele v\u00f5iks m\u00f5elda ettekande vaatamise eelselt ja j\u00e4rgselt.\n<\/p>\n<h4>\n\t1. Millised on v\u00f5\u00f5rliikide levikuteed?<br>2. Mil viisil on k\u00f5ige otstarbekam v\u00f5\u00f5rliikide invasioonide vastu v\u00f5idelda?<br>\n<\/h4>\n<p>\n\t<\/p><div class=\"ratio ratio-16x9 mb-3\"><div class=\"video-placeholder-wrapper video-placeholder-wrapper--16x9\">\n\t\t\t    <div class=\"video-placeholder d-flex justify-content-center align-items-center\">\n\t\t\t        <div class=\"overlay text-white p-2 w-100 text-center d-block justify-content-center align-items-center\">\n\t\t\t            <div>Kolmandate osapoolte sisu n\u00e4gemiseks palun n\u00f5ustu k\u00fcpsistega.<\/div>\n\t\t\t            <button class=\"btn btn-secondary btn-sm mt-1 consent-change\">Muuda n\u00f5usolekut<\/button>\n\t\t\t        <\/div>\n\t\t\t    <\/div>\n\t\t\t<\/div>\n<\/div>\n\n<p>\n\tHenn Ojaveeri ettekanne teemal \u201eV\u00f5\u00f5rliikide invasioonid \u2013\u00a0ajas p\u00f6\u00f6rdumatu protsess\u201c, salvestatud P\u00e4rnus \u00f5ppematerjali \u201eKliimamuutuste ABC\u201c koolitusel 03.03.2023.<\/p>\n<p><span class=\"file media-element file-os-files-link-icon\" data-file_info=\"%7B%22fid%22:78096,%22view_mode%22:%22os_files_link_icon%22,%22type%22:%22media%22%7D\"><img decoding=\"async\" alt=\"\" class=\"file-icon\" src=\"\/profiles\/openscholar\/modules\/os\/modules\/os_files\/icons\/application-pdf.svg\"> <\/span><a data-url=\"https:\/\/sisu.ut.ee\/wp-content\/uploads\/sites\/635\/ettakanne_-_henn_ojaveer.pdf\" href=\"https:\/\/sisu.ut.ee\/wp-content\/uploads\/sites\/635\/ettakanne_-_henn_ojaveer.pdf\" target=\"_blank\" title=\"\" rel=\"noopener\">Henn Ojaveeri ettekanne \u201eV\u00f5\u00f5rliikide invasioonid \u2013\u00a0ajas p\u00f6\u00f6rdumatu protsess\u201c<\/a><\/p>\n","protected":false},"excerpt":{"rendered":"<p>Henn OjaveerMere\u00f6kos\u00fcsteemide professorTartu \u00dclikool, P\u00e4rnu kolled\u017e V\u00f5\u00f5rliikideks nimetatakse organisme kes on inimese kaasabil levinud elupaikadesse, kuhu nad looduslike t\u00f5kete t\u00f5ttu ise levida ei saaks. Invasiivsed v\u00f5\u00f5rliigid on sellised liigid, mis on levinud, levivad v\u00f5i on mujal n\u00e4idanud v\u00f5imet levida uude &#8230;<\/p>\n","protected":false},"author":315,"featured_media":0,"parent":0,"menu_order":0,"comment_status":"closed","ping_status":"closed","template":"","meta":{"_acf_changed":false,"inline_featured_image":false,"footnotes":""},"class_list":["post-111","page","type-page","status-publish","hentry"],"acf":[],"_links":{"self":[{"href":"https:\/\/sisu.ut.ee\/kliimatarkused\/wp-json\/wp\/v2\/pages\/111","targetHints":{"allow":["GET"]}}],"collection":[{"href":"https:\/\/sisu.ut.ee\/kliimatarkused\/wp-json\/wp\/v2\/pages"}],"about":[{"href":"https:\/\/sisu.ut.ee\/kliimatarkused\/wp-json\/wp\/v2\/types\/page"}],"author":[{"embeddable":true,"href":"https:\/\/sisu.ut.ee\/kliimatarkused\/wp-json\/wp\/v2\/users\/315"}],"replies":[{"embeddable":true,"href":"https:\/\/sisu.ut.ee\/kliimatarkused\/wp-json\/wp\/v2\/comments?post=111"}],"version-history":[{"count":1,"href":"https:\/\/sisu.ut.ee\/kliimatarkused\/wp-json\/wp\/v2\/pages\/111\/revisions"}],"predecessor-version":[{"id":584,"href":"https:\/\/sisu.ut.ee\/kliimatarkused\/wp-json\/wp\/v2\/pages\/111\/revisions\/584"}],"wp:attachment":[{"href":"https:\/\/sisu.ut.ee\/kliimatarkused\/wp-json\/wp\/v2\/media?parent=111"}],"curies":[{"name":"wp","href":"https:\/\/api.w.org\/{rel}","templated":true}]}}