{"id":110,"date":"2024-04-04T08:41:38","date_gmt":"2024-04-04T05:41:38","guid":{"rendered":"https:\/\/sisu.ut.ee\/kliimatarkused\/evelin-jurgenson\/"},"modified":"2024-04-04T08:43:42","modified_gmt":"2024-04-04T05:43:42","slug":"evelin-jurgenson","status":"publish","type":"page","link":"https:\/\/sisu.ut.ee\/kliimatarkused\/evelin-jurgenson\/","title":{"rendered":"Kliimamuutused ja maakasutus"},"content":{"rendered":"<p>\n\tEvelin J\u00fcrgenson<br>Maakorralduse dotsent<br>Eesti Maa\u00fclikooli<\/p>\n<p>Mitmed kokkulepped ja regulatsioonid (Pariisi kokkulepe, maakasutus, maakasutuse muutus ja metsandus ehk LULUCF) on v\u00e4lja toonud, et maakasutus avaldab m\u00f5ju kliimale ja sellel sektoril on oluline roll kliimamuutuste leevendamisel ning pikaajaliste eesm\u00e4rkide saavutamisel. \u00dcRO s\u00e4\u00e4stva arengu eesm\u00e4rgid ja Euroopa Kliimaseadus on v\u00e4lja toonud, et tuleb v\u00e4hendada loodusliku maa tehislikku kasutust ehk maah\u00f5ivet (land take). Eestis on maa tehislik kasutamine probleem, sest rahvaarv enamikes maakondades kahaneb, kuid maakasutust muudetakse ehk maad h\u00f5ivatakse \u00fcle Eesti. Alates 2000ndate aastate algusest on Eestis suuremate linnade \u00fcmber arendatud elu- ja t\u00f6\u00f6stusrajoone. Suurem osa nendest arendustest toimub p\u00f5llumajandus- ja metsamaal, mis on sageli kaugemal linnadest ja tiheasutusega aladest. Halvasti korraldatud maakasutus avaldab negatiivset m\u00f5ju kliimale. N\u00e4iteks t\u00fckeldatud p\u00f5llumajandusliku maakasutuse puhul on vaja s\u00f5ita masinatega \u00fchelt maa\u00fcksuselt teisele, mis toob kaasa CO<sub>2<\/sub> heite. Seet\u00f5ttu viivad paljud riigid l\u00e4bi p\u00f5llumajandusliku maakasutuse \u00fcmberkruntimist, mille tulemusel on maakasutus kompaktsem ja \u00fchtlasi kliimas\u00f5bralikum. Maakasutuse muutmisel, mis toob kaasa CO<sub>2<\/sub> heite suurenemise, tuleb rakendada \u201esaastaja maksab\u201c p\u00f5him\u00f5tet. Maa ei ole tavap\u00e4rane kaup turul, kuna selle hulk on piiratud ja seda ei saa juurde toota, seega vajab maaga seonduv riigi poolset juhtimist ja suunamist. Turumajanduse p\u00f5him\u00f5tete j\u00e4rgmine v\u00f5ib tagada majanduslikult parima maakasutuse, aga see ei pruugi olla kliimas\u00f5bralik.<\/p>\n<p>Siin on esitatud k\u00fcsimused, millele v\u00f5iks m\u00f5elda ettekande vaatamise eelselt ja j\u00e4rgselt.\n<\/p>\n<h4>\n\t1. Miks on vaja riigi poolt maakasutust suunata ja juhtida?<br>2. Millised tegurid aitavad v\u00e4hendada maah\u00f5ivet?<br>3. Millised tegurid suurendavad maah\u00f5ivet (land take)?<br>4. Kui muudetakse maakasutust, millega kaasneb suurem heide, siis milliseid \u201csaastaja maksab\u201d\u00a0v\u00f5imalusi saab kasutada?<br>\n<\/h4>\n<p>\n\t<\/p><div class=\"ratio ratio-16x9 mb-3\"><div class=\"video-placeholder-wrapper video-placeholder-wrapper--16x9\">\n\t\t\t    <div class=\"video-placeholder d-flex justify-content-center align-items-center\">\n\t\t\t        <div class=\"overlay text-white p-2 w-100 text-center d-block justify-content-center align-items-center\">\n\t\t\t            <div>Kolmandate osapoolte sisu n\u00e4gemiseks palun n\u00f5ustu k\u00fcpsistega.<\/div>\n\t\t\t            <button class=\"btn btn-secondary btn-sm mt-1 consent-change\">Muuda n\u00f5usolekut<\/button>\n\t\t\t        <\/div>\n\t\t\t    <\/div>\n\t\t\t<\/div>\n<\/div>\n\n<p>\n\tEvelin J\u00fcrgensoni ettekanne teemal \u201eKliimamuutused ja maakasutus\u201c, salvestatud Tartus \u00f5ppematerjali \u201eKliimamuutuste ABC\u201c koolitusel 02.03.2023.\n<\/p>\n<p>\n\t<span class=\"file media-element file-os-files-link-icon\" data-file_info=\"%7B%22fid%22:78095,%22view_mode%22:%22os_files_link_icon%22,%22type%22:%22media%22%7D\"><img decoding=\"async\" alt=\"\" class=\"file-icon\" src=\"\/profiles\/openscholar\/modules\/os\/modules\/os_files\/icons\/application-pdf.svg\"> <\/span><a data-url=\"https:\/\/sisu.ut.ee\/wp-content\/uploads\/sites\/635\/ettekanne_-_evelin_jurgenson.pdf\" href=\"https:\/\/sisu.ut.ee\/wp-content\/uploads\/sites\/635\/ettekanne_-_evelin_jurgenson.pdf\" target=\"_blank\" title=\"\" rel=\"noopener\">Evelin J\u00fcrgensoni ettekanne \u201eKliimamuutused ja maakasutus\u201c<\/a><\/p>\n","protected":false},"excerpt":{"rendered":"<p>Evelin J\u00fcrgensonMaakorralduse dotsentEesti Maa\u00fclikooli Mitmed kokkulepped ja regulatsioonid (Pariisi kokkulepe, maakasutus, maakasutuse muutus ja metsandus ehk LULUCF) on v\u00e4lja toonud, et maakasutus avaldab m\u00f5ju kliimale ja sellel sektoril on oluline roll kliimamuutuste leevendamisel ning pikaajaliste eesm\u00e4rkide saavutamisel. \u00dcRO s\u00e4\u00e4stva arengu &#8230;<\/p>\n","protected":false},"author":315,"featured_media":0,"parent":0,"menu_order":0,"comment_status":"closed","ping_status":"closed","template":"","meta":{"_acf_changed":false,"inline_featured_image":false,"footnotes":""},"class_list":["post-110","page","type-page","status-publish","hentry"],"acf":[],"_links":{"self":[{"href":"https:\/\/sisu.ut.ee\/kliimatarkused\/wp-json\/wp\/v2\/pages\/110","targetHints":{"allow":["GET"]}}],"collection":[{"href":"https:\/\/sisu.ut.ee\/kliimatarkused\/wp-json\/wp\/v2\/pages"}],"about":[{"href":"https:\/\/sisu.ut.ee\/kliimatarkused\/wp-json\/wp\/v2\/types\/page"}],"author":[{"embeddable":true,"href":"https:\/\/sisu.ut.ee\/kliimatarkused\/wp-json\/wp\/v2\/users\/315"}],"replies":[{"embeddable":true,"href":"https:\/\/sisu.ut.ee\/kliimatarkused\/wp-json\/wp\/v2\/comments?post=110"}],"version-history":[{"count":1,"href":"https:\/\/sisu.ut.ee\/kliimatarkused\/wp-json\/wp\/v2\/pages\/110\/revisions"}],"predecessor-version":[{"id":585,"href":"https:\/\/sisu.ut.ee\/kliimatarkused\/wp-json\/wp\/v2\/pages\/110\/revisions\/585"}],"wp:attachment":[{"href":"https:\/\/sisu.ut.ee\/kliimatarkused\/wp-json\/wp\/v2\/media?parent=110"}],"curies":[{"name":"wp","href":"https:\/\/api.w.org\/{rel}","templated":true}]}}