{"id":11,"date":"2024-04-04T08:41:26","date_gmt":"2024-04-04T05:41:26","guid":{"rendered":"https:\/\/sisu.ut.ee\/kliimatarkused\/oma-puu-vaatlemine\/"},"modified":"2024-04-24T14:52:56","modified_gmt":"2024-04-24T11:52:56","slug":"oma-puu-vaatlemine","status":"publish","type":"page","link":"https:\/\/sisu.ut.ee\/kliimatarkused\/oma-puu-vaatlemine\/","title":{"rendered":"Materjalid lastele (kooli esimene aste, puu vaatlus)"},"content":{"rendered":"<p><img loading=\"lazy\" decoding=\"async\" width=\"1021\" height=\"408\" class=\"alignnone wp-image-142\" title=\"ai_lapsed_puu2_03.jpg\" src=\"https:\/\/sisu.ut.ee\/wp-content\/uploads\/sites\/635\/ai_lapsed_puu2_03.jpg\" alt=\"opilane_lapsed_ai\" srcset=\"https:\/\/sisu.ut.ee\/wp-content\/uploads\/sites\/635\/ai_lapsed_puu2_03.jpg 1021w, https:\/\/sisu.ut.ee\/wp-content\/uploads\/sites\/635\/ai_lapsed_puu2_03-300x120.jpg 300w, https:\/\/sisu.ut.ee\/wp-content\/uploads\/sites\/635\/ai_lapsed_puu2_03-768x307.jpg 768w\" sizes=\"auto, (max-width: 1021px) 100vw, 1021px\"><\/p>\n<p>Siit leiate materjalid \u00f5pilastele OMA PUU valimiseks ja vaatlusp\u00e4eviku koostamiseks. Tegemist on n\u00e4idistega, soovi ja vajaduse korral on v\u00f5imalik vaatlusp\u00e4evikuid kohandada.<\/p>\n<p>T\u00f6\u00f6juhendid leiate \u00f5ppetegevuste pealkirjadel klikkides.<\/p>\n<p><\/p><div class=\"accordion mb-3\">\n        <div class=\"accordion-item accordion-item--white\">\n        <h2 class=\"accordion-header\" id=\"accordion-69dabb5dccb1b-heading\">\n            <button class=\"accordion-button collapsed\" type=\"button\" data-bs-toggle=\"collapse\" data-bs-target=\"#accordion-69dabb5dccb1b-collapse\" aria-expanded=\"true\" aria-controls=\"accordion-69dabb5dccb1b-collapse\">Puud Eesti kultuuriloos<\/button>\n        <\/h2>\n        <div id=\"accordion-69dabb5dccb1b-collapse\" class=\"accordion-collapse collapse\" aria-labelledby=\"accordion-69dabb5dccb1b-heading\">\n            <div class=\"accordion-body\">\n<p><span class=\"file media-element file-os-files-link\" data-file_info=\"%7B%22fid%22:%2282718%22,%22view_mode%22:%22os_files_link%22,%22type%22:%22media%22%7D\"><img decoding=\"async\" class=\"file-icon\" src=\"\/profiles\/openscholar\/modules\/os\/modules\/os_files\/icons\/application-pdf.svg\" alt=\"\"> <a href=\"https:\/\/sisu.ut.ee\/wp-content\/uploads\/sites\/635\/koduhiis_oo1.docx\">Koduhiis.doc <\/a><\/span><\/p><\/div>\n        <\/div>\n        <\/div>\n    <\/div>\n<p><\/p><div class=\"accordion mb-3\">\n        <div class=\"accordion-item accordion-item--white\">\n        <h2 class=\"accordion-header\" id=\"accordion-69dabb5dccb20-heading\">\n            <button class=\"accordion-button collapsed\" type=\"button\" data-bs-toggle=\"collapse\" data-bs-target=\"#accordion-69dabb5dccb20-collapse\" aria-expanded=\"true\" aria-controls=\"accordion-69dabb5dccb20-collapse\">Klassi OMA PUU valimine<\/button>\n        <\/h2>\n        <div id=\"accordion-69dabb5dccb20-collapse\" class=\"accordion-collapse collapse\" aria-labelledby=\"accordion-69dabb5dccb20-heading\">\n            <div class=\"accordion-body\">\n<p><span class=\"file media-element file-os-files-link\" data-file_info=\"%7B%22fid%22:%2282718%22,%22view_mode%22:%22os_files_link%22,%22type%22:%22media%22%7D\"><img decoding=\"async\" class=\"file-icon\" src=\"\/profiles\/openscholar\/modules\/os\/modules\/os_files\/icons\/application-pdf.svg\" alt=\"\"> <a href=\"https:\/\/sisu.ut.ee\/wp-content\/uploads\/sites\/635\/toojuhend_puu_valimine_01.pdf\">toojuhend_puu_valimine_01.pdf<\/a> <\/span><\/p><\/div>\n        <\/div>\n        <\/div>\n    <\/div>\n<p><\/p><div class=\"accordion mb-3\">\n        <div class=\"accordion-item accordion-item--white\">\n        <h2 class=\"accordion-header\" id=\"accordion-69dabb5dccb23-heading\">\n            <button class=\"accordion-button collapsed\" type=\"button\" data-bs-toggle=\"collapse\" data-bs-target=\"#accordion-69dabb5dccb23-collapse\" aria-expanded=\"true\" aria-controls=\"accordion-69dabb5dccb23-collapse\">Valitud puu vaatlus<\/button>\n        <\/h2>\n        <div id=\"accordion-69dabb5dccb23-collapse\" class=\"accordion-collapse collapse\" aria-labelledby=\"accordion-69dabb5dccb23-heading\">\n            <div class=\"accordion-body\">\n<p><span class=\"file media-element file-os-files-link\" data-file_info=\"%7B%22fid%22:%2282719%22,%22view_mode%22:%22os_files_link%22,%22type%22:%22media%22%7D\"><img decoding=\"async\" class=\"file-icon\" src=\"\/profiles\/openscholar\/modules\/os\/modules\/os_files\/icons\/x-office-document.svg\" alt=\"\"> <a href=\"https:\/\/sisu.ut.ee\/wp-content\/uploads\/sites\/635\/puu_perioodiline_vaatlus_21.docx\">puu_perioodiline_vaatlus_21.docx<\/a><\/span><\/p>\n<p><span class=\"file media-element file-os-files-link\" data-file_info=\"%7B%22fid%22:%2282720%22,%22view_mode%22:%22os_files_link%22,%22type%22:%22media%22%7D\"><img decoding=\"async\" class=\"file-icon\" src=\"\/profiles\/openscholar\/modules\/os\/modules\/os_files\/icons\/x-office-document.svg\" alt=\"\"> <a href=\"https:\/\/sisu.ut.ee\/wp-content\/uploads\/sites\/635\/fenoloogiline_vaatlus_harilik_vaher_01.docx\">fenoloogiline_vaatlus_harilik_vaher_01.docx<\/a><\/span><\/p>\n<p>Vaatlusandmete sisestamiseks v\u00f5ib kasutada ka digitaalseid keskkondi (nt <em>GoogleDrive<\/em>, <em>GoogleSites<\/em>, <em>Padlet <\/em>jne).<\/p><\/div>\n        <\/div>\n        <\/div>\n    <\/div>\n\n\n<div class=\"wp-block-group attached-files-group is-layout-constrained wp-block-group-is-layout-constrained\"><\/div>\n","protected":false},"excerpt":{"rendered":"<p>Siit leiate materjalid \u00f5pilastele OMA PUU valimiseks ja vaatlusp\u00e4eviku koostamiseks. Tegemist on n\u00e4idistega, soovi ja vajaduse korral on v\u00f5imalik vaatlusp\u00e4evikuid kohandada. T\u00f6\u00f6juhendid leiate \u00f5ppetegevuste pealkirjadel klikkides. Puud Eesti kultuuriloos Koduhiis.doc Klassi OMA PUU valimine toojuhend_puu_valimine_01.pdf Valitud puu vaatlus puu_perioodiline_vaatlus_21.docx fenoloogiline_vaatlus_harilik_vaher_01.docx &#8230;<\/p>\n","protected":false},"author":315,"featured_media":0,"parent":0,"menu_order":0,"comment_status":"closed","ping_status":"closed","template":"","meta":{"_acf_changed":false,"inline_featured_image":false,"footnotes":""},"class_list":["post-11","page","type-page","status-publish","hentry"],"acf":[],"_links":{"self":[{"href":"https:\/\/sisu.ut.ee\/kliimatarkused\/wp-json\/wp\/v2\/pages\/11","targetHints":{"allow":["GET"]}}],"collection":[{"href":"https:\/\/sisu.ut.ee\/kliimatarkused\/wp-json\/wp\/v2\/pages"}],"about":[{"href":"https:\/\/sisu.ut.ee\/kliimatarkused\/wp-json\/wp\/v2\/types\/page"}],"author":[{"embeddable":true,"href":"https:\/\/sisu.ut.ee\/kliimatarkused\/wp-json\/wp\/v2\/users\/315"}],"replies":[{"embeddable":true,"href":"https:\/\/sisu.ut.ee\/kliimatarkused\/wp-json\/wp\/v2\/comments?post=11"}],"version-history":[{"count":5,"href":"https:\/\/sisu.ut.ee\/kliimatarkused\/wp-json\/wp\/v2\/pages\/11\/revisions"}],"predecessor-version":[{"id":1043,"href":"https:\/\/sisu.ut.ee\/kliimatarkused\/wp-json\/wp\/v2\/pages\/11\/revisions\/1043"}],"wp:attachment":[{"href":"https:\/\/sisu.ut.ee\/kliimatarkused\/wp-json\/wp\/v2\/media?parent=11"}],"curies":[{"name":"wp","href":"https:\/\/api.w.org\/{rel}","templated":true}]}}