{"id":103,"date":"2024-04-04T08:41:37","date_gmt":"2024-04-04T05:41:37","guid":{"rendered":"https:\/\/sisu.ut.ee\/kliimatarkused\/piia-post\/"},"modified":"2024-04-04T08:43:43","modified_gmt":"2024-04-04T05:43:43","slug":"piia-post","status":"publish","type":"page","link":"https:\/\/sisu.ut.ee\/kliimatarkused\/piia-post\/","title":{"rendered":"Kas Eesti tulevik on tormisem?"},"content":{"rendered":"<p>\n\tPiia Post<br>Kliimateaduste professor<br>Tartu \u00dclikool f\u00fc\u00fcsika instituut\n<\/p>\n<p>\n\tL\u00fchikokkuv\u00f5te: Ajakirjanduses kostuvad kindlas\u00f5nalised v\u00e4ljendid, et tulevikus on Eestis enam torme ning need on tugevamad. Minevikukliima andmed ei kinnita neid v\u00e4iteid. Tuleviku kohta on v\u00f5imalik modelleerida, aga ka loodusteaduslikust arusaamast l\u00e4htudes arutleda, mis soojemas kliimas on f\u00fc\u00fcsikaliselt v\u00f5imalik.\n<\/p>\n<h4>\n\tK\u00fcsimus: Missugused tormid hakkavad tulevikus enam esinema ja missugused mitte? Miks?<br>\n<\/h4>\n<p>\n\t<\/p><div class=\"ratio ratio-16x9 mb-3\"><div class=\"video-placeholder-wrapper video-placeholder-wrapper--16x9\">\n\t\t\t    <div class=\"video-placeholder d-flex justify-content-center align-items-center\">\n\t\t\t        <div class=\"overlay text-white p-2 w-100 text-center d-block justify-content-center align-items-center\">\n\t\t\t            <div>Kolmandate osapoolte sisu n\u00e4gemiseks palun n\u00f5ustu k\u00fcpsistega.<\/div>\n\t\t\t            <button class=\"btn btn-secondary btn-sm mt-1 consent-change\">Muuda n\u00f5usolekut<\/button>\n\t\t\t        <\/div>\n\t\t\t    <\/div>\n\t\t\t<\/div>\n<\/div>\n\n<p>\n\tPiia Posti\u00a0ettekanne teemal \u201eKas Eesti tulevik on tormisem?\u201c, salvestatud P\u00e4rnus \u00f5ppematerjali \u201eKliimamuutuste ABC\u201c koolitusel 03.03.2023.\n<\/p>\n<p>\n\t<span class=\"file media-element file-os-files-link-icon\" data-file_info=\"%7B%22fid%22:78269,%22view_mode%22:%22os_files_link_icon%22,%22type%22:%22media%22%7D\"><img decoding=\"async\" alt=\"\" class=\"file-icon\" src=\"\/profiles\/openscholar\/modules\/os\/modules\/os_files\/icons\/application-pdf.svg\"> <\/span><a data-url=\"https:\/\/sisu.ut.ee\/wp-content\/uploads\/sites\/635\/ettekanne_-_piia_post.pdf\" href=\"https:\/\/sisu.ut.ee\/wp-content\/uploads\/sites\/635\/ettekanne_-_piia_post.pdf\" target=\"_blank\" title=\"\" rel=\"noopener\">Piia Posti ettekanne \u201eKas Eesti tulevik on tormisem?\u201c<\/a>\n<\/p>\n<p>\n\t\u00a0<\/p>\n","protected":false},"excerpt":{"rendered":"<p>Piia PostKliimateaduste professorTartu \u00dclikool f\u00fc\u00fcsika instituut L\u00fchikokkuv\u00f5te: Ajakirjanduses kostuvad kindlas\u00f5nalised v\u00e4ljendid, et tulevikus on Eestis enam torme ning need on tugevamad. Minevikukliima andmed ei kinnita neid v\u00e4iteid. Tuleviku kohta on v\u00f5imalik modelleerida, aga ka loodusteaduslikust arusaamast l\u00e4htudes arutleda, mis soojemas &#8230;<\/p>\n","protected":false},"author":315,"featured_media":0,"parent":0,"menu_order":0,"comment_status":"closed","ping_status":"closed","template":"","meta":{"_acf_changed":false,"inline_featured_image":false,"footnotes":""},"class_list":["post-103","page","type-page","status-publish","hentry"],"acf":[],"_links":{"self":[{"href":"https:\/\/sisu.ut.ee\/kliimatarkused\/wp-json\/wp\/v2\/pages\/103","targetHints":{"allow":["GET"]}}],"collection":[{"href":"https:\/\/sisu.ut.ee\/kliimatarkused\/wp-json\/wp\/v2\/pages"}],"about":[{"href":"https:\/\/sisu.ut.ee\/kliimatarkused\/wp-json\/wp\/v2\/types\/page"}],"author":[{"embeddable":true,"href":"https:\/\/sisu.ut.ee\/kliimatarkused\/wp-json\/wp\/v2\/users\/315"}],"replies":[{"embeddable":true,"href":"https:\/\/sisu.ut.ee\/kliimatarkused\/wp-json\/wp\/v2\/comments?post=103"}],"version-history":[{"count":1,"href":"https:\/\/sisu.ut.ee\/kliimatarkused\/wp-json\/wp\/v2\/pages\/103\/revisions"}],"predecessor-version":[{"id":592,"href":"https:\/\/sisu.ut.ee\/kliimatarkused\/wp-json\/wp\/v2\/pages\/103\/revisions\/592"}],"wp:attachment":[{"href":"https:\/\/sisu.ut.ee\/kliimatarkused\/wp-json\/wp\/v2\/media?parent=103"}],"curies":[{"name":"wp","href":"https:\/\/api.w.org\/{rel}","templated":true}]}}