{"id":102,"date":"2024-04-04T08:41:37","date_gmt":"2024-04-04T05:41:37","guid":{"rendered":"https:\/\/sisu.ut.ee\/kliimatarkused\/riin-magnus\/"},"modified":"2024-04-04T08:43:43","modified_gmt":"2024-04-04T05:43:43","slug":"riin-magnus","status":"publish","type":"page","link":"https:\/\/sisu.ut.ee\/kliimatarkused\/riin-magnus\/","title":{"rendered":"Kliimamuutuste kultuurim\u00e4rgid"},"content":{"rendered":"<p>\n\tRiin Magnus<br>Tartu \u00fclikooli semiootika osakond\n<\/p>\n<p>\n\tViimastel aastatel on Eestis ilmunud mitmeid arengukavu ja uuringuid, mis k\u00e4sitlevad p\u00f5hjalikumalt ka inimeste hoiakuid ja teadlikkust kliimamuutustest (nt Eesti elanike keskkonnateadlikkuse uuring 2020, Eesti inimarengu aruanne 2023, Kliimamuutustega kohanemise arengukava aastani 2030). Lisaks k\u00fcsitlustele ja intervjuudele, mida neis uuringutes on andmete kogumiseks kasutatud, on kliimamuutuste kohta kultuuris ja \u00fchiskonnas v\u00f5imalik anal\u00fc\u00fcsida ka kunstitekstide abil. Kultuurisemiootik Juri Lotmanist l\u00e4htudes on kunstitekstid \u00fchtaegu tunnetus- ja kommunikatsioonivahendid, mis aitavad samas j\u00f5uda kultuuri enesekirjelduseni. Kliimamuutuste kujutamist silmas pidades on oluline, et kunstitekstide abil on v\u00f5imalik muuta aeglased ja globaalselelt hajusad muutused tajutavaks, luua seosed inimese tunnetega ning olemasolevate t\u00e4hendustega, avada ja nihestada kliimamuutusi \u00fcmbritsevaid poliitilisi ja sotsiaalseid protsesse ning kujutlusv\u00f5ime abil tuua kokku eri ajaskaalasid. Kliimamuutused ise aga ajendavad samuti kunstitekstide muutusi\u2014lammutades seniseid aegruumilisi piire ning juurdunud \u017eanreid ja seades k\u00fcsimuse alla seniseid kultuuri ja looduse eraldusjooni.\n<\/p>\n<h4>\n\tK\u00fcsimused: Mis roll on loomingul ja kunstitekstidel kliimamuutuste vahendajana? Milliseid v\u00f5tteid nad kasutavad kliimamuutuste inimesteni toomisel v\u00f5rreldes teaduslike tekstidega (v\u00f5imalusel kasutage n\u00e4itena m\u00f5nd kunstiteost, filmi, raamatut, mis seda temaatikat on kajastanud)?<br>\n<\/h4>\n<p>\n\t<\/p><div class=\"ratio ratio-16x9 mb-3\"><div class=\"video-placeholder-wrapper video-placeholder-wrapper--16x9\">\n\t\t\t    <div class=\"video-placeholder d-flex justify-content-center align-items-center\">\n\t\t\t        <div class=\"overlay text-white p-2 w-100 text-center d-block justify-content-center align-items-center\">\n\t\t\t            <div>Kolmandate osapoolte sisu n\u00e4gemiseks palun n\u00f5ustu k\u00fcpsistega.<\/div>\n\t\t\t            <button class=\"btn btn-secondary btn-sm mt-1 consent-change\">Muuda n\u00f5usolekut<\/button>\n\t\t\t        <\/div>\n\t\t\t    <\/div>\n\t\t\t<\/div>\n<\/div>\n\n<p>\n\tRiin Magnuse\u00a0ettekanne teemal \u201eKliimamuutuste kultuurim\u00e4rgid\u201c, salvestatud P\u00e4rnus \u00f5ppematerjali \u201eKliimamuutuste ABC\u201c koolitusel 03.03.2023.\n<\/p>\n<p>\n\t<span class=\"file media-element file-os-files-link-icon\" data-file_info=\"%7B%22fid%22:78099,%22view_mode%22:%22os_files_link_icon%22,%22type%22:%22media%22%7D\"><img decoding=\"async\" alt=\"\" class=\"file-icon \" src=\"\/profiles\/openscholar\/modules\/os\/modules\/os_files\/icons\/application-pdf.svg\"> <\/span><a data-url=\"https:\/\/sisu.ut.ee\/wp-content\/uploads\/sites\/635\/ettekanne_-_riin_magnus.pdf\" href=\"https:\/\/sisu.ut.ee\/wp-content\/uploads\/sites\/635\/ettekanne_-_riin_magnus.pdf\" target=\"_blank\" title=\"\" rel=\"noopener\">Riin Magnuse ettekanne \u201eKliimamuutuste kultuurim\u00e4rgi\u201c<\/a><\/p>\n","protected":false},"excerpt":{"rendered":"<p>Riin MagnusTartu \u00fclikooli semiootika osakond Viimastel aastatel on Eestis ilmunud mitmeid arengukavu ja uuringuid, mis k\u00e4sitlevad p\u00f5hjalikumalt ka inimeste hoiakuid ja teadlikkust kliimamuutustest (nt Eesti elanike keskkonnateadlikkuse uuring 2020, Eesti inimarengu aruanne 2023, Kliimamuutustega kohanemise arengukava aastani 2030). Lisaks k\u00fcsitlustele &#8230;<\/p>\n","protected":false},"author":315,"featured_media":0,"parent":0,"menu_order":0,"comment_status":"closed","ping_status":"closed","template":"","meta":{"_acf_changed":false,"inline_featured_image":false,"footnotes":""},"class_list":["post-102","page","type-page","status-publish","hentry"],"acf":[],"_links":{"self":[{"href":"https:\/\/sisu.ut.ee\/kliimatarkused\/wp-json\/wp\/v2\/pages\/102","targetHints":{"allow":["GET"]}}],"collection":[{"href":"https:\/\/sisu.ut.ee\/kliimatarkused\/wp-json\/wp\/v2\/pages"}],"about":[{"href":"https:\/\/sisu.ut.ee\/kliimatarkused\/wp-json\/wp\/v2\/types\/page"}],"author":[{"embeddable":true,"href":"https:\/\/sisu.ut.ee\/kliimatarkused\/wp-json\/wp\/v2\/users\/315"}],"replies":[{"embeddable":true,"href":"https:\/\/sisu.ut.ee\/kliimatarkused\/wp-json\/wp\/v2\/comments?post=102"}],"version-history":[{"count":1,"href":"https:\/\/sisu.ut.ee\/kliimatarkused\/wp-json\/wp\/v2\/pages\/102\/revisions"}],"predecessor-version":[{"id":593,"href":"https:\/\/sisu.ut.ee\/kliimatarkused\/wp-json\/wp\/v2\/pages\/102\/revisions\/593"}],"wp:attachment":[{"href":"https:\/\/sisu.ut.ee\/kliimatarkused\/wp-json\/wp\/v2\/media?parent=102"}],"curies":[{"name":"wp","href":"https:\/\/api.w.org\/{rel}","templated":true}]}}