{"id":100,"date":"2024-04-04T08:41:37","date_gmt":"2024-04-04T05:41:37","guid":{"rendered":"https:\/\/sisu.ut.ee\/kliimatarkused\/ilm-meie-umber-toimetulek-muutustega\/"},"modified":"2024-05-19T18:45:20","modified_gmt":"2024-05-19T15:45:20","slug":"ilm-meie-umber-toimetulek-muutustega","status":"publish","type":"page","link":"https:\/\/sisu.ut.ee\/kliimatarkused\/ilm-meie-umber-toimetulek-muutustega\/","title":{"rendered":"Ilm meie \u00fcmber. Toimetulek muutustega"},"content":{"rendered":"<p><img loading=\"lazy\" decoding=\"async\" width=\"1016\" height=\"280\" class=\"alignnone wp-image-298\" title=\"ilm_ai.jpg\" src=\"https:\/\/sisu.ut.ee\/wp-content\/uploads\/sites\/635\/ilm_ai.jpg\" alt=\"Ilm_AI\" srcset=\"https:\/\/sisu.ut.ee\/wp-content\/uploads\/sites\/635\/ilm_ai.jpg 1016w, https:\/\/sisu.ut.ee\/wp-content\/uploads\/sites\/635\/ilm_ai-300x83.jpg 300w, https:\/\/sisu.ut.ee\/wp-content\/uploads\/sites\/635\/ilm_ai-768x212.jpg 768w\" sizes=\"auto, (max-width: 1016px) 100vw, 1016px\"><\/p>\n<p><strong>Kellele on \u00f5ppematerjal m\u00f5eldud?<\/strong><\/p>\n<p>Esitatud \u00f5ppematerjal on m\u00f5eldud eelk\u00f5ige esimese kooliastme \u00f5petajatele.<\/p>\n<p><strong>\u00d5ppematerjali tutvustus<\/strong><\/p>\n<p><span style=\"line-height: 107%;\">Ohtliku ilma teemat on kooli esimese astme \u00f5pilaste puhul soovitatav k\u00e4sitleda koos aastaaegadega.\u00a0 Peamine on lasta lastel endil pakkuda lahendusi ilmaga seotud olukordade- ning probleemidega toimetulekuks. Igap\u00e4evaste ilmateadete vaatamine ja kuulamine aitab vanuse kasvades kinnistada ilmahoiatuste numbrilist infot. \u00d5petajale on abiks Keskkonnaagentuuri veebileht, kus on p\u00f5hjalikult lahti kirjutatud iga ilmas\u00fcmboli kriteeriumid ja k\u00e4itumisjuhised ohtlike ilman\u00e4htuste korral (vt <\/span><a title=\"\" href=\"https:\/\/www.ilmateenistus.ee\/ilmatarkus\/kasulik-teada\/hoiatuste-kriteeriumid\/\" target=\"_blank\" rel=\"noopener\" data-url=\"https:\/\/www.ilmateenistus.ee\/ilmatarkus\/kasulik-teada\/hoiatuste-kriteeriumid\/\">ilmateenistus.ee<\/a><span style=\"line-height: 107%;\">).<\/span><\/p>\n<p>Regulaarsete (s\u00fcsteemsete) ilmavaatluste tegemine aitab kujundada arusaama kliimast, seda m\u00f5jutavatest teguritest ja andmekogumise meetoditest. Soovitatav on peale ilmavaatluste juhtida t\u00e4helepanu elusloodusele, n\u00e4iteks vaadelda paralleelselt valitud puuliigi sesoonseid muutusi (vt \u00f5ppematerjali \u201cPuu looduses ja loodus puul\u201d).<\/p>\n<p>\u00d5ppeaastate l\u00f5pus tehakse kokkuv\u00f5te, eakohased j\u00e4reldused, kooliastme l\u00f5puks j\u00f5utakse kliima ja kliimamuutuste m\u00f5isteteni (kogutud andmete v\u00f5rdlus andmebaasides leitavaga). Oluline on ilma- ja kliimaterminite kasutamine \u00f5iges kontekstis.<\/p>\n<p>\u00d5ppematerjal on jagatud\u00a0kolmeks osaks: sissejuhatus, materjalid \u00f5petajale ja materjalid \u00f5pilasele. Sissejuhatavalt lehelt leiate \u00f5ppematerjali\u00a0\u00fcldised eesm\u00e4rgid, \u00f5ppetegevuste seose riikliku \u00f5ppekavaga ning olulisemad m\u00e4rks\u00f5nad.<\/p>\n<p dir=\"ltr\">\u00d5petajatele m\u00f5eldud materjalide alt leiate neli (\u00f5ppeaineid l\u00f5imivat) tegevuskava pealkirjadega: \u201cIlm ja aastaajad\u201d, \u201cIlmavaatlused\u201d, Ilm, kliima ja kliimamuutused\u201d ning \u201cOhtlik ilm. Toimetulek\u201d. Veel sisaldab \u00f5petajatele m\u00f5eldud materjal viiteid \u00f5ppetegevusi toetavatele kirjandusallikatele (rubriigis \u201cLoe lisaks\u201d).<\/p>\n<p dir=\"ltr\">\u00d5pilasele m\u00f5eldud materjalide alt saab alla laadida \u00f5ppetegevusi toetavaid juhiseid ja t\u00f6\u00f6lehti, mida saab vajadust m\u00f6\u00f6da ka muuta. Lisaks leiate kolm interaktiivset t\u00f6\u00f6lehte \u00f5pitud terminite ja s\u00fcmbolite meenutamiseks.<\/p>\n<p><b id=\"docs-internal-guid-ecca69ef-7fff-1fc4-b019-c5697ded07ef\">M\u00e4rks\u00f5nad:\u00a0<\/b><\/p>\n<p dir=\"ltr\">Muutumine: kuude ja aastaaegade vaheldumine, ilm erinevatel aastatel)<\/p>\n<p dir=\"ltr\">M\u00e4rkamine: ilman\u00e4htused<\/p>\n<p dir=\"ltr\">Ilmaga seotud terminid: ilmaelemendid, ilman\u00e4htused jne<\/p>\n<p dir=\"ltr\">Ilmaga seotud s\u00fcmbolid\/m\u00e4rgid<\/p>\n<p dir=\"ltr\">K\u00e4itumine \u00e4\u00e4rmuslike ilmaolude korral, selleks ettevalmistumine<\/p>\n<p dir=\"ltr\">Elus ja eluta looduse seosed<\/p>\n<p dir=\"ltr\"><a href=\"https:\/\/sisu.ut.ee\/kliimatarkused\/metoodiline-materjal-opetajale-kooli-esimene-aste-ilm-ja-toimetulek\/\"><strong>Materjalid \u00f5petajale<\/strong><\/a><\/p>\n<p dir=\"ltr\"><a href=\"https:\/\/sisu.ut.ee\/kliimatarkused\/materjalid-lastele-kooli-esimene-aste-ilm-ja-toimetulek\/\"><strong>Materjalid \u00f5pilasele<\/strong><\/a><\/p>\n<p dir=\"ltr\"><a href=\"https:\/\/sisu.ut.ee\/kliimatarkused\/ilm-meie-umber-toimetulek-muutustega#hindamine\"><strong>Hindamine<\/strong><\/a><\/p>\n<p dir=\"ltr\"><a id=\"hindamine\"><\/a>\u00d5ppija:<\/p>\n<ul>\n<li>selgitab termineid \u201cilm\u201d ja \u201ckliima\u201d;<\/li>\n<li>seostab\u00a0ilmateate numbrilist infot reaalse ilmaga;<\/li>\n<li>kirjeldab ja v\u00f5rdleb eri piirkondade ilmaprognoose;<\/li>\n<li>teeb \u00f5petaja juhendamisel lihtsamaid vaatlusi, praktilisi t\u00f6id ja vormistab vaatlusinfot, teeb j\u00e4reldusi ning esitleb tulemusi;<\/li>\n<li>kasutab andmekogumiseks (digi)tehnoloogiavahendeid;<\/li>\n<li>s\u00f5nastab oma meeltega saadud kogemusi, kirjeldab n\u00e4htusi ja objektide omadusi, kasutades \u00f5pitud loodusteaduslikke m\u00f5isteid;<\/li>\n<li>nimetab kliimamuutuste p\u00f5hjuseid ja tagaj\u00e4rgi;<\/li>\n<li>kirjeldab ilma (sh ohtlikku) \u00f5igeid termineid kasutades;<\/li>\n<li>kasutab ilmaelementide m\u00f5\u00f5t\u00fchikuid \u00f5igesti;<\/li>\n<li>nimetab ja kirjeldab ilmas\u00fcmboleid, sh ohtliku ilma s\u00fcmboleid;<\/li>\n<li>pakub lahendusi ohtliku ilmaga toimetulekuks.<\/li>\n<\/ul>\n<p dir=\"ltr\"><strong>Autorid: <\/strong><a href=\"https:\/\/ut.ee\/et\/tootaja\/kaire-jogi\">Kaire J\u00f5gi<\/a>, <a href=\"https:\/\/ut.ee\/et\/tootaja\/aigi-kikkas\">Aigi Kikkas<\/a> ja Ele Pedassaar<\/p>\n<p dir=\"ltr\"><strong>\u00d5ppematerjali \u00fcldised \u00f5piv\u00e4ljundid riiklikule \u00f5ppekavale tuginedes<\/strong><\/p>\n<p dir=\"ltr\"><\/p><div class=\"accordion mb-3\">\n        <div class=\"accordion-item accordion-item--white\">\n        <h2 class=\"accordion-header\" id=\"accordion-69da782066455-heading\">\n            <button class=\"accordion-button collapsed\" type=\"button\" data-bs-toggle=\"collapse\" data-bs-target=\"#accordion-69da782066455-collapse\" aria-expanded=\"true\" aria-controls=\"accordion-69da782066455-collapse\"><strong>LOODUSAINED<\/strong><\/button>\n        <\/h2>\n        <div id=\"accordion-69da782066455-collapse\" class=\"accordion-collapse collapse\" aria-labelledby=\"accordion-69da782066455-heading\">\n            <div class=\"accordion-body\">\n<p dir=\"ltr\">\u00d5ppija<\/p>\n<ul dir=\"ltr\">\n<li>teeb \u00f5petaja juhendamisel lihtsamaid vaatlusi, praktilisi t\u00f6id ja vormistab vaatlusinfot: teeb j\u00e4reldusi ning esitleb tulemusi;<\/li>\n<li>teeb ilmavaatlusi, vormistab andmeid ja teeb nende p\u00f5hjal j\u00e4reldusi; iseloomustab ilma ning valib ilmale vastava riietuse;<\/li>\n<li>s\u00f5nastab meeltega saadud kogemusi, kirjeldab n\u00e4htusi ning objektide omadusi, kasutades \u00f5pitud loodusteaduslikke m\u00f5isteid;<\/li>\n<li>m\u00e4rkab ja s\u00f5nastab vahetus \u00fcmbruses esinevaid probleeme ja pakub lahendusi;<\/li>\n<li>k\u00e4itub turvaliselt;<\/li>\n<li>m\u00e4rkab ja j\u00e4lgib looduses toimuvaid aastaajalisi muutusi ning toob n\u00e4iteid nende t\u00e4htsuse kohta inimese elus<strong>.<\/strong>\u00a0<strong><\/strong><\/li><\/ul><\/div>\n        <\/div>\n        <\/div>\n    <\/div>\n\n<p dir=\"ltr\"><\/p><div class=\"accordion mb-3\">\n        <div class=\"accordion-item accordion-item--white\">\n        <h2 class=\"accordion-header\" id=\"accordion-69da78206645b-heading\">\n            <button class=\"accordion-button collapsed\" type=\"button\" data-bs-toggle=\"collapse\" data-bs-target=\"#accordion-69da78206645b-collapse\" aria-expanded=\"true\" aria-controls=\"accordion-69da78206645b-collapse\"><strong>MATEMAATIKA<\/strong><\/button>\n        <\/h2>\n        <div id=\"accordion-69da78206645b-collapse\" class=\"accordion-collapse collapse\" aria-labelledby=\"accordion-69da78206645b-heading\">\n            <div class=\"accordion-body\">\n<p dir=\"ltr\">\u00d5ppija<\/p>\n<ul dir=\"ltr\">\n<li>rakendab omandatud teadmisi ja oskusi uute tundmatute probleem\u00fclesannete lahendamisel;<\/li>\n<li>valib endale v\u00f5imetekohase probleemi ja lahendab selle;<\/li>\n<li>m\u00f5istab matemaatikaga seonduvat \u00fcmbritsevas elus ja kirjeldab seda arvude abil;<\/li>\n<li>hindab \u00f5petaja abiga \u00fclesande lahendamise saadud tulemuse reaalsust. <\/li><\/ul><\/div>\n        <\/div>\n        <\/div>\n    <\/div>\n\n<p><\/p><div class=\"accordion mb-3\">\n        <div class=\"accordion-item accordion-item--white\">\n        <h2 class=\"accordion-header\" id=\"accordion-69da78206645d-heading\">\n            <button class=\"accordion-button collapsed\" type=\"button\" data-bs-toggle=\"collapse\" data-bs-target=\"#accordion-69da78206645d-collapse\" aria-expanded=\"true\" aria-controls=\"accordion-69da78206645d-collapse\"><strong>INIMESE\u00d5PETUS<\/strong><\/button>\n        <\/h2>\n        <div id=\"accordion-69da78206645d-collapse\" class=\"accordion-collapse collapse\" aria-labelledby=\"accordion-69da78206645d-heading\">\n            <div class=\"accordion-body\">\n<p>\u00d5ppija<\/p>\n<ul>\n<li>teab teabeallikaid, oskab leida infot ja teab, mille p\u00f5hjal hinnata infoallikate usaldusv\u00e4\u00e4rsust;<\/li>\n<li>oskab kasutada lihtsamaid esmaabiv\u00f5tteid ja kutsuda vajaduse korral abi;<\/li>\n<li>m\u00f5istab keskkonna hoidmise t\u00e4htsust ja enda v\u00f5imalusi selles.<\/li><\/ul><\/div>\n        <\/div>\n        <\/div>\n    <\/div>\n\n<p><\/p><div class=\"accordion mb-3\">\n        <div class=\"accordion-item accordion-item--white\">\n        <h2 class=\"accordion-header\" id=\"accordion-69da782066462-heading\">\n            <button class=\"accordion-button collapsed\" type=\"button\" data-bs-toggle=\"collapse\" data-bs-target=\"#accordion-69da782066462-collapse\" aria-expanded=\"true\" aria-controls=\"accordion-69da782066462-collapse\"><strong>EESTI\u00a0KEEL JA KIRJANDUS<\/strong><\/button>\n        <\/h2>\n        <div id=\"accordion-69da782066462-collapse\" class=\"accordion-collapse collapse\" aria-labelledby=\"accordion-69da782066462-heading\">\n            <div class=\"accordion-body\">\n<p>\u00d5ppija<\/p>\n<ul>\n<li>kujundab lugemise kaudu esmaseid hoiakuid ja t\u00f5ekspidamisi, v\u00e4\u00e4rtustab lugemist;<\/li>\n<li>v\u00e4ljendab end selgelt ja asjakohaselt suuliselt ning kirjalikult;<\/li>\n<li>jutustab kuuldust, n\u00e4htust ja loetust. <\/li><\/ul><\/div>\n        <\/div>\n        <\/div>\n    <\/div>\n\n<p><\/p><div class=\"accordion mb-3\">\n        <div class=\"accordion-item accordion-item--white\">\n        <h2 class=\"accordion-header\" id=\"accordion-69da782066464-heading\">\n            <button class=\"accordion-button collapsed\" type=\"button\" data-bs-toggle=\"collapse\" data-bs-target=\"#accordion-69da782066464-collapse\" aria-expanded=\"true\" aria-controls=\"accordion-69da782066464-collapse\"><strong>KUNST<\/strong><\/button>\n        <\/h2>\n        <div id=\"accordion-69da782066464-collapse\" class=\"accordion-collapse collapse\" aria-labelledby=\"accordion-69da782066464-heading\">\n            <div class=\"accordion-body\">\n<p>\u00d5ppija<\/p>\n<ul>\n<li>uurib ja selgitab visuaalseid pilte, jooniseid ning s\u00fcmboleid (nt \u00f5petaja valikul: sildid, kaardid, \u00f5pikute illustratsioonid,\u00a0riietus, veebikeskkonnad) oma kogemuse piires;<\/li>\n<li>teab s\u00e4\u00e4stlikkuse ja kestlikkuse t\u00e4htsust. <\/li><\/ul><\/div>\n        <\/div>\n        <\/div>\n    <\/div>\n\n","protected":false},"excerpt":{"rendered":"<p>Kellele on \u00f5ppematerjal m\u00f5eldud? Esitatud \u00f5ppematerjal on m\u00f5eldud eelk\u00f5ige esimese kooliastme \u00f5petajatele. \u00d5ppematerjali tutvustus Ohtliku ilma teemat on kooli esimese astme \u00f5pilaste puhul soovitatav k\u00e4sitleda koos aastaaegadega.\u00a0 Peamine on lasta lastel endil pakkuda lahendusi ilmaga seotud olukordade- ning probleemidega toimetulekuks. &#8230;<\/p>\n","protected":false},"author":315,"featured_media":0,"parent":0,"menu_order":0,"comment_status":"closed","ping_status":"closed","template":"","meta":{"_acf_changed":false,"inline_featured_image":false,"footnotes":""},"class_list":["post-100","page","type-page","status-publish","hentry"],"acf":[],"_links":{"self":[{"href":"https:\/\/sisu.ut.ee\/kliimatarkused\/wp-json\/wp\/v2\/pages\/100","targetHints":{"allow":["GET"]}}],"collection":[{"href":"https:\/\/sisu.ut.ee\/kliimatarkused\/wp-json\/wp\/v2\/pages"}],"about":[{"href":"https:\/\/sisu.ut.ee\/kliimatarkused\/wp-json\/wp\/v2\/types\/page"}],"author":[{"embeddable":true,"href":"https:\/\/sisu.ut.ee\/kliimatarkused\/wp-json\/wp\/v2\/users\/315"}],"replies":[{"embeddable":true,"href":"https:\/\/sisu.ut.ee\/kliimatarkused\/wp-json\/wp\/v2\/comments?post=100"}],"version-history":[{"count":7,"href":"https:\/\/sisu.ut.ee\/kliimatarkused\/wp-json\/wp\/v2\/pages\/100\/revisions"}],"predecessor-version":[{"id":2585,"href":"https:\/\/sisu.ut.ee\/kliimatarkused\/wp-json\/wp\/v2\/pages\/100\/revisions\/2585"}],"wp:attachment":[{"href":"https:\/\/sisu.ut.ee\/kliimatarkused\/wp-json\/wp\/v2\/media?parent=100"}],"curies":[{"name":"wp","href":"https:\/\/api.w.org\/{rel}","templated":true}]}}