{"id":2,"date":"2024-04-26T09:09:13","date_gmt":"2024-04-26T09:09:13","guid":{"rendered":"https:\/\/sisu.ut.ee\/kirke\/?page_id=2"},"modified":"2024-10-03T16:42:17","modified_gmt":"2024-10-03T13:42:17","slug":"sample-page","status":"publish","type":"page","link":"https:\/\/sisu.ut.ee\/kirke\/","title":{"rendered":"Projektist"},"content":{"rendered":"<p><\/p>\n\n\n\n<p class=\"has-large-font-size\">Projekt KirKe \u2013 \u201cKiirus keele, taju ja tegutsemise ristteel\u201d \u2013 on Eesti Teadusagentuuri rahastatav stardigrant, mille keskmes on <strong>keele ja kognitsiooni seosed<\/strong>. Kuiv\u00f5rd ja kuidas m\u00f5jutab keel seda, millele me t\u00e4helepanu koondub ning kuidas maailma enda \u00fcmber tajume? Kuidas m\u00f5jutab keelekasutust ja -struktuuri me maailmakogemus ja see, mida n\u00e4eme-kuuleme?<br><\/p>\n\n\n\n<p class=\"has-large-font-size\">Nendele k\u00fcsimustele otsime vastust nn <strong>kiiruskeele ehk kiiruse keelelise v\u00e4ljenduse abil<\/strong>, kombineerides korpus- ja katselisi keeleuurimismeetodeid.<\/p>\n\n\n\n<p class=\"has-large-font-size\">Uurime,\u00a0<\/p>\n\n\n\n<ul class=\"wp-block-list\">\n<li class=\"has-large-font-size\">kuidas kiirust\/aeglust keeles v\u00e4ljendatakse (s\u00f5navarast k\u00f5netemponi v\u00e4lja),\u00a0<\/li>\n\n\n\n<li class=\"has-large-font-size\">kas ja kuidas kiiruskeel m\u00f5jutab k\u00e4itumist (n\u00e4iteks lugemis- ja reageerimiskiirust, t\u00e4helepanu jaotust) ja\u00a0<\/li>\n\n\n\n<li class=\"has-large-font-size\">kuidas tajutud kiirus m\u00f5jutab keelekasutust (mis s\u00f5nu kasutame, aga ka n\u00e4iteks kui pikalt ja p\u00f5hjalikult midagi kirjeldame v\u00f5i milline on k\u00f5netempo).\u00a0<\/li>\n<\/ul>\n\n\n\n<p class=\"has-large-font-size\">Kogu projekti taustal on k\u00fcsimus, kui palju saab keele p\u00f5hjal inimese ja tema m\u00e4lu, taju, t\u00e4helepanu jaotuse jm kognitiivsete protsesside kohta \u00f6elda.<\/p>\n\n\n\n<p><\/p>\n\n\n\n<figure class=\"wp-block-image aligncenter size-large is-resized\"><img loading=\"lazy\" decoding=\"async\" width=\"1024\" height=\"626\" src=\"https:\/\/sisu.ut.ee\/wp-content\/uploads\/sites\/705\/Taremaa_illustratsioon-1024x626.jpg\" alt=\"Autor: Navitrolla (pilt algselt ilmunud Oma Keeles)\" class=\"wp-image-3\" style=\"width:500px\" srcset=\"https:\/\/sisu.ut.ee\/wp-content\/uploads\/sites\/705\/Taremaa_illustratsioon-1024x626.jpg 1024w, https:\/\/sisu.ut.ee\/wp-content\/uploads\/sites\/705\/Taremaa_illustratsioon-300x183.jpg 300w, https:\/\/sisu.ut.ee\/wp-content\/uploads\/sites\/705\/Taremaa_illustratsioon-768x470.jpg 768w, https:\/\/sisu.ut.ee\/wp-content\/uploads\/sites\/705\/Taremaa_illustratsioon-1536x939.jpg 1536w, https:\/\/sisu.ut.ee\/wp-content\/uploads\/sites\/705\/Taremaa_illustratsioon-2048x1253.jpg 2048w, https:\/\/sisu.ut.ee\/wp-content\/uploads\/sites\/705\/Taremaa_illustratsioon-1920x1174.jpg 1920w\" sizes=\"auto, (max-width: 1024px) 100vw, 1024px\"><\/figure>\n\n\n\n<div class=\"wp-block-columns is-layout-flex wp-container-core-columns-is-layout-9d6595d7 wp-block-columns-is-layout-flex\">\n<div class=\"wp-block-column is-layout-flow wp-block-column-is-layout-flow\" style=\"flex-basis:100%\">\n<hr class=\"wp-block-separator has-alpha-channel-opacity\">\n\n\n\n<p><\/p>\n\n\n\n<p><em>Projekti rahastab Eesti Teadusagentuur (PSG929). Projekt kestab 2028. aasta l\u00f5puni (vt l\u00e4hemalt <a href=\"https:\/\/www.etis.ee\/Portal\/Projects\/Display\/d56b0bf5-097a-49b2-b5fd-30177174fca0\">ETIS<\/a>est). Projekti eeletappe on rahastanud Eesti Teadusagentuur (PSG671) ja Kadri, Nikolai\u00a0ja\u00a0Gerda\u00a0R\u00f5ugu nimeline uurimistoetuste fond.<\/em><\/p>\n<\/div>\n<\/div>\n\n\n\n<p class=\"has-text-align-right\"><em>Navitrolla illustratsioon Oma Keeles ilmunud artiklile \u201cK\u00f5igil on kiire \u2013 ka keeles!\u201d (2022)<\/em><\/p>\n\n\n\n<p><\/p>\n","protected":false},"excerpt":{"rendered":"<p>Projekt KirKe \u2013 \u201cKiirus keele, taju ja tegutsemise ristteel\u201d \u2013 on Eesti Teadusagentuuri rahastatav stardigrant, mille keskmes on keele ja kognitsiooni seosed. Kuiv\u00f5rd ja kuidas m\u00f5jutab keel seda, millele me t\u00e4helepanu koondub ning kuidas maailma enda \u00fcmber tajume? Kuidas m\u00f5jutab &#8230;<\/p>\n","protected":false},"author":443,"featured_media":0,"parent":0,"menu_order":0,"comment_status":"closed","ping_status":"open","template":"","meta":{"_acf_changed":false,"inline_featured_image":false,"footnotes":""},"class_list":["post-2","page","type-page","status-publish","hentry"],"acf":[],"_links":{"self":[{"href":"https:\/\/sisu.ut.ee\/kirke\/wp-json\/wp\/v2\/pages\/2","targetHints":{"allow":["GET"]}}],"collection":[{"href":"https:\/\/sisu.ut.ee\/kirke\/wp-json\/wp\/v2\/pages"}],"about":[{"href":"https:\/\/sisu.ut.ee\/kirke\/wp-json\/wp\/v2\/types\/page"}],"author":[{"embeddable":true,"href":"https:\/\/sisu.ut.ee\/kirke\/wp-json\/wp\/v2\/users\/443"}],"replies":[{"embeddable":true,"href":"https:\/\/sisu.ut.ee\/kirke\/wp-json\/wp\/v2\/comments?post=2"}],"version-history":[{"count":30,"href":"https:\/\/sisu.ut.ee\/kirke\/wp-json\/wp\/v2\/pages\/2\/revisions"}],"predecessor-version":[{"id":377,"href":"https:\/\/sisu.ut.ee\/kirke\/wp-json\/wp\/v2\/pages\/2\/revisions\/377"}],"wp:attachment":[{"href":"https:\/\/sisu.ut.ee\/kirke\/wp-json\/wp\/v2\/media?parent=2"}],"curies":[{"name":"wp","href":"https:\/\/api.w.org\/{rel}","templated":true}]}}