{"id":168,"date":"2024-09-18T17:46:40","date_gmt":"2024-09-18T14:46:40","guid":{"rendered":"https:\/\/sisu.ut.ee\/kirke\/?page_id=168"},"modified":"2024-09-19T15:09:51","modified_gmt":"2024-09-19T12:09:51","slug":"kontakt","status":"publish","type":"page","link":"https:\/\/sisu.ut.ee\/kirke\/kontakt\/","title":{"rendered":"Kontakt"},"content":{"rendered":"<p><\/p>\n\n\n\n<p class=\"has-large-font-size\">Kui tunned meie tegemiste vastu huvi, tahaksid projektiga liituda v\u00f5i projekti uurimisteemadega seonduva l\u00f5put\u00f6\u00f6 teha, v\u00f5ta julgesti \u00fchendust:<\/p>\n\n\n\n<div class=\"wp-block-group is-vertical is-content-justification-left is-layout-flex wp-container-core-group-is-layout-e7b6d761 wp-block-group-is-layout-flex\">\n<div class=\"wp-block-group is-layout-constrained wp-block-group-is-layout-constrained\">\n<p class=\"has-large-font-size\" style=\"padding-right:var(--wp--preset--spacing--70);padding-left:var(--wp--preset--spacing--70)\">Piia Taremaa, T\u00dc eesti ja \u00fcldkeeleteaduse instituut <\/p>\n\n\n\n<p class=\"has-large-font-size\" style=\"padding-right:var(--wp--preset--spacing--70);padding-left:var(--wp--preset--spacing--70)\">piia.taremaa@ut.ee, Jakobi 2-446, Tartu<\/p>\n\n\n\n<p class=\"has-large-font-size\" style=\"padding-right:var(--wp--preset--spacing--60);padding-left:var(--wp--preset--spacing--60)\"><\/p>\n<\/div>\n<\/div>\n\n\n\n<div class=\"wp-block-group is-layout-constrained wp-block-group-is-layout-constrained\"><\/div>\n\n\n\n<p><\/p>\n","protected":false},"excerpt":{"rendered":"<p>Kui tunned meie tegemiste vastu huvi, tahaksid projektiga liituda v\u00f5i projekti uurimisteemadega seonduva l\u00f5put\u00f6\u00f6 teha, v\u00f5ta julgesti \u00fchendust: Piia Taremaa, T\u00dc eesti ja \u00fcldkeeleteaduse instituut piia.taremaa@ut.ee, Jakobi 2-446, Tartu<\/p>\n","protected":false},"author":443,"featured_media":0,"parent":0,"menu_order":0,"comment_status":"closed","ping_status":"closed","template":"","meta":{"_acf_changed":false,"inline_featured_image":false,"footnotes":""},"class_list":["post-168","page","type-page","status-publish","hentry"],"acf":[],"_links":{"self":[{"href":"https:\/\/sisu.ut.ee\/kirke\/wp-json\/wp\/v2\/pages\/168","targetHints":{"allow":["GET"]}}],"collection":[{"href":"https:\/\/sisu.ut.ee\/kirke\/wp-json\/wp\/v2\/pages"}],"about":[{"href":"https:\/\/sisu.ut.ee\/kirke\/wp-json\/wp\/v2\/types\/page"}],"author":[{"embeddable":true,"href":"https:\/\/sisu.ut.ee\/kirke\/wp-json\/wp\/v2\/users\/443"}],"replies":[{"embeddable":true,"href":"https:\/\/sisu.ut.ee\/kirke\/wp-json\/wp\/v2\/comments?post=168"}],"version-history":[{"count":5,"href":"https:\/\/sisu.ut.ee\/kirke\/wp-json\/wp\/v2\/pages\/168\/revisions"}],"predecessor-version":[{"id":204,"href":"https:\/\/sisu.ut.ee\/kirke\/wp-json\/wp\/v2\/pages\/168\/revisions\/204"}],"wp:attachment":[{"href":"https:\/\/sisu.ut.ee\/kirke\/wp-json\/wp\/v2\/media?parent=168"}],"curies":[{"name":"wp","href":"https:\/\/api.w.org\/{rel}","templated":true}]}}