{"id":16,"date":"2024-04-30T17:11:24","date_gmt":"2024-04-30T14:11:24","guid":{"rendered":"https:\/\/sisu.ut.ee\/kirke\/?page_id=16"},"modified":"2025-10-06T10:46:10","modified_gmt":"2025-10-06T07:46:10","slug":"inimesed","status":"publish","type":"page","link":"https:\/\/sisu.ut.ee\/kirke\/inimesed\/","title":{"rendered":"Inimesed"},"content":{"rendered":"<div style=\"height:5px\" aria-hidden=\"true\" class=\"wp-block-spacer\"><\/div>\n\n\n\n<h2 class=\"wp-block-heading\">Piia Taremaa<\/h2>\n\n\n\n<div class=\"wp-block-media-text is-stacked-on-mobile is-vertically-aligned-top\" style=\"grid-template-columns:15% auto\"><figure class=\"wp-block-media-text__media\"><img loading=\"lazy\" decoding=\"async\" width=\"388\" height=\"489\" src=\"https:\/\/sisu.ut.ee\/wp-content\/uploads\/sites\/705\/foto1.jpg\" alt=\"\" class=\"wp-image-144 size-full\" srcset=\"https:\/\/sisu.ut.ee\/wp-content\/uploads\/sites\/705\/foto1.jpg 388w, https:\/\/sisu.ut.ee\/wp-content\/uploads\/sites\/705\/foto1-238x300.jpg 238w\" sizes=\"auto, (max-width: 388px) 100vw, 388px\"><\/figure><div class=\"wp-block-media-text__content\">\n<div style=\"height:10px\" aria-hidden=\"true\" class=\"wp-block-spacer\"><\/div>\n\n\n\n<p class=\"has-large-font-size\">Piia on KirKe projektijuht, taustalt kognitiivne keeleteadlane. Oma doktorit\u00f6\u00f6 kaitses ta Tartu \u00dclikoolis 2017. aastal (\u201cAttention meets language: a corpus study on the expression of motion in Estonian\u201d; juh Renate Pajusalu ja Ilona Tragel). Doktorit\u00f6\u00f6 fookus \u2013 liikumiss\u00fcndmuse keelendamine, keele ja kognitsiooni seosed \u2013 on see, millest on KirKe projekt v\u00e4lja kasvanud, keskendudes endiselt suurtele k\u00fcsimustele keele ja kognitsiooni seoste kohta, ent kasutades vahendina ja uurimisobjektina kiiruse v\u00e4ljendust keeles. Piia uurimishuvid on ruumi ja liikumise v\u00e4ljendamine keeles, t\u00e4hendus, morfos\u00fcntaks t\u00e4henduse teenistuses, varieerumine, ka referents. Talle on hingel\u00e4hedased keeleteaduse andmep\u00f5hised meetodid \u2013 kvalitatiivne ja kvantitatiivne l\u00e4henemine, korpus- ja katselised meetodid.<\/p>\n<\/div><\/div>\n\n\n\n<hr class=\"wp-block-separator has-alpha-channel-opacity\">\n\n\n\n<div style=\"height:5px\" aria-hidden=\"true\" class=\"wp-block-spacer\"><\/div>\n\n\n\n<h2 class=\"wp-block-heading\">Ann Veismann<\/h2>\n\n\n\n<div class=\"wp-block-media-text is-stacked-on-mobile is-vertically-aligned-top\" style=\"grid-template-columns:15% auto\"><figure class=\"wp-block-media-text__media\"><img loading=\"lazy\" decoding=\"async\" width=\"735\" height=\"1024\" src=\"https:\/\/sisu.ut.ee\/wp-content\/uploads\/sites\/705\/HV-10_vaike-735x1024.jpg\" alt=\"\" class=\"wp-image-368 size-full\" srcset=\"https:\/\/sisu.ut.ee\/wp-content\/uploads\/sites\/705\/HV-10_vaike-735x1024.jpg 735w, https:\/\/sisu.ut.ee\/wp-content\/uploads\/sites\/705\/HV-10_vaike-215x300.jpg 215w, https:\/\/sisu.ut.ee\/wp-content\/uploads\/sites\/705\/HV-10_vaike-768x1071.jpg 768w, https:\/\/sisu.ut.ee\/wp-content\/uploads\/sites\/705\/HV-10_vaike-1102x1536.jpg 1102w, https:\/\/sisu.ut.ee\/wp-content\/uploads\/sites\/705\/HV-10_vaike-1469x2048.jpg 1469w, https:\/\/sisu.ut.ee\/wp-content\/uploads\/sites\/705\/HV-10_vaike.jpg 1809w\" sizes=\"auto, (max-width: 735px) 100vw, 735px\"><\/figure><div class=\"wp-block-media-text__content\">\n<div style=\"height:10px\" aria-hidden=\"true\" class=\"wp-block-spacer\"><\/div>\n\n\n\n<p class=\"has-large-font-size\">Ann Veismann on eesti keele ja \u00fcldkeeleteaduse lektor. Tema taust uurijana on kognitiivne ja funktsionaalne keeleteadus, t\u00e4psemad huvid on grammatiliste s\u00f5nade (kaass\u00f5nad, abim\u00e4\u00e4rs\u00f5nad) t\u00e4hendus ja kasutus, samuti laiemalt grammatika ja semantika seosed. Veel on ta uurinud eesti keele aja- ja ruumiv\u00e4ljendeid, kasutades m\u00f5istemetafooride teooriat, ruumiv\u00e4ljendite uurimuse taustaks on olnud ruumis orienteerumise tausts\u00fcsteemid ja nende v\u00e4ljendus eri keeltes. Lisaks kvalitatiivsetele ja kvantitatiivsetele korpusuuringutele on Ann huvitatud ka katseliste meetodite rakendamisest keeleteaduses.<\/p>\n<\/div><\/div>\n\n\n\n<hr class=\"wp-block-separator has-alpha-channel-opacity\">\n\n\n\n<div style=\"height:5px\" aria-hidden=\"true\" class=\"wp-block-spacer\"><\/div>\n\n\n\n<h2 class=\"wp-block-heading\">Len Toots<\/h2>\n\n\n\n<div class=\"wp-block-media-text is-stacked-on-mobile is-vertically-aligned-top\" style=\"grid-template-columns:15% auto\"><figure class=\"wp-block-media-text__media\"><img loading=\"lazy\" decoding=\"async\" width=\"259\" height=\"334\" src=\"https:\/\/sisu.ut.ee\/wp-content\/uploads\/sites\/705\/Len-Toots_cropped.jpg\" alt=\"\" class=\"wp-image-373 size-full\" srcset=\"https:\/\/sisu.ut.ee\/wp-content\/uploads\/sites\/705\/Len-Toots_cropped.jpg 259w, https:\/\/sisu.ut.ee\/wp-content\/uploads\/sites\/705\/Len-Toots_cropped-233x300.jpg 233w\" sizes=\"auto, (max-width: 259px) 100vw, 259px\"><\/figure><div class=\"wp-block-media-text__content\">\n<div style=\"height:10px\" aria-hidden=\"true\" class=\"wp-block-spacer\"><\/div>\n\n\n\n<p class=\"has-large-font-size\">Len on T\u00dc eesti ja \u00fcldkeeleteaduse magistrant ja uurimisassistent. KirKe projektis on Len kaasa l\u00f6\u00f6nud juba selle eeletappidest saadik, aastast 2021, mil projekti tegevused algasid Eesti Teadusagentuuri aastase sildgrandi toel. Len kogub ja m\u00e4rgendab korpusandmeid, viib l\u00e4bi katseid, aitab tehnilistes k\u00fcsimustes, osaleb aruteludes. Teda huvitab kasutusp\u00f5hine keeleteadus, ning nii katselised kui ka korpusmeetodid.<\/p>\n<\/div><\/div>\n\n\n\n<hr class=\"wp-block-separator has-alpha-channel-opacity\">\n\n\n\n<div style=\"height:5px\" aria-hidden=\"true\" class=\"wp-block-spacer\"><\/div>\n\n\n\n<h2 class=\"wp-block-heading\">K\u00e4rolin Veerpalu<\/h2>\n\n\n\n<div class=\"wp-block-media-text is-stacked-on-mobile is-vertically-aligned-top\" style=\"grid-template-columns:15% auto\"><figure class=\"wp-block-media-text__media\"><img loading=\"lazy\" decoding=\"async\" width=\"828\" height=\"973\" src=\"https:\/\/sisu.ut.ee\/wp-content\/uploads\/sites\/705\/Karolini-pilt.jpeg\" alt=\"\" class=\"wp-image-394 size-full\" srcset=\"https:\/\/sisu.ut.ee\/wp-content\/uploads\/sites\/705\/Karolini-pilt.jpeg 828w, https:\/\/sisu.ut.ee\/wp-content\/uploads\/sites\/705\/Karolini-pilt-255x300.jpeg 255w, https:\/\/sisu.ut.ee\/wp-content\/uploads\/sites\/705\/Karolini-pilt-768x902.jpeg 768w\" sizes=\"auto, (max-width: 828px) 100vw, 828px\"><\/figure><div class=\"wp-block-media-text__content\">\n<div style=\"height:10px\" aria-hidden=\"true\" class=\"wp-block-spacer\"><\/div>\n\n\n\n<p class=\"has-large-font-size\">K\u00e4rolin on T\u00dc Euroopa keelte ja kultuuride eriala magistrant inglise keele suunal. KirKe projektis on ta kaasa l\u00f6\u00f6nud alates 2024. aasta aprillist, kus ta peamiselt m\u00e4rgendab korpusandmeid. Oma teadust\u00f6\u00f6s keskendub ta foneetikale ja eesti keelt emakeelena k\u00f5nelejate inglise keele h\u00e4\u00e4lduse uurimisele.\u00a0<\/p>\n<\/div><\/div>\n\n\n\n<hr class=\"wp-block-separator has-alpha-channel-opacity\">\n\n\n\n<div style=\"height:5px\" aria-hidden=\"true\" class=\"wp-block-spacer\"><\/div>\n\n\n\n<h2 class=\"wp-block-heading\">Annaliis Tenisson<\/h2>\n\n\n\n<div class=\"wp-block-media-text is-stacked-on-mobile is-vertically-aligned-top\" style=\"grid-template-columns:15% auto\"><figure class=\"wp-block-media-text__media\"><img loading=\"lazy\" decoding=\"async\" width=\"819\" height=\"1024\" src=\"https:\/\/sisu.ut.ee\/wp-content\/uploads\/sites\/705\/IMG_20211112_142358_570-819x1024.jpg\" alt=\"\" class=\"wp-image-396 size-full\" srcset=\"https:\/\/sisu.ut.ee\/wp-content\/uploads\/sites\/705\/IMG_20211112_142358_570-819x1024.jpg 819w, https:\/\/sisu.ut.ee\/wp-content\/uploads\/sites\/705\/IMG_20211112_142358_570-240x300.jpg 240w, https:\/\/sisu.ut.ee\/wp-content\/uploads\/sites\/705\/IMG_20211112_142358_570-768x960.jpg 768w, https:\/\/sisu.ut.ee\/wp-content\/uploads\/sites\/705\/IMG_20211112_142358_570.jpg 1080w\" sizes=\"auto, (max-width: 819px) 100vw, 819px\"><\/figure><div class=\"wp-block-media-text__content\">\n<div style=\"height:10px\" aria-hidden=\"true\" class=\"wp-block-spacer\"><\/div>\n\n\n\n<p class=\"has-large-font-size\">Annaliis on T\u00dc eesti ja \u00fcldkeeleteaduse magistrant, kes on KirKe projektis kaasa l\u00f6\u00f6nud 2024. aastast. Siiani on ta peamiselt tegelenud korpusandmete m\u00e4rgendamisega. Annaliisi huvitavad semantika ja pragmaatika ehk kuidas inimesed keele kaudu erinevates situatsioonides t\u00e4hendust loovad.<\/p>\n<\/div><\/div>\n\n\n\n<hr class=\"wp-block-separator has-alpha-channel-opacity\">\n\n\n\n<div style=\"height:5px\" aria-hidden=\"true\" class=\"wp-block-spacer\"><\/div>\n\n\n\n<h2 class=\"wp-block-heading\">Triin Aasa<\/h2>\n\n\n\n<div class=\"wp-block-media-text is-stacked-on-mobile is-vertically-aligned-top\" style=\"grid-template-columns:15% auto\"><figure class=\"wp-block-media-text__media\"><img loading=\"lazy\" decoding=\"async\" width=\"740\" height=\"1024\" src=\"https:\/\/sisu.ut.ee\/wp-content\/uploads\/sites\/705\/Triin-Aasa2-740x1024.jpg\" alt=\"\" class=\"wp-image-414 size-full\" srcset=\"https:\/\/sisu.ut.ee\/wp-content\/uploads\/sites\/705\/Triin-Aasa2-740x1024.jpg 740w, https:\/\/sisu.ut.ee\/wp-content\/uploads\/sites\/705\/Triin-Aasa2-217x300.jpg 217w, https:\/\/sisu.ut.ee\/wp-content\/uploads\/sites\/705\/Triin-Aasa2-768x1063.jpg 768w, https:\/\/sisu.ut.ee\/wp-content\/uploads\/sites\/705\/Triin-Aasa2-1109x1536.jpg 1109w, https:\/\/sisu.ut.ee\/wp-content\/uploads\/sites\/705\/Triin-Aasa2-1479x2048.jpg 1479w, https:\/\/sisu.ut.ee\/wp-content\/uploads\/sites\/705\/Triin-Aasa2.jpg 1638w\" sizes=\"auto, (max-width: 740px) 100vw, 740px\"><\/figure><div class=\"wp-block-media-text__content\">\n<div style=\"height:10px\" aria-hidden=\"true\" class=\"wp-block-spacer\"><\/div>\n\n\n\n<p class=\"has-large-font-size\">Triin\u00a0on keeleteaduse doktorant. Oma doktorit\u00f6\u00f6s uurib ta omaduss\u00f5nade intensiivistamist, st selliseid kombinatsioone nagu\u00a0<em>v\u00e4ga ilus<\/em>,\u00a0<em>r\u00e4igelt tore<\/em>,\u00a0<em>suht l\u00f5bus<\/em>,\u00a0<em>natuke kurb<\/em>. KirKE projektis tegeleb\u00a0Triin\u00a0samuti intensiivistamise uurimisega.\u00a0Ta on peamiselt tegelenud korpusuuringutega.<\/p>\n<\/div><\/div>\n\n\n\n<hr class=\"wp-block-separator has-alpha-channel-opacity\">\n\n\n\n<h2 class=\"wp-block-heading\">Kim W\u00fcthrich<\/h2>\n\n\n\n<div class=\"wp-block-media-text is-stacked-on-mobile is-vertically-aligned-top\" style=\"grid-template-columns:15% auto\"><figure class=\"wp-block-media-text__media\"><img loading=\"lazy\" decoding=\"async\" width=\"832\" height=\"1024\" src=\"https:\/\/sisu.ut.ee\/wp-content\/uploads\/sites\/705\/dokumendipilt-1-832x1024.jpg\" alt=\"\" class=\"wp-image-406 size-full\" srcset=\"https:\/\/sisu.ut.ee\/wp-content\/uploads\/sites\/705\/dokumendipilt-1-832x1024.jpg 832w, https:\/\/sisu.ut.ee\/wp-content\/uploads\/sites\/705\/dokumendipilt-1-244x300.jpg 244w, https:\/\/sisu.ut.ee\/wp-content\/uploads\/sites\/705\/dokumendipilt-1-768x945.jpg 768w, https:\/\/sisu.ut.ee\/wp-content\/uploads\/sites\/705\/dokumendipilt-1.jpg 1038w\" sizes=\"auto, (max-width: 832px) 100vw, 832px\"><\/figure><div class=\"wp-block-media-text__content\">\n<div style=\"height:10px\" aria-hidden=\"true\" class=\"wp-block-spacer\"><\/div>\n\n\n\n<p class=\"has-large-font-size\">Kim \u00f5pib T\u00dc bakalaureuse\u00f5ppes eesti ja soome-ugri keeleteadust. Talle pakub huvi k\u00f5ik morfoloogiast semantikani ja selle projekti raames on ta tegelenud peamiselt liikumisega seotud metafooride m\u00e4rgendamisega. KirKe projektis alustas Kim osalemist 2024. aasta kevadel.<\/p>\n\n\n\n<p class=\"has-large-font-size\"><\/p>\n<\/div><\/div>\n\n\n\n<hr class=\"wp-block-separator has-alpha-channel-opacity\">\n\n\n\n<h2 class=\"wp-block-heading\">Nele Ots<\/h2>\n\n\n\n<div class=\"wp-block-media-text is-stacked-on-mobile is-vertically-aligned-top\" style=\"grid-template-columns:15% auto\"><figure class=\"wp-block-media-text__media\"><img loading=\"lazy\" decoding=\"async\" width=\"731\" height=\"1024\" src=\"https:\/\/sisu.ut.ee\/wp-content\/uploads\/sites\/705\/0041-731x1024.jpg\" alt=\"\" class=\"wp-image-400 size-full\" srcset=\"https:\/\/sisu.ut.ee\/wp-content\/uploads\/sites\/705\/0041-731x1024.jpg 731w, https:\/\/sisu.ut.ee\/wp-content\/uploads\/sites\/705\/0041-214x300.jpg 214w, https:\/\/sisu.ut.ee\/wp-content\/uploads\/sites\/705\/0041-768x1075.jpg 768w, https:\/\/sisu.ut.ee\/wp-content\/uploads\/sites\/705\/0041-1097x1536.jpg 1097w, https:\/\/sisu.ut.ee\/wp-content\/uploads\/sites\/705\/0041-1463x2048.jpg 1463w, https:\/\/sisu.ut.ee\/wp-content\/uploads\/sites\/705\/0041-1920x2688.jpg 1920w, https:\/\/sisu.ut.ee\/wp-content\/uploads\/sites\/705\/0041-scaled.jpg 1828w\" sizes=\"auto, (max-width: 731px) 100vw, 731px\"><\/figure><div class=\"wp-block-media-text__content\">\n<div style=\"height:10px\" aria-hidden=\"true\" class=\"wp-block-spacer\"><\/div>\n\n\n\n<p class=\"has-large-font-size\">Nele Ots on keeleteadlane ja \u00f5ppej\u00f5ud, keda paelub see, kuidas inimesed k\u00f5net kavandavad ja kuidas m\u00f5te muundub k\u00f5neldud lauseks. Ta t\u00f6\u00f6tab Stuttgarti \u00dclikoolis, kus \u00f5petab kursusi inglise fonoloogiast, keskendudes intonatsioonile ning inglise keele variantide foneetikale ja fonoloogiale. Foneetikuna alustanud Nele on oma teadust\u00f6\u00f6s liikunud j\u00e4rjest enam kognitiivsete ja ps\u00fchholingvistiliste k\u00fcsimuste juurde \u2013 uurides n\u00e4iteks t\u00f6\u00f6m\u00e4lu m\u00f5ju lausestusele v\u00f5i intonatsioonistruktuuride kujunemisele. Spontaanselt k\u00f5neldud keel on tema jaoks eriline uurimisobjekt, mida ta anal\u00fc\u00fcsib nii akustilise foneetika kui ps\u00fchholingvistiliste katsemeetodite abil.<\/p>\n\n\n\n<p class=\"has-large-font-size\"><\/p>\n<\/div><\/div>\n\n\n\n<hr class=\"wp-block-separator has-alpha-channel-opacity\">\n\n\n\n<div style=\"height:5px\" aria-hidden=\"true\" class=\"wp-block-spacer\"><\/div>\n\n\n\n<p class=\"has-extra-large-font-size\"><strong>Johanna Kiik<\/strong><\/p>\n\n\n\n<div class=\"wp-block-media-text is-stacked-on-mobile is-vertically-aligned-top\" style=\"grid-template-columns:15% auto\"><figure class=\"wp-block-media-text__media\"><img loading=\"lazy\" decoding=\"async\" width=\"561\" height=\"751\" src=\"https:\/\/sisu.ut.ee\/wp-content\/uploads\/sites\/705\/Johanna-pilt.jpg\" alt=\"\" class=\"wp-image-366 size-full\" srcset=\"https:\/\/sisu.ut.ee\/wp-content\/uploads\/sites\/705\/Johanna-pilt.jpg 561w, https:\/\/sisu.ut.ee\/wp-content\/uploads\/sites\/705\/Johanna-pilt-224x300.jpg 224w\" sizes=\"auto, (max-width: 561px) 100vw, 561px\"><\/figure><div class=\"wp-block-media-text__content\">\n<div style=\"height:10px\" aria-hidden=\"true\" class=\"wp-block-spacer\"><\/div>\n\n\n\n<p class=\"has-large-font-size\">Johanna andis oma suure panuse projekti T\u00dc eesti ja \u00fcldkeeleteaduse doktorandina kuni augustini 2024. N\u00fc\u00fcd on Johanna tegus uutel p\u00f5nevatel keeleradadel, olles ametilt ajakirja Keel ja Kirjandus keeleteaduse valdkonna toimetaja. Oma teadust\u00f6\u00f6s keskendub ta uusklassikaliste eesosiste (nt <em>mega<\/em>-, <em>pseudo<\/em>-, <em>anti<\/em>-) eesti keeles kodunemise uurimisele.<\/p>\n<\/div><\/div>\n\n\n\n<hr class=\"wp-block-separator has-alpha-channel-opacity\">\n\n\n\n<div style=\"height:5px\" aria-hidden=\"true\" class=\"wp-block-spacer\"><\/div>\n\n\n\n<p class=\"has-extra-large-font-size\"><\/p>\n\n\n\n<p><\/p>\n\n\n\n<p class=\"has-extra-large-font-size\">Projekti varasemates etappides on t\u00e4nuv\u00e4\u00e4rselt abiks olnud:<\/p>\n\n\n\n<ul class=\"wp-block-list\">\n<li class=\"has-large-font-size\">Anton Malmi<\/li>\n\n\n\n<li class=\"has-large-font-size\">Carolin Joonasson<\/li>\n\n\n\n<li class=\"has-large-font-size\">Marge Lainesaar <\/li>\n\n\n\n<li class=\"has-large-font-size\">Kerstin H\u00fcdse<\/li>\n\n\n\n<li class=\"has-large-font-size\">Mihkel R\u00fcnkla<\/li>\n\n\n\n<li class=\"has-large-font-size\">Kristiina Vaik<\/li>\n\n\n\n<li class=\"has-large-font-size\">Anu Kadri Uustalu<\/li>\n\n\n\n<li class=\"has-large-font-size\">Jiawen Hu<\/li>\n\n\n\n<li class=\"has-large-font-size\">Nele Karolin Teiva<\/li>\n\n\n\n<li class=\"has-large-font-size\">Hanna Pook<\/li>\n\n\n\n<li class=\"has-large-font-size\">Agnes Lea<\/li>\n<\/ul>\n\n\n\n<p><\/p>\n\n\n\n<hr class=\"wp-block-separator has-alpha-channel-opacity\">\n\n\n\n<p class=\"has-extra-large-font-size\">Projektis on n\u00f5uga toeks mentorid-konsultandid:<\/p>\n\n\n\n<ul class=\"wp-block-list\">\n<li class=\"has-large-font-size\">Anetta Kopecka (Associate Professor, Dynamique du Langage Laboratory, CNRS &amp; University of Lyon)<\/li>\n\n\n\n<li class=\"has-large-font-size\">Laura Speed (Associate Professor, Radboud University, Centre for Language Studies, Department of Language and<br>Communication)<\/li>\n\n\n\n<li class=\"has-large-font-size\">Nele Ots (Goethe University Frankfurt, psycholinguistics lab)<\/li>\n\n\n\n<li class=\"has-large-font-size\">Kairi Kreegipuu (Associate Professor of Experimental Psychology, University of Tartu)<\/li>\n\n\n\n<li class=\"has-large-font-size\">Jane Klavan (Associate Professor of English Language, College of Foreign Languages and Cultures, University of Tartu)<\/li>\n\n\n\n<li class=\"has-large-font-size\">Kaidi L\u00f5o (Research Fellow in Psycholinguistics, Institute of Estonian and General Linguistics, University of Tartu)<\/li>\n<\/ul>\n","protected":false},"excerpt":{"rendered":"<p>Piia Taremaa Ann Veismann Len Toots K\u00e4rolin Veerpalu Annaliis Tenisson Triin Aasa Kim W\u00fcthrich Nele Ots Johanna Kiik Projekti varasemates etappides on t\u00e4nuv\u00e4\u00e4rselt abiks olnud: Projektis on n\u00f5uga toeks mentorid-konsultandid:<\/p>\n","protected":false},"author":443,"featured_media":0,"parent":0,"menu_order":0,"comment_status":"closed","ping_status":"closed","template":"","meta":{"_acf_changed":false,"inline_featured_image":false,"footnotes":""},"class_list":["post-16","page","type-page","status-publish","hentry"],"acf":[],"_links":{"self":[{"href":"https:\/\/sisu.ut.ee\/kirke\/wp-json\/wp\/v2\/pages\/16","targetHints":{"allow":["GET"]}}],"collection":[{"href":"https:\/\/sisu.ut.ee\/kirke\/wp-json\/wp\/v2\/pages"}],"about":[{"href":"https:\/\/sisu.ut.ee\/kirke\/wp-json\/wp\/v2\/types\/page"}],"author":[{"embeddable":true,"href":"https:\/\/sisu.ut.ee\/kirke\/wp-json\/wp\/v2\/users\/443"}],"replies":[{"embeddable":true,"href":"https:\/\/sisu.ut.ee\/kirke\/wp-json\/wp\/v2\/comments?post=16"}],"version-history":[{"count":30,"href":"https:\/\/sisu.ut.ee\/kirke\/wp-json\/wp\/v2\/pages\/16\/revisions"}],"predecessor-version":[{"id":419,"href":"https:\/\/sisu.ut.ee\/kirke\/wp-json\/wp\/v2\/pages\/16\/revisions\/419"}],"wp:attachment":[{"href":"https:\/\/sisu.ut.ee\/kirke\/wp-json\/wp\/v2\/media?parent=16"}],"curies":[{"name":"wp","href":"https:\/\/api.w.org\/{rel}","templated":true}]}}